{"id":12,"date":"2024-04-09T12:36:52","date_gmt":"2024-04-09T10:36:52","guid":{"rendered":"https:\/\/partenercollective.com\/?page_id=12"},"modified":"2024-09-26T13:25:14","modified_gmt":"2024-09-26T11:25:14","slug":"contact","status":"publish","type":"page","link":"https:\/\/partenercollective.com\/en\/contacto\/","title":{"rendered":"Contact"},"content":{"rendered":"\t\t<div data-elementor-type=\"wp-page\" data-elementor-id=\"12\" class=\"elementor elementor-12\" data-elementor-post-type=\"page\">\n\t\t\t\t<div class=\"elementor-element elementor-element-61f1c2e e-flex e-con-boxed e-con e-parent\" data-id=\"61f1c2e\" data-element_type=\"container\" data-e-type=\"container\">\n\t\t\t\t\t<div class=\"e-con-inner\">\n\t\t\t\t<div class=\"elementor-element elementor-element-15cd832 elementor-widget elementor-widget-heading\" data-id=\"15cd832\" data-element_type=\"widget\" data-e-type=\"widget\" data-widget_type=\"heading.default\">\n\t\t\t\t<div class=\"elementor-widget-container\">\n\t\t\t\t\t<h1 class=\"elementor-heading-title elementor-size-default\">Tienes alguna duda o quieres indicarnos algo sobre la web. Rellena todos los campos del siguiente formulario y te volveremos a escribir lo antes posible.<\/h1>\t\t\t\t<\/div>\n\t\t\t\t<\/div>\n\t\t\t\t<div class=\"elementor-element elementor-element-583137dd elementor-button-align-center elementor-widget__width-initial elementor-widget-tablet__width-inherit elementor-widget elementor-widget-form\" data-id=\"583137dd\" data-element_type=\"widget\" data-e-type=\"widget\" data-settings=\"{&quot;step_next_label&quot;:&quot;Siguiente&quot;,&quot;step_previous_label&quot;:&quot;Anterior&quot;,&quot;button_width&quot;:&quot;100&quot;,&quot;step_type&quot;:&quot;number_text&quot;,&quot;step_icon_shape&quot;:&quot;circle&quot;}\" data-widget_type=\"form.default\">\n\t\t\t\t<div class=\"elementor-widget-container\">\n\t\t\t\t\t\t\t<form class=\"elementor-form\" method=\"post\" name=\"Contact Form\" aria-label=\"Contact Form\">\n\t\t\t<input type=\"hidden\" name=\"post_id\" value=\"12\"\/>\n\t\t\t<input type=\"hidden\" name=\"form_id\" value=\"583137dd\"\/>\n\t\t\t<input type=\"hidden\" name=\"referer_title\" value=\"Partener Collective\" \/>\n\n\t\t\t\n\t\t\t<div class=\"elementor-form-fields-wrapper elementor-labels-above\">\n\t\t\t\t\t\t\t\t<div class=\"elementor-field-type-text elementor-field-group elementor-column elementor-field-group-name elementor-col-50 elementor-field-required\">\n\t\t\t\t\t\t\t\t\t\t\t\t<label for=\"form-field-name\" class=\"elementor-field-label\">\n\t\t\t\t\t\t\t\tNombre\t\t\t\t\t\t\t<\/label>\n\t\t\t\t\t\t\t\t\t\t\t\t\t\t<input size=\"1\" type=\"text\" name=\"form_fields[name]\" id=\"form-field-name\" class=\"elementor-field elementor-size-sm  elementor-field-textual\" placeholder=\"Nombre completo\" required=\"required\">\n\t\t\t\t\t\t\t\t\t\t\t<\/div>\n\t\t\t\t\t\t\t\t<div class=\"elementor-field-type-email elementor-field-group elementor-column elementor-field-group-email elementor-col-50 elementor-field-required\">\n\t\t\t\t\t\t\t\t\t\t\t\t<label for=\"form-field-email\" class=\"elementor-field-label\">\n\t\t\t\t\t\t\t\tEmail\t\t\t\t\t\t\t<\/label>\n\t\t\t\t\t\t\t\t\t\t\t\t\t\t<input size=\"1\" type=\"email\" name=\"form_fields[email]\" id=\"form-field-email\" class=\"elementor-field elementor-size-sm  elementor-field-textual\" placeholder=\"Correo electr\u00f3nico\" required=\"required\">\n\t\t\t\t\t\t\t\t\t\t\t<\/div>\n\t\t\t\t\t\t\t\t<div class=\"elementor-field-type-tel elementor-field-group elementor-column elementor-field-group-field_6c180a9 elementor-col-50 elementor-field-required\">\n\t\t\t\t\t\t\t\t\t\t\t\t<label for=\"form-field-field_6c180a9\" class=\"elementor-field-label\">\n\t\t\t\t\t\t\t\tTel\u00e9fono\t\t\t\t\t\t\t<\/label>\n\t\t\t\t\t\t\t\t<input size=\"1\" type=\"tel\" name=\"form_fields[field_6c180a9]\" id=\"form-field-field_6c180a9\" class=\"elementor-field elementor-size-sm  elementor-field-textual\" placeholder=\"N\u00famero de tel\u00e9fono\" required=\"required\" pattern=\"[0-9()#&amp;+*-=.]+\" title=\"Only numbers and phone characters (#, -, *, etc) are accepted.\">\n\n\t\t\t\t\t\t<\/div>\n\t\t\t\t\t\t\t\t<div class=\"elementor-field-type-select elementor-field-group elementor-column elementor-field-group-field_b743cd7 elementor-col-50 elementor-field-required\">\n\t\t\t\t\t\t\t\t\t\t\t\t<label for=\"form-field-field_b743cd7\" class=\"elementor-field-label\">\n\t\t\t\t\t\t\t\tAsunto\t\t\t\t\t\t\t<\/label>\n\t\t\t\t\t\t\t\t<div class=\"elementor-field elementor-select-wrapper remove-before \">\n\t\t\t<div class=\"select-caret-down-wrapper\">\n\t\t\t\t<svg aria-hidden=\"true\" class=\"e-font-icon-svg e-eicon-caret-down\" viewBox=\"0 0 571.4 571.4\" xmlns=\"http:\/\/www.w3.org\/2000\/svg\"><path d=\"M571 393Q571 407 561 418L311 668Q300 679 286 679T261 668L11 418Q0 407 0 393T11 368 36 357H536Q550 357 561 368T571 393Z\"><\/path><\/svg>\t\t\t<\/div>\n\t\t\t<select name=\"form_fields[field_b743cd7]\" id=\"form-field-field_b743cd7\" class=\"elementor-field-textual elementor-size-sm\" required=\"required\">\n\t\t\t\t\t\t\t\t\t<option value=\"Coach\">Coach<\/option>\n\t\t\t\t\t\t\t\t\t<option value=\"Partener\">Partener<\/option>\n\t\t\t\t\t\t\t\t\t<option value=\"Otros\">Otros<\/option>\n\t\t\t\t\t\t\t<\/select>\n\t\t<\/div>\n\t\t\t\t\t\t<\/div>\n\t\t\t\t\t\t\t\t<div class=\"elementor-field-type-textarea elementor-field-group elementor-column elementor-field-group-message elementor-col-100\">\n\t\t\t\t\t\t\t\t\t\t\t\t<label for=\"form-field-message\" class=\"elementor-field-label\">\n\t\t\t\t\t\t\t\tMensaje\t\t\t\t\t\t\t<\/label>\n\t\t\t\t\t\t<textarea class=\"elementor-field-textual elementor-field  elementor-size-sm\" name=\"form_fields[message]\" id=\"form-field-message\" rows=\"4\" placeholder=\"\u00bfEn qu\u00e9 podemos ayudarte?\"><\/textarea>\t\t\t\t<\/div>\n\t\t\t\t\t\t\t\t<div class=\"elementor-field-type-html elementor-field-group elementor-column elementor-field-group-field_3216682 elementor-col-100\">\n\t\t\t\t\t<small>De acuerdo a lo establecido en la legislaci\u00f3n vigente en materia de Protecci\u00f3n de Datos de Car\u00e1cter Personal, Reglamento 2016\/679 General de Protecci\u00f3n de Datos (RGPD) y la Ley Org\u00e1nica 3\/2018 de 5 de diciembre, de protecci\u00f3n de datos de car\u00e1cter personal y garant\u00eda de los derechos digitales (LOPDGDD), se le informa que los datos personales que nos facilite a trav\u00e9s de dicho formulario ser\u00e1n tratados por PARTNER IN SCENE SL, con la finalidad de gestionar su solicitud y enviarle informaci\u00f3n m\u00e1s detallada. Para m\u00e1s informaci\u00f3n consultar la <a href=\"\/politica-de-privacidad\/\" target=\"_blank\">Pol\u00edtica de Privacidad<\/a>.<\/small>\t\t\t\t<\/div>\n\t\t\t\t\t\t\t\t<div class=\"elementor-field-type-acceptance elementor-field-group elementor-column elementor-field-group-field_0cb1d7c elementor-col-100 elementor-field-required\">\n\t\t\t\t\t\t\t<div class=\"elementor-field-subgroup\">\n\t\t\t<span class=\"elementor-field-option\">\n\t\t\t\t<input type=\"checkbox\" name=\"form_fields[field_0cb1d7c]\" id=\"form-field-field_0cb1d7c\" class=\"elementor-field elementor-size-sm  elementor-acceptance-field\" required=\"required\">\n\t\t\t\t<label for=\"form-field-field_0cb1d7c\">He le\u00eddo y acepto la <a href=\"\/politica-de-privacidad\/\" target=\"_blank\">Pol\u00edtica de Privacidad<\/a> de PARTNER IN SCENE SL. <\/label>\t\t\t<\/span>\n\t\t<\/div>\n\t\t\t\t\t\t<\/div>\n\t\t\t\t\t\t\t\t<div class=\"elementor-field-type-recaptcha_v3 elementor-field-group elementor-column elementor-field-group-field_b37f433 elementor-col-100 recaptcha_v3-bottomright\">\n\t\t\t\t\t<div class=\"elementor-field\" id=\"form-field-field_b37f433\"><div class=\"elementor-g-recaptcha\" data-sitekey=\"6LfPScApAAAAALqOwq1S-CwA7c-kK9aCtn1ARrvW\" data-type=\"v3\" data-action=\"Form\" data-badge=\"bottomright\" data-size=\"invisible\"><\/div><\/div>\t\t\t\t<\/div>\n\t\t\t\t\t\t\t\t<div class=\"elementor-field-group elementor-column elementor-field-type-submit elementor-col-100 e-form__buttons\">\n\t\t\t\t\t<button class=\"elementor-button elementor-size-sm\" type=\"submit\">\n\t\t\t\t\t\t<span class=\"elementor-button-content-wrapper\">\n\t\t\t\t\t\t\t\t\t\t\t\t\t\t\t\t\t\t\t\t\t\t<span class=\"elementor-button-text\">ENVIAR<\/span>\n\t\t\t\t\t\t\t\t\t\t\t\t\t<\/span>\n\t\t\t\t\t<\/button>\n\t\t\t\t<\/div>\n\t\t\t<\/div>\n\t\t<\/form>\n\t\t\t\t\t\t<\/div>\n\t\t\t\t<\/div>\n\t\t\t\t\t<\/div>\n\t\t\t\t<\/div>\n\t\t\t\t<\/div>\n\t\t","protected":false},"excerpt":{"rendered":"<p>Do you have any questions or want to tell us something about the web. Fill in all the fields in the following form and we will get back to you as soon as possible.<\/p>","protected":false},"author":10,"featured_media":0,"parent":0,"menu_order":0,"comment_status":"closed","ping_status":"closed","template":"","meta":{"footnotes":""},"class_list":["post-12","page","type-page","status-publish","hentry"],"yoast_head":"<!-- This site is optimized with the Yoast SEO plugin v27.5 - https:\/\/yoast.com\/product\/yoast-seo-wordpress\/ -->\n<title>Contacto - Partener Collective<\/title>\n<meta name=\"robots\" content=\"index, follow, max-snippet:-1, max-image-preview:large, max-video-preview:-1\" \/>\n<link rel=\"canonical\" href=\"https:\/\/partenercollective.com\/en\/contact\/\" \/>\n<meta property=\"og:locale\" content=\"en_US\" \/>\n<meta property=\"og:type\" content=\"article\" \/>\n<meta property=\"og:title\" content=\"Contacto - Partener Collective\" \/>\n<meta property=\"og:description\" content=\"Tienes alguna duda o quieres indicarnos algo sobre la web. Rellena todos los campos del siguiente formulario y te volveremos a escribir lo antes posible.\" \/>\n<meta property=\"og:url\" content=\"https:\/\/partenercollective.com\/en\/contact\/\" \/>\n<meta property=\"og:site_name\" content=\"Partener Collective\" \/>\n<meta property=\"article:modified_time\" content=\"2024-09-26T11:25:14+00:00\" \/>\n<meta property=\"og:image\" content=\"https:\/\/partenercollective.com\/wp-content\/uploads\/2024\/04\/home-fondo-web-partner.jpeg\" \/>\n\t<meta property=\"og:image:width\" content=\"1018\" \/>\n\t<meta property=\"og:image:height\" content=\"1018\" \/>\n\t<meta property=\"og:image:type\" content=\"image\/jpeg\" \/>\n<meta name=\"twitter:card\" content=\"summary_large_image\" \/>\n<script type=\"application\/ld+json\" class=\"yoast-schema-graph\">{\"@context\":\"https:\\\/\\\/schema.org\",\"@graph\":[{\"@type\":\"WebPage\",\"@id\":\"https:\\\/\\\/partenercollective.com\\\/contacto\\\/\",\"url\":\"https:\\\/\\\/partenercollective.com\\\/contacto\\\/\",\"name\":\"Contacto - Partener Collective\",\"isPartOf\":{\"@id\":\"https:\\\/\\\/partenercollective.com\\\/#website\"},\"datePublished\":\"2024-04-09T10:36:52+00:00\",\"dateModified\":\"2024-09-26T11:25:14+00:00\",\"breadcrumb\":{\"@id\":\"https:\\\/\\\/partenercollective.com\\\/contacto\\\/#breadcrumb\"},\"inLanguage\":\"en-US\",\"potentialAction\":[{\"@type\":\"ReadAction\",\"target\":[\"https:\\\/\\\/partenercollective.com\\\/contacto\\\/\"]}]},{\"@type\":\"BreadcrumbList\",\"@id\":\"https:\\\/\\\/partenercollective.com\\\/contacto\\\/#breadcrumb\",\"itemListElement\":[{\"@type\":\"ListItem\",\"position\":1,\"name\":\"Portada\",\"item\":\"https:\\\/\\\/partenercollective.com\\\/\"},{\"@type\":\"ListItem\",\"position\":2,\"name\":\"Contacto\"}]},{\"@type\":\"WebSite\",\"@id\":\"https:\\\/\\\/partenercollective.com\\\/#website\",\"url\":\"https:\\\/\\\/partenercollective.com\\\/\",\"name\":\"Partener Collective\",\"description\":\"Conecta con una Comunidad Internacional de Actores y Coach para llevar tus escenas, personajes y self-tapes al siguiente nivel.\",\"publisher\":{\"@id\":\"https:\\\/\\\/partenercollective.com\\\/#organization\"},\"alternateName\":\"Partener Collective\",\"potentialAction\":[{\"@type\":\"SearchAction\",\"target\":{\"@type\":\"EntryPoint\",\"urlTemplate\":\"https:\\\/\\\/partenercollective.com\\\/?s={search_term_string}\"},\"query-input\":{\"@type\":\"PropertyValueSpecification\",\"valueRequired\":true,\"valueName\":\"search_term_string\"}}],\"inLanguage\":\"en-US\"},{\"@type\":\"Organization\",\"@id\":\"https:\\\/\\\/partenercollective.com\\\/#organization\",\"name\":\"Partener Collective\",\"alternateName\":\"Partener Collective\",\"url\":\"https:\\\/\\\/partenercollective.com\\\/\",\"logo\":{\"@type\":\"ImageObject\",\"inLanguage\":\"en-US\",\"@id\":\"https:\\\/\\\/partenercollective.com\\\/#\\\/schema\\\/logo\\\/image\\\/\",\"url\":\"https:\\\/\\\/partenercollective.com\\\/wp-content\\\/uploads\\\/2024\\\/04\\\/partener-collective-logo.png\",\"contentUrl\":\"https:\\\/\\\/partenercollective.com\\\/wp-content\\\/uploads\\\/2024\\\/04\\\/partener-collective-logo.png\",\"width\":2156,\"height\":604,\"caption\":\"Partener Collective\"},\"image\":{\"@id\":\"https:\\\/\\\/partenercollective.com\\\/#\\\/schema\\\/logo\\\/image\\\/\"},\"sameAs\":[\"https:\\\/\\\/www.instagram.com\\\/partenercollective\\\/\"]}]}<\/script>\n<!-- \/ Yoast SEO plugin. -->","yoast_head_json":{"title":"Contact - Partener Collective","robots":{"index":"index","follow":"follow","max-snippet":"max-snippet:-1","max-image-preview":"max-image-preview:large","max-video-preview":"max-video-preview:-1"},"canonical":"https:\/\/partenercollective.com\/en\/contact\/","og_locale":"en_US","og_type":"article","og_title":"Contacto - Partener Collective","og_description":"Tienes alguna duda o quieres indicarnos algo sobre la web. Rellena todos los campos del siguiente formulario y te volveremos a escribir lo antes posible.","og_url":"https:\/\/partenercollective.com\/en\/contact\/","og_site_name":"Partener Collective","article_modified_time":"2024-09-26T11:25:14+00:00","og_image":[{"width":1018,"height":1018,"url":"https:\/\/partenercollective.com\/wp-content\/uploads\/2024\/04\/home-fondo-web-partner.jpeg","type":"image\/jpeg"}],"twitter_card":"summary_large_image","schema":{"@context":"https:\/\/schema.org","@graph":[{"@type":"WebPage","@id":"https:\/\/partenercollective.com\/contacto\/","url":"https:\/\/partenercollective.com\/contacto\/","name":"Contact - Partener Collective","isPartOf":{"@id":"https:\/\/partenercollective.com\/#website"},"datePublished":"2024-04-09T10:36:52+00:00","dateModified":"2024-09-26T11:25:14+00:00","breadcrumb":{"@id":"https:\/\/partenercollective.com\/contacto\/#breadcrumb"},"inLanguage":"en-US","potentialAction":[{"@type":"ReadAction","target":["https:\/\/partenercollective.com\/contacto\/"]}]},{"@type":"BreadcrumbList","@id":"https:\/\/partenercollective.com\/contacto\/#breadcrumb","itemListElement":[{"@type":"ListItem","position":1,"name":"Portada","item":"https:\/\/partenercollective.com\/"},{"@type":"ListItem","position":2,"name":"Contacto"}]},{"@type":"WebSite","@id":"https:\/\/partenercollective.com\/#website","url":"https:\/\/partenercollective.com\/","name":"Partener Collective","description":"Connect with an International Community of Actors and Coaches to take your scenes, characters and self-tapes to the next level.","publisher":{"@id":"https:\/\/partenercollective.com\/#organization"},"alternateName":"Partener Collective","potentialAction":[{"@type":"SearchAction","target":{"@type":"EntryPoint","urlTemplate":"https:\/\/partenercollective.com\/?s={search_term_string}"},"query-input":{"@type":"PropertyValueSpecification","valueRequired":true,"valueName":"search_term_string"}}],"inLanguage":"en-US"},{"@type":"Organization","@id":"https:\/\/partenercollective.com\/#organization","name":"Partener Collective","alternateName":"Partener Collective","url":"https:\/\/partenercollective.com\/","logo":{"@type":"ImageObject","inLanguage":"en-US","@id":"https:\/\/partenercollective.com\/#\/schema\/logo\/image\/","url":"https:\/\/partenercollective.com\/wp-content\/uploads\/2024\/04\/partener-collective-logo.png","contentUrl":"https:\/\/partenercollective.com\/wp-content\/uploads\/2024\/04\/partener-collective-logo.png","width":2156,"height":604,"caption":"Partener Collective"},"image":{"@id":"https:\/\/partenercollective.com\/#\/schema\/logo\/image\/"},"sameAs":["https:\/\/www.instagram.com\/partenercollective\/"]}]}},"_links":{"self":[{"href":"https:\/\/partenercollective.com\/en\/wp-json\/wp\/v2\/pages\/12","targetHints":{"allow":["GET"]}}],"collection":[{"href":"https:\/\/partenercollective.com\/en\/wp-json\/wp\/v2\/pages"}],"about":[{"href":"https:\/\/partenercollective.com\/en\/wp-json\/wp\/v2\/types\/page"}],"author":[{"embeddable":true,"href":"https:\/\/partenercollective.com\/en\/wp-json\/wp\/v2\/users\/10"}],"replies":[{"embeddable":true,"href":"https:\/\/partenercollective.com\/en\/wp-json\/wp\/v2\/comments?post=12"}],"version-history":[{"count":49,"href":"https:\/\/partenercollective.com\/en\/wp-json\/wp\/v2\/pages\/12\/revisions"}],"predecessor-version":[{"id":1528,"href":"https:\/\/partenercollective.com\/en\/wp-json\/wp\/v2\/pages\/12\/revisions\/1528"}],"wp:attachment":[{"href":"https:\/\/partenercollective.com\/en\/wp-json\/wp\/v2\/media?parent=12"}],"curies":[{"name":"wp","href":"https:\/\/api.w.org\/{rel}","templated":true}]}}