{"id":13,"date":"2024-04-09T12:37:02","date_gmt":"2024-04-09T10:37:02","guid":{"rendered":"https:\/\/partenercollective.com\/?page_id=13"},"modified":"2025-07-10T10:22:54","modified_gmt":"2025-07-10T08:22:54","slug":"who-we-are","status":"publish","type":"page","link":"https:\/\/partenercollective.com\/en\/quienes-somos\/","title":{"rendered":"Who are we?"},"content":{"rendered":"<div data-elementor-type=\"wp-page\" data-elementor-id=\"13\" class=\"elementor elementor-13\" data-elementor-post-type=\"page\">\n\t\t\t\t<div class=\"elementor-element elementor-element-ac5e9c2 e-flex e-con-boxed e-con e-parent\" data-id=\"ac5e9c2\" data-element_type=\"container\" data-e-type=\"container\">\n\t\t\t\t\t<div class=\"e-con-inner\">\n\t\t\t\t\t<\/div>\n\t\t\t\t<\/div>\n\t\t<div class=\"elementor-element elementor-element-ac82ca0 e-flex e-con-boxed e-con e-parent\" data-id=\"ac82ca0\" data-element_type=\"container\" data-e-type=\"container\">\n\t\t\t\t\t<div class=\"e-con-inner\">\n\t\t\t\t<div class=\"elementor-element elementor-element-ee8d3f3 elementor-widget elementor-widget-text-editor\" data-id=\"ee8d3f3\" data-element_type=\"widget\" data-e-type=\"widget\" data-widget_type=\"text-editor.default\">\n\t\t\t\t<div class=\"elementor-widget-container\">\n\t\t\t\t\t\t\t\t\t<p>We are a platform to connect with our International Community of actors and coaching professionals and offer personalized reading and text preparation services.<\/p><p><strong>Do you need a casting reply, to improve your public speaking or to bring a dramatic text to life?<\/strong><\/p><p>Connect and perfect your scenes with us - we want you to shine in your auditions!<\/p><p>We know how important it is to receive honest and encouraging feedback to react during a casting call, or how an outside point of view can illuminate your approach to a dramatic text. From preparing self-tapes to digging deeper into your most challenging scripts. Whether you're an actor, a screenwriter who wants to hear your scenes in an actor's voice or someone looking to elevate your artistic expression, you'll find a space for professional growth here. Galician, French, English, Arabic or Portuguese? You choose.<\/p><p>Our dedication is professional and immediate, online and with a calendar designed to adapt to your schedules and needs.<\/p><p>We are partners in your artistic journey, join our Community and discover the power of teamwork to enhance your artistic expression!<\/p>\t\t\t\t\t\t\t\t<\/div>\n\t\t\t\t<\/div>\n\t\t\t\t\t<\/div>\n\t\t\t\t<\/div>\n\t\t<div class=\"elementor-element elementor-element-0e606fb e-flex e-con-boxed e-con e-parent\" data-id=\"0e606fb\" data-element_type=\"container\" data-e-type=\"container\">\n\t\t\t\t\t<div class=\"e-con-inner\">\n\t\t\t\t<div class=\"elementor-element elementor-element-9906264 elementor-widget-mobile__width-initial elementor-widget elementor-widget-text-editor\" data-id=\"9906264\" data-element_type=\"widget\" data-e-type=\"widget\" data-widget_type=\"text-editor.default\">\n\t\t\t\t<div class=\"elementor-widget-container\">\n\t\t\t\t\t\t\t\t\t<p><strong>JOIN US!<\/strong><br \/><strong>Partener Team<\/strong><\/p>\t\t\t\t\t\t\t\t<\/div>\n\t\t\t\t<\/div>\n\t\t\t\t<div class=\"elementor-element elementor-element-b2e0d24 elementor-hidden-desktop elementor-hidden-tablet elementor-hidden-mobile elementor-widget elementor-widget-image\" data-id=\"b2e0d24\" data-element_type=\"widget\" data-e-type=\"widget\" data-widget_type=\"image.default\">\n\t\t\t\t<div class=\"elementor-widget-container\">\n\t\t\t\t\t\t\t\t\t\t\t\t<figure class=\"wp-caption\">\n\t\t\t\t\t\t\t\t\t\t<img fetchpriority=\"high\" decoding=\"async\" width=\"2560\" height=\"2560\" src=\"https:\/\/partenercollective.com\/wp-content\/uploads\/2025\/02\/sara-casasnovas-scaled.jpeg\" class=\"attachment-full size-full wp-image-1983\" alt=\"Sara Casasnovas Founder\" srcset=\"https:\/\/partenercollective.com\/wp-content\/uploads\/2025\/02\/sara-casasnovas-scaled.jpeg 2560w, https:\/\/partenercollective.com\/wp-content\/uploads\/2025\/02\/sara-casasnovas-300x300.jpeg 300w, https:\/\/partenercollective.com\/wp-content\/uploads\/2025\/02\/sara-casasnovas-1024x1024.jpeg 1024w, https:\/\/partenercollective.com\/wp-content\/uploads\/2025\/02\/sara-casasnovas-150x150.jpeg 150w, https:\/\/partenercollective.com\/wp-content\/uploads\/2025\/02\/sara-casasnovas-768x768.jpeg 768w, https:\/\/partenercollective.com\/wp-content\/uploads\/2025\/02\/sara-casasnovas-1536x1536.jpeg 1536w, https:\/\/partenercollective.com\/wp-content\/uploads\/2025\/02\/sara-casasnovas-2048x2048.jpeg 2048w, https:\/\/partenercollective.com\/wp-content\/uploads\/2025\/02\/sara-casasnovas-12x12.jpeg 12w, https:\/\/partenercollective.com\/wp-content\/uploads\/2025\/02\/sara-casasnovas-128x128.jpeg 128w, https:\/\/partenercollective.com\/wp-content\/uploads\/2025\/02\/sara-casasnovas-600x600.jpeg 600w, https:\/\/partenercollective.com\/wp-content\/uploads\/2025\/02\/sara-casasnovas-100x100.jpeg 100w\" sizes=\"(max-width: 2560px) 100vw, 2560px\" \/>\t\t\t\t\t\t\t\t\t\t\t<figcaption class=\"widget-image-caption wp-caption-text\">Sara Casasnovas, Founder<\/figcaption>\n\t\t\t\t\t\t\t\t\t\t<\/figure>\n\t\t\t\t\t\t\t\t\t<\/div>\n\t\t\t\t<\/div>\n\t\t\t\t\t<\/div>\n\t\t\t\t<\/div>\n\t\t\t\t<\/div>","protected":false},"excerpt":{"rendered":"<p>Somos una plataforma de conexi\u00f3n con nuestra Comunidad Internacional de actores y profesionales del coach y ofrecemos servicios personalizados de lectura y preparaci\u00f3n de texto. \u00bfNecesitas r\u00e9plica para un casting, mejorar tu discurso p\u00fablico o dar vida a un texto dram\u00e1tico? Conecta y perfecciona tus escenas con nosotros. \u00a1Queremos que brilles en tus audiciones! Sabemos [&hellip;]<\/p>\n","protected":false},"author":10,"featured_media":0,"parent":0,"menu_order":0,"comment_status":"closed","ping_status":"closed","template":"","meta":{"footnotes":""},"class_list":["post-13","page","type-page","status-publish","hentry"],"yoast_head":"<!-- This site is optimized with the Yoast SEO plugin v27.5 - https:\/\/yoast.com\/product\/yoast-seo-wordpress\/ -->\n<title>\u00bfQui\u00e9nes somos? - Partener Collective<\/title>\n<meta name=\"robots\" content=\"index, follow, max-snippet:-1, max-image-preview:large, max-video-preview:-1\" \/>\n<link rel=\"canonical\" href=\"https:\/\/partenercollective.com\/en\/who-we-are\/\" \/>\n<meta property=\"og:locale\" content=\"en_US\" \/>\n<meta property=\"og:type\" content=\"article\" \/>\n<meta property=\"og:title\" content=\"\u00bfQui\u00e9nes somos? - Partener Collective\" \/>\n<meta property=\"og:description\" content=\"Somos una plataforma de conexi\u00f3n con nuestra Comunidad Internacional de actores y profesionales del coach y ofrecemos servicios personalizados de lectura y preparaci\u00f3n de texto. \u00bfNecesitas r\u00e9plica para un casting, mejorar tu discurso p\u00fablico o dar vida a un texto dram\u00e1tico? Conecta y perfecciona tus escenas con nosotros. \u00a1Queremos que brilles en tus audiciones! Sabemos [&hellip;]\" \/>\n<meta property=\"og:url\" content=\"https:\/\/partenercollective.com\/en\/who-we-are\/\" \/>\n<meta property=\"og:site_name\" content=\"Partener Collective\" \/>\n<meta property=\"article:modified_time\" content=\"2025-07-10T08:22:54+00:00\" \/>\n<meta property=\"og:image\" content=\"https:\/\/partenercollective.com\/wp-content\/uploads\/2025\/02\/sara-casasnovas-scaled.jpeg\" \/>\n\t<meta property=\"og:image:width\" content=\"2560\" \/>\n\t<meta property=\"og:image:height\" content=\"2560\" \/>\n\t<meta property=\"og:image:type\" content=\"image\/jpeg\" \/>\n<meta name=\"twitter:card\" content=\"summary_large_image\" \/>\n<meta name=\"twitter:label1\" content=\"Est. reading time\" \/>\n\t<meta name=\"twitter:data1\" content=\"2 minutes\" \/>\n<script type=\"application\/ld+json\" class=\"yoast-schema-graph\">{\"@context\":\"https:\\\/\\\/schema.org\",\"@graph\":[{\"@type\":\"WebPage\",\"@id\":\"https:\\\/\\\/partenercollective.com\\\/quienes-somos\\\/\",\"url\":\"https:\\\/\\\/partenercollective.com\\\/quienes-somos\\\/\",\"name\":\"\u00bfQui\u00e9nes somos? - Partener Collective\",\"isPartOf\":{\"@id\":\"https:\\\/\\\/partenercollective.com\\\/#website\"},\"primaryImageOfPage\":{\"@id\":\"https:\\\/\\\/partenercollective.com\\\/quienes-somos\\\/#primaryimage\"},\"image\":{\"@id\":\"https:\\\/\\\/partenercollective.com\\\/quienes-somos\\\/#primaryimage\"},\"thumbnailUrl\":\"https:\\\/\\\/partenercollective.com\\\/wp-content\\\/uploads\\\/2025\\\/02\\\/sara-casasnovas-scaled.jpeg\",\"datePublished\":\"2024-04-09T10:37:02+00:00\",\"dateModified\":\"2025-07-10T08:22:54+00:00\",\"breadcrumb\":{\"@id\":\"https:\\\/\\\/partenercollective.com\\\/quienes-somos\\\/#breadcrumb\"},\"inLanguage\":\"en-US\",\"potentialAction\":[{\"@type\":\"ReadAction\",\"target\":[\"https:\\\/\\\/partenercollective.com\\\/quienes-somos\\\/\"]}]},{\"@type\":\"ImageObject\",\"inLanguage\":\"en-US\",\"@id\":\"https:\\\/\\\/partenercollective.com\\\/quienes-somos\\\/#primaryimage\",\"url\":\"https:\\\/\\\/partenercollective.com\\\/wp-content\\\/uploads\\\/2025\\\/02\\\/sara-casasnovas-scaled.jpeg\",\"contentUrl\":\"https:\\\/\\\/partenercollective.com\\\/wp-content\\\/uploads\\\/2025\\\/02\\\/sara-casasnovas-scaled.jpeg\"},{\"@type\":\"BreadcrumbList\",\"@id\":\"https:\\\/\\\/partenercollective.com\\\/quienes-somos\\\/#breadcrumb\",\"itemListElement\":[{\"@type\":\"ListItem\",\"position\":1,\"name\":\"Portada\",\"item\":\"https:\\\/\\\/partenercollective.com\\\/\"},{\"@type\":\"ListItem\",\"position\":2,\"name\":\"\u00bfQui\u00e9nes somos?\"}]},{\"@type\":\"WebSite\",\"@id\":\"https:\\\/\\\/partenercollective.com\\\/#website\",\"url\":\"https:\\\/\\\/partenercollective.com\\\/\",\"name\":\"Partener Collective\",\"description\":\"Conecta con una Comunidad Internacional de Actores y Coach para llevar tus escenas, personajes y self-tapes al siguiente nivel.\",\"publisher\":{\"@id\":\"https:\\\/\\\/partenercollective.com\\\/#organization\"},\"alternateName\":\"Partener Collective\",\"potentialAction\":[{\"@type\":\"SearchAction\",\"target\":{\"@type\":\"EntryPoint\",\"urlTemplate\":\"https:\\\/\\\/partenercollective.com\\\/?s={search_term_string}\"},\"query-input\":{\"@type\":\"PropertyValueSpecification\",\"valueRequired\":true,\"valueName\":\"search_term_string\"}}],\"inLanguage\":\"en-US\"},{\"@type\":\"Organization\",\"@id\":\"https:\\\/\\\/partenercollective.com\\\/#organization\",\"name\":\"Partener Collective\",\"alternateName\":\"Partener Collective\",\"url\":\"https:\\\/\\\/partenercollective.com\\\/\",\"logo\":{\"@type\":\"ImageObject\",\"inLanguage\":\"en-US\",\"@id\":\"https:\\\/\\\/partenercollective.com\\\/#\\\/schema\\\/logo\\\/image\\\/\",\"url\":\"https:\\\/\\\/partenercollective.com\\\/wp-content\\\/uploads\\\/2024\\\/04\\\/partener-collective-logo.png\",\"contentUrl\":\"https:\\\/\\\/partenercollective.com\\\/wp-content\\\/uploads\\\/2024\\\/04\\\/partener-collective-logo.png\",\"width\":2156,\"height\":604,\"caption\":\"Partener Collective\"},\"image\":{\"@id\":\"https:\\\/\\\/partenercollective.com\\\/#\\\/schema\\\/logo\\\/image\\\/\"},\"sameAs\":[\"https:\\\/\\\/www.instagram.com\\\/partenercollective\\\/\"]}]}<\/script>\n<!-- \/ Yoast SEO plugin. -->","yoast_head_json":{"title":"Who are we? - Partener Collective","robots":{"index":"index","follow":"follow","max-snippet":"max-snippet:-1","max-image-preview":"max-image-preview:large","max-video-preview":"max-video-preview:-1"},"canonical":"https:\/\/partenercollective.com\/en\/who-we-are\/","og_locale":"en_US","og_type":"article","og_title":"\u00bfQui\u00e9nes somos? - Partener Collective","og_description":"Somos una plataforma de conexi\u00f3n con nuestra Comunidad Internacional de actores y profesionales del coach y ofrecemos servicios personalizados de lectura y preparaci\u00f3n de texto. \u00bfNecesitas r\u00e9plica para un casting, mejorar tu discurso p\u00fablico o dar vida a un texto dram\u00e1tico? Conecta y perfecciona tus escenas con nosotros. \u00a1Queremos que brilles en tus audiciones! Sabemos [&hellip;]","og_url":"https:\/\/partenercollective.com\/en\/who-we-are\/","og_site_name":"Partener Collective","article_modified_time":"2025-07-10T08:22:54+00:00","og_image":[{"width":2560,"height":2560,"url":"https:\/\/partenercollective.com\/wp-content\/uploads\/2025\/02\/sara-casasnovas-scaled.jpeg","type":"image\/jpeg"}],"twitter_card":"summary_large_image","twitter_misc":{"Est. reading time":"2 minutes"},"schema":{"@context":"https:\/\/schema.org","@graph":[{"@type":"WebPage","@id":"https:\/\/partenercollective.com\/quienes-somos\/","url":"https:\/\/partenercollective.com\/quienes-somos\/","name":"Who are we? - Partener Collective","isPartOf":{"@id":"https:\/\/partenercollective.com\/#website"},"primaryImageOfPage":{"@id":"https:\/\/partenercollective.com\/quienes-somos\/#primaryimage"},"image":{"@id":"https:\/\/partenercollective.com\/quienes-somos\/#primaryimage"},"thumbnailUrl":"https:\/\/partenercollective.com\/wp-content\/uploads\/2025\/02\/sara-casasnovas-scaled.jpeg","datePublished":"2024-04-09T10:37:02+00:00","dateModified":"2025-07-10T08:22:54+00:00","breadcrumb":{"@id":"https:\/\/partenercollective.com\/quienes-somos\/#breadcrumb"},"inLanguage":"en-US","potentialAction":[{"@type":"ReadAction","target":["https:\/\/partenercollective.com\/quienes-somos\/"]}]},{"@type":"ImageObject","inLanguage":"en-US","@id":"https:\/\/partenercollective.com\/quienes-somos\/#primaryimage","url":"https:\/\/partenercollective.com\/wp-content\/uploads\/2025\/02\/sara-casasnovas-scaled.jpeg","contentUrl":"https:\/\/partenercollective.com\/wp-content\/uploads\/2025\/02\/sara-casasnovas-scaled.jpeg"},{"@type":"BreadcrumbList","@id":"https:\/\/partenercollective.com\/quienes-somos\/#breadcrumb","itemListElement":[{"@type":"ListItem","position":1,"name":"Portada","item":"https:\/\/partenercollective.com\/"},{"@type":"ListItem","position":2,"name":"\u00bfQui\u00e9nes somos?"}]},{"@type":"WebSite","@id":"https:\/\/partenercollective.com\/#website","url":"https:\/\/partenercollective.com\/","name":"Partener Collective","description":"Connect with an International Community of Actors and Coaches to take your scenes, characters and self-tapes to the next level.","publisher":{"@id":"https:\/\/partenercollective.com\/#organization"},"alternateName":"Partener Collective","potentialAction":[{"@type":"SearchAction","target":{"@type":"EntryPoint","urlTemplate":"https:\/\/partenercollective.com\/?s={search_term_string}"},"query-input":{"@type":"PropertyValueSpecification","valueRequired":true,"valueName":"search_term_string"}}],"inLanguage":"en-US"},{"@type":"Organization","@id":"https:\/\/partenercollective.com\/#organization","name":"Partener Collective","alternateName":"Partener Collective","url":"https:\/\/partenercollective.com\/","logo":{"@type":"ImageObject","inLanguage":"en-US","@id":"https:\/\/partenercollective.com\/#\/schema\/logo\/image\/","url":"https:\/\/partenercollective.com\/wp-content\/uploads\/2024\/04\/partener-collective-logo.png","contentUrl":"https:\/\/partenercollective.com\/wp-content\/uploads\/2024\/04\/partener-collective-logo.png","width":2156,"height":604,"caption":"Partener Collective"},"image":{"@id":"https:\/\/partenercollective.com\/#\/schema\/logo\/image\/"},"sameAs":["https:\/\/www.instagram.com\/partenercollective\/"]}]}},"_links":{"self":[{"href":"https:\/\/partenercollective.com\/en\/wp-json\/wp\/v2\/pages\/13","targetHints":{"allow":["GET"]}}],"collection":[{"href":"https:\/\/partenercollective.com\/en\/wp-json\/wp\/v2\/pages"}],"about":[{"href":"https:\/\/partenercollective.com\/en\/wp-json\/wp\/v2\/types\/page"}],"author":[{"embeddable":true,"href":"https:\/\/partenercollective.com\/en\/wp-json\/wp\/v2\/users\/10"}],"replies":[{"embeddable":true,"href":"https:\/\/partenercollective.com\/en\/wp-json\/wp\/v2\/comments?post=13"}],"version-history":[{"count":83,"href":"https:\/\/partenercollective.com\/en\/wp-json\/wp\/v2\/pages\/13\/revisions"}],"predecessor-version":[{"id":2085,"href":"https:\/\/partenercollective.com\/en\/wp-json\/wp\/v2\/pages\/13\/revisions\/2085"}],"wp:attachment":[{"href":"https:\/\/partenercollective.com\/en\/wp-json\/wp\/v2\/media?parent=13"}],"curies":[{"name":"wp","href":"https:\/\/api.w.org\/{rel}","templated":true}]}}