{"id":15,"date":"2024-04-09T12:37:13","date_gmt":"2024-04-09T10:37:13","guid":{"rendered":"https:\/\/partenercollective.com\/?page_id=15"},"modified":"2025-05-24T08:04:41","modified_gmt":"2025-05-24T06:04:41","slug":"legal-notice","status":"publish","type":"page","link":"https:\/\/partenercollective.com\/en\/aviso-legal\/","title":{"rendered":"Legal Notice"},"content":{"rendered":"<div data-elementor-type=\"wp-page\" data-elementor-id=\"15\" class=\"elementor elementor-15\" data-elementor-post-type=\"page\">\n\t\t\t\t<div class=\"elementor-element elementor-element-0e59041 e-flex e-con-boxed e-con e-parent\" data-id=\"0e59041\" data-element_type=\"container\" data-e-type=\"container\">\n\t\t\t\t\t<div class=\"e-con-inner\">\n\t\t\t\t<div class=\"elementor-element elementor-element-87f1958 elementor-widget elementor-widget-text-editor\" data-id=\"87f1958\" data-element_type=\"widget\" data-e-type=\"widget\" data-widget_type=\"text-editor.default\">\n\t\t\t\t<div class=\"elementor-widget-container\">\n\t\t\t\t\t\t\t\t\t<p><strong>ENTITY DATA<\/strong><\/p><p>In compliance with Article 10 of Law 34\/2002 of July 11, 2002, on Information Society Services and Electronic Commerce, PARTNER IN SCENE SL informs you that it is registered in the Commercial Registry of LA CORU\u00d1A T 452, F 129, S 8, H SC 52558, I\/A 1, and its identifying data are as follows:<\/p><ul><li>Company name: PARTNER IN SCENE SL<\/li><li>C.I.F.: B44841039<\/li><li>Registered office: A CORU\u00d1A (A CORU\u00d1A)<\/li><li>Phone: +34 634 144 137<\/li><li>E-mail for communication purposes: info@partenercollective.com<\/li><li>WEB domain: https:\/\/partenercollective.com<\/li><\/ul><p>All notifications and communications between users and PARTNER IN SCENE SL will be considered effective, for all purposes, when made via postal mail or any other means of those detailed above.<\/p><p><strong>CONDITIONS OF ACCESS AND USE<\/strong><\/p><p>This legal notice governs the use of the website https:\/\/partenercollective.com (hereinafter THE WEBSITE), owned by PARTNER IN SCENE SL.<\/p><p>Browsing the website of PARTNER IN SCENE SL attributes the condition of user of the same and implies full and unreserved acceptance of each and every one of the provisions included in this Legal Notice, which may undergo modifications.<\/p><p>The website and its services are free and open access, however, PARTNER IN SCENE SL conditions the use of some of the services offered on its website to the prior completion of the corresponding form.<\/p><p>All contents of the website, such as text, photographs, graphics, images, icons, technology, software, as well as its design and source codes, constitute a work whose property belongs to PARTNER IN SCENE SL, without being transferred to the user any of the rights of exploitation thereof beyond what is strictly necessary for the proper use of the web.<\/p><p>The user guarantees the authenticity and timeliness of all data communicated to PARTNER IN SCENE SL and shall be solely responsible for any false or inaccurate statements made.<\/p><p>The user agrees to make proper use of the website in accordance with the laws, good faith, public order, traffic uses and this Legal Notice. The user will be liable to PARTNER IN SCENE SL or third parties for any damages that may be caused as a result of a breach of this obligation.<\/p><p><strong>LINKING POLICY AND DISCLAIMERS<\/strong><\/p><p>PARTNER IN SCENE SL is not responsible for the content of the web pages that the user can access through the links established on THE WEBSITE and declares that in no case proceed to examine or exercise any control over the content of other pages on the network. Likewise, it does not guarantee the technical availability, accuracy, veracity, validity or legality of pages outside its property that can be accessed through the links.<\/p><p>PARTNER IN SCENE SL declares to have taken all necessary measures to prevent any damage to users of THE WEBSITE, may arise from browsing the same. Consequently, PARTNER IN SCENE SL is not responsible, in any case, for any damages that the user may suffer from Internet browsing.<\/p><p><strong>USE OF COOKIES AND STATISTICAL DATA<\/strong><\/p><p>This website may collect data from its visitors through the use of cookies, where personal information related to your browsing will be collected. To know clearly and precisely what cookies we use, what their purposes are and how you can configure or disable them, please see our cookie policy, if applicable.<br \/>The user has the ability to configure your browser to be informed of the receipt of cookies, and may, if desired, prevent them from being installed on your hard drive.<\/p><p><strong>DATA PROTECTION<\/strong><\/p><p>In the event that personal data is collected on the website, for more information, please consult the privacy policy.<\/p><p><strong>DISPUTE RESOLUTION. APPLICABLE LAW AND JURISDICTION<\/strong><\/p><p>These General Conditions of Use, as well as the use of the Web Site, shall be governed by Spanish law. For the resolution of any dispute the parties shall submit to the Courts and Tribunals of the registered office of the person responsible for the website.<\/p><p>In the event that any provision of these Terms and Conditions of Use is unenforceable or void under applicable law or as a result of a judicial or administrative decision, such unenforceability or invalidity shall not render these Terms and Conditions of Use unenforceable or void as a whole. In such cases, the company will proceed to modify or replace such provision with one that is valid and enforceable and that, to the extent possible, achieves the purpose and intent reflected in the original provision.<\/p>\t\t\t\t\t\t\t\t<\/div>\n\t\t\t\t<\/div>\n\t\t\t\t\t<\/div>\n\t\t\t\t<\/div>\n\t\t\t\t<\/div>","protected":false},"excerpt":{"rendered":"<p>DATOS DE LA ENTIDAD En cumplimiento del art\u00edculo 10 de la Ley 34\/2002, de 11 de julio, de Servicios de la Sociedad de la Informaci\u00f3n y Comercio Electr\u00f3nico, PARTNER IN SCENE SL le informa que se encuentra inscrita en el Registro Mercantil de LA CORU\u00d1A T 452, F 129, S 8, H SC 52558, I\/A [&hellip;]<\/p>\n","protected":false},"author":10,"featured_media":0,"parent":0,"menu_order":0,"comment_status":"closed","ping_status":"closed","template":"","meta":{"footnotes":""},"class_list":["post-15","page","type-page","status-publish","hentry"],"yoast_head":"<!-- This site is optimized with the Yoast SEO plugin v27.5 - https:\/\/yoast.com\/product\/yoast-seo-wordpress\/ -->\n<title>Aviso legal - Partener Collective<\/title>\n<meta name=\"robots\" content=\"index, follow, max-snippet:-1, max-image-preview:large, max-video-preview:-1\" \/>\n<link rel=\"canonical\" href=\"https:\/\/partenercollective.com\/en\/legal-notice\/\" \/>\n<meta property=\"og:locale\" content=\"en_US\" \/>\n<meta property=\"og:type\" content=\"article\" \/>\n<meta property=\"og:title\" content=\"Aviso legal - Partener Collective\" \/>\n<meta property=\"og:description\" content=\"DATOS DE LA ENTIDAD En cumplimiento del art\u00edculo 10 de la Ley 34\/2002, de 11 de julio, de Servicios de la Sociedad de la Informaci\u00f3n y Comercio Electr\u00f3nico, PARTNER IN SCENE SL le informa que se encuentra inscrita en el Registro Mercantil de LA CORU\u00d1A T 452, F 129, S 8, H SC 52558, I\/A [&hellip;]\" \/>\n<meta property=\"og:url\" content=\"https:\/\/partenercollective.com\/en\/legal-notice\/\" \/>\n<meta property=\"og:site_name\" content=\"Partener Collective\" \/>\n<meta property=\"article:modified_time\" content=\"2025-05-24T06:04:41+00:00\" \/>\n<meta property=\"og:image\" content=\"https:\/\/partenercollective.com\/wp-content\/uploads\/2024\/04\/home-fondo-web-partner.jpeg\" \/>\n\t<meta property=\"og:image:width\" content=\"1018\" \/>\n\t<meta property=\"og:image:height\" content=\"1018\" \/>\n\t<meta property=\"og:image:type\" content=\"image\/jpeg\" \/>\n<meta name=\"twitter:card\" content=\"summary_large_image\" \/>\n<meta name=\"twitter:label1\" content=\"Est. reading time\" \/>\n\t<meta name=\"twitter:data1\" content=\"4 minutes\" \/>\n<script type=\"application\/ld+json\" class=\"yoast-schema-graph\">{\"@context\":\"https:\\\/\\\/schema.org\",\"@graph\":[{\"@type\":\"WebPage\",\"@id\":\"https:\\\/\\\/partenercollective.com\\\/aviso-legal\\\/\",\"url\":\"https:\\\/\\\/partenercollective.com\\\/aviso-legal\\\/\",\"name\":\"Aviso legal - Partener Collective\",\"isPartOf\":{\"@id\":\"https:\\\/\\\/partenercollective.com\\\/#website\"},\"datePublished\":\"2024-04-09T10:37:13+00:00\",\"dateModified\":\"2025-05-24T06:04:41+00:00\",\"breadcrumb\":{\"@id\":\"https:\\\/\\\/partenercollective.com\\\/aviso-legal\\\/#breadcrumb\"},\"inLanguage\":\"en-US\",\"potentialAction\":[{\"@type\":\"ReadAction\",\"target\":[\"https:\\\/\\\/partenercollective.com\\\/aviso-legal\\\/\"]}]},{\"@type\":\"BreadcrumbList\",\"@id\":\"https:\\\/\\\/partenercollective.com\\\/aviso-legal\\\/#breadcrumb\",\"itemListElement\":[{\"@type\":\"ListItem\",\"position\":1,\"name\":\"Portada\",\"item\":\"https:\\\/\\\/partenercollective.com\\\/\"},{\"@type\":\"ListItem\",\"position\":2,\"name\":\"Aviso legal\"}]},{\"@type\":\"WebSite\",\"@id\":\"https:\\\/\\\/partenercollective.com\\\/#website\",\"url\":\"https:\\\/\\\/partenercollective.com\\\/\",\"name\":\"Partener Collective\",\"description\":\"Conecta con una Comunidad Internacional de Actores y Coach para llevar tus escenas, personajes y self-tapes al siguiente nivel.\",\"publisher\":{\"@id\":\"https:\\\/\\\/partenercollective.com\\\/#organization\"},\"alternateName\":\"Partener Collective\",\"potentialAction\":[{\"@type\":\"SearchAction\",\"target\":{\"@type\":\"EntryPoint\",\"urlTemplate\":\"https:\\\/\\\/partenercollective.com\\\/?s={search_term_string}\"},\"query-input\":{\"@type\":\"PropertyValueSpecification\",\"valueRequired\":true,\"valueName\":\"search_term_string\"}}],\"inLanguage\":\"en-US\"},{\"@type\":\"Organization\",\"@id\":\"https:\\\/\\\/partenercollective.com\\\/#organization\",\"name\":\"Partener Collective\",\"alternateName\":\"Partener Collective\",\"url\":\"https:\\\/\\\/partenercollective.com\\\/\",\"logo\":{\"@type\":\"ImageObject\",\"inLanguage\":\"en-US\",\"@id\":\"https:\\\/\\\/partenercollective.com\\\/#\\\/schema\\\/logo\\\/image\\\/\",\"url\":\"https:\\\/\\\/partenercollective.com\\\/wp-content\\\/uploads\\\/2024\\\/04\\\/partener-collective-logo.png\",\"contentUrl\":\"https:\\\/\\\/partenercollective.com\\\/wp-content\\\/uploads\\\/2024\\\/04\\\/partener-collective-logo.png\",\"width\":2156,\"height\":604,\"caption\":\"Partener Collective\"},\"image\":{\"@id\":\"https:\\\/\\\/partenercollective.com\\\/#\\\/schema\\\/logo\\\/image\\\/\"},\"sameAs\":[\"https:\\\/\\\/www.instagram.com\\\/partenercollective\\\/\"]}]}<\/script>\n<!-- \/ Yoast SEO plugin. -->","yoast_head_json":{"title":"Legal Notice - Partener Collective","robots":{"index":"index","follow":"follow","max-snippet":"max-snippet:-1","max-image-preview":"max-image-preview:large","max-video-preview":"max-video-preview:-1"},"canonical":"https:\/\/partenercollective.com\/en\/legal-notice\/","og_locale":"en_US","og_type":"article","og_title":"Aviso legal - Partener Collective","og_description":"DATOS DE LA ENTIDAD En cumplimiento del art\u00edculo 10 de la Ley 34\/2002, de 11 de julio, de Servicios de la Sociedad de la Informaci\u00f3n y Comercio Electr\u00f3nico, PARTNER IN SCENE SL le informa que se encuentra inscrita en el Registro Mercantil de LA CORU\u00d1A T 452, F 129, S 8, H SC 52558, I\/A [&hellip;]","og_url":"https:\/\/partenercollective.com\/en\/legal-notice\/","og_site_name":"Partener Collective","article_modified_time":"2025-05-24T06:04:41+00:00","og_image":[{"width":1018,"height":1018,"url":"https:\/\/partenercollective.com\/wp-content\/uploads\/2024\/04\/home-fondo-web-partner.jpeg","type":"image\/jpeg"}],"twitter_card":"summary_large_image","twitter_misc":{"Est. reading time":"4 minutes"},"schema":{"@context":"https:\/\/schema.org","@graph":[{"@type":"WebPage","@id":"https:\/\/partenercollective.com\/aviso-legal\/","url":"https:\/\/partenercollective.com\/aviso-legal\/","name":"Legal Notice - Partener Collective","isPartOf":{"@id":"https:\/\/partenercollective.com\/#website"},"datePublished":"2024-04-09T10:37:13+00:00","dateModified":"2025-05-24T06:04:41+00:00","breadcrumb":{"@id":"https:\/\/partenercollective.com\/aviso-legal\/#breadcrumb"},"inLanguage":"en-US","potentialAction":[{"@type":"ReadAction","target":["https:\/\/partenercollective.com\/aviso-legal\/"]}]},{"@type":"BreadcrumbList","@id":"https:\/\/partenercollective.com\/aviso-legal\/#breadcrumb","itemListElement":[{"@type":"ListItem","position":1,"name":"Portada","item":"https:\/\/partenercollective.com\/"},{"@type":"ListItem","position":2,"name":"Aviso legal"}]},{"@type":"WebSite","@id":"https:\/\/partenercollective.com\/#website","url":"https:\/\/partenercollective.com\/","name":"Partener Collective","description":"Connect with an International Community of Actors and Coaches to take your scenes, characters and self-tapes to the next level.","publisher":{"@id":"https:\/\/partenercollective.com\/#organization"},"alternateName":"Partener Collective","potentialAction":[{"@type":"SearchAction","target":{"@type":"EntryPoint","urlTemplate":"https:\/\/partenercollective.com\/?s={search_term_string}"},"query-input":{"@type":"PropertyValueSpecification","valueRequired":true,"valueName":"search_term_string"}}],"inLanguage":"en-US"},{"@type":"Organization","@id":"https:\/\/partenercollective.com\/#organization","name":"Partener Collective","alternateName":"Partener Collective","url":"https:\/\/partenercollective.com\/","logo":{"@type":"ImageObject","inLanguage":"en-US","@id":"https:\/\/partenercollective.com\/#\/schema\/logo\/image\/","url":"https:\/\/partenercollective.com\/wp-content\/uploads\/2024\/04\/partener-collective-logo.png","contentUrl":"https:\/\/partenercollective.com\/wp-content\/uploads\/2024\/04\/partener-collective-logo.png","width":2156,"height":604,"caption":"Partener Collective"},"image":{"@id":"https:\/\/partenercollective.com\/#\/schema\/logo\/image\/"},"sameAs":["https:\/\/www.instagram.com\/partenercollective\/"]}]}},"_links":{"self":[{"href":"https:\/\/partenercollective.com\/en\/wp-json\/wp\/v2\/pages\/15","targetHints":{"allow":["GET"]}}],"collection":[{"href":"https:\/\/partenercollective.com\/en\/wp-json\/wp\/v2\/pages"}],"about":[{"href":"https:\/\/partenercollective.com\/en\/wp-json\/wp\/v2\/types\/page"}],"author":[{"embeddable":true,"href":"https:\/\/partenercollective.com\/en\/wp-json\/wp\/v2\/users\/10"}],"replies":[{"embeddable":true,"href":"https:\/\/partenercollective.com\/en\/wp-json\/wp\/v2\/comments?post=15"}],"version-history":[{"count":22,"href":"https:\/\/partenercollective.com\/en\/wp-json\/wp\/v2\/pages\/15\/revisions"}],"predecessor-version":[{"id":2060,"href":"https:\/\/partenercollective.com\/en\/wp-json\/wp\/v2\/pages\/15\/revisions\/2060"}],"wp:attachment":[{"href":"https:\/\/partenercollective.com\/en\/wp-json\/wp\/v2\/media?parent=15"}],"curies":[{"name":"wp","href":"https:\/\/api.w.org\/{rel}","templated":true}]}}