{"id":1563,"date":"2024-05-12T13:59:34","date_gmt":"2024-05-12T11:59:34","guid":{"rendered":"https:\/\/partenercollective.com\/?post_type=product&#038;p=1563"},"modified":"2024-10-28T13:01:18","modified_gmt":"2024-10-28T12:01:18","slug":"simone-negrin-2","status":"publish","type":"product","link":"https:\/\/partenercollective.com\/en\/profesionales\/partener\/simone-negrin-2\/","title":{"rendered":"Simone Negrin"},"content":{"rendered":"","protected":false},"excerpt":{"rendered":"<p>(Turin, 1978) Italian pedagogue, theatrical actor and storyteller, resident in Spain since 2001. Studied Personal Professional Coaching at Crearte Coaching and Transformation, and Systemic Coaching at AINP, Madrid.<\/p>\n<p>With the theater companies he founded, he has participated in several festivals in Spain, Italy and Portugal, and has participated as director in the Edinburgh Fringe Festival with the play Hamlet (A One Man Play).<\/p>\n<p>In Galicia he has worked for the Centro Dram\u00e1tico Galego, the Real Filharmon\u00eda de Galicia and the regional television channel V Televisi\u00f3n. He won the 1st International Short Film Script Contest of ABCGuionistas.<\/p>\n<p>As a storyteller he has participated in the international festivals \"Akuentaju\u00ee\" and \"El Caribe Cuenta\" in Colombia, and in \"Palabras al Viento\" and \"Cuentos y Flores\" in Mexico.<\/p>","protected":false},"featured_media":446,"comment_status":"closed","ping_status":"closed","template":"","meta":[],"product_brand":[],"product_cat":[38],"product_tag":[],"idioma":[43,42],"class_list":{"0":"post-1563","1":"product","2":"type-product","3":"status-publish","4":"has-post-thumbnail","6":"product_cat-partener","7":"yith_shop_vendor-simone","8":"idioma-espanol-castellano","9":"idioma-italiano","11":"first","12":"instock","13":"virtual","14":"sold-individually","15":"taxable","16":"purchasable","17":"product-type-booking"},"yoast_head":"<!-- This site is optimized with the Yoast SEO plugin v27.5 - https:\/\/yoast.com\/product\/yoast-seo-wordpress\/ -->\n<title>Simone Negr\u00edn - Partener Collective<\/title>\n<meta name=\"robots\" content=\"index, follow, max-snippet:-1, max-image-preview:large, max-video-preview:-1\" \/>\n<link rel=\"canonical\" href=\"https:\/\/partenercollective.com\/en\/professionals\/partner\/simone-negrin-2\/\" \/>\n<meta property=\"og:locale\" content=\"en_US\" \/>\n<meta property=\"og:type\" content=\"article\" \/>\n<meta property=\"og:title\" content=\"Simone Negr\u00edn - Partener Collective\" \/>\n<meta property=\"og:description\" content=\"(Tur\u00edn, 1978) Pedagogo, teatrante y narrador italiano, residente en Espa\u00f1a desde 2001. Estudi\u00f3 Coaching Profesional Personal en Crearte Coaching y Transformaci\u00f3n, y Coaching Sist\u00e9mico en AINP, Madrid.  Con las compa\u00f1\u00edas teatrales que fund\u00f3 ha participado en varios festivales por Espa\u00f1a, Italia y Portugal, y ha participado como director en el Festival Fringe de Edimburgo con la obra Hamlet (A One Man Play).  En Galicia ha trabajado para el Centro Dram\u00e1tico Galego, la Real Filharmon\u00eda de Galicia y la cadena auton\u00f3mica V Televisi\u00f3n. Ha ganado el 1\u00ba Concurso Internacional de Gui\u00f3n de cortometrajes de ABCGuionistas.  Como narrador ha participado en los festivales internacionales \u201cAkuentaju\u00ee\u201d y \u201cEl Caribe Cuenta\u201d de Colombia, y en \u201cPalabras al Viento\u201d y \u201cCuentos y Flores\u201d de M\u00e9xico.\" \/>\n<meta property=\"og:url\" content=\"https:\/\/partenercollective.com\/en\/professionals\/partner\/simone-negrin-2\/\" \/>\n<meta property=\"og:site_name\" content=\"Partener Collective\" \/>\n<meta property=\"article:modified_time\" content=\"2024-10-28T12:01:18+00:00\" \/>\n<meta property=\"og:image\" content=\"https:\/\/partenercollective.com\/wp-content\/uploads\/2024\/04\/foto-simone.jpg\" \/>\n\t<meta property=\"og:image:width\" content=\"800\" \/>\n\t<meta property=\"og:image:height\" content=\"800\" \/>\n\t<meta property=\"og:image:type\" content=\"image\/jpeg\" \/>\n<meta name=\"twitter:card\" content=\"summary_large_image\" \/>\n<meta name=\"twitter:label1\" content=\"Est. reading time\" \/>\n\t<meta name=\"twitter:data1\" content=\"1 minute\" \/>\n<script type=\"application\/ld+json\" class=\"yoast-schema-graph\">{\"@context\":\"https:\\\/\\\/schema.org\",\"@graph\":[{\"@type\":\"WebPage\",\"@id\":\"https:\\\/\\\/partenercollective.com\\\/profesionales\\\/partener\\\/simone-negrin-2\\\/\",\"url\":\"https:\\\/\\\/partenercollective.com\\\/profesionales\\\/partener\\\/simone-negrin-2\\\/\",\"name\":\"Simone Negr\u00edn - Partener Collective\",\"isPartOf\":{\"@id\":\"https:\\\/\\\/partenercollective.com\\\/#website\"},\"primaryImageOfPage\":{\"@id\":\"https:\\\/\\\/partenercollective.com\\\/profesionales\\\/partener\\\/simone-negrin-2\\\/#primaryimage\"},\"image\":{\"@id\":\"https:\\\/\\\/partenercollective.com\\\/profesionales\\\/partener\\\/simone-negrin-2\\\/#primaryimage\"},\"thumbnailUrl\":\"https:\\\/\\\/partenercollective.com\\\/wp-content\\\/uploads\\\/2024\\\/04\\\/foto-simone.jpg\",\"datePublished\":\"2024-05-12T11:59:34+00:00\",\"dateModified\":\"2024-10-28T12:01:18+00:00\",\"breadcrumb\":{\"@id\":\"https:\\\/\\\/partenercollective.com\\\/profesionales\\\/partener\\\/simone-negrin-2\\\/#breadcrumb\"},\"inLanguage\":\"en-US\",\"potentialAction\":[{\"@type\":\"ReadAction\",\"target\":[\"https:\\\/\\\/partenercollective.com\\\/profesionales\\\/partener\\\/simone-negrin-2\\\/\"]}]},{\"@type\":\"ImageObject\",\"inLanguage\":\"en-US\",\"@id\":\"https:\\\/\\\/partenercollective.com\\\/profesionales\\\/partener\\\/simone-negrin-2\\\/#primaryimage\",\"url\":\"https:\\\/\\\/partenercollective.com\\\/wp-content\\\/uploads\\\/2024\\\/04\\\/foto-simone.jpg\",\"contentUrl\":\"https:\\\/\\\/partenercollective.com\\\/wp-content\\\/uploads\\\/2024\\\/04\\\/foto-simone.jpg\",\"width\":800,\"height\":800,\"caption\":\"Nuno Gil\"},{\"@type\":\"BreadcrumbList\",\"@id\":\"https:\\\/\\\/partenercollective.com\\\/profesionales\\\/partener\\\/simone-negrin-2\\\/#breadcrumb\",\"itemListElement\":[{\"@type\":\"ListItem\",\"position\":1,\"name\":\"Portada\",\"item\":\"https:\\\/\\\/partenercollective.com\\\/\"},{\"@type\":\"ListItem\",\"position\":2,\"name\":\"Profesionales\",\"item\":\"https:\\\/\\\/partenercollective.com\\\/profesionales\\\/\"},{\"@type\":\"ListItem\",\"position\":3,\"name\":\"Simone Negr\u00edn\"}]},{\"@type\":\"WebSite\",\"@id\":\"https:\\\/\\\/partenercollective.com\\\/#website\",\"url\":\"https:\\\/\\\/partenercollective.com\\\/\",\"name\":\"Partener Collective\",\"description\":\"Conecta con una Comunidad Internacional de Actores y Coach para llevar tus escenas, personajes y self-tapes al siguiente nivel.\",\"publisher\":{\"@id\":\"https:\\\/\\\/partenercollective.com\\\/#organization\"},\"alternateName\":\"Partener Collective\",\"potentialAction\":[{\"@type\":\"SearchAction\",\"target\":{\"@type\":\"EntryPoint\",\"urlTemplate\":\"https:\\\/\\\/partenercollective.com\\\/?s={search_term_string}\"},\"query-input\":{\"@type\":\"PropertyValueSpecification\",\"valueRequired\":true,\"valueName\":\"search_term_string\"}}],\"inLanguage\":\"en-US\"},{\"@type\":\"Organization\",\"@id\":\"https:\\\/\\\/partenercollective.com\\\/#organization\",\"name\":\"Partener Collective\",\"alternateName\":\"Partener Collective\",\"url\":\"https:\\\/\\\/partenercollective.com\\\/\",\"logo\":{\"@type\":\"ImageObject\",\"inLanguage\":\"en-US\",\"@id\":\"https:\\\/\\\/partenercollective.com\\\/#\\\/schema\\\/logo\\\/image\\\/\",\"url\":\"https:\\\/\\\/partenercollective.com\\\/wp-content\\\/uploads\\\/2024\\\/04\\\/partener-collective-logo.png\",\"contentUrl\":\"https:\\\/\\\/partenercollective.com\\\/wp-content\\\/uploads\\\/2024\\\/04\\\/partener-collective-logo.png\",\"width\":2156,\"height\":604,\"caption\":\"Partener Collective\"},\"image\":{\"@id\":\"https:\\\/\\\/partenercollective.com\\\/#\\\/schema\\\/logo\\\/image\\\/\"},\"sameAs\":[\"https:\\\/\\\/www.instagram.com\\\/partenercollective\\\/\"]}]}<\/script>\n<!-- \/ Yoast SEO plugin. -->","yoast_head_json":{"title":"Simone Negr\u00edn - Partener Collective","robots":{"index":"index","follow":"follow","max-snippet":"max-snippet:-1","max-image-preview":"max-image-preview:large","max-video-preview":"max-video-preview:-1"},"canonical":"https:\/\/partenercollective.com\/en\/professionals\/partner\/simone-negrin-2\/","og_locale":"en_US","og_type":"article","og_title":"Simone Negr\u00edn - Partener Collective","og_description":"(Tur\u00edn, 1978) Pedagogo, teatrante y narrador italiano, residente en Espa\u00f1a desde 2001. Estudi\u00f3 Coaching Profesional Personal en Crearte Coaching y Transformaci\u00f3n, y Coaching Sist\u00e9mico en AINP, Madrid.  Con las compa\u00f1\u00edas teatrales que fund\u00f3 ha participado en varios festivales por Espa\u00f1a, Italia y Portugal, y ha participado como director en el Festival Fringe de Edimburgo con la obra Hamlet (A One Man Play).  En Galicia ha trabajado para el Centro Dram\u00e1tico Galego, la Real Filharmon\u00eda de Galicia y la cadena auton\u00f3mica V Televisi\u00f3n. Ha ganado el 1\u00ba Concurso Internacional de Gui\u00f3n de cortometrajes de ABCGuionistas.  Como narrador ha participado en los festivales internacionales \u201cAkuentaju\u00ee\u201d y \u201cEl Caribe Cuenta\u201d de Colombia, y en \u201cPalabras al Viento\u201d y \u201cCuentos y Flores\u201d de M\u00e9xico.","og_url":"https:\/\/partenercollective.com\/en\/professionals\/partner\/simone-negrin-2\/","og_site_name":"Partener Collective","article_modified_time":"2024-10-28T12:01:18+00:00","og_image":[{"width":800,"height":800,"url":"https:\/\/partenercollective.com\/wp-content\/uploads\/2024\/04\/foto-simone.jpg","type":"image\/jpeg"}],"twitter_card":"summary_large_image","twitter_misc":{"Est. reading time":"1 minute"},"schema":{"@context":"https:\/\/schema.org","@graph":[{"@type":"WebPage","@id":"https:\/\/partenercollective.com\/profesionales\/partener\/simone-negrin-2\/","url":"https:\/\/partenercollective.com\/profesionales\/partener\/simone-negrin-2\/","name":"Simone Negr\u00edn - Partener Collective","isPartOf":{"@id":"https:\/\/partenercollective.com\/#website"},"primaryImageOfPage":{"@id":"https:\/\/partenercollective.com\/profesionales\/partener\/simone-negrin-2\/#primaryimage"},"image":{"@id":"https:\/\/partenercollective.com\/profesionales\/partener\/simone-negrin-2\/#primaryimage"},"thumbnailUrl":"https:\/\/partenercollective.com\/wp-content\/uploads\/2024\/04\/foto-simone.jpg","datePublished":"2024-05-12T11:59:34+00:00","dateModified":"2024-10-28T12:01:18+00:00","breadcrumb":{"@id":"https:\/\/partenercollective.com\/profesionales\/partener\/simone-negrin-2\/#breadcrumb"},"inLanguage":"en-US","potentialAction":[{"@type":"ReadAction","target":["https:\/\/partenercollective.com\/profesionales\/partener\/simone-negrin-2\/"]}]},{"@type":"ImageObject","inLanguage":"en-US","@id":"https:\/\/partenercollective.com\/profesionales\/partener\/simone-negrin-2\/#primaryimage","url":"https:\/\/partenercollective.com\/wp-content\/uploads\/2024\/04\/foto-simone.jpg","contentUrl":"https:\/\/partenercollective.com\/wp-content\/uploads\/2024\/04\/foto-simone.jpg","width":800,"height":800,"caption":"Nuno Gil"},{"@type":"BreadcrumbList","@id":"https:\/\/partenercollective.com\/profesionales\/partener\/simone-negrin-2\/#breadcrumb","itemListElement":[{"@type":"ListItem","position":1,"name":"Portada","item":"https:\/\/partenercollective.com\/"},{"@type":"ListItem","position":2,"name":"Profesionales","item":"https:\/\/partenercollective.com\/profesionales\/"},{"@type":"ListItem","position":3,"name":"Simone Negr\u00edn"}]},{"@type":"WebSite","@id":"https:\/\/partenercollective.com\/#website","url":"https:\/\/partenercollective.com\/","name":"Partener Collective","description":"Connect with an International Community of Actors and Coaches to take your scenes, characters and self-tapes to the next level.","publisher":{"@id":"https:\/\/partenercollective.com\/#organization"},"alternateName":"Partener Collective","potentialAction":[{"@type":"SearchAction","target":{"@type":"EntryPoint","urlTemplate":"https:\/\/partenercollective.com\/?s={search_term_string}"},"query-input":{"@type":"PropertyValueSpecification","valueRequired":true,"valueName":"search_term_string"}}],"inLanguage":"en-US"},{"@type":"Organization","@id":"https:\/\/partenercollective.com\/#organization","name":"Partener Collective","alternateName":"Partener Collective","url":"https:\/\/partenercollective.com\/","logo":{"@type":"ImageObject","inLanguage":"en-US","@id":"https:\/\/partenercollective.com\/#\/schema\/logo\/image\/","url":"https:\/\/partenercollective.com\/wp-content\/uploads\/2024\/04\/partener-collective-logo.png","contentUrl":"https:\/\/partenercollective.com\/wp-content\/uploads\/2024\/04\/partener-collective-logo.png","width":2156,"height":604,"caption":"Partener Collective"},"image":{"@id":"https:\/\/partenercollective.com\/#\/schema\/logo\/image\/"},"sameAs":["https:\/\/www.instagram.com\/partenercollective\/"]}]}},"_links":{"self":[{"href":"https:\/\/partenercollective.com\/en\/wp-json\/wp\/v2\/product\/1563","targetHints":{"allow":["GET"]}}],"collection":[{"href":"https:\/\/partenercollective.com\/en\/wp-json\/wp\/v2\/product"}],"about":[{"href":"https:\/\/partenercollective.com\/en\/wp-json\/wp\/v2\/types\/product"}],"replies":[{"embeddable":true,"href":"https:\/\/partenercollective.com\/en\/wp-json\/wp\/v2\/comments?post=1563"}],"wp:featuredmedia":[{"embeddable":true,"href":"https:\/\/partenercollective.com\/en\/wp-json\/wp\/v2\/media\/446"}],"wp:attachment":[{"href":"https:\/\/partenercollective.com\/en\/wp-json\/wp\/v2\/media?parent=1563"}],"wp:term":[{"taxonomy":"product_brand","embeddable":true,"href":"https:\/\/partenercollective.com\/en\/wp-json\/wp\/v2\/product_brand?post=1563"},{"taxonomy":"product_cat","embeddable":true,"href":"https:\/\/partenercollective.com\/en\/wp-json\/wp\/v2\/product_cat?post=1563"},{"taxonomy":"product_tag","embeddable":true,"href":"https:\/\/partenercollective.com\/en\/wp-json\/wp\/v2\/product_tag?post=1563"},{"taxonomy":"idioma","embeddable":true,"href":"https:\/\/partenercollective.com\/en\/wp-json\/wp\/v2\/idioma?post=1563"}],"curies":[{"name":"wp","href":"https:\/\/api.w.org\/{rel}","templated":true}]}}