{"id":1787,"date":"2024-04-02T11:44:46","date_gmt":"2024-04-02T09:44:46","guid":{"rendered":"https:\/\/partenercollective.com\/?post_type=product&#038;p=1787"},"modified":"2025-06-27T16:09:24","modified_gmt":"2025-06-27T14:09:24","slug":"paola-lusardi","status":"publish","type":"product","link":"https:\/\/partenercollective.com\/en\/professionals\/coach\/paola-lusardi\/","title":{"rendered":"Paola Lusardi"},"content":{"rendered":"","protected":false},"excerpt":{"rendered":"<p><strong>Director<\/strong><strong> casting <\/strong>in important international television projects:<\/p>\n<p>Women Killers <em>(Fox of Italy).<\/em><\/p>\n<p>Epitaphs <em>(HBO).<\/em><\/p>\n<p><em>\u2028<\/em>The bronze garden <em>(HBO). <\/em><\/p>\n<p>Desperate housewives <em>(Univision &amp; Disney).<\/em><\/p>\n<p>Three is Multitude <em>(Globomedia \/ Telecinco Spain). <\/em><\/p>\n<p>As producer and artistic director, she has produced works such as \"Rainman\", \"Rainman\" and \"Rainman\". <em>Directed by Alejandra Ciurlanti. <\/em> \"Lifestyle\" <em>Directed by L\u00eda Jelin, where she also worked as an actress. <\/em>\"An eye for an eye.\" <em>Directed by Augusto Fernandes or <\/em>\"Reinas Magas\" <em>Directed by Valeria Ambrosio. <\/em><\/p>\n<p>In 2013, he won the <strong>Tato award <\/strong>for best casting in a TV series.In 2019, she was part of the delegation of artists selected by the French Institute in Argentina and the Avignon Festival as part of the <strong>Special Performing Arts Program for Spanish-speaking South America. <\/strong><\/p>\n<p>His opera prima <strong>\"I Wish The Walls Would Scream\". <\/strong>was selected for <strong>FIBA 2019 <\/strong>(International Festival of Buenos Aires), then presented at the Metropolitan Sura and performed a successful season at Calle Corrientes in an innovative format for commercial theater: spectators and actors all on stage. Its theatrical version was again selected for FIBA 2020, where it also presents <strong>\"SNSM, <\/strong>a documentary work in progress and a play, to be presented at FIBA 2021. With \"SNSM\" he received the first prize \"Stimulus to the creation and production of Performing Arts\" from the Complejo Teatral de Buenos Aires, the most important public theater of the Autonomous City of Buenos Aires.<\/p>\n<p>Trained in film and television production at the C.I.C. <em>(Centro de Investigaci\u00f3n Cinematogr\u00e1fica). <\/em>Dramaturgy with Mauricio Kart\u00fan and at the Rojas Cultural Center with Gustavo Malajovich and direction and staging at the UNA. <em>(University of Dramatic Arts of Buenos Aires). <\/em><\/p>","protected":false},"featured_media":1788,"comment_status":"closed","ping_status":"closed","template":"","meta":[],"product_brand":[],"product_cat":[20],"product_tag":[],"idioma":[78],"class_list":{"0":"post-1787","1":"product","2":"type-product","3":"status-publish","4":"has-post-thumbnail","6":"product_cat-coach","7":"idioma-espanol-argentino","9":"first","10":"instock","11":"virtual","12":"sold-individually","13":"taxable","14":"purchasable","15":"product-type-booking"},"yoast_head":"<!-- This site is optimized with the Yoast SEO plugin v26.6 - https:\/\/yoast.com\/wordpress\/plugins\/seo\/ -->\n<title>Paola Lusardi - Partener Collective<\/title>\n<meta name=\"robots\" content=\"index, follow, max-snippet:-1, max-image-preview:large, max-video-preview:-1\" \/>\n<link rel=\"canonical\" href=\"https:\/\/partenercollective.com\/en\/professionals\/coach\/paola-lusardi\/\" \/>\n<meta property=\"og:locale\" content=\"en_US\" \/>\n<meta property=\"og:type\" content=\"article\" \/>\n<meta property=\"og:title\" content=\"Paola Lusardi - Partener Collective\" \/>\n<meta property=\"og:description\" content=\"Directora de casting en importantes proyectos de televisi\u00f3n internacional:  Mujeres Asesinas (Fox de Italia).\u2028  Epitafios (HBO).  \u2028El jard\u00edn de bronce (HBO).   Amas de casa desesperadas (Univision &amp; Disney).  Tres son Multitud (Globomedia \/ Telecinco Espa\u00f1a).   Como productora y directora art\u00edstica lleva a cabo obras como \u201cRainman\u201d Dirigida por Alejandra Ciurlanti. \u201cEstilo de vida\u201d Dirigida por L\u00eda Jelin, en donde tambi\u00e9n trabaj\u00f3 como actriz. \u201cOjo por ojo\u201d Dirigida por Augusto Fernandes o \u201cReinas Magas\u201d Dirigida por Valeria Ambrosio.   En 2013, gana el premio Tato por mejor casting de serie de TV.\u2028 En 2019 fue parte de la delegaci\u00f3n de artistas seleccionada por el Instituto Franc\u00e9s en Argentina y el Festival de Avi\u00f1\u00f3n en el marco del Programa Especial Artes Esc\u00e9nicas para Sudam\u00e9rica Hispanoparlante.   Su \u00f3pera prima \u201cOjal\u00e1 Las Paredes Gritaran\u201d fue seleccionada para FIBA 2019 (Festival Internacional de Buenos Aires), present\u00e1ndose luego en el Metropolitan Sura y realizando una exitosa temporada en Calle Corrientes en un formato innovador para el teatro Comercial: espectadores y actores todos en el escenario. Su versi\u00f3n para teatro le vali\u00f3 nuevamente ser seleccionada para el FIBA 2020 en donde adem\u00e1s presenta \u201cSNSM\u201d, un trabajo documental en proceso y obra de teatro, present\u00e1ndose en FIBA 2021. Con \u201cSNSM\u201d recibi\u00f3 el primer premio \u201cEst\u00edmulo a la creaci\u00f3n y producci\u00f3n de Artes Esc\u00e9nicas\u201d del Complejo Teatral de Buenos Aires, el teatro p\u00fablico m\u00e1s importante de la Ciudad Aut\u00f3noma de Buenos Aires.  Se form\u00f3 en producci\u00f3n de cine y televisi\u00f3n en el C.I.C. (Centro de Investigaci\u00f3n Cinematogr\u00e1fica). Dramaturgia con Mauricio Kart\u00fan y en el Centro cultural Rojas con Gustavo Malajovich y direcci\u00f3n y puesta en escena en la UNA (Universidad de artes dram\u00e1ticas de Buenos Aires).\" \/>\n<meta property=\"og:url\" content=\"https:\/\/partenercollective.com\/en\/professionals\/coach\/paola-lusardi\/\" \/>\n<meta property=\"og:site_name\" content=\"Partener Collective\" \/>\n<meta property=\"article:modified_time\" content=\"2025-06-27T14:09:24+00:00\" \/>\n<meta property=\"og:image\" content=\"https:\/\/partenercollective.com\/wp-content\/uploads\/2024\/10\/2-2-scaled-e1728640088496.jpg\" \/>\n\t<meta property=\"og:image:width\" content=\"574\" \/>\n\t<meta property=\"og:image:height\" content=\"608\" \/>\n\t<meta property=\"og:image:type\" content=\"image\/jpeg\" \/>\n<meta name=\"twitter:card\" content=\"summary_large_image\" \/>\n<meta name=\"twitter:label1\" content=\"Est. reading time\" \/>\n\t<meta name=\"twitter:data1\" content=\"1 minute\" \/>\n<script type=\"application\/ld+json\" class=\"yoast-schema-graph\">{\"@context\":\"https:\/\/schema.org\",\"@graph\":[{\"@type\":\"WebPage\",\"@id\":\"https:\/\/partenercollective.com\/profesionales\/coach\/paola-lusardi\/\",\"url\":\"https:\/\/partenercollective.com\/profesionales\/coach\/paola-lusardi\/\",\"name\":\"Paola Lusardi - Partener Collective\",\"isPartOf\":{\"@id\":\"https:\/\/partenercollective.com\/#website\"},\"primaryImageOfPage\":{\"@id\":\"https:\/\/partenercollective.com\/profesionales\/coach\/paola-lusardi\/#primaryimage\"},\"image\":{\"@id\":\"https:\/\/partenercollective.com\/profesionales\/coach\/paola-lusardi\/#primaryimage\"},\"thumbnailUrl\":\"https:\/\/partenercollective.com\/wp-content\/uploads\/2024\/10\/2-2-scaled-e1728640088496.jpg\",\"datePublished\":\"2024-04-02T09:44:46+00:00\",\"dateModified\":\"2025-06-27T14:09:24+00:00\",\"breadcrumb\":{\"@id\":\"https:\/\/partenercollective.com\/profesionales\/coach\/paola-lusardi\/#breadcrumb\"},\"inLanguage\":\"en-US\",\"potentialAction\":[{\"@type\":\"ReadAction\",\"target\":[\"https:\/\/partenercollective.com\/profesionales\/coach\/paola-lusardi\/\"]}]},{\"@type\":\"ImageObject\",\"inLanguage\":\"en-US\",\"@id\":\"https:\/\/partenercollective.com\/profesionales\/coach\/paola-lusardi\/#primaryimage\",\"url\":\"https:\/\/partenercollective.com\/wp-content\/uploads\/2024\/10\/2-2-scaled-e1728640088496.jpg\",\"contentUrl\":\"https:\/\/partenercollective.com\/wp-content\/uploads\/2024\/10\/2-2-scaled-e1728640088496.jpg\",\"width\":574,\"height\":608},{\"@type\":\"BreadcrumbList\",\"@id\":\"https:\/\/partenercollective.com\/profesionales\/coach\/paola-lusardi\/#breadcrumb\",\"itemListElement\":[{\"@type\":\"ListItem\",\"position\":1,\"name\":\"Portada\",\"item\":\"https:\/\/partenercollective.com\/\"},{\"@type\":\"ListItem\",\"position\":2,\"name\":\"Profesionales\",\"item\":\"https:\/\/partenercollective.com\/profesionales\/\"},{\"@type\":\"ListItem\",\"position\":3,\"name\":\"Paola Lusardi\"}]},{\"@type\":\"WebSite\",\"@id\":\"https:\/\/partenercollective.com\/#website\",\"url\":\"https:\/\/partenercollective.com\/\",\"name\":\"Partener Collective\",\"description\":\"Conecta con una Comunidad Internacional de Actores y Coach para llevar tus escenas, personajes y self-tapes al siguiente nivel.\",\"publisher\":{\"@id\":\"https:\/\/partenercollective.com\/#organization\"},\"alternateName\":\"Partener Collective\",\"potentialAction\":[{\"@type\":\"SearchAction\",\"target\":{\"@type\":\"EntryPoint\",\"urlTemplate\":\"https:\/\/partenercollective.com\/?s={search_term_string}\"},\"query-input\":{\"@type\":\"PropertyValueSpecification\",\"valueRequired\":true,\"valueName\":\"search_term_string\"}}],\"inLanguage\":\"en-US\"},{\"@type\":\"Organization\",\"@id\":\"https:\/\/partenercollective.com\/#organization\",\"name\":\"Partener Collective\",\"alternateName\":\"Partener Collective\",\"url\":\"https:\/\/partenercollective.com\/\",\"logo\":{\"@type\":\"ImageObject\",\"inLanguage\":\"en-US\",\"@id\":\"https:\/\/partenercollective.com\/#\/schema\/logo\/image\/\",\"url\":\"https:\/\/partenercollective.com\/wp-content\/uploads\/2024\/04\/partener-collective-logo.png\",\"contentUrl\":\"https:\/\/partenercollective.com\/wp-content\/uploads\/2024\/04\/partener-collective-logo.png\",\"width\":2156,\"height\":604,\"caption\":\"Partener Collective\"},\"image\":{\"@id\":\"https:\/\/partenercollective.com\/#\/schema\/logo\/image\/\"},\"sameAs\":[\"https:\/\/www.instagram.com\/partenercollective\/\"]}]}<\/script>\n<!-- \/ Yoast SEO plugin. -->","yoast_head_json":{"title":"Paola Lusardi - Partener Collective","robots":{"index":"index","follow":"follow","max-snippet":"max-snippet:-1","max-image-preview":"max-image-preview:large","max-video-preview":"max-video-preview:-1"},"canonical":"https:\/\/partenercollective.com\/en\/professionals\/coach\/paola-lusardi\/","og_locale":"en_US","og_type":"article","og_title":"Paola Lusardi - Partener Collective","og_description":"Directora de casting en importantes proyectos de televisi\u00f3n internacional:  Mujeres Asesinas (Fox de Italia).\u2028  Epitafios (HBO).  \u2028El jard\u00edn de bronce (HBO).   Amas de casa desesperadas (Univision &amp; Disney).  Tres son Multitud (Globomedia \/ Telecinco Espa\u00f1a).   Como productora y directora art\u00edstica lleva a cabo obras como \u201cRainman\u201d Dirigida por Alejandra Ciurlanti. \u201cEstilo de vida\u201d Dirigida por L\u00eda Jelin, en donde tambi\u00e9n trabaj\u00f3 como actriz. \u201cOjo por ojo\u201d Dirigida por Augusto Fernandes o \u201cReinas Magas\u201d Dirigida por Valeria Ambrosio.   En 2013, gana el premio Tato por mejor casting de serie de TV.\u2028 En 2019 fue parte de la delegaci\u00f3n de artistas seleccionada por el Instituto Franc\u00e9s en Argentina y el Festival de Avi\u00f1\u00f3n en el marco del Programa Especial Artes Esc\u00e9nicas para Sudam\u00e9rica Hispanoparlante.   Su \u00f3pera prima \u201cOjal\u00e1 Las Paredes Gritaran\u201d fue seleccionada para FIBA 2019 (Festival Internacional de Buenos Aires), present\u00e1ndose luego en el Metropolitan Sura y realizando una exitosa temporada en Calle Corrientes en un formato innovador para el teatro Comercial: espectadores y actores todos en el escenario. Su versi\u00f3n para teatro le vali\u00f3 nuevamente ser seleccionada para el FIBA 2020 en donde adem\u00e1s presenta \u201cSNSM\u201d, un trabajo documental en proceso y obra de teatro, present\u00e1ndose en FIBA 2021. Con \u201cSNSM\u201d recibi\u00f3 el primer premio \u201cEst\u00edmulo a la creaci\u00f3n y producci\u00f3n de Artes Esc\u00e9nicas\u201d del Complejo Teatral de Buenos Aires, el teatro p\u00fablico m\u00e1s importante de la Ciudad Aut\u00f3noma de Buenos Aires.  Se form\u00f3 en producci\u00f3n de cine y televisi\u00f3n en el C.I.C. (Centro de Investigaci\u00f3n Cinematogr\u00e1fica). Dramaturgia con Mauricio Kart\u00fan y en el Centro cultural Rojas con Gustavo Malajovich y direcci\u00f3n y puesta en escena en la UNA (Universidad de artes dram\u00e1ticas de Buenos Aires).","og_url":"https:\/\/partenercollective.com\/en\/professionals\/coach\/paola-lusardi\/","og_site_name":"Partener Collective","article_modified_time":"2025-06-27T14:09:24+00:00","og_image":[{"width":574,"height":608,"url":"https:\/\/partenercollective.com\/wp-content\/uploads\/2024\/10\/2-2-scaled-e1728640088496.jpg","type":"image\/jpeg"}],"twitter_card":"summary_large_image","twitter_misc":{"Est. reading time":"1 minute"},"schema":{"@context":"https:\/\/schema.org","@graph":[{"@type":"WebPage","@id":"https:\/\/partenercollective.com\/profesionales\/coach\/paola-lusardi\/","url":"https:\/\/partenercollective.com\/profesionales\/coach\/paola-lusardi\/","name":"Paola Lusardi - Partener Collective","isPartOf":{"@id":"https:\/\/partenercollective.com\/#website"},"primaryImageOfPage":{"@id":"https:\/\/partenercollective.com\/profesionales\/coach\/paola-lusardi\/#primaryimage"},"image":{"@id":"https:\/\/partenercollective.com\/profesionales\/coach\/paola-lusardi\/#primaryimage"},"thumbnailUrl":"https:\/\/partenercollective.com\/wp-content\/uploads\/2024\/10\/2-2-scaled-e1728640088496.jpg","datePublished":"2024-04-02T09:44:46+00:00","dateModified":"2025-06-27T14:09:24+00:00","breadcrumb":{"@id":"https:\/\/partenercollective.com\/profesionales\/coach\/paola-lusardi\/#breadcrumb"},"inLanguage":"en-US","potentialAction":[{"@type":"ReadAction","target":["https:\/\/partenercollective.com\/profesionales\/coach\/paola-lusardi\/"]}]},{"@type":"ImageObject","inLanguage":"en-US","@id":"https:\/\/partenercollective.com\/profesionales\/coach\/paola-lusardi\/#primaryimage","url":"https:\/\/partenercollective.com\/wp-content\/uploads\/2024\/10\/2-2-scaled-e1728640088496.jpg","contentUrl":"https:\/\/partenercollective.com\/wp-content\/uploads\/2024\/10\/2-2-scaled-e1728640088496.jpg","width":574,"height":608},{"@type":"BreadcrumbList","@id":"https:\/\/partenercollective.com\/profesionales\/coach\/paola-lusardi\/#breadcrumb","itemListElement":[{"@type":"ListItem","position":1,"name":"Portada","item":"https:\/\/partenercollective.com\/"},{"@type":"ListItem","position":2,"name":"Profesionales","item":"https:\/\/partenercollective.com\/profesionales\/"},{"@type":"ListItem","position":3,"name":"Paola Lusardi"}]},{"@type":"WebSite","@id":"https:\/\/partenercollective.com\/#website","url":"https:\/\/partenercollective.com\/","name":"Partener Collective","description":"Connect with an International Community of Actors and Coaches to take your scenes, characters and self-tapes to the next level.","publisher":{"@id":"https:\/\/partenercollective.com\/#organization"},"alternateName":"Partener Collective","potentialAction":[{"@type":"SearchAction","target":{"@type":"EntryPoint","urlTemplate":"https:\/\/partenercollective.com\/?s={search_term_string}"},"query-input":{"@type":"PropertyValueSpecification","valueRequired":true,"valueName":"search_term_string"}}],"inLanguage":"en-US"},{"@type":"Organization","@id":"https:\/\/partenercollective.com\/#organization","name":"Partener Collective","alternateName":"Partener Collective","url":"https:\/\/partenercollective.com\/","logo":{"@type":"ImageObject","inLanguage":"en-US","@id":"https:\/\/partenercollective.com\/#\/schema\/logo\/image\/","url":"https:\/\/partenercollective.com\/wp-content\/uploads\/2024\/04\/partener-collective-logo.png","contentUrl":"https:\/\/partenercollective.com\/wp-content\/uploads\/2024\/04\/partener-collective-logo.png","width":2156,"height":604,"caption":"Partener Collective"},"image":{"@id":"https:\/\/partenercollective.com\/#\/schema\/logo\/image\/"},"sameAs":["https:\/\/www.instagram.com\/partenercollective\/"]}]}},"_links":{"self":[{"href":"https:\/\/partenercollective.com\/en\/wp-json\/wp\/v2\/product\/1787","targetHints":{"allow":["GET"]}}],"collection":[{"href":"https:\/\/partenercollective.com\/en\/wp-json\/wp\/v2\/product"}],"about":[{"href":"https:\/\/partenercollective.com\/en\/wp-json\/wp\/v2\/types\/product"}],"replies":[{"embeddable":true,"href":"https:\/\/partenercollective.com\/en\/wp-json\/wp\/v2\/comments?post=1787"}],"wp:featuredmedia":[{"embeddable":true,"href":"https:\/\/partenercollective.com\/en\/wp-json\/wp\/v2\/media\/1788"}],"wp:attachment":[{"href":"https:\/\/partenercollective.com\/en\/wp-json\/wp\/v2\/media?parent=1787"}],"wp:term":[{"taxonomy":"product_brand","embeddable":true,"href":"https:\/\/partenercollective.com\/en\/wp-json\/wp\/v2\/product_brand?post=1787"},{"taxonomy":"product_cat","embeddable":true,"href":"https:\/\/partenercollective.com\/en\/wp-json\/wp\/v2\/product_cat?post=1787"},{"taxonomy":"product_tag","embeddable":true,"href":"https:\/\/partenercollective.com\/en\/wp-json\/wp\/v2\/product_tag?post=1787"},{"taxonomy":"idioma","embeddable":true,"href":"https:\/\/partenercollective.com\/en\/wp-json\/wp\/v2\/idioma?post=1787"}],"curies":[{"name":"wp","href":"https:\/\/api.w.org\/{rel}","templated":true}]}}