{"id":1790,"date":"2024-05-15T12:58:06","date_gmt":"2024-05-15T10:58:06","guid":{"rendered":"https:\/\/partenercollective.com\/?post_type=product&#038;p=1790"},"modified":"2025-06-30T13:58:22","modified_gmt":"2025-06-30T11:58:22","slug":"xoel-fernandez-partener","status":"publish","type":"product","link":"https:\/\/partenercollective.com\/en\/profesionales\/partener\/xoel-fernandez-partener\/","title":{"rendered":"Xoel Fern\u00e1ndez"},"content":{"rendered":"","protected":false},"excerpt":{"rendered":"<div class=\"page\" title=\"Page 1\">\n<div class=\"layoutArea\">\n<div class=\"column\">\n<p>Xoel is an actor you can see on the big screen: Paco Plaza's QUIEN A HIERRO MATA, Alfredo Montero's LA CUEVA, Iciar Bolla\u00edn's MATAHARIS or Jaime Ch\u00e1varri's CAMAR\u00d3N, and also on TV in series like OPERACI\u00d3N MAREA NEGRA for AMAZON PRIME,<br \/>\nSERVIR Y PROTEGER, VIVIR SIN PERMISO or FARI\u00d1A among the dozens that he has accumulated in his career (HERMANAS, JUANA DE VEGA, O FARO, CIEGA A CITAS, CU\u00c1NTAME C\u00d3MO PAS\u00d3....<\/p>\n<\/div>\n<\/div>\n<\/div>\n<div class=\"page\" title=\"Page 2\">\n<div class=\"layoutArea\">\n<div class=\"column\">\n<p>He has also directed the short films 131o and BOBO FURCIA with \u00c1lex Sampayo.<\/p>\n<\/div>\n<\/div>\n<\/div>\n<div class=\"page\" title=\"Page 3\">\n<div class=\"layoutArea\">\n<div class=\"column\">\n<p>Among his theatrical productions, both his own and cast productions are CIELOS , Sergio Peris-Mencheta, Wadji Mouawad. SOF\u00c1 Y DOS CUERPOS , Mariano Rochman. CASTELVINES Y MONTESES , Sergio Peris-Mencheta, working in the Compa\u00f1\u00eda Nacional de Teatro Cl\u00e1sico. CAL\u00cdGULA MUST DIE, Mabel del Pozo or FAM\u00c9LICA, Juan Mayorga.<\/p>\n<p>He has been a theater teacher at the Juan Codina Studio, regularly training actors and has worked with Fernando Piernas, Ivanna Chubbuck, Andr\u00e9s Lima, Alfredo Sanzol and Will Keen.<\/p>\n<p>&nbsp;<\/p>\n<\/div>\n<\/div>\n<\/div>","protected":false},"featured_media":1778,"comment_status":"closed","ping_status":"closed","template":"","meta":[],"product_brand":[],"product_cat":[38],"product_tag":[],"idioma":[43,40],"class_list":{"0":"post-1790","1":"product","2":"type-product","3":"status-publish","4":"has-post-thumbnail","6":"product_cat-partener","7":"idioma-espanol-castellano","8":"idioma-gallego","10":"first","11":"instock","12":"virtual","13":"sold-individually","14":"taxable","15":"purchasable","16":"product-type-booking"},"yoast_head":"<!-- This site is optimized with the Yoast SEO plugin v27.5 - https:\/\/yoast.com\/product\/yoast-seo-wordpress\/ -->\n<title>Xoel Fern\u00e1ndez - Partener Collective<\/title>\n<meta name=\"robots\" content=\"index, follow, max-snippet:-1, max-image-preview:large, max-video-preview:-1\" \/>\n<link rel=\"canonical\" href=\"https:\/\/partenercollective.com\/en\/professionals\/partner\/xoel-fernandez-partener\/\" \/>\n<meta property=\"og:locale\" content=\"en_US\" \/>\n<meta property=\"og:type\" content=\"article\" \/>\n<meta property=\"og:title\" content=\"Xoel Fern\u00e1ndez - Partener Collective\" \/>\n<meta property=\"og:description\" content=\"Xoel es un actor al que puedes ver en la gran pantalla: QUIEN A HIERRO MATA de Paco Plaza, LA CUEVA de Alfredo Montero, MATAHARIS de Iciar Bollai\u0301n o CAMARO\u0301N de Jaime Cha\u0301varri, y tambi\u00e9n en televisi\u00f3n en series como OPERACIO\u0301N MAREA NEGRA para AMAZON PRIME, SERVIR Y PROTEGER, VIVIR SIN PERMISO o FARIN\u0303A entre las decenas que acumula en su trayectoria (HERMANAS, JUANA DE VEGA, O FARO, CIEGA A CITAS, CUA\u0301NTAME CO\u0301MO PASO\u0301...         Tambi\u00e9n ha dirigido los cortometrajes 131o y BOBO FURCIA junto a A\u0301lex Sampayo.         Entre sus producciones teatrales, tanto propias como de elenco se cuentan CIELOS , Sergio Peris-Mencheta, Wadji Mouawad. SOFA\u0301 Y DOS CUERPOS, Mariano Rochman.\u00a0CASTELVINES Y MONTESES , Sergio Peris-Mencheta, trabajando en la Compan\u0303i\u0301a Nacional de Teatro Cla\u0301sico. CALI\u0301GULA DEBE MORIR, Mabel del Pozo o FAME\u0301LICA, Juan Mayorga.  Ha sido profesor de teatro en el estudio Juan Codina entrenando regularmente a actores y trabajado para su formaci\u00f3n con Fernando Piernas, Ivanna Chubbuck, Andre\u0301s Lima, Alfredo Sanzol o Will Keen.  &nbsp;\" \/>\n<meta property=\"og:url\" content=\"https:\/\/partenercollective.com\/en\/professionals\/partner\/xoel-fernandez-partener\/\" \/>\n<meta property=\"og:site_name\" content=\"Partener Collective\" \/>\n<meta property=\"article:modified_time\" content=\"2025-06-30T11:58:22+00:00\" \/>\n<meta property=\"og:image\" content=\"https:\/\/partenercollective.com\/wp-content\/uploads\/2024\/10\/2-scaled-e1728554645490.jpg\" \/>\n\t<meta property=\"og:image:width\" content=\"1527\" \/>\n\t<meta property=\"og:image:height\" content=\"1706\" \/>\n\t<meta property=\"og:image:type\" content=\"image\/jpeg\" \/>\n<meta name=\"twitter:card\" content=\"summary_large_image\" \/>\n<meta name=\"twitter:label1\" content=\"Est. reading time\" \/>\n\t<meta name=\"twitter:data1\" content=\"1 minute\" \/>\n<script type=\"application\/ld+json\" class=\"yoast-schema-graph\">{\"@context\":\"https:\\\/\\\/schema.org\",\"@graph\":[{\"@type\":\"WebPage\",\"@id\":\"https:\\\/\\\/partenercollective.com\\\/profesionales\\\/partener\\\/xoel-fernandez-partener\\\/\",\"url\":\"https:\\\/\\\/partenercollective.com\\\/profesionales\\\/partener\\\/xoel-fernandez-partener\\\/\",\"name\":\"Xoel Fern\u00e1ndez - Partener Collective\",\"isPartOf\":{\"@id\":\"https:\\\/\\\/partenercollective.com\\\/#website\"},\"primaryImageOfPage\":{\"@id\":\"https:\\\/\\\/partenercollective.com\\\/profesionales\\\/partener\\\/xoel-fernandez-partener\\\/#primaryimage\"},\"image\":{\"@id\":\"https:\\\/\\\/partenercollective.com\\\/profesionales\\\/partener\\\/xoel-fernandez-partener\\\/#primaryimage\"},\"thumbnailUrl\":\"https:\\\/\\\/partenercollective.com\\\/wp-content\\\/uploads\\\/2024\\\/10\\\/2-scaled-e1728554645490.jpg\",\"datePublished\":\"2024-05-15T10:58:06+00:00\",\"dateModified\":\"2025-06-30T11:58:22+00:00\",\"breadcrumb\":{\"@id\":\"https:\\\/\\\/partenercollective.com\\\/profesionales\\\/partener\\\/xoel-fernandez-partener\\\/#breadcrumb\"},\"inLanguage\":\"en-US\",\"potentialAction\":[{\"@type\":\"ReadAction\",\"target\":[\"https:\\\/\\\/partenercollective.com\\\/profesionales\\\/partener\\\/xoel-fernandez-partener\\\/\"]}]},{\"@type\":\"ImageObject\",\"inLanguage\":\"en-US\",\"@id\":\"https:\\\/\\\/partenercollective.com\\\/profesionales\\\/partener\\\/xoel-fernandez-partener\\\/#primaryimage\",\"url\":\"https:\\\/\\\/partenercollective.com\\\/wp-content\\\/uploads\\\/2024\\\/10\\\/2-scaled-e1728554645490.jpg\",\"contentUrl\":\"https:\\\/\\\/partenercollective.com\\\/wp-content\\\/uploads\\\/2024\\\/10\\\/2-scaled-e1728554645490.jpg\",\"width\":1527,\"height\":1706},{\"@type\":\"BreadcrumbList\",\"@id\":\"https:\\\/\\\/partenercollective.com\\\/profesionales\\\/partener\\\/xoel-fernandez-partener\\\/#breadcrumb\",\"itemListElement\":[{\"@type\":\"ListItem\",\"position\":1,\"name\":\"Portada\",\"item\":\"https:\\\/\\\/partenercollective.com\\\/\"},{\"@type\":\"ListItem\",\"position\":2,\"name\":\"Profesionales\",\"item\":\"https:\\\/\\\/partenercollective.com\\\/profesionales\\\/\"},{\"@type\":\"ListItem\",\"position\":3,\"name\":\"Xoel Fern\u00e1ndez\"}]},{\"@type\":\"WebSite\",\"@id\":\"https:\\\/\\\/partenercollective.com\\\/#website\",\"url\":\"https:\\\/\\\/partenercollective.com\\\/\",\"name\":\"Partener Collective\",\"description\":\"Conecta con una Comunidad Internacional de Actores y Coach para llevar tus escenas, personajes y self-tapes al siguiente nivel.\",\"publisher\":{\"@id\":\"https:\\\/\\\/partenercollective.com\\\/#organization\"},\"alternateName\":\"Partener Collective\",\"potentialAction\":[{\"@type\":\"SearchAction\",\"target\":{\"@type\":\"EntryPoint\",\"urlTemplate\":\"https:\\\/\\\/partenercollective.com\\\/?s={search_term_string}\"},\"query-input\":{\"@type\":\"PropertyValueSpecification\",\"valueRequired\":true,\"valueName\":\"search_term_string\"}}],\"inLanguage\":\"en-US\"},{\"@type\":\"Organization\",\"@id\":\"https:\\\/\\\/partenercollective.com\\\/#organization\",\"name\":\"Partener Collective\",\"alternateName\":\"Partener Collective\",\"url\":\"https:\\\/\\\/partenercollective.com\\\/\",\"logo\":{\"@type\":\"ImageObject\",\"inLanguage\":\"en-US\",\"@id\":\"https:\\\/\\\/partenercollective.com\\\/#\\\/schema\\\/logo\\\/image\\\/\",\"url\":\"https:\\\/\\\/partenercollective.com\\\/wp-content\\\/uploads\\\/2024\\\/04\\\/partener-collective-logo.png\",\"contentUrl\":\"https:\\\/\\\/partenercollective.com\\\/wp-content\\\/uploads\\\/2024\\\/04\\\/partener-collective-logo.png\",\"width\":2156,\"height\":604,\"caption\":\"Partener Collective\"},\"image\":{\"@id\":\"https:\\\/\\\/partenercollective.com\\\/#\\\/schema\\\/logo\\\/image\\\/\"},\"sameAs\":[\"https:\\\/\\\/www.instagram.com\\\/partenercollective\\\/\"]}]}<\/script>\n<!-- \/ Yoast SEO plugin. -->","yoast_head_json":{"title":"Xoel Fern\u00e1ndez - Partener Collective","robots":{"index":"index","follow":"follow","max-snippet":"max-snippet:-1","max-image-preview":"max-image-preview:large","max-video-preview":"max-video-preview:-1"},"canonical":"https:\/\/partenercollective.com\/en\/professionals\/partner\/xoel-fernandez-partener\/","og_locale":"en_US","og_type":"article","og_title":"Xoel Fern\u00e1ndez - Partener Collective","og_description":"Xoel es un actor al que puedes ver en la gran pantalla: QUIEN A HIERRO MATA de Paco Plaza, LA CUEVA de Alfredo Montero, MATAHARIS de Iciar Bollai\u0301n o CAMARO\u0301N de Jaime Cha\u0301varri, y tambi\u00e9n en televisi\u00f3n en series como OPERACIO\u0301N MAREA NEGRA para AMAZON PRIME, SERVIR Y PROTEGER, VIVIR SIN PERMISO o FARIN\u0303A entre las decenas que acumula en su trayectoria (HERMANAS, JUANA DE VEGA, O FARO, CIEGA A CITAS, CUA\u0301NTAME CO\u0301MO PASO\u0301...         Tambi\u00e9n ha dirigido los cortometrajes 131o y BOBO FURCIA junto a A\u0301lex Sampayo.         Entre sus producciones teatrales, tanto propias como de elenco se cuentan CIELOS , Sergio Peris-Mencheta, Wadji Mouawad. SOFA\u0301 Y DOS CUERPOS, Mariano Rochman.\u00a0CASTELVINES Y MONTESES , Sergio Peris-Mencheta, trabajando en la Compan\u0303i\u0301a Nacional de Teatro Cla\u0301sico. CALI\u0301GULA DEBE MORIR, Mabel del Pozo o FAME\u0301LICA, Juan Mayorga.  Ha sido profesor de teatro en el estudio Juan Codina entrenando regularmente a actores y trabajado para su formaci\u00f3n con Fernando Piernas, Ivanna Chubbuck, Andre\u0301s Lima, Alfredo Sanzol o Will Keen.  &nbsp;","og_url":"https:\/\/partenercollective.com\/en\/professionals\/partner\/xoel-fernandez-partener\/","og_site_name":"Partener Collective","article_modified_time":"2025-06-30T11:58:22+00:00","og_image":[{"width":1527,"height":1706,"url":"https:\/\/partenercollective.com\/wp-content\/uploads\/2024\/10\/2-scaled-e1728554645490.jpg","type":"image\/jpeg"}],"twitter_card":"summary_large_image","twitter_misc":{"Est. reading time":"1 minute"},"schema":{"@context":"https:\/\/schema.org","@graph":[{"@type":"WebPage","@id":"https:\/\/partenercollective.com\/profesionales\/partener\/xoel-fernandez-partener\/","url":"https:\/\/partenercollective.com\/profesionales\/partener\/xoel-fernandez-partener\/","name":"Xoel Fern\u00e1ndez - Partener Collective","isPartOf":{"@id":"https:\/\/partenercollective.com\/#website"},"primaryImageOfPage":{"@id":"https:\/\/partenercollective.com\/profesionales\/partener\/xoel-fernandez-partener\/#primaryimage"},"image":{"@id":"https:\/\/partenercollective.com\/profesionales\/partener\/xoel-fernandez-partener\/#primaryimage"},"thumbnailUrl":"https:\/\/partenercollective.com\/wp-content\/uploads\/2024\/10\/2-scaled-e1728554645490.jpg","datePublished":"2024-05-15T10:58:06+00:00","dateModified":"2025-06-30T11:58:22+00:00","breadcrumb":{"@id":"https:\/\/partenercollective.com\/profesionales\/partener\/xoel-fernandez-partener\/#breadcrumb"},"inLanguage":"en-US","potentialAction":[{"@type":"ReadAction","target":["https:\/\/partenercollective.com\/profesionales\/partener\/xoel-fernandez-partener\/"]}]},{"@type":"ImageObject","inLanguage":"en-US","@id":"https:\/\/partenercollective.com\/profesionales\/partener\/xoel-fernandez-partener\/#primaryimage","url":"https:\/\/partenercollective.com\/wp-content\/uploads\/2024\/10\/2-scaled-e1728554645490.jpg","contentUrl":"https:\/\/partenercollective.com\/wp-content\/uploads\/2024\/10\/2-scaled-e1728554645490.jpg","width":1527,"height":1706},{"@type":"BreadcrumbList","@id":"https:\/\/partenercollective.com\/profesionales\/partener\/xoel-fernandez-partener\/#breadcrumb","itemListElement":[{"@type":"ListItem","position":1,"name":"Portada","item":"https:\/\/partenercollective.com\/"},{"@type":"ListItem","position":2,"name":"Profesionales","item":"https:\/\/partenercollective.com\/profesionales\/"},{"@type":"ListItem","position":3,"name":"Xoel Fern\u00e1ndez"}]},{"@type":"WebSite","@id":"https:\/\/partenercollective.com\/#website","url":"https:\/\/partenercollective.com\/","name":"Partener Collective","description":"Connect with an International Community of Actors and Coaches to take your scenes, characters and self-tapes to the next level.","publisher":{"@id":"https:\/\/partenercollective.com\/#organization"},"alternateName":"Partener Collective","potentialAction":[{"@type":"SearchAction","target":{"@type":"EntryPoint","urlTemplate":"https:\/\/partenercollective.com\/?s={search_term_string}"},"query-input":{"@type":"PropertyValueSpecification","valueRequired":true,"valueName":"search_term_string"}}],"inLanguage":"en-US"},{"@type":"Organization","@id":"https:\/\/partenercollective.com\/#organization","name":"Partener Collective","alternateName":"Partener Collective","url":"https:\/\/partenercollective.com\/","logo":{"@type":"ImageObject","inLanguage":"en-US","@id":"https:\/\/partenercollective.com\/#\/schema\/logo\/image\/","url":"https:\/\/partenercollective.com\/wp-content\/uploads\/2024\/04\/partener-collective-logo.png","contentUrl":"https:\/\/partenercollective.com\/wp-content\/uploads\/2024\/04\/partener-collective-logo.png","width":2156,"height":604,"caption":"Partener Collective"},"image":{"@id":"https:\/\/partenercollective.com\/#\/schema\/logo\/image\/"},"sameAs":["https:\/\/www.instagram.com\/partenercollective\/"]}]}},"_links":{"self":[{"href":"https:\/\/partenercollective.com\/en\/wp-json\/wp\/v2\/product\/1790","targetHints":{"allow":["GET"]}}],"collection":[{"href":"https:\/\/partenercollective.com\/en\/wp-json\/wp\/v2\/product"}],"about":[{"href":"https:\/\/partenercollective.com\/en\/wp-json\/wp\/v2\/types\/product"}],"replies":[{"embeddable":true,"href":"https:\/\/partenercollective.com\/en\/wp-json\/wp\/v2\/comments?post=1790"}],"wp:featuredmedia":[{"embeddable":true,"href":"https:\/\/partenercollective.com\/en\/wp-json\/wp\/v2\/media\/1778"}],"wp:attachment":[{"href":"https:\/\/partenercollective.com\/en\/wp-json\/wp\/v2\/media?parent=1790"}],"wp:term":[{"taxonomy":"product_brand","embeddable":true,"href":"https:\/\/partenercollective.com\/en\/wp-json\/wp\/v2\/product_brand?post=1790"},{"taxonomy":"product_cat","embeddable":true,"href":"https:\/\/partenercollective.com\/en\/wp-json\/wp\/v2\/product_cat?post=1790"},{"taxonomy":"product_tag","embeddable":true,"href":"https:\/\/partenercollective.com\/en\/wp-json\/wp\/v2\/product_tag?post=1790"},{"taxonomy":"idioma","embeddable":true,"href":"https:\/\/partenercollective.com\/en\/wp-json\/wp\/v2\/idioma?post=1790"}],"curies":[{"name":"wp","href":"https:\/\/api.w.org\/{rel}","templated":true}]}}