{"id":1840,"date":"2024-05-20T22:30:05","date_gmt":"2024-05-20T20:30:05","guid":{"rendered":"https:\/\/partenercollective.com\/?post_type=product&#038;p=1840"},"modified":"2024-10-28T13:05:58","modified_gmt":"2024-10-28T12:05:58","slug":"anton-coucheiro-2","status":"publish","type":"product","link":"https:\/\/partenercollective.com\/en\/profesionales\/partener\/anton-coucheiro-2\/","title":{"rendered":"Ant\u00f3n Coucheiro"},"content":{"rendered":"","protected":false},"excerpt":{"rendered":"<div class=\"page\" title=\"Page 1\">\n<div class=\"section\">\n<div class=\"section\">\n<div class=\"layoutArea\">\n<div class=\"column\">\n<p>Ant\u00f3n Coucheiro is an actor, director, scriptwriter and producer, but, above all, an improviser and clown.<\/p>\n<\/div>\n<\/div>\n<\/div>\n<div class=\"section\">\n<div class=\"layoutArea\">\n<div class=\"column\">\n<p>He trained in acting at Espacio Aberto, Santiago de Compostela, in non-verbal theater at HAMU in Prague, and in circus at Fundi\u00e7\u00e2o Progresso in Rio de Janeiro. He also holds a Master's Degree in Scriptwriting from URJC in Madrid, a Diploma in Theatrical Improvisation from Universidad del Bosque in Bogot\u00e1, and a Master's Degree in Theater Direction from ESMAE in Oporto. In addition, he trained in clown and impro with the best international teachers.<\/p>\n<p>He has worked in theater with companies such as A Factor\u00eda, Ch\u00e9vere, Matarile, the CDG, the CDN or Pista Catro, of which he was founder. In audiovisual, he has worked in series (Matalobos, Serramoura, Padre Casares, Aqui No Hay Quien Viva, Fari\u00f1a, Vivir Sin Permiso, Rapa, etc) and television programs (Luar, Mundo Verbena, Os Aspirantes, etc). He has also made his own short films (Katiuska, Carreiras Secretas).<\/p>\n<p>He has produced and directed his own solo shows (Cig\u00e2n\u00ed, Psic\u00f3pata, M\u00faltiple, Smart, Son\u00e1mbulo, OldPlay, Home), and also for other companies (Outono, Mezzo, etc). In his productions, a theme on which he researches and on which he has written several articles and a thesis, is the participation of the audience.<\/p>\n<p>He has been director of street theater festivals (DGorra) and impro (Imperdible, ImproMax\u00edn), founder of the micro theater house A Regadeira de<\/p>\n<\/div>\n<\/div>\n<\/div>\n<div class=\"section\">\n<div class=\"layoutArea\">\n<div class=\"column\">\n<p>Adela, and from the Circo Nove and Espont\u00e1nea schools. He has given clown and impro classes in countries such as Portugal, Brazil, Czech Republic, Costa Rica, Cuba, Peru, Colombia, India, Mozambique, etc.<\/p>\n<\/div>\n<\/div>\n<\/div>\n<\/div>\n<\/div>","protected":false},"featured_media":430,"comment_status":"closed","ping_status":"closed","template":"","meta":[],"product_brand":[],"product_cat":[38],"product_tag":[],"idioma":[43,40],"class_list":{"0":"post-1840","1":"product","2":"type-product","3":"status-publish","4":"has-post-thumbnail","6":"product_cat-partener","7":"yith_shop_vendor-anton","8":"idioma-espanol-castellano","9":"idioma-gallego","11":"first","12":"instock","13":"virtual","14":"sold-individually","15":"taxable","16":"purchasable","17":"product-type-booking"},"yoast_head":"<!-- This site is optimized with the Yoast SEO plugin v27.5 - https:\/\/yoast.com\/product\/yoast-seo-wordpress\/ -->\n<title>Ant\u00f3n Coucheiro - Partener Collective<\/title>\n<meta name=\"robots\" content=\"index, follow, max-snippet:-1, max-image-preview:large, max-video-preview:-1\" \/>\n<link rel=\"canonical\" href=\"https:\/\/partenercollective.com\/en\/professionals\/partner\/anton-coucheiro-2\/\" \/>\n<meta property=\"og:locale\" content=\"en_US\" \/>\n<meta property=\"og:type\" content=\"article\" \/>\n<meta property=\"og:title\" content=\"Ant\u00f3n Coucheiro - Partener Collective\" \/>\n<meta property=\"og:description\" content=\"Anto\u0301n Coucheiro es actor, director, guionista y productor, pero, sobre todo, improvisador y payaso.         Se formo\u0301 en interpretacio\u0301n en Espacio Aberto, Santiago de Compostela, en teatro no verbal en el HAMU de Praga, y en circo en la Fundic\u0327a\u0302o Progresso de Ri\u0301o de Janeiro. Tambie\u0301n cuenta con un Ma\u0301ster en Guio\u0301n por la URJC de Madrid, Diplomado en Improvisacio\u0301n Teatral por la Universidad del Bosque de Bogota\u0301, y Mestrado en Direccio\u0301n Teatral por la ESMAE de Oporto. Adema\u0301s, se formo\u0301 en clown y en impro con los mejores maestros a nivel internacional.  Ha trabajado en teatro con compan\u0303i\u0301as como A Factori\u0301a, Che\u0301vere, Matarile, el CDG, el CDN o Pista Catro, de la que fue fundador. En audiovisual, ha trabajado en series (Matalobos, Serramoura, Padre Casares, Aqui No Hay Quien Viva, Farin\u0303a, Vivir Sin Permiso, Rapa, etc) y en programas de televisio\u0301n (Luar, Mundo Verbena, Os Aspirantes, etc) . Tambie\u0301n ha realizado sus propios cortos (Katiuska, Carreiras Secretas).  En solitario ha producido y dirigido sus propios especta\u0301culos, (Ciga\u0302ni\u0301, Psico\u0301pata, Mu\u0301ltiple, Smart, Sona\u0301mbulo, OldPlay, Home), y tambie\u0301n para otras ci\u0301as (Outono, Mezzo, etc). En sus producciones, un tema sobre el que investiga y sobre el que ha escrito varios arti\u0301culos y una tesis, es la participacio\u0301n del pu\u0301blico.  Ha sido director de festivales de teatro de calle (DGorra)y de impro (Imperdible, ImproMaxi\u0301n), fundador de la casa de microteatro A Regadeira de         Adela, y de las escuelas Circo Nove y Esponta\u0301nea. Ha dado clases de clown y de impro en pai\u0301ses como Portugal, Brasil, Repu\u0301blica Checa, Costa Rica, Cuba, Peru\u0301, Colombia, India, Mozambique, etc.\" \/>\n<meta property=\"og:url\" content=\"https:\/\/partenercollective.com\/en\/professionals\/partner\/anton-coucheiro-2\/\" \/>\n<meta property=\"og:site_name\" content=\"Partener Collective\" \/>\n<meta property=\"article:modified_time\" content=\"2024-10-28T12:05:58+00:00\" \/>\n<meta property=\"og:image\" content=\"https:\/\/partenercollective.com\/wp-content\/uploads\/2024\/04\/foto-cou.jpg\" \/>\n\t<meta property=\"og:image:width\" content=\"800\" \/>\n\t<meta property=\"og:image:height\" content=\"800\" \/>\n\t<meta property=\"og:image:type\" content=\"image\/jpeg\" \/>\n<meta name=\"twitter:card\" content=\"summary_large_image\" \/>\n<meta name=\"twitter:label1\" content=\"Est. reading time\" \/>\n\t<meta name=\"twitter:data1\" content=\"1 minute\" \/>\n<script type=\"application\/ld+json\" class=\"yoast-schema-graph\">{\"@context\":\"https:\\\/\\\/schema.org\",\"@graph\":[{\"@type\":\"WebPage\",\"@id\":\"https:\\\/\\\/partenercollective.com\\\/profesionales\\\/partener\\\/anton-coucheiro-2\\\/\",\"url\":\"https:\\\/\\\/partenercollective.com\\\/profesionales\\\/partener\\\/anton-coucheiro-2\\\/\",\"name\":\"Ant\u00f3n Coucheiro - Partener Collective\",\"isPartOf\":{\"@id\":\"https:\\\/\\\/partenercollective.com\\\/#website\"},\"primaryImageOfPage\":{\"@id\":\"https:\\\/\\\/partenercollective.com\\\/profesionales\\\/partener\\\/anton-coucheiro-2\\\/#primaryimage\"},\"image\":{\"@id\":\"https:\\\/\\\/partenercollective.com\\\/profesionales\\\/partener\\\/anton-coucheiro-2\\\/#primaryimage\"},\"thumbnailUrl\":\"https:\\\/\\\/partenercollective.com\\\/wp-content\\\/uploads\\\/2024\\\/04\\\/foto-cou.jpg\",\"datePublished\":\"2024-05-20T20:30:05+00:00\",\"dateModified\":\"2024-10-28T12:05:58+00:00\",\"breadcrumb\":{\"@id\":\"https:\\\/\\\/partenercollective.com\\\/profesionales\\\/partener\\\/anton-coucheiro-2\\\/#breadcrumb\"},\"inLanguage\":\"en-US\",\"potentialAction\":[{\"@type\":\"ReadAction\",\"target\":[\"https:\\\/\\\/partenercollective.com\\\/profesionales\\\/partener\\\/anton-coucheiro-2\\\/\"]}]},{\"@type\":\"ImageObject\",\"inLanguage\":\"en-US\",\"@id\":\"https:\\\/\\\/partenercollective.com\\\/profesionales\\\/partener\\\/anton-coucheiro-2\\\/#primaryimage\",\"url\":\"https:\\\/\\\/partenercollective.com\\\/wp-content\\\/uploads\\\/2024\\\/04\\\/foto-cou.jpg\",\"contentUrl\":\"https:\\\/\\\/partenercollective.com\\\/wp-content\\\/uploads\\\/2024\\\/04\\\/foto-cou.jpg\",\"width\":800,\"height\":800,\"caption\":\"Ant\u00f3n Coucheiro\"},{\"@type\":\"BreadcrumbList\",\"@id\":\"https:\\\/\\\/partenercollective.com\\\/profesionales\\\/partener\\\/anton-coucheiro-2\\\/#breadcrumb\",\"itemListElement\":[{\"@type\":\"ListItem\",\"position\":1,\"name\":\"Portada\",\"item\":\"https:\\\/\\\/partenercollective.com\\\/\"},{\"@type\":\"ListItem\",\"position\":2,\"name\":\"Profesionales\",\"item\":\"https:\\\/\\\/partenercollective.com\\\/profesionales\\\/\"},{\"@type\":\"ListItem\",\"position\":3,\"name\":\"Ant\u00f3n Coucheiro\"}]},{\"@type\":\"WebSite\",\"@id\":\"https:\\\/\\\/partenercollective.com\\\/#website\",\"url\":\"https:\\\/\\\/partenercollective.com\\\/\",\"name\":\"Partener Collective\",\"description\":\"Conecta con una Comunidad Internacional de Actores y Coach para llevar tus escenas, personajes y self-tapes al siguiente nivel.\",\"publisher\":{\"@id\":\"https:\\\/\\\/partenercollective.com\\\/#organization\"},\"alternateName\":\"Partener Collective\",\"potentialAction\":[{\"@type\":\"SearchAction\",\"target\":{\"@type\":\"EntryPoint\",\"urlTemplate\":\"https:\\\/\\\/partenercollective.com\\\/?s={search_term_string}\"},\"query-input\":{\"@type\":\"PropertyValueSpecification\",\"valueRequired\":true,\"valueName\":\"search_term_string\"}}],\"inLanguage\":\"en-US\"},{\"@type\":\"Organization\",\"@id\":\"https:\\\/\\\/partenercollective.com\\\/#organization\",\"name\":\"Partener Collective\",\"alternateName\":\"Partener Collective\",\"url\":\"https:\\\/\\\/partenercollective.com\\\/\",\"logo\":{\"@type\":\"ImageObject\",\"inLanguage\":\"en-US\",\"@id\":\"https:\\\/\\\/partenercollective.com\\\/#\\\/schema\\\/logo\\\/image\\\/\",\"url\":\"https:\\\/\\\/partenercollective.com\\\/wp-content\\\/uploads\\\/2024\\\/04\\\/partener-collective-logo.png\",\"contentUrl\":\"https:\\\/\\\/partenercollective.com\\\/wp-content\\\/uploads\\\/2024\\\/04\\\/partener-collective-logo.png\",\"width\":2156,\"height\":604,\"caption\":\"Partener Collective\"},\"image\":{\"@id\":\"https:\\\/\\\/partenercollective.com\\\/#\\\/schema\\\/logo\\\/image\\\/\"},\"sameAs\":[\"https:\\\/\\\/www.instagram.com\\\/partenercollective\\\/\"]}]}<\/script>\n<!-- \/ Yoast SEO plugin. -->","yoast_head_json":{"title":"Ant\u00f3n Coucheiro - Partener Collective","robots":{"index":"index","follow":"follow","max-snippet":"max-snippet:-1","max-image-preview":"max-image-preview:large","max-video-preview":"max-video-preview:-1"},"canonical":"https:\/\/partenercollective.com\/en\/professionals\/partner\/anton-coucheiro-2\/","og_locale":"en_US","og_type":"article","og_title":"Ant\u00f3n Coucheiro - Partener Collective","og_description":"Anto\u0301n Coucheiro es actor, director, guionista y productor, pero, sobre todo, improvisador y payaso.         Se formo\u0301 en interpretacio\u0301n en Espacio Aberto, Santiago de Compostela, en teatro no verbal en el HAMU de Praga, y en circo en la Fundic\u0327a\u0302o Progresso de Ri\u0301o de Janeiro. Tambie\u0301n cuenta con un Ma\u0301ster en Guio\u0301n por la URJC de Madrid, Diplomado en Improvisacio\u0301n Teatral por la Universidad del Bosque de Bogota\u0301, y Mestrado en Direccio\u0301n Teatral por la ESMAE de Oporto. Adema\u0301s, se formo\u0301 en clown y en impro con los mejores maestros a nivel internacional.  Ha trabajado en teatro con compan\u0303i\u0301as como A Factori\u0301a, Che\u0301vere, Matarile, el CDG, el CDN o Pista Catro, de la que fue fundador. En audiovisual, ha trabajado en series (Matalobos, Serramoura, Padre Casares, Aqui No Hay Quien Viva, Farin\u0303a, Vivir Sin Permiso, Rapa, etc) y en programas de televisio\u0301n (Luar, Mundo Verbena, Os Aspirantes, etc) . Tambie\u0301n ha realizado sus propios cortos (Katiuska, Carreiras Secretas).  En solitario ha producido y dirigido sus propios especta\u0301culos, (Ciga\u0302ni\u0301, Psico\u0301pata, Mu\u0301ltiple, Smart, Sona\u0301mbulo, OldPlay, Home), y tambie\u0301n para otras ci\u0301as (Outono, Mezzo, etc). En sus producciones, un tema sobre el que investiga y sobre el que ha escrito varios arti\u0301culos y una tesis, es la participacio\u0301n del pu\u0301blico.  Ha sido director de festivales de teatro de calle (DGorra)y de impro (Imperdible, ImproMaxi\u0301n), fundador de la casa de microteatro A Regadeira de         Adela, y de las escuelas Circo Nove y Esponta\u0301nea. Ha dado clases de clown y de impro en pai\u0301ses como Portugal, Brasil, Repu\u0301blica Checa, Costa Rica, Cuba, Peru\u0301, Colombia, India, Mozambique, etc.","og_url":"https:\/\/partenercollective.com\/en\/professionals\/partner\/anton-coucheiro-2\/","og_site_name":"Partener Collective","article_modified_time":"2024-10-28T12:05:58+00:00","og_image":[{"width":800,"height":800,"url":"https:\/\/partenercollective.com\/wp-content\/uploads\/2024\/04\/foto-cou.jpg","type":"image\/jpeg"}],"twitter_card":"summary_large_image","twitter_misc":{"Est. reading time":"1 minute"},"schema":{"@context":"https:\/\/schema.org","@graph":[{"@type":"WebPage","@id":"https:\/\/partenercollective.com\/profesionales\/partener\/anton-coucheiro-2\/","url":"https:\/\/partenercollective.com\/profesionales\/partener\/anton-coucheiro-2\/","name":"Ant\u00f3n Coucheiro - Partener Collective","isPartOf":{"@id":"https:\/\/partenercollective.com\/#website"},"primaryImageOfPage":{"@id":"https:\/\/partenercollective.com\/profesionales\/partener\/anton-coucheiro-2\/#primaryimage"},"image":{"@id":"https:\/\/partenercollective.com\/profesionales\/partener\/anton-coucheiro-2\/#primaryimage"},"thumbnailUrl":"https:\/\/partenercollective.com\/wp-content\/uploads\/2024\/04\/foto-cou.jpg","datePublished":"2024-05-20T20:30:05+00:00","dateModified":"2024-10-28T12:05:58+00:00","breadcrumb":{"@id":"https:\/\/partenercollective.com\/profesionales\/partener\/anton-coucheiro-2\/#breadcrumb"},"inLanguage":"en-US","potentialAction":[{"@type":"ReadAction","target":["https:\/\/partenercollective.com\/profesionales\/partener\/anton-coucheiro-2\/"]}]},{"@type":"ImageObject","inLanguage":"en-US","@id":"https:\/\/partenercollective.com\/profesionales\/partener\/anton-coucheiro-2\/#primaryimage","url":"https:\/\/partenercollective.com\/wp-content\/uploads\/2024\/04\/foto-cou.jpg","contentUrl":"https:\/\/partenercollective.com\/wp-content\/uploads\/2024\/04\/foto-cou.jpg","width":800,"height":800,"caption":"Ant\u00f3n Coucheiro"},{"@type":"BreadcrumbList","@id":"https:\/\/partenercollective.com\/profesionales\/partener\/anton-coucheiro-2\/#breadcrumb","itemListElement":[{"@type":"ListItem","position":1,"name":"Portada","item":"https:\/\/partenercollective.com\/"},{"@type":"ListItem","position":2,"name":"Profesionales","item":"https:\/\/partenercollective.com\/profesionales\/"},{"@type":"ListItem","position":3,"name":"Ant\u00f3n Coucheiro"}]},{"@type":"WebSite","@id":"https:\/\/partenercollective.com\/#website","url":"https:\/\/partenercollective.com\/","name":"Partener Collective","description":"Connect with an International Community of Actors and Coaches to take your scenes, characters and self-tapes to the next level.","publisher":{"@id":"https:\/\/partenercollective.com\/#organization"},"alternateName":"Partener Collective","potentialAction":[{"@type":"SearchAction","target":{"@type":"EntryPoint","urlTemplate":"https:\/\/partenercollective.com\/?s={search_term_string}"},"query-input":{"@type":"PropertyValueSpecification","valueRequired":true,"valueName":"search_term_string"}}],"inLanguage":"en-US"},{"@type":"Organization","@id":"https:\/\/partenercollective.com\/#organization","name":"Partener Collective","alternateName":"Partener Collective","url":"https:\/\/partenercollective.com\/","logo":{"@type":"ImageObject","inLanguage":"en-US","@id":"https:\/\/partenercollective.com\/#\/schema\/logo\/image\/","url":"https:\/\/partenercollective.com\/wp-content\/uploads\/2024\/04\/partener-collective-logo.png","contentUrl":"https:\/\/partenercollective.com\/wp-content\/uploads\/2024\/04\/partener-collective-logo.png","width":2156,"height":604,"caption":"Partener Collective"},"image":{"@id":"https:\/\/partenercollective.com\/#\/schema\/logo\/image\/"},"sameAs":["https:\/\/www.instagram.com\/partenercollective\/"]}]}},"_links":{"self":[{"href":"https:\/\/partenercollective.com\/en\/wp-json\/wp\/v2\/product\/1840","targetHints":{"allow":["GET"]}}],"collection":[{"href":"https:\/\/partenercollective.com\/en\/wp-json\/wp\/v2\/product"}],"about":[{"href":"https:\/\/partenercollective.com\/en\/wp-json\/wp\/v2\/types\/product"}],"replies":[{"embeddable":true,"href":"https:\/\/partenercollective.com\/en\/wp-json\/wp\/v2\/comments?post=1840"}],"wp:featuredmedia":[{"embeddable":true,"href":"https:\/\/partenercollective.com\/en\/wp-json\/wp\/v2\/media\/430"}],"wp:attachment":[{"href":"https:\/\/partenercollective.com\/en\/wp-json\/wp\/v2\/media?parent=1840"}],"wp:term":[{"taxonomy":"product_brand","embeddable":true,"href":"https:\/\/partenercollective.com\/en\/wp-json\/wp\/v2\/product_brand?post=1840"},{"taxonomy":"product_cat","embeddable":true,"href":"https:\/\/partenercollective.com\/en\/wp-json\/wp\/v2\/product_cat?post=1840"},{"taxonomy":"product_tag","embeddable":true,"href":"https:\/\/partenercollective.com\/en\/wp-json\/wp\/v2\/product_tag?post=1840"},{"taxonomy":"idioma","embeddable":true,"href":"https:\/\/partenercollective.com\/en\/wp-json\/wp\/v2\/idioma?post=1840"}],"curies":[{"name":"wp","href":"https:\/\/api.w.org\/{rel}","templated":true}]}}