{"id":614,"date":"2024-05-26T10:51:43","date_gmt":"2024-05-26T08:51:43","guid":{"rendered":"https:\/\/partenercollective.com\/?post_type=product&#038;p=614"},"modified":"2024-11-06T12:08:17","modified_gmt":"2024-11-06T11:08:17","slug":"may-moon","status":"publish","type":"product","link":"https:\/\/partenercollective.com\/en\/profesionales\/coach\/luna-mayo\/","title":{"rendered":"May Moon"},"content":{"rendered":"","protected":false},"excerpt":{"rendered":"<p class=\"p1\">Actress and theatrical pedagogue with a degree in <i>Textual Interpretation<\/i> by the <b>RESAD<\/b> and in <i>European Theatre Arts<\/i> by the <b>Rose Bruford<\/b> of London.<\/p>\n<p class=\"p1\">He began his artistic training studying piano at the Rodolfo Halffter Conservatory and took his first steps on stage with Los del S\u00f3tano and with the Calatalifa Greco-Latin theater company. He began his acting studies at the Bulul\u00fa school with Antonio Malonda and Yayo C\u00e1ceres, and after his passage through the superior schools in Madrid and<span class=\"Apple-converted-space\">\u00a0 <\/span>He continued his training with masters such as Mar Navarro, Vicente Fuentes, Ernesto Arias or Miguel Cubero, becoming a member of the Training, Research and Creation Group of the <b>La Abad\u00eda Theater<\/b>with which he performed several productions between 2016 and 2018. In recent years he has continued his training in acting in front of the camera at the <b>Film Central<\/b>,<b> <\/b>and doing several workshops of acting creation and dramaturgy, with Carles Alfaro and Gaspar L\u00f3pez (La Zaranda),<\/p>\n<p class=\"p1\">Some of its <b>theatrical works<\/b> The most recent are: <i>Coriolanus <\/i>(dir. Emilio del Valle, 2023); <i>IF, Lightness <\/i>(dir. Pedro Casas, 2021-22); <i>Macbeth <\/i>(dir. V\u00edctor Conde, 2021-2022); <i>Kalimat<\/i> (dir.: Jorge Pic\u00f3, Teatro de la Abad\u00eda, 2018); <i>Guateque 69<\/i> (dir. Gorka Mart\u00edn, Almagro Festival 2018) or <i>The haunted<\/i> (dir. Lino Ferreira, Corral de Comedias de Alcal\u00e1, 2017).<\/p>\n<p class=\"p1\">During the last few years he has also carried out several creative works in the United Kingdom, France and Greece, with companies specializing in physical theater, in productions such as <i>21 Windmills <\/i>y <i>Oedipus on the Road <\/i>(dir. Matthieu Leloup-Bellon, Bred in the Bone Company), <i>The Party's Over <\/i>(dir. Edward Boot. Non_Such Theatre Co.) or <i>The Portrait Firm<\/i> (dir. Anna Makrzanowska, London Accidental Festival, and Edinburgh Fringe Festival). At the same time, he has been developing his work in the world <b>audiovisual<\/b>as well as in <b>voiceovers and dubbing<\/b> (Mead Johnson University, <i>Method speaks, Cell 211<\/i>).<\/p>\n<p class=\"p2\">In addition, he combines this activity with the <b>teaching and training of actors<\/b>and has experience in pedagogical publications, being the author of the textbook <i>Performing Arts<\/i> (Educ\u00e0lia Editorial, 2011).<\/p>","protected":false},"featured_media":436,"comment_status":"closed","ping_status":"closed","template":"","meta":[],"product_brand":[],"product_cat":[20],"product_tag":[],"idioma":[43],"class_list":{"0":"post-614","1":"product","2":"type-product","3":"status-publish","4":"has-post-thumbnail","6":"product_cat-coach","7":"idioma-espanol-castellano","9":"first","10":"instock","11":"virtual","12":"sold-individually","13":"taxable","14":"purchasable","15":"product-type-booking"},"yoast_head":"<!-- This site is optimized with the Yoast SEO plugin v27.5 - https:\/\/yoast.com\/product\/yoast-seo-wordpress\/ -->\n<title>Luna Mayo - Partener Collective<\/title>\n<meta name=\"robots\" content=\"index, follow, max-snippet:-1, max-image-preview:large, max-video-preview:-1\" \/>\n<link rel=\"canonical\" href=\"https:\/\/partenercollective.com\/en\/professionals\/coach\/may-moon\/\" \/>\n<meta property=\"og:locale\" content=\"en_US\" \/>\n<meta property=\"og:type\" content=\"article\" \/>\n<meta property=\"og:title\" content=\"Luna Mayo - Partener Collective\" \/>\n<meta property=\"og:description\" content=\"Actriz y pedagoga teatral, licenciada en Interpretaci\u00f3n Textual por la RESAD y en European Theatre Arts por la Rose Bruford de Londres. Inicia su formaci\u00f3n art\u00edstica estudiando piano en el Conservatorio Rodolfo Halffter y da sus primeros pasos en la escena con Los del S\u00f3tano y con la C\u00eda. de teatro grecolatino Calatalifa. Comienza sus estudios de interpretaci\u00f3n en la escuela Bulul\u00fa con Antonio Malonda y Yayo C\u00e1ceres, y tras su paso por las escuelas superiores en Madrid y\u00a0 Londres contin\u00faa su formaci\u00f3n con maestros como Mar Navarro, Vicente Fuentes, Ernesto Arias o Miguel Cubero, pasando a formar parte del Grupo de Entrenamiento, Investigaci\u00f3n y Creaci\u00f3n del Teatro de la Abad\u00eda, con el que realiza varios montajes entre 2016 y 2018. En los \u00faltimos a\u00f1os sigue form\u00e1ndose en interpretaci\u00f3n ante la c\u00e1mara en la Central de Cine, y realizando diversos talleres de creaci\u00f3n y dramaturgia actoral, con Carles Alfaro y Gaspar L\u00f3pez (La Zaranda), Algunos de sus trabajos teatrales m\u00e1s recientes son: Coriolano (dir. Emilio del Valle, 2023); IF, La ligereza (dir. Pedro Casas, 2021-22); Macbeth (dir. V\u00edctor Conde, 2021-2022); Kalimat (dir.: Jorge Pic\u00f3, Teatro de la Abad\u00eda, 2018); Guateque 69 (dir. Gorka Mart\u00edn, Festival de Almagro 2018) o El embrujado (dir. Lino Ferreira, Corral de Comedias de Alcal\u00e1, 2017). Durante los \u00faltimos a\u00f1os tambi\u00e9n ha realizado diversos trabajos de creaci\u00f3n en Reino Unido, Francia y Grecia, con compa\u00f1\u00edas especializadas en teatro f\u00edsico, en montajes como 21 Windmills y Oedipus on the Road (dir. Matthieu Leloup-Bellon, Cia. Bred in the Bone), The Party\u2019s Over (dir. Edward Boot. C\u00eda. Non_Such Theatre) o The Portrait Firm (dir. Anna Makrzanowska, Accidental Festival de Londres, y Fringe Festival de Edimburgo). En paralelo ha ido desarrollando su trabajo en el mundo audiovisual, as\u00ed como en locuciones y doblajes (Mead Johnson University, M\u00e9todo habla, La Celda 211). Adem\u00e1s, compagina esta actividad con la docencia y preparaci\u00f3n de actores, y tiene experiencia en publicaciones pedag\u00f3gicas, siendo autora del libro de texto Artes Esc\u00e9nicas (Educ\u00e0lia Editorial, 2011).\" \/>\n<meta property=\"og:url\" content=\"https:\/\/partenercollective.com\/en\/professionals\/coach\/may-moon\/\" \/>\n<meta property=\"og:site_name\" content=\"Partener Collective\" \/>\n<meta property=\"article:modified_time\" content=\"2024-11-06T11:08:17+00:00\" \/>\n<meta property=\"og:image\" content=\"https:\/\/partenercollective.com\/wp-content\/uploads\/2024\/04\/foto-luna-mayo.jpg\" \/>\n\t<meta property=\"og:image:width\" content=\"800\" \/>\n\t<meta property=\"og:image:height\" content=\"800\" \/>\n\t<meta property=\"og:image:type\" content=\"image\/jpeg\" \/>\n<meta name=\"twitter:card\" content=\"summary_large_image\" \/>\n<script type=\"application\/ld+json\" class=\"yoast-schema-graph\">{\"@context\":\"https:\\\/\\\/schema.org\",\"@graph\":[{\"@type\":\"WebPage\",\"@id\":\"https:\\\/\\\/partenercollective.com\\\/profesionales\\\/coach\\\/luna-mayo\\\/\",\"url\":\"https:\\\/\\\/partenercollective.com\\\/profesionales\\\/coach\\\/luna-mayo\\\/\",\"name\":\"Luna Mayo - Partener Collective\",\"isPartOf\":{\"@id\":\"https:\\\/\\\/partenercollective.com\\\/#website\"},\"primaryImageOfPage\":{\"@id\":\"https:\\\/\\\/partenercollective.com\\\/profesionales\\\/coach\\\/luna-mayo\\\/#primaryimage\"},\"image\":{\"@id\":\"https:\\\/\\\/partenercollective.com\\\/profesionales\\\/coach\\\/luna-mayo\\\/#primaryimage\"},\"thumbnailUrl\":\"https:\\\/\\\/partenercollective.com\\\/wp-content\\\/uploads\\\/2024\\\/04\\\/foto-luna-mayo.jpg\",\"datePublished\":\"2024-05-26T08:51:43+00:00\",\"dateModified\":\"2024-11-06T11:08:17+00:00\",\"breadcrumb\":{\"@id\":\"https:\\\/\\\/partenercollective.com\\\/profesionales\\\/coach\\\/luna-mayo\\\/#breadcrumb\"},\"inLanguage\":\"en-US\",\"potentialAction\":[{\"@type\":\"ReadAction\",\"target\":[\"https:\\\/\\\/partenercollective.com\\\/profesionales\\\/coach\\\/luna-mayo\\\/\"]}]},{\"@type\":\"ImageObject\",\"inLanguage\":\"en-US\",\"@id\":\"https:\\\/\\\/partenercollective.com\\\/profesionales\\\/coach\\\/luna-mayo\\\/#primaryimage\",\"url\":\"https:\\\/\\\/partenercollective.com\\\/wp-content\\\/uploads\\\/2024\\\/04\\\/foto-luna-mayo.jpg\",\"contentUrl\":\"https:\\\/\\\/partenercollective.com\\\/wp-content\\\/uploads\\\/2024\\\/04\\\/foto-luna-mayo.jpg\",\"width\":800,\"height\":800,\"caption\":\"Luna Mayo\"},{\"@type\":\"BreadcrumbList\",\"@id\":\"https:\\\/\\\/partenercollective.com\\\/profesionales\\\/coach\\\/luna-mayo\\\/#breadcrumb\",\"itemListElement\":[{\"@type\":\"ListItem\",\"position\":1,\"name\":\"Portada\",\"item\":\"https:\\\/\\\/partenercollective.com\\\/\"},{\"@type\":\"ListItem\",\"position\":2,\"name\":\"Profesionales\",\"item\":\"https:\\\/\\\/partenercollective.com\\\/profesionales\\\/\"},{\"@type\":\"ListItem\",\"position\":3,\"name\":\"Luna Mayo\"}]},{\"@type\":\"WebSite\",\"@id\":\"https:\\\/\\\/partenercollective.com\\\/#website\",\"url\":\"https:\\\/\\\/partenercollective.com\\\/\",\"name\":\"Partener Collective\",\"description\":\"Conecta con una Comunidad Internacional de Actores y Coach para llevar tus escenas, personajes y self-tapes al siguiente nivel.\",\"publisher\":{\"@id\":\"https:\\\/\\\/partenercollective.com\\\/#organization\"},\"alternateName\":\"Partener Collective\",\"potentialAction\":[{\"@type\":\"SearchAction\",\"target\":{\"@type\":\"EntryPoint\",\"urlTemplate\":\"https:\\\/\\\/partenercollective.com\\\/?s={search_term_string}\"},\"query-input\":{\"@type\":\"PropertyValueSpecification\",\"valueRequired\":true,\"valueName\":\"search_term_string\"}}],\"inLanguage\":\"en-US\"},{\"@type\":\"Organization\",\"@id\":\"https:\\\/\\\/partenercollective.com\\\/#organization\",\"name\":\"Partener Collective\",\"alternateName\":\"Partener Collective\",\"url\":\"https:\\\/\\\/partenercollective.com\\\/\",\"logo\":{\"@type\":\"ImageObject\",\"inLanguage\":\"en-US\",\"@id\":\"https:\\\/\\\/partenercollective.com\\\/#\\\/schema\\\/logo\\\/image\\\/\",\"url\":\"https:\\\/\\\/partenercollective.com\\\/wp-content\\\/uploads\\\/2024\\\/04\\\/partener-collective-logo.png\",\"contentUrl\":\"https:\\\/\\\/partenercollective.com\\\/wp-content\\\/uploads\\\/2024\\\/04\\\/partener-collective-logo.png\",\"width\":2156,\"height\":604,\"caption\":\"Partener Collective\"},\"image\":{\"@id\":\"https:\\\/\\\/partenercollective.com\\\/#\\\/schema\\\/logo\\\/image\\\/\"},\"sameAs\":[\"https:\\\/\\\/www.instagram.com\\\/partenercollective\\\/\"]}]}<\/script>\n<!-- \/ Yoast SEO plugin. -->","yoast_head_json":{"title":"Luna Mayo - Partener Collective","robots":{"index":"index","follow":"follow","max-snippet":"max-snippet:-1","max-image-preview":"max-image-preview:large","max-video-preview":"max-video-preview:-1"},"canonical":"https:\/\/partenercollective.com\/en\/professionals\/coach\/may-moon\/","og_locale":"en_US","og_type":"article","og_title":"Luna Mayo - Partener Collective","og_description":"Actriz y pedagoga teatral, licenciada en Interpretaci\u00f3n Textual por la RESAD y en European Theatre Arts por la Rose Bruford de Londres. Inicia su formaci\u00f3n art\u00edstica estudiando piano en el Conservatorio Rodolfo Halffter y da sus primeros pasos en la escena con Los del S\u00f3tano y con la C\u00eda. de teatro grecolatino Calatalifa. Comienza sus estudios de interpretaci\u00f3n en la escuela Bulul\u00fa con Antonio Malonda y Yayo C\u00e1ceres, y tras su paso por las escuelas superiores en Madrid y\u00a0 Londres contin\u00faa su formaci\u00f3n con maestros como Mar Navarro, Vicente Fuentes, Ernesto Arias o Miguel Cubero, pasando a formar parte del Grupo de Entrenamiento, Investigaci\u00f3n y Creaci\u00f3n del Teatro de la Abad\u00eda, con el que realiza varios montajes entre 2016 y 2018. En los \u00faltimos a\u00f1os sigue form\u00e1ndose en interpretaci\u00f3n ante la c\u00e1mara en la Central de Cine, y realizando diversos talleres de creaci\u00f3n y dramaturgia actoral, con Carles Alfaro y Gaspar L\u00f3pez (La Zaranda), Algunos de sus trabajos teatrales m\u00e1s recientes son: Coriolano (dir. Emilio del Valle, 2023); IF, La ligereza (dir. Pedro Casas, 2021-22); Macbeth (dir. V\u00edctor Conde, 2021-2022); Kalimat (dir.: Jorge Pic\u00f3, Teatro de la Abad\u00eda, 2018); Guateque 69 (dir. Gorka Mart\u00edn, Festival de Almagro 2018) o El embrujado (dir. Lino Ferreira, Corral de Comedias de Alcal\u00e1, 2017). Durante los \u00faltimos a\u00f1os tambi\u00e9n ha realizado diversos trabajos de creaci\u00f3n en Reino Unido, Francia y Grecia, con compa\u00f1\u00edas especializadas en teatro f\u00edsico, en montajes como 21 Windmills y Oedipus on the Road (dir. Matthieu Leloup-Bellon, Cia. Bred in the Bone), The Party\u2019s Over (dir. Edward Boot. C\u00eda. Non_Such Theatre) o The Portrait Firm (dir. Anna Makrzanowska, Accidental Festival de Londres, y Fringe Festival de Edimburgo). En paralelo ha ido desarrollando su trabajo en el mundo audiovisual, as\u00ed como en locuciones y doblajes (Mead Johnson University, M\u00e9todo habla, La Celda 211). Adem\u00e1s, compagina esta actividad con la docencia y preparaci\u00f3n de actores, y tiene experiencia en publicaciones pedag\u00f3gicas, siendo autora del libro de texto Artes Esc\u00e9nicas (Educ\u00e0lia Editorial, 2011).","og_url":"https:\/\/partenercollective.com\/en\/professionals\/coach\/may-moon\/","og_site_name":"Partener Collective","article_modified_time":"2024-11-06T11:08:17+00:00","og_image":[{"width":800,"height":800,"url":"https:\/\/partenercollective.com\/wp-content\/uploads\/2024\/04\/foto-luna-mayo.jpg","type":"image\/jpeg"}],"twitter_card":"summary_large_image","schema":{"@context":"https:\/\/schema.org","@graph":[{"@type":"WebPage","@id":"https:\/\/partenercollective.com\/profesionales\/coach\/luna-mayo\/","url":"https:\/\/partenercollective.com\/profesionales\/coach\/luna-mayo\/","name":"Luna Mayo - Partener Collective","isPartOf":{"@id":"https:\/\/partenercollective.com\/#website"},"primaryImageOfPage":{"@id":"https:\/\/partenercollective.com\/profesionales\/coach\/luna-mayo\/#primaryimage"},"image":{"@id":"https:\/\/partenercollective.com\/profesionales\/coach\/luna-mayo\/#primaryimage"},"thumbnailUrl":"https:\/\/partenercollective.com\/wp-content\/uploads\/2024\/04\/foto-luna-mayo.jpg","datePublished":"2024-05-26T08:51:43+00:00","dateModified":"2024-11-06T11:08:17+00:00","breadcrumb":{"@id":"https:\/\/partenercollective.com\/profesionales\/coach\/luna-mayo\/#breadcrumb"},"inLanguage":"en-US","potentialAction":[{"@type":"ReadAction","target":["https:\/\/partenercollective.com\/profesionales\/coach\/luna-mayo\/"]}]},{"@type":"ImageObject","inLanguage":"en-US","@id":"https:\/\/partenercollective.com\/profesionales\/coach\/luna-mayo\/#primaryimage","url":"https:\/\/partenercollective.com\/wp-content\/uploads\/2024\/04\/foto-luna-mayo.jpg","contentUrl":"https:\/\/partenercollective.com\/wp-content\/uploads\/2024\/04\/foto-luna-mayo.jpg","width":800,"height":800,"caption":"Luna Mayo"},{"@type":"BreadcrumbList","@id":"https:\/\/partenercollective.com\/profesionales\/coach\/luna-mayo\/#breadcrumb","itemListElement":[{"@type":"ListItem","position":1,"name":"Portada","item":"https:\/\/partenercollective.com\/"},{"@type":"ListItem","position":2,"name":"Profesionales","item":"https:\/\/partenercollective.com\/profesionales\/"},{"@type":"ListItem","position":3,"name":"Luna Mayo"}]},{"@type":"WebSite","@id":"https:\/\/partenercollective.com\/#website","url":"https:\/\/partenercollective.com\/","name":"Partener Collective","description":"Connect with an International Community of Actors and Coaches to take your scenes, characters and self-tapes to the next level.","publisher":{"@id":"https:\/\/partenercollective.com\/#organization"},"alternateName":"Partener Collective","potentialAction":[{"@type":"SearchAction","target":{"@type":"EntryPoint","urlTemplate":"https:\/\/partenercollective.com\/?s={search_term_string}"},"query-input":{"@type":"PropertyValueSpecification","valueRequired":true,"valueName":"search_term_string"}}],"inLanguage":"en-US"},{"@type":"Organization","@id":"https:\/\/partenercollective.com\/#organization","name":"Partener Collective","alternateName":"Partener Collective","url":"https:\/\/partenercollective.com\/","logo":{"@type":"ImageObject","inLanguage":"en-US","@id":"https:\/\/partenercollective.com\/#\/schema\/logo\/image\/","url":"https:\/\/partenercollective.com\/wp-content\/uploads\/2024\/04\/partener-collective-logo.png","contentUrl":"https:\/\/partenercollective.com\/wp-content\/uploads\/2024\/04\/partener-collective-logo.png","width":2156,"height":604,"caption":"Partener Collective"},"image":{"@id":"https:\/\/partenercollective.com\/#\/schema\/logo\/image\/"},"sameAs":["https:\/\/www.instagram.com\/partenercollective\/"]}]}},"_links":{"self":[{"href":"https:\/\/partenercollective.com\/en\/wp-json\/wp\/v2\/product\/614","targetHints":{"allow":["GET"]}}],"collection":[{"href":"https:\/\/partenercollective.com\/en\/wp-json\/wp\/v2\/product"}],"about":[{"href":"https:\/\/partenercollective.com\/en\/wp-json\/wp\/v2\/types\/product"}],"replies":[{"embeddable":true,"href":"https:\/\/partenercollective.com\/en\/wp-json\/wp\/v2\/comments?post=614"}],"wp:featuredmedia":[{"embeddable":true,"href":"https:\/\/partenercollective.com\/en\/wp-json\/wp\/v2\/media\/436"}],"wp:attachment":[{"href":"https:\/\/partenercollective.com\/en\/wp-json\/wp\/v2\/media?parent=614"}],"wp:term":[{"taxonomy":"product_brand","embeddable":true,"href":"https:\/\/partenercollective.com\/en\/wp-json\/wp\/v2\/product_brand?post=614"},{"taxonomy":"product_cat","embeddable":true,"href":"https:\/\/partenercollective.com\/en\/wp-json\/wp\/v2\/product_cat?post=614"},{"taxonomy":"product_tag","embeddable":true,"href":"https:\/\/partenercollective.com\/en\/wp-json\/wp\/v2\/product_tag?post=614"},{"taxonomy":"idioma","embeddable":true,"href":"https:\/\/partenercollective.com\/en\/wp-json\/wp\/v2\/idioma?post=614"}],"curies":[{"name":"wp","href":"https:\/\/api.w.org\/{rel}","templated":true}]}}