{"id":617,"date":"2024-05-15T11:42:56","date_gmt":"2024-05-15T09:42:56","guid":{"rendered":"https:\/\/partenercollective.com\/?post_type=product&#038;p=617"},"modified":"2025-06-27T16:18:48","modified_gmt":"2025-06-27T14:18:48","slug":"pedro-aguilera","status":"publish","type":"product","link":"https:\/\/partenercollective.com\/en\/profesionales\/coach\/pedro-aguilera\/","title":{"rendered":"Pedro Aguilera"},"content":{"rendered":"","protected":false},"excerpt":{"rendered":"<p class=\"p1\">With a degree in Fine Arts from the Complutense University of Madrid, he entered the film industry, participating in several films as a storyboard artist and assistant director.<\/p>\n<p class=\"p1\"><b>Influence, <\/b>his first feature film, was released at the <i>Directors' Fortnight<\/i> at the 2007 Cannes Film Festival and was present at other festivals such as San Sebastian, Montreal, London BFI, Thessaloniki, G\u00f6teborg and Bafici. <span class=\"s1\">Available on Filmin<\/span><\/p>\n<p class=\"p1\"><b>Shipwreck, <\/b>his second feature film, was released at the <i>Official Competition Section of the 2010 Seville Film Festival<\/i>where it received a \"Special Mention from the Jury\". NAUFRAGIO was in other festivals such as San Sebastian, Morelia or Hamburg. <span class=\"s1\">Available on Filmin<\/span><\/p>\n<p class=\"p1\"><b>DEMONS YOUR EYES <\/b>is his third feature film. It premiered at the <i>Official Competition Section of the International Film Festival Rotterdam 2017.<\/i>. He was in the <i>Malaga Official Selection<\/i>Zonacine, where it won the awards for \"Best Actress\" -Ivana Baquero- and \"Best Actor\" -Julio Perill\u00e1n-. It is also present in festivals such as San Sebastian, Barcelona D'A, Edinburgh, Transilvania, Abycine, Seminci or Philadelphia. <span class=\"s1\">Available on Filmin, Movistar +, Amazon Prime and FlixOl\u00e9.<\/span><\/p>\n<p class=\"p2\"><b>2017 marks the first retrospective of his work <\/b>at the Pesaro International Film Festival (Italy).<\/p>\n<p class=\"p2\"><b>In 2019-2020<\/b> receives the <b>Spanish Film Academy Residency Scholarships <\/b>for its<b> <\/b>feature film project, <b>HUNTING DAY<\/b>a free adaptation of the film LA CAZA by Carlos Saura. <span class=\"s1\">To be shot in 2024.<\/span><\/p>\n<p class=\"p2\"><b>In 2021<\/b> presents the documentary <span class=\"s2\"><b>REDESIGNING TOMORROW<\/b><\/span>a project of IKEA, about design and sustainability. It premiered at the Madrid Design Festival and has been present at the Sevilla OFFF and C\u00f3rdoba I Encuentro Internacional Ciudad de las Ideas festivals. <span class=\"s3\">Available in FlixOl\u00e9<\/span><\/p>\n<p class=\"p2\"><b>In 2023<\/b> presents his fifth feature film, <b>SPLENDID HOTEL<\/b>in co-production with Straydogs (France) and Mont Fleuri (Morocco), on the story of the poet Arthur Rimbaud in Africa, starring the actor Damien Bonnard. Presented at the Festival Rizoma, Seville \"Nuevas Olas\" and La Roche-sur-yon. <span class=\"s1\">Premiere in December 2023.<\/span><\/p>\n<p class=\"p1\">Pedro Aguilera is also a professor of \"Staging\" and has taught at TAI School, Rey Juan Carlos University, FX Animation Barcelona Film School or Carlos III University, among other institutions. He has also taught \"Acting Direction\" workshops at Ver\u00f3nica Mey Estudio and at the University of Ja\u00e9n UJA.<\/p>","protected":false},"featured_media":441,"comment_status":"closed","ping_status":"closed","template":"","meta":[],"product_brand":[],"product_cat":[20],"product_tag":[],"idioma":[51,43,39],"class_list":{"0":"post-617","1":"product","2":"type-product","3":"status-publish","4":"has-post-thumbnail","6":"product_cat-coach","7":"idioma-catalan","8":"idioma-espanol-castellano","9":"idioma-ingles-americano","11":"first","12":"instock","13":"virtual","14":"sold-individually","15":"taxable","16":"purchasable","17":"product-type-booking"},"yoast_head":"<!-- This site is optimized with the Yoast SEO plugin v27.5 - https:\/\/yoast.com\/product\/yoast-seo-wordpress\/ -->\n<title>Pedro Aguilera - Partener Collective<\/title>\n<meta name=\"robots\" content=\"index, follow, max-snippet:-1, max-image-preview:large, max-video-preview:-1\" \/>\n<link rel=\"canonical\" href=\"https:\/\/partenercollective.com\/en\/professionals\/coach\/pedro-aguilera\/\" \/>\n<meta property=\"og:locale\" content=\"en_US\" \/>\n<meta property=\"og:type\" content=\"article\" \/>\n<meta property=\"og:title\" content=\"Pedro Aguilera - Partener Collective\" \/>\n<meta property=\"og:description\" content=\"Licenciado en Bellas Artes por la Universidad Complutense de Madrid entra al \u00e1mbito cinematogr\u00e1fico participando en varias pel\u00edculas como dibujante de storyboards y ayudante de direcci\u00f3n. La influencia, su primer largometraje, se estren\u00f3 en la Quincena de realizadores del Festival de Cannes 2007 y estuvo presente en otros festivales como San Sebastian, Montreal, Londres BFI, Thessaloniki, G\u00f6teborg o Bafici. Disponible en Filmin Naufragio, su segundo largometraje, se estren\u00f3 en la Secci\u00f3n Oficial a concurso del Festival de Sevilla 2010, donde obtiene una \u201cMenci\u00f3n especial del jurado\u201d. NAUFRAGIO estuvo en otros festivales como el de San Sebasti\u00e1n, Morelia o Hamburgo. Disponible en Filmin DEMONIOS TUS OJOS es su tercer largometraje. Se estren\u00f3 en la Secci\u00f3n Oficial a concurso del Festival Internacional de Rotterdam 2017. Estuvo en la Secci\u00f3n Oficial de M\u00e1laga, Zonacine, donde gan\u00f3 los premios a \u201cMejor Actriz\u201d -Ivana Baquero- y \u201cMejor Actor\u201d -Julio Perill\u00e1n-. Tambi\u00e9n est\u00e1 presente en festivales como San Sebasti\u00e1n, Barcelona D\u2019A, Edimburgo, Transilvania, Abycine, Seminci o Philadelphia. Disponible en Filmin, Movistar +, Amazon Prime y FlixOl\u00e9. En 2017 se celebra la primera retrospectiva de su trabajo en el F\u00e9stival internacional de Cine de P\u00e9saro (Italia). En 2019-2020 recibe la Beca Residencias de la Academia del Cine Espa\u00f1ol por su proyecto de largometraje, D\u00cdA DE CAZA, una adaptaci\u00f3n libre de la pel\u00edcula LA CAZA de Carlos Saura. Pendiente de rodar en 2024. En 2021 presenta el documental REDISE\u00d1ANDO EL MA\u00d1ANA, un proyecto de IKEA, sobre dise\u00f1o y sostenibilidad. Se estren\u00f3 en el Madrid Design Festival y ha estado presente en los festivales Sevilla OFFF o en C\u00f3rdoba I Encuentro Internacional Ciudad de las ideas. Disponible en FlixOl\u00e9 En 2023 presenta su quinto largometraje, SPLENDID HOTEL, en coproducci\u00f3n con Straydogs (Francia) y Mont Fleuri (Marruecos), sobre la historia del poeta Arthur Rimbaud en \u00c1frica, con el actor Damien Bonnard de protagonista. Presente en el Festival Rizoma, Sevilla \u201cNuevas Olas\u201d y La Roche-sur-yon. Estreno en diciembre 2023. Pedro Aguilera tambi\u00e9n es profesor de \u201cPuesta en escena\u201d y ha impartido clases en la Escuela TAI, la Universidad Rey Juan Carlos, FX Animation Barcelona Film School o la Carlos III, entre otras instituciones. Tambi\u00e9n ha impartido talleres de \u201cDirecci\u00f3n de actores\u201d en el Ver\u00f3nica Mey Estudio y en la Universidad de Ja\u00e9n UJA.\" \/>\n<meta property=\"og:url\" content=\"https:\/\/partenercollective.com\/en\/professionals\/coach\/pedro-aguilera\/\" \/>\n<meta property=\"og:site_name\" content=\"Partener Collective\" \/>\n<meta property=\"article:modified_time\" content=\"2025-06-27T14:18:48+00:00\" \/>\n<meta property=\"og:image\" content=\"https:\/\/partenercollective.com\/wp-content\/uploads\/2024\/04\/foto-pedro-aguilera.jpg\" \/>\n\t<meta property=\"og:image:width\" content=\"800\" \/>\n\t<meta property=\"og:image:height\" content=\"800\" \/>\n\t<meta property=\"og:image:type\" content=\"image\/jpeg\" \/>\n<meta name=\"twitter:card\" content=\"summary_large_image\" \/>\n<meta name=\"twitter:label1\" content=\"Est. reading time\" \/>\n\t<meta name=\"twitter:data1\" content=\"1 minute\" \/>\n<script type=\"application\/ld+json\" class=\"yoast-schema-graph\">{\"@context\":\"https:\\\/\\\/schema.org\",\"@graph\":[{\"@type\":\"WebPage\",\"@id\":\"https:\\\/\\\/partenercollective.com\\\/profesionales\\\/coach\\\/pedro-aguilera\\\/\",\"url\":\"https:\\\/\\\/partenercollective.com\\\/profesionales\\\/coach\\\/pedro-aguilera\\\/\",\"name\":\"Pedro Aguilera - Partener Collective\",\"isPartOf\":{\"@id\":\"https:\\\/\\\/partenercollective.com\\\/#website\"},\"primaryImageOfPage\":{\"@id\":\"https:\\\/\\\/partenercollective.com\\\/profesionales\\\/coach\\\/pedro-aguilera\\\/#primaryimage\"},\"image\":{\"@id\":\"https:\\\/\\\/partenercollective.com\\\/profesionales\\\/coach\\\/pedro-aguilera\\\/#primaryimage\"},\"thumbnailUrl\":\"https:\\\/\\\/partenercollective.com\\\/wp-content\\\/uploads\\\/2024\\\/04\\\/foto-pedro-aguilera.jpg\",\"datePublished\":\"2024-05-15T09:42:56+00:00\",\"dateModified\":\"2025-06-27T14:18:48+00:00\",\"breadcrumb\":{\"@id\":\"https:\\\/\\\/partenercollective.com\\\/profesionales\\\/coach\\\/pedro-aguilera\\\/#breadcrumb\"},\"inLanguage\":\"en-US\",\"potentialAction\":[{\"@type\":\"ReadAction\",\"target\":[\"https:\\\/\\\/partenercollective.com\\\/profesionales\\\/coach\\\/pedro-aguilera\\\/\"]}]},{\"@type\":\"ImageObject\",\"inLanguage\":\"en-US\",\"@id\":\"https:\\\/\\\/partenercollective.com\\\/profesionales\\\/coach\\\/pedro-aguilera\\\/#primaryimage\",\"url\":\"https:\\\/\\\/partenercollective.com\\\/wp-content\\\/uploads\\\/2024\\\/04\\\/foto-pedro-aguilera.jpg\",\"contentUrl\":\"https:\\\/\\\/partenercollective.com\\\/wp-content\\\/uploads\\\/2024\\\/04\\\/foto-pedro-aguilera.jpg\",\"width\":800,\"height\":800,\"caption\":\"Pedro Aguilera\"},{\"@type\":\"BreadcrumbList\",\"@id\":\"https:\\\/\\\/partenercollective.com\\\/profesionales\\\/coach\\\/pedro-aguilera\\\/#breadcrumb\",\"itemListElement\":[{\"@type\":\"ListItem\",\"position\":1,\"name\":\"Portada\",\"item\":\"https:\\\/\\\/partenercollective.com\\\/\"},{\"@type\":\"ListItem\",\"position\":2,\"name\":\"Profesionales\",\"item\":\"https:\\\/\\\/partenercollective.com\\\/profesionales\\\/\"},{\"@type\":\"ListItem\",\"position\":3,\"name\":\"Pedro Aguilera\"}]},{\"@type\":\"WebSite\",\"@id\":\"https:\\\/\\\/partenercollective.com\\\/#website\",\"url\":\"https:\\\/\\\/partenercollective.com\\\/\",\"name\":\"Partener Collective\",\"description\":\"Conecta con una Comunidad Internacional de Actores y Coach para llevar tus escenas, personajes y self-tapes al siguiente nivel.\",\"publisher\":{\"@id\":\"https:\\\/\\\/partenercollective.com\\\/#organization\"},\"alternateName\":\"Partener Collective\",\"potentialAction\":[{\"@type\":\"SearchAction\",\"target\":{\"@type\":\"EntryPoint\",\"urlTemplate\":\"https:\\\/\\\/partenercollective.com\\\/?s={search_term_string}\"},\"query-input\":{\"@type\":\"PropertyValueSpecification\",\"valueRequired\":true,\"valueName\":\"search_term_string\"}}],\"inLanguage\":\"en-US\"},{\"@type\":\"Organization\",\"@id\":\"https:\\\/\\\/partenercollective.com\\\/#organization\",\"name\":\"Partener Collective\",\"alternateName\":\"Partener Collective\",\"url\":\"https:\\\/\\\/partenercollective.com\\\/\",\"logo\":{\"@type\":\"ImageObject\",\"inLanguage\":\"en-US\",\"@id\":\"https:\\\/\\\/partenercollective.com\\\/#\\\/schema\\\/logo\\\/image\\\/\",\"url\":\"https:\\\/\\\/partenercollective.com\\\/wp-content\\\/uploads\\\/2024\\\/04\\\/partener-collective-logo.png\",\"contentUrl\":\"https:\\\/\\\/partenercollective.com\\\/wp-content\\\/uploads\\\/2024\\\/04\\\/partener-collective-logo.png\",\"width\":2156,\"height\":604,\"caption\":\"Partener Collective\"},\"image\":{\"@id\":\"https:\\\/\\\/partenercollective.com\\\/#\\\/schema\\\/logo\\\/image\\\/\"},\"sameAs\":[\"https:\\\/\\\/www.instagram.com\\\/partenercollective\\\/\"]}]}<\/script>\n<!-- \/ Yoast SEO plugin. -->","yoast_head_json":{"title":"Pedro Aguilera - Partener Collective","robots":{"index":"index","follow":"follow","max-snippet":"max-snippet:-1","max-image-preview":"max-image-preview:large","max-video-preview":"max-video-preview:-1"},"canonical":"https:\/\/partenercollective.com\/en\/professionals\/coach\/pedro-aguilera\/","og_locale":"en_US","og_type":"article","og_title":"Pedro Aguilera - Partener Collective","og_description":"Licenciado en Bellas Artes por la Universidad Complutense de Madrid entra al \u00e1mbito cinematogr\u00e1fico participando en varias pel\u00edculas como dibujante de storyboards y ayudante de direcci\u00f3n. La influencia, su primer largometraje, se estren\u00f3 en la Quincena de realizadores del Festival de Cannes 2007 y estuvo presente en otros festivales como San Sebastian, Montreal, Londres BFI, Thessaloniki, G\u00f6teborg o Bafici. Disponible en Filmin Naufragio, su segundo largometraje, se estren\u00f3 en la Secci\u00f3n Oficial a concurso del Festival de Sevilla 2010, donde obtiene una \u201cMenci\u00f3n especial del jurado\u201d. NAUFRAGIO estuvo en otros festivales como el de San Sebasti\u00e1n, Morelia o Hamburgo. Disponible en Filmin DEMONIOS TUS OJOS es su tercer largometraje. Se estren\u00f3 en la Secci\u00f3n Oficial a concurso del Festival Internacional de Rotterdam 2017. Estuvo en la Secci\u00f3n Oficial de M\u00e1laga, Zonacine, donde gan\u00f3 los premios a \u201cMejor Actriz\u201d -Ivana Baquero- y \u201cMejor Actor\u201d -Julio Perill\u00e1n-. Tambi\u00e9n est\u00e1 presente en festivales como San Sebasti\u00e1n, Barcelona D\u2019A, Edimburgo, Transilvania, Abycine, Seminci o Philadelphia. Disponible en Filmin, Movistar +, Amazon Prime y FlixOl\u00e9. En 2017 se celebra la primera retrospectiva de su trabajo en el F\u00e9stival internacional de Cine de P\u00e9saro (Italia). En 2019-2020 recibe la Beca Residencias de la Academia del Cine Espa\u00f1ol por su proyecto de largometraje, D\u00cdA DE CAZA, una adaptaci\u00f3n libre de la pel\u00edcula LA CAZA de Carlos Saura. Pendiente de rodar en 2024. En 2021 presenta el documental REDISE\u00d1ANDO EL MA\u00d1ANA, un proyecto de IKEA, sobre dise\u00f1o y sostenibilidad. Se estren\u00f3 en el Madrid Design Festival y ha estado presente en los festivales Sevilla OFFF o en C\u00f3rdoba I Encuentro Internacional Ciudad de las ideas. Disponible en FlixOl\u00e9 En 2023 presenta su quinto largometraje, SPLENDID HOTEL, en coproducci\u00f3n con Straydogs (Francia) y Mont Fleuri (Marruecos), sobre la historia del poeta Arthur Rimbaud en \u00c1frica, con el actor Damien Bonnard de protagonista. Presente en el Festival Rizoma, Sevilla \u201cNuevas Olas\u201d y La Roche-sur-yon. Estreno en diciembre 2023. Pedro Aguilera tambi\u00e9n es profesor de \u201cPuesta en escena\u201d y ha impartido clases en la Escuela TAI, la Universidad Rey Juan Carlos, FX Animation Barcelona Film School o la Carlos III, entre otras instituciones. Tambi\u00e9n ha impartido talleres de \u201cDirecci\u00f3n de actores\u201d en el Ver\u00f3nica Mey Estudio y en la Universidad de Ja\u00e9n UJA.","og_url":"https:\/\/partenercollective.com\/en\/professionals\/coach\/pedro-aguilera\/","og_site_name":"Partener Collective","article_modified_time":"2025-06-27T14:18:48+00:00","og_image":[{"width":800,"height":800,"url":"https:\/\/partenercollective.com\/wp-content\/uploads\/2024\/04\/foto-pedro-aguilera.jpg","type":"image\/jpeg"}],"twitter_card":"summary_large_image","twitter_misc":{"Est. reading time":"1 minute"},"schema":{"@context":"https:\/\/schema.org","@graph":[{"@type":"WebPage","@id":"https:\/\/partenercollective.com\/profesionales\/coach\/pedro-aguilera\/","url":"https:\/\/partenercollective.com\/profesionales\/coach\/pedro-aguilera\/","name":"Pedro Aguilera - Partener Collective","isPartOf":{"@id":"https:\/\/partenercollective.com\/#website"},"primaryImageOfPage":{"@id":"https:\/\/partenercollective.com\/profesionales\/coach\/pedro-aguilera\/#primaryimage"},"image":{"@id":"https:\/\/partenercollective.com\/profesionales\/coach\/pedro-aguilera\/#primaryimage"},"thumbnailUrl":"https:\/\/partenercollective.com\/wp-content\/uploads\/2024\/04\/foto-pedro-aguilera.jpg","datePublished":"2024-05-15T09:42:56+00:00","dateModified":"2025-06-27T14:18:48+00:00","breadcrumb":{"@id":"https:\/\/partenercollective.com\/profesionales\/coach\/pedro-aguilera\/#breadcrumb"},"inLanguage":"en-US","potentialAction":[{"@type":"ReadAction","target":["https:\/\/partenercollective.com\/profesionales\/coach\/pedro-aguilera\/"]}]},{"@type":"ImageObject","inLanguage":"en-US","@id":"https:\/\/partenercollective.com\/profesionales\/coach\/pedro-aguilera\/#primaryimage","url":"https:\/\/partenercollective.com\/wp-content\/uploads\/2024\/04\/foto-pedro-aguilera.jpg","contentUrl":"https:\/\/partenercollective.com\/wp-content\/uploads\/2024\/04\/foto-pedro-aguilera.jpg","width":800,"height":800,"caption":"Pedro Aguilera"},{"@type":"BreadcrumbList","@id":"https:\/\/partenercollective.com\/profesionales\/coach\/pedro-aguilera\/#breadcrumb","itemListElement":[{"@type":"ListItem","position":1,"name":"Portada","item":"https:\/\/partenercollective.com\/"},{"@type":"ListItem","position":2,"name":"Profesionales","item":"https:\/\/partenercollective.com\/profesionales\/"},{"@type":"ListItem","position":3,"name":"Pedro Aguilera"}]},{"@type":"WebSite","@id":"https:\/\/partenercollective.com\/#website","url":"https:\/\/partenercollective.com\/","name":"Partener Collective","description":"Connect with an International Community of Actors and Coaches to take your scenes, characters and self-tapes to the next level.","publisher":{"@id":"https:\/\/partenercollective.com\/#organization"},"alternateName":"Partener Collective","potentialAction":[{"@type":"SearchAction","target":{"@type":"EntryPoint","urlTemplate":"https:\/\/partenercollective.com\/?s={search_term_string}"},"query-input":{"@type":"PropertyValueSpecification","valueRequired":true,"valueName":"search_term_string"}}],"inLanguage":"en-US"},{"@type":"Organization","@id":"https:\/\/partenercollective.com\/#organization","name":"Partener Collective","alternateName":"Partener Collective","url":"https:\/\/partenercollective.com\/","logo":{"@type":"ImageObject","inLanguage":"en-US","@id":"https:\/\/partenercollective.com\/#\/schema\/logo\/image\/","url":"https:\/\/partenercollective.com\/wp-content\/uploads\/2024\/04\/partener-collective-logo.png","contentUrl":"https:\/\/partenercollective.com\/wp-content\/uploads\/2024\/04\/partener-collective-logo.png","width":2156,"height":604,"caption":"Partener Collective"},"image":{"@id":"https:\/\/partenercollective.com\/#\/schema\/logo\/image\/"},"sameAs":["https:\/\/www.instagram.com\/partenercollective\/"]}]}},"_links":{"self":[{"href":"https:\/\/partenercollective.com\/en\/wp-json\/wp\/v2\/product\/617","targetHints":{"allow":["GET"]}}],"collection":[{"href":"https:\/\/partenercollective.com\/en\/wp-json\/wp\/v2\/product"}],"about":[{"href":"https:\/\/partenercollective.com\/en\/wp-json\/wp\/v2\/types\/product"}],"replies":[{"embeddable":true,"href":"https:\/\/partenercollective.com\/en\/wp-json\/wp\/v2\/comments?post=617"}],"wp:featuredmedia":[{"embeddable":true,"href":"https:\/\/partenercollective.com\/en\/wp-json\/wp\/v2\/media\/441"}],"wp:attachment":[{"href":"https:\/\/partenercollective.com\/en\/wp-json\/wp\/v2\/media?parent=617"}],"wp:term":[{"taxonomy":"product_brand","embeddable":true,"href":"https:\/\/partenercollective.com\/en\/wp-json\/wp\/v2\/product_brand?post=617"},{"taxonomy":"product_cat","embeddable":true,"href":"https:\/\/partenercollective.com\/en\/wp-json\/wp\/v2\/product_cat?post=617"},{"taxonomy":"product_tag","embeddable":true,"href":"https:\/\/partenercollective.com\/en\/wp-json\/wp\/v2\/product_tag?post=617"},{"taxonomy":"idioma","embeddable":true,"href":"https:\/\/partenercollective.com\/en\/wp-json\/wp\/v2\/idioma?post=617"}],"curies":[{"name":"wp","href":"https:\/\/api.w.org\/{rel}","templated":true}]}}