{"id":618,"date":"2024-05-13T12:37:22","date_gmt":"2024-05-13T10:37:22","guid":{"rendered":"https:\/\/partenercollective.com\/?post_type=product&#038;p=618"},"modified":"2024-11-06T12:05:39","modified_gmt":"2024-11-06T11:05:39","slug":"eduardo-velasco","status":"publish","type":"product","link":"https:\/\/partenercollective.com\/en\/profesionales\/coach\/eduardo-velasco\/","title":{"rendered":"Eduardo Velasco"},"content":{"rendered":"","protected":false},"excerpt":{"rendered":"<p>Theater, film and television actor with almost 30 years of experience. In television is where his career has excelled with his work in series such as El Internado, La Reina del Sur or the daily series Servir y Proteger with which he made about 1,300 chapters (currently in La Moderna both in tve1). In theater he has participated in national tours such as La Fiesta del Chivo directed by Carlos Saura and starring Juan Echanove, Don Juan Tenorio directed by Blanca Portillo, El Jurado directed by Andr\u00e9s Lima, or De Ratones y Hombres by Miguel del Arco.<\/p>\n<p>Specializing in the process of creating the character and his quest to get to the truth in a daily series where the way of working could be the perfect hybrid between audiovisual and theater. Every effort in the previous work and analysis will give us the necessary security at the time of being on a recording set to obtain a good result.<\/p>\n<p>Theater producer with his company Avanti teatro with which he has produced 6 shows including El Encuentro, El Jurado or El Sindrome del Copiloto directed by Julio Fraga, Andr\u00e9s Lima and Vanesa Monfort respectively. As a director he has directed Noches de Acero at the Lara theater and La Presa for the Factor\u00eda Echegaray project at the Cervantes theater in Malaga.<\/p>","protected":false},"featured_media":432,"comment_status":"closed","ping_status":"closed","template":"","meta":[],"product_brand":[],"product_cat":[20],"product_tag":[],"idioma":[43],"class_list":{"0":"post-618","1":"product","2":"type-product","3":"status-publish","4":"has-post-thumbnail","6":"product_cat-coach","7":"yith_shop_vendor-eduardo","8":"idioma-espanol-castellano","10":"first","11":"instock","12":"virtual","13":"sold-individually","14":"taxable","15":"purchasable","16":"product-type-booking"},"yoast_head":"<!-- This site is optimized with the Yoast SEO plugin v27.5 - https:\/\/yoast.com\/product\/yoast-seo-wordpress\/ -->\n<title>Eduardo Velasco - Partener Collective<\/title>\n<meta name=\"robots\" content=\"index, follow, max-snippet:-1, max-image-preview:large, max-video-preview:-1\" \/>\n<link rel=\"canonical\" href=\"https:\/\/partenercollective.com\/en\/professionals\/coach\/eduardo-velasco\/\" \/>\n<meta property=\"og:locale\" content=\"en_US\" \/>\n<meta property=\"og:type\" content=\"article\" \/>\n<meta property=\"og:title\" content=\"Eduardo Velasco - Partener Collective\" \/>\n<meta property=\"og:description\" content=\"Actor de teatro cine y televisi\u00f3n con casi 30 a\u00f1os de experiencia. En televisi\u00f3n es donde m\u00e1s ha destacado su carrera con su trabajo en series como El Internado, La Reina del Sur o la serie diaria Servir y Proteger con la que hizo cerca de 1.300 cap\u00edtulos (actualmente en La Moderna ambas en tve1). En teatro ha participado en giras nacionales como La Fiesta del Chivo dirigida por Carlos Saura y protagonizada por Juan Echanove, Don Juan Tenorio dirigida por Blanca Portillo, El Jurado Dirigida por Andr\u00e9s Lima, o De Ratones y Hombres por Miguel del Arco.  Especializado en el proceso de la creaci\u00f3n del personaje y su b\u00fasqueda para llegar a la verdad en una serie diaria donde la forma de trabajar podr\u00eda ser el h\u00edbrido perfecto entre el audiovisual y el teatro. Todo esfuerzo en el trabajo previo y el an\u00e1lisis nos dar\u00e1 la seguridad necesaria a la hora de estar en un set de grabaci\u00f3n para obtener un buen resultado.  Productor de teatro con su compa\u00f1\u00eda Avanti teatro con la que ha producido 6 espect\u00e1culos entre ellos El Encuentro, El Jurado o El Sindrome del Copiloto dirigidos por Julio Fraga, Andr\u00e9s Lima y Vanesa Monfort respectivamente. Como director ha dirigido Noches de Acero en el teatro Lara y La Presa para el proyecto Factor\u00eda Echegaray del teatro Cervantes de M\u00e1laga.\" \/>\n<meta property=\"og:url\" content=\"https:\/\/partenercollective.com\/en\/professionals\/coach\/eduardo-velasco\/\" \/>\n<meta property=\"og:site_name\" content=\"Partener Collective\" \/>\n<meta property=\"article:modified_time\" content=\"2024-11-06T11:05:39+00:00\" \/>\n<meta property=\"og:image\" content=\"https:\/\/partenercollective.com\/wp-content\/uploads\/2024\/04\/foto-eduardo-velasco.jpg\" \/>\n\t<meta property=\"og:image:width\" content=\"800\" \/>\n\t<meta property=\"og:image:height\" content=\"800\" \/>\n\t<meta property=\"og:image:type\" content=\"image\/jpeg\" \/>\n<meta name=\"twitter:card\" content=\"summary_large_image\" \/>\n<meta name=\"twitter:label1\" content=\"Est. reading time\" \/>\n\t<meta name=\"twitter:data1\" content=\"1 minute\" \/>\n<script type=\"application\/ld+json\" class=\"yoast-schema-graph\">{\"@context\":\"https:\\\/\\\/schema.org\",\"@graph\":[{\"@type\":\"WebPage\",\"@id\":\"https:\\\/\\\/partenercollective.com\\\/profesionales\\\/coach\\\/eduardo-velasco\\\/\",\"url\":\"https:\\\/\\\/partenercollective.com\\\/profesionales\\\/coach\\\/eduardo-velasco\\\/\",\"name\":\"Eduardo Velasco - Partener Collective\",\"isPartOf\":{\"@id\":\"https:\\\/\\\/partenercollective.com\\\/#website\"},\"primaryImageOfPage\":{\"@id\":\"https:\\\/\\\/partenercollective.com\\\/profesionales\\\/coach\\\/eduardo-velasco\\\/#primaryimage\"},\"image\":{\"@id\":\"https:\\\/\\\/partenercollective.com\\\/profesionales\\\/coach\\\/eduardo-velasco\\\/#primaryimage\"},\"thumbnailUrl\":\"https:\\\/\\\/partenercollective.com\\\/wp-content\\\/uploads\\\/2024\\\/04\\\/foto-eduardo-velasco.jpg\",\"datePublished\":\"2024-05-13T10:37:22+00:00\",\"dateModified\":\"2024-11-06T11:05:39+00:00\",\"breadcrumb\":{\"@id\":\"https:\\\/\\\/partenercollective.com\\\/profesionales\\\/coach\\\/eduardo-velasco\\\/#breadcrumb\"},\"inLanguage\":\"en-US\",\"potentialAction\":[{\"@type\":\"ReadAction\",\"target\":[\"https:\\\/\\\/partenercollective.com\\\/profesionales\\\/coach\\\/eduardo-velasco\\\/\"]}]},{\"@type\":\"ImageObject\",\"inLanguage\":\"en-US\",\"@id\":\"https:\\\/\\\/partenercollective.com\\\/profesionales\\\/coach\\\/eduardo-velasco\\\/#primaryimage\",\"url\":\"https:\\\/\\\/partenercollective.com\\\/wp-content\\\/uploads\\\/2024\\\/04\\\/foto-eduardo-velasco.jpg\",\"contentUrl\":\"https:\\\/\\\/partenercollective.com\\\/wp-content\\\/uploads\\\/2024\\\/04\\\/foto-eduardo-velasco.jpg\",\"width\":800,\"height\":800,\"caption\":\"Eduardo Velasco\"},{\"@type\":\"BreadcrumbList\",\"@id\":\"https:\\\/\\\/partenercollective.com\\\/profesionales\\\/coach\\\/eduardo-velasco\\\/#breadcrumb\",\"itemListElement\":[{\"@type\":\"ListItem\",\"position\":1,\"name\":\"Portada\",\"item\":\"https:\\\/\\\/partenercollective.com\\\/\"},{\"@type\":\"ListItem\",\"position\":2,\"name\":\"Profesionales\",\"item\":\"https:\\\/\\\/partenercollective.com\\\/profesionales\\\/\"},{\"@type\":\"ListItem\",\"position\":3,\"name\":\"Eduardo Velasco\"}]},{\"@type\":\"WebSite\",\"@id\":\"https:\\\/\\\/partenercollective.com\\\/#website\",\"url\":\"https:\\\/\\\/partenercollective.com\\\/\",\"name\":\"Partener Collective\",\"description\":\"Conecta con una Comunidad Internacional de Actores y Coach para llevar tus escenas, personajes y self-tapes al siguiente nivel.\",\"publisher\":{\"@id\":\"https:\\\/\\\/partenercollective.com\\\/#organization\"},\"alternateName\":\"Partener Collective\",\"potentialAction\":[{\"@type\":\"SearchAction\",\"target\":{\"@type\":\"EntryPoint\",\"urlTemplate\":\"https:\\\/\\\/partenercollective.com\\\/?s={search_term_string}\"},\"query-input\":{\"@type\":\"PropertyValueSpecification\",\"valueRequired\":true,\"valueName\":\"search_term_string\"}}],\"inLanguage\":\"en-US\"},{\"@type\":\"Organization\",\"@id\":\"https:\\\/\\\/partenercollective.com\\\/#organization\",\"name\":\"Partener Collective\",\"alternateName\":\"Partener Collective\",\"url\":\"https:\\\/\\\/partenercollective.com\\\/\",\"logo\":{\"@type\":\"ImageObject\",\"inLanguage\":\"en-US\",\"@id\":\"https:\\\/\\\/partenercollective.com\\\/#\\\/schema\\\/logo\\\/image\\\/\",\"url\":\"https:\\\/\\\/partenercollective.com\\\/wp-content\\\/uploads\\\/2024\\\/04\\\/partener-collective-logo.png\",\"contentUrl\":\"https:\\\/\\\/partenercollective.com\\\/wp-content\\\/uploads\\\/2024\\\/04\\\/partener-collective-logo.png\",\"width\":2156,\"height\":604,\"caption\":\"Partener Collective\"},\"image\":{\"@id\":\"https:\\\/\\\/partenercollective.com\\\/#\\\/schema\\\/logo\\\/image\\\/\"},\"sameAs\":[\"https:\\\/\\\/www.instagram.com\\\/partenercollective\\\/\"]}]}<\/script>\n<!-- \/ Yoast SEO plugin. -->","yoast_head_json":{"title":"Eduardo Velasco - Partener Collective","robots":{"index":"index","follow":"follow","max-snippet":"max-snippet:-1","max-image-preview":"max-image-preview:large","max-video-preview":"max-video-preview:-1"},"canonical":"https:\/\/partenercollective.com\/en\/professionals\/coach\/eduardo-velasco\/","og_locale":"en_US","og_type":"article","og_title":"Eduardo Velasco - Partener Collective","og_description":"Actor de teatro cine y televisi\u00f3n con casi 30 a\u00f1os de experiencia. En televisi\u00f3n es donde m\u00e1s ha destacado su carrera con su trabajo en series como El Internado, La Reina del Sur o la serie diaria Servir y Proteger con la que hizo cerca de 1.300 cap\u00edtulos (actualmente en La Moderna ambas en tve1). En teatro ha participado en giras nacionales como La Fiesta del Chivo dirigida por Carlos Saura y protagonizada por Juan Echanove, Don Juan Tenorio dirigida por Blanca Portillo, El Jurado Dirigida por Andr\u00e9s Lima, o De Ratones y Hombres por Miguel del Arco.  Especializado en el proceso de la creaci\u00f3n del personaje y su b\u00fasqueda para llegar a la verdad en una serie diaria donde la forma de trabajar podr\u00eda ser el h\u00edbrido perfecto entre el audiovisual y el teatro. Todo esfuerzo en el trabajo previo y el an\u00e1lisis nos dar\u00e1 la seguridad necesaria a la hora de estar en un set de grabaci\u00f3n para obtener un buen resultado.  Productor de teatro con su compa\u00f1\u00eda Avanti teatro con la que ha producido 6 espect\u00e1culos entre ellos El Encuentro, El Jurado o El Sindrome del Copiloto dirigidos por Julio Fraga, Andr\u00e9s Lima y Vanesa Monfort respectivamente. Como director ha dirigido Noches de Acero en el teatro Lara y La Presa para el proyecto Factor\u00eda Echegaray del teatro Cervantes de M\u00e1laga.","og_url":"https:\/\/partenercollective.com\/en\/professionals\/coach\/eduardo-velasco\/","og_site_name":"Partener Collective","article_modified_time":"2024-11-06T11:05:39+00:00","og_image":[{"width":800,"height":800,"url":"https:\/\/partenercollective.com\/wp-content\/uploads\/2024\/04\/foto-eduardo-velasco.jpg","type":"image\/jpeg"}],"twitter_card":"summary_large_image","twitter_misc":{"Est. reading time":"1 minute"},"schema":{"@context":"https:\/\/schema.org","@graph":[{"@type":"WebPage","@id":"https:\/\/partenercollective.com\/profesionales\/coach\/eduardo-velasco\/","url":"https:\/\/partenercollective.com\/profesionales\/coach\/eduardo-velasco\/","name":"Eduardo Velasco - Partener Collective","isPartOf":{"@id":"https:\/\/partenercollective.com\/#website"},"primaryImageOfPage":{"@id":"https:\/\/partenercollective.com\/profesionales\/coach\/eduardo-velasco\/#primaryimage"},"image":{"@id":"https:\/\/partenercollective.com\/profesionales\/coach\/eduardo-velasco\/#primaryimage"},"thumbnailUrl":"https:\/\/partenercollective.com\/wp-content\/uploads\/2024\/04\/foto-eduardo-velasco.jpg","datePublished":"2024-05-13T10:37:22+00:00","dateModified":"2024-11-06T11:05:39+00:00","breadcrumb":{"@id":"https:\/\/partenercollective.com\/profesionales\/coach\/eduardo-velasco\/#breadcrumb"},"inLanguage":"en-US","potentialAction":[{"@type":"ReadAction","target":["https:\/\/partenercollective.com\/profesionales\/coach\/eduardo-velasco\/"]}]},{"@type":"ImageObject","inLanguage":"en-US","@id":"https:\/\/partenercollective.com\/profesionales\/coach\/eduardo-velasco\/#primaryimage","url":"https:\/\/partenercollective.com\/wp-content\/uploads\/2024\/04\/foto-eduardo-velasco.jpg","contentUrl":"https:\/\/partenercollective.com\/wp-content\/uploads\/2024\/04\/foto-eduardo-velasco.jpg","width":800,"height":800,"caption":"Eduardo Velasco"},{"@type":"BreadcrumbList","@id":"https:\/\/partenercollective.com\/profesionales\/coach\/eduardo-velasco\/#breadcrumb","itemListElement":[{"@type":"ListItem","position":1,"name":"Portada","item":"https:\/\/partenercollective.com\/"},{"@type":"ListItem","position":2,"name":"Profesionales","item":"https:\/\/partenercollective.com\/profesionales\/"},{"@type":"ListItem","position":3,"name":"Eduardo Velasco"}]},{"@type":"WebSite","@id":"https:\/\/partenercollective.com\/#website","url":"https:\/\/partenercollective.com\/","name":"Partener Collective","description":"Connect with an International Community of Actors and Coaches to take your scenes, characters and self-tapes to the next level.","publisher":{"@id":"https:\/\/partenercollective.com\/#organization"},"alternateName":"Partener Collective","potentialAction":[{"@type":"SearchAction","target":{"@type":"EntryPoint","urlTemplate":"https:\/\/partenercollective.com\/?s={search_term_string}"},"query-input":{"@type":"PropertyValueSpecification","valueRequired":true,"valueName":"search_term_string"}}],"inLanguage":"en-US"},{"@type":"Organization","@id":"https:\/\/partenercollective.com\/#organization","name":"Partener Collective","alternateName":"Partener Collective","url":"https:\/\/partenercollective.com\/","logo":{"@type":"ImageObject","inLanguage":"en-US","@id":"https:\/\/partenercollective.com\/#\/schema\/logo\/image\/","url":"https:\/\/partenercollective.com\/wp-content\/uploads\/2024\/04\/partener-collective-logo.png","contentUrl":"https:\/\/partenercollective.com\/wp-content\/uploads\/2024\/04\/partener-collective-logo.png","width":2156,"height":604,"caption":"Partener Collective"},"image":{"@id":"https:\/\/partenercollective.com\/#\/schema\/logo\/image\/"},"sameAs":["https:\/\/www.instagram.com\/partenercollective\/"]}]}},"_links":{"self":[{"href":"https:\/\/partenercollective.com\/en\/wp-json\/wp\/v2\/product\/618","targetHints":{"allow":["GET"]}}],"collection":[{"href":"https:\/\/partenercollective.com\/en\/wp-json\/wp\/v2\/product"}],"about":[{"href":"https:\/\/partenercollective.com\/en\/wp-json\/wp\/v2\/types\/product"}],"replies":[{"embeddable":true,"href":"https:\/\/partenercollective.com\/en\/wp-json\/wp\/v2\/comments?post=618"}],"wp:featuredmedia":[{"embeddable":true,"href":"https:\/\/partenercollective.com\/en\/wp-json\/wp\/v2\/media\/432"}],"wp:attachment":[{"href":"https:\/\/partenercollective.com\/en\/wp-json\/wp\/v2\/media?parent=618"}],"wp:term":[{"taxonomy":"product_brand","embeddable":true,"href":"https:\/\/partenercollective.com\/en\/wp-json\/wp\/v2\/product_brand?post=618"},{"taxonomy":"product_cat","embeddable":true,"href":"https:\/\/partenercollective.com\/en\/wp-json\/wp\/v2\/product_cat?post=618"},{"taxonomy":"product_tag","embeddable":true,"href":"https:\/\/partenercollective.com\/en\/wp-json\/wp\/v2\/product_tag?post=618"},{"taxonomy":"idioma","embeddable":true,"href":"https:\/\/partenercollective.com\/en\/wp-json\/wp\/v2\/idioma?post=618"}],"curies":[{"name":"wp","href":"https:\/\/api.w.org\/{rel}","templated":true}]}}