{"id":620,"date":"2024-05-09T15:50:04","date_gmt":"2024-05-09T13:50:04","guid":{"rendered":"https:\/\/partenercollective.com\/?post_type=product&#038;p=620"},"modified":"2025-06-27T16:17:38","modified_gmt":"2025-06-27T14:17:38","slug":"ramzi-maqdisi","status":"publish","type":"product","link":"https:\/\/partenercollective.com\/en\/professionals\/coach\/ramzi-maqdisi\/","title":{"rendered":"Ramzi Maqdisi"},"content":{"rendered":"","protected":false},"excerpt":{"rendered":"<p class=\"p1\">Born in Jerusalem (Palestine), Ramzi Maqdisi studied Performing Arts and Film Directing at the Centro de Estudios Cinematogr\u00e1ficos de Catalu\u00f1a (CECC). He works as a director in both documentary and fiction, and as an actor in theater and cinema.<\/p>\n<p class=\"p1\"><b>Ramzi's documentaries include:<\/b> <i>Darrere el mur, Under the sky, Naked Dreams <\/i>y <i>Defying my Disability. <\/i><\/p>\n<p class=\"p1\"><b>In fiction: <\/b><i>Mirage, Year of Losses, The Red Beach <\/i>(16mm) and <i>Solomon's stone.<\/i><\/p>\n<p class=\"p1\"><b>As an actor in the following films:<\/b> <i>The Attack<\/i> by Ziad Doueri, <i>Omar<\/i> by Hany Abu Assad, <i>Writing on Snow<\/i> by Rashid Masharawi, <i>Ghost Hunting<\/i> by Raed Andoni, <i>Jeu de l'Homme<\/i> by Aur\u00e9lien Lambert, <i>Solomon's stone<\/i> by Ramzi Maqdisi, <i>The Last Journey<\/i> by Juan Meseguer, <i>Another Point of View<\/i> by Bilal Alkateeb, <i>Pour la Cause<\/i> by Hassan Benjelloun.<\/p>\n<p class=\"p1\"><b>In theater: <\/b>began his professional acting career with the Palestinian National Theater (PNT, 2000-2005). His works with the PNT include <i>Searching for Handalah<\/i>, <i>Jidariyya<\/i> by Mahmoud Darwish and <i>Martin Luther King.<\/i><\/p>\n<p class=\"p3\">Ramzi has worked internationally with theaters such as Ivo Theatre (London), The Nordic Black Theatre (Oslo) and La Invenci\u00f3 Teatre (Barcelona). He has directed plays in Jerusalem (<i>Sleeping Beauty Insomnia, <\/i>with <i>Quds Art and PNT) <\/i>and in Barcelona (<i>Matures, <\/i>with <i>Quds Art)<\/i>and his work as a playwright has been staged at the Northern Stage. <i>(<\/i><span class=\"s1\"><i>Here is the News from Over There) <\/i>and Ensemble 52 (<i>Aviatrix).<\/i><\/span><\/p>\n<p class=\"p5\"><b>Awards and scholarships: <\/b>A.M. Qattan Foundation Scholarship, Cit\u00e9 Internationale des Arts-Artist in Residence, Cinemed France Winner 'Short to Long' Film Maker's Development Fund, Moulin D'And\u00e9-C\u00e9ci Script Development Residency, Mizna Arab Film Festival Winner 'Audience Choice Award for Best Short Film'.<\/p>","protected":false},"featured_media":442,"comment_status":"closed","ping_status":"closed","template":"","meta":[],"product_brand":[],"product_cat":[20],"product_tag":[],"idioma":[52,43],"class_list":{"0":"post-620","1":"product","2":"type-product","3":"status-publish","4":"has-post-thumbnail","6":"product_cat-coach","7":"idioma-arabe","8":"idioma-espanol-castellano","10":"first","11":"instock","12":"virtual","13":"sold-individually","14":"taxable","15":"purchasable","16":"product-type-booking"},"yoast_head":"<!-- This site is optimized with the Yoast SEO plugin v26.6 - https:\/\/yoast.com\/wordpress\/plugins\/seo\/ -->\n<title>Ramzi Maqdisi - Partener Collective<\/title>\n<meta name=\"robots\" content=\"index, follow, max-snippet:-1, max-image-preview:large, max-video-preview:-1\" \/>\n<link rel=\"canonical\" href=\"https:\/\/partenercollective.com\/en\/professionals\/coach\/ramzi-maqdisi\/\" \/>\n<meta property=\"og:locale\" content=\"en_US\" \/>\n<meta property=\"og:type\" content=\"article\" \/>\n<meta property=\"og:title\" content=\"Ramzi Maqdisi - Partener Collective\" \/>\n<meta property=\"og:description\" content=\"Nacido en Jerusal\u00e9n (Palestina), Ramzi Maqdisi estudi\u00f3 Artes Esc\u00e9nicas y Direcci\u00f3n\u00a0Cinematogr\u00e1fica en el Centro de Estudios Cinematogr\u00e1ficos de Catalu\u00f1a (CECC). Trabaja como director tanto en documentales como en ficci\u00f3n, y como actor en teatro y cine. Entre los documentales de Ramzi se incluyen: Darrere el mur, Bajo el cielo, Naked\u00a0Dreams y Defying my Disability.  En ficci\u00f3n: Espejismo, Year of Losses, La playa roja (16mm) y La piedra de Salom\u00f3n. Como actor en las siguientes pel\u00edculas: The Attack de Ziad Doueri, Omar de Hany Abu Assad, Writing on Snow de Rashid Masharawi, Ghost Hunting de Raed Andoni, Jeu de l\u2019Homme de Aur\u00e9lien Lambert, La piedra de Salom\u00f3n de Ramzi Maqdisi, The Last Journey de Juan Meseguer, Another Point of View de Bilal Alkateeb, Pour la Cause de Hassan Benjelloun. En teatro: inici\u00f3 su carrera profesional como actor en el Teatro Nacional Palestino (PNT, 2000-2005). Entre sus obras con el PNT se incluyen Searching for Handalah, Jidariyya de Mahmoud Darwish y Martin Luther King. Ramzi ha trabajado internacionalmente con teatros como el Ivo Theatre (Londres), The\u00a0Nordic Black Theatre (Oslo) y La\u00a0Invenci\u00f3 Teatre (Barcelona). Ha dirigido obras en Jerusal\u00e9n (Sleeping Beauty Insomnia, con Quds Art y PNT) y en Barcelona (Maduresa, con Quds Art), y su trabajo como dramaturgo se ha puesto en escena en el Northern Stage (Here is the News from Over There) y en Ensemble 52 (Aviatrix). Premios y becas: A.M. Qattan Foundation Scholarship, Cit\u00e9 Internationale des Arts-Artist in Residence, Cinemed France Winner \u2018Short to Long\u2019 Film Maker\u2019s Development Fund, Moulin D\u2019And\u00e9-C\u00e9ci Script Development Residency, Mizna Arab Film Festival Winner \u2018Audience Choice Award for Best Short Film\u2019.\" \/>\n<meta property=\"og:url\" content=\"https:\/\/partenercollective.com\/en\/professionals\/coach\/ramzi-maqdisi\/\" \/>\n<meta property=\"og:site_name\" content=\"Partener Collective\" \/>\n<meta property=\"article:modified_time\" content=\"2025-06-27T14:17:38+00:00\" \/>\n<meta property=\"og:image\" content=\"https:\/\/partenercollective.com\/wp-content\/uploads\/2024\/04\/foto-ramzi.jpg\" \/>\n\t<meta property=\"og:image:width\" content=\"800\" \/>\n\t<meta property=\"og:image:height\" content=\"800\" \/>\n\t<meta property=\"og:image:type\" content=\"image\/jpeg\" \/>\n<meta name=\"twitter:card\" content=\"summary_large_image\" \/>\n<meta name=\"twitter:label1\" content=\"Est. reading time\" \/>\n\t<meta name=\"twitter:data1\" content=\"1 minute\" \/>\n<script type=\"application\/ld+json\" class=\"yoast-schema-graph\">{\"@context\":\"https:\/\/schema.org\",\"@graph\":[{\"@type\":\"WebPage\",\"@id\":\"https:\/\/partenercollective.com\/profesionales\/coach\/ramzi-maqdisi\/\",\"url\":\"https:\/\/partenercollective.com\/profesionales\/coach\/ramzi-maqdisi\/\",\"name\":\"Ramzi Maqdisi - Partener Collective\",\"isPartOf\":{\"@id\":\"https:\/\/partenercollective.com\/#website\"},\"primaryImageOfPage\":{\"@id\":\"https:\/\/partenercollective.com\/profesionales\/coach\/ramzi-maqdisi\/#primaryimage\"},\"image\":{\"@id\":\"https:\/\/partenercollective.com\/profesionales\/coach\/ramzi-maqdisi\/#primaryimage\"},\"thumbnailUrl\":\"https:\/\/partenercollective.com\/wp-content\/uploads\/2024\/04\/foto-ramzi.jpg\",\"datePublished\":\"2024-05-09T13:50:04+00:00\",\"dateModified\":\"2025-06-27T14:17:38+00:00\",\"breadcrumb\":{\"@id\":\"https:\/\/partenercollective.com\/profesionales\/coach\/ramzi-maqdisi\/#breadcrumb\"},\"inLanguage\":\"en-US\",\"potentialAction\":[{\"@type\":\"ReadAction\",\"target\":[\"https:\/\/partenercollective.com\/profesionales\/coach\/ramzi-maqdisi\/\"]}]},{\"@type\":\"ImageObject\",\"inLanguage\":\"en-US\",\"@id\":\"https:\/\/partenercollective.com\/profesionales\/coach\/ramzi-maqdisi\/#primaryimage\",\"url\":\"https:\/\/partenercollective.com\/wp-content\/uploads\/2024\/04\/foto-ramzi.jpg\",\"contentUrl\":\"https:\/\/partenercollective.com\/wp-content\/uploads\/2024\/04\/foto-ramzi.jpg\",\"width\":800,\"height\":800,\"caption\":\"Ramzi Maqdisi\"},{\"@type\":\"BreadcrumbList\",\"@id\":\"https:\/\/partenercollective.com\/profesionales\/coach\/ramzi-maqdisi\/#breadcrumb\",\"itemListElement\":[{\"@type\":\"ListItem\",\"position\":1,\"name\":\"Portada\",\"item\":\"https:\/\/partenercollective.com\/\"},{\"@type\":\"ListItem\",\"position\":2,\"name\":\"Profesionales\",\"item\":\"https:\/\/partenercollective.com\/profesionales\/\"},{\"@type\":\"ListItem\",\"position\":3,\"name\":\"Ramzi Maqdisi\"}]},{\"@type\":\"WebSite\",\"@id\":\"https:\/\/partenercollective.com\/#website\",\"url\":\"https:\/\/partenercollective.com\/\",\"name\":\"Partener Collective\",\"description\":\"Conecta con una Comunidad Internacional de Actores y Coach para llevar tus escenas, personajes y self-tapes al siguiente nivel.\",\"publisher\":{\"@id\":\"https:\/\/partenercollective.com\/#organization\"},\"alternateName\":\"Partener Collective\",\"potentialAction\":[{\"@type\":\"SearchAction\",\"target\":{\"@type\":\"EntryPoint\",\"urlTemplate\":\"https:\/\/partenercollective.com\/?s={search_term_string}\"},\"query-input\":{\"@type\":\"PropertyValueSpecification\",\"valueRequired\":true,\"valueName\":\"search_term_string\"}}],\"inLanguage\":\"en-US\"},{\"@type\":\"Organization\",\"@id\":\"https:\/\/partenercollective.com\/#organization\",\"name\":\"Partener Collective\",\"alternateName\":\"Partener Collective\",\"url\":\"https:\/\/partenercollective.com\/\",\"logo\":{\"@type\":\"ImageObject\",\"inLanguage\":\"en-US\",\"@id\":\"https:\/\/partenercollective.com\/#\/schema\/logo\/image\/\",\"url\":\"https:\/\/partenercollective.com\/wp-content\/uploads\/2024\/04\/partener-collective-logo.png\",\"contentUrl\":\"https:\/\/partenercollective.com\/wp-content\/uploads\/2024\/04\/partener-collective-logo.png\",\"width\":2156,\"height\":604,\"caption\":\"Partener Collective\"},\"image\":{\"@id\":\"https:\/\/partenercollective.com\/#\/schema\/logo\/image\/\"},\"sameAs\":[\"https:\/\/www.instagram.com\/partenercollective\/\"]}]}<\/script>\n<!-- \/ Yoast SEO plugin. -->","yoast_head_json":{"title":"Ramzi Maqdisi - Partener Collective","robots":{"index":"index","follow":"follow","max-snippet":"max-snippet:-1","max-image-preview":"max-image-preview:large","max-video-preview":"max-video-preview:-1"},"canonical":"https:\/\/partenercollective.com\/en\/professionals\/coach\/ramzi-maqdisi\/","og_locale":"en_US","og_type":"article","og_title":"Ramzi Maqdisi - Partener Collective","og_description":"Nacido en Jerusal\u00e9n (Palestina), Ramzi Maqdisi estudi\u00f3 Artes Esc\u00e9nicas y Direcci\u00f3n\u00a0Cinematogr\u00e1fica en el Centro de Estudios Cinematogr\u00e1ficos de Catalu\u00f1a (CECC). Trabaja como director tanto en documentales como en ficci\u00f3n, y como actor en teatro y cine. Entre los documentales de Ramzi se incluyen: Darrere el mur, Bajo el cielo, Naked\u00a0Dreams y Defying my Disability.  En ficci\u00f3n: Espejismo, Year of Losses, La playa roja (16mm) y La piedra de Salom\u00f3n. Como actor en las siguientes pel\u00edculas: The Attack de Ziad Doueri, Omar de Hany Abu Assad, Writing on Snow de Rashid Masharawi, Ghost Hunting de Raed Andoni, Jeu de l\u2019Homme de Aur\u00e9lien Lambert, La piedra de Salom\u00f3n de Ramzi Maqdisi, The Last Journey de Juan Meseguer, Another Point of View de Bilal Alkateeb, Pour la Cause de Hassan Benjelloun. En teatro: inici\u00f3 su carrera profesional como actor en el Teatro Nacional Palestino (PNT, 2000-2005). Entre sus obras con el PNT se incluyen Searching for Handalah, Jidariyya de Mahmoud Darwish y Martin Luther King. Ramzi ha trabajado internacionalmente con teatros como el Ivo Theatre (Londres), The\u00a0Nordic Black Theatre (Oslo) y La\u00a0Invenci\u00f3 Teatre (Barcelona). Ha dirigido obras en Jerusal\u00e9n (Sleeping Beauty Insomnia, con Quds Art y PNT) y en Barcelona (Maduresa, con Quds Art), y su trabajo como dramaturgo se ha puesto en escena en el Northern Stage (Here is the News from Over There) y en Ensemble 52 (Aviatrix). Premios y becas: A.M. Qattan Foundation Scholarship, Cit\u00e9 Internationale des Arts-Artist in Residence, Cinemed France Winner \u2018Short to Long\u2019 Film Maker\u2019s Development Fund, Moulin D\u2019And\u00e9-C\u00e9ci Script Development Residency, Mizna Arab Film Festival Winner \u2018Audience Choice Award for Best Short Film\u2019.","og_url":"https:\/\/partenercollective.com\/en\/professionals\/coach\/ramzi-maqdisi\/","og_site_name":"Partener Collective","article_modified_time":"2025-06-27T14:17:38+00:00","og_image":[{"width":800,"height":800,"url":"https:\/\/partenercollective.com\/wp-content\/uploads\/2024\/04\/foto-ramzi.jpg","type":"image\/jpeg"}],"twitter_card":"summary_large_image","twitter_misc":{"Est. reading time":"1 minute"},"schema":{"@context":"https:\/\/schema.org","@graph":[{"@type":"WebPage","@id":"https:\/\/partenercollective.com\/profesionales\/coach\/ramzi-maqdisi\/","url":"https:\/\/partenercollective.com\/profesionales\/coach\/ramzi-maqdisi\/","name":"Ramzi Maqdisi - Partener Collective","isPartOf":{"@id":"https:\/\/partenercollective.com\/#website"},"primaryImageOfPage":{"@id":"https:\/\/partenercollective.com\/profesionales\/coach\/ramzi-maqdisi\/#primaryimage"},"image":{"@id":"https:\/\/partenercollective.com\/profesionales\/coach\/ramzi-maqdisi\/#primaryimage"},"thumbnailUrl":"https:\/\/partenercollective.com\/wp-content\/uploads\/2024\/04\/foto-ramzi.jpg","datePublished":"2024-05-09T13:50:04+00:00","dateModified":"2025-06-27T14:17:38+00:00","breadcrumb":{"@id":"https:\/\/partenercollective.com\/profesionales\/coach\/ramzi-maqdisi\/#breadcrumb"},"inLanguage":"en-US","potentialAction":[{"@type":"ReadAction","target":["https:\/\/partenercollective.com\/profesionales\/coach\/ramzi-maqdisi\/"]}]},{"@type":"ImageObject","inLanguage":"en-US","@id":"https:\/\/partenercollective.com\/profesionales\/coach\/ramzi-maqdisi\/#primaryimage","url":"https:\/\/partenercollective.com\/wp-content\/uploads\/2024\/04\/foto-ramzi.jpg","contentUrl":"https:\/\/partenercollective.com\/wp-content\/uploads\/2024\/04\/foto-ramzi.jpg","width":800,"height":800,"caption":"Ramzi Maqdisi"},{"@type":"BreadcrumbList","@id":"https:\/\/partenercollective.com\/profesionales\/coach\/ramzi-maqdisi\/#breadcrumb","itemListElement":[{"@type":"ListItem","position":1,"name":"Portada","item":"https:\/\/partenercollective.com\/"},{"@type":"ListItem","position":2,"name":"Profesionales","item":"https:\/\/partenercollective.com\/profesionales\/"},{"@type":"ListItem","position":3,"name":"Ramzi Maqdisi"}]},{"@type":"WebSite","@id":"https:\/\/partenercollective.com\/#website","url":"https:\/\/partenercollective.com\/","name":"Partener Collective","description":"Connect with an International Community of Actors and Coaches to take your scenes, characters and self-tapes to the next level.","publisher":{"@id":"https:\/\/partenercollective.com\/#organization"},"alternateName":"Partener Collective","potentialAction":[{"@type":"SearchAction","target":{"@type":"EntryPoint","urlTemplate":"https:\/\/partenercollective.com\/?s={search_term_string}"},"query-input":{"@type":"PropertyValueSpecification","valueRequired":true,"valueName":"search_term_string"}}],"inLanguage":"en-US"},{"@type":"Organization","@id":"https:\/\/partenercollective.com\/#organization","name":"Partener Collective","alternateName":"Partener Collective","url":"https:\/\/partenercollective.com\/","logo":{"@type":"ImageObject","inLanguage":"en-US","@id":"https:\/\/partenercollective.com\/#\/schema\/logo\/image\/","url":"https:\/\/partenercollective.com\/wp-content\/uploads\/2024\/04\/partener-collective-logo.png","contentUrl":"https:\/\/partenercollective.com\/wp-content\/uploads\/2024\/04\/partener-collective-logo.png","width":2156,"height":604,"caption":"Partener Collective"},"image":{"@id":"https:\/\/partenercollective.com\/#\/schema\/logo\/image\/"},"sameAs":["https:\/\/www.instagram.com\/partenercollective\/"]}]}},"_links":{"self":[{"href":"https:\/\/partenercollective.com\/en\/wp-json\/wp\/v2\/product\/620","targetHints":{"allow":["GET"]}}],"collection":[{"href":"https:\/\/partenercollective.com\/en\/wp-json\/wp\/v2\/product"}],"about":[{"href":"https:\/\/partenercollective.com\/en\/wp-json\/wp\/v2\/types\/product"}],"replies":[{"embeddable":true,"href":"https:\/\/partenercollective.com\/en\/wp-json\/wp\/v2\/comments?post=620"}],"wp:featuredmedia":[{"embeddable":true,"href":"https:\/\/partenercollective.com\/en\/wp-json\/wp\/v2\/media\/442"}],"wp:attachment":[{"href":"https:\/\/partenercollective.com\/en\/wp-json\/wp\/v2\/media?parent=620"}],"wp:term":[{"taxonomy":"product_brand","embeddable":true,"href":"https:\/\/partenercollective.com\/en\/wp-json\/wp\/v2\/product_brand?post=620"},{"taxonomy":"product_cat","embeddable":true,"href":"https:\/\/partenercollective.com\/en\/wp-json\/wp\/v2\/product_cat?post=620"},{"taxonomy":"product_tag","embeddable":true,"href":"https:\/\/partenercollective.com\/en\/wp-json\/wp\/v2\/product_tag?post=620"},{"taxonomy":"idioma","embeddable":true,"href":"https:\/\/partenercollective.com\/en\/wp-json\/wp\/v2\/idioma?post=620"}],"curies":[{"name":"wp","href":"https:\/\/api.w.org\/{rel}","templated":true}]}}