{"id":621,"date":"2024-05-14T12:56:45","date_gmt":"2024-05-14T10:56:45","guid":{"rendered":"https:\/\/partenercollective.com\/?post_type=product&#038;p=621"},"modified":"2025-06-27T16:19:53","modified_gmt":"2025-06-27T14:19:53","slug":"marjorie-glantz","status":"publish","type":"product","link":"https:\/\/partenercollective.com\/en\/profesionales\/coach\/marjorie-glantz\/","title":{"rendered":"Marjorie Glantz"},"content":{"rendered":"","protected":false},"excerpt":{"rendered":"<p class=\"p1\"><span class=\"s1\">Marjorie Glantz is \"<b><i>American Accent\/Dialogue Coach<\/i><\/b>\"She has worked with many professional actors, recognized by the public, preparing them for castings and characters in English. She has 40 years of experience as an English teacher in Spain for students of all ages at HILL HOUSE MONTESSORI SCHOOL, ACHNA and ATLANTIC GROUP and has been the coordinator of the \"<i>English for Actors<\/i>\"with AISGE at Atlantic Group for 19 years.\u00a0<\/span><\/p>\n<p class=\"p1\"><span class=\"s1\">More recently, he has worked as a coach on the following projects:<span class=\"Apple-converted-space\">\u00a0 <\/span><i>La Fortuna<\/i>directed by Alejandro Almen\u00e1bar, <i>Now and Then<\/i>directed by Gideon Raff and Carlos Sedes, <i>See you on Venus<\/i>directed by Joaqu\u00edn Llamas, <i>Nacho<\/i>directed by Eduardo Casanova and David Pinillos, <i>Land of Women<\/i>directed by Carlos Sedes and Kenneth Biller.<\/span><\/p>\n<p class=\"p1\"><span class=\"s1\">She holds a degree in History and Theater from <i>Binghamton University <\/i>and holds a Master's degree in Education from <i>The University of Michigan<\/i>.<\/span><\/p>\n<p class=\"p1\"><span class=\"s1\">She has worked as an actress in two feature films, several short films and fifteen television series. She is a screenwriter for seven feature films and four short films, a television pilot, three one-act plays, with versions in English and Spanish as well as fifteen micro plays, in both languages.\u00a0<\/span><\/p>","protected":false},"featured_media":437,"comment_status":"closed","ping_status":"closed","template":"","meta":[],"product_brand":[],"product_cat":[20],"product_tag":[],"idioma":[43,39],"class_list":{"0":"post-621","1":"product","2":"type-product","3":"status-publish","4":"has-post-thumbnail","6":"product_cat-coach","7":"idioma-espanol-castellano","8":"idioma-ingles-americano","10":"first","11":"instock","12":"virtual","13":"sold-individually","14":"taxable","15":"purchasable","16":"product-type-booking"},"yoast_head":"<!-- This site is optimized with the Yoast SEO plugin v27.5 - https:\/\/yoast.com\/product\/yoast-seo-wordpress\/ -->\n<title>Marjorie Glantz - Partener Collective<\/title>\n<meta name=\"robots\" content=\"index, follow, max-snippet:-1, max-image-preview:large, max-video-preview:-1\" \/>\n<link rel=\"canonical\" href=\"https:\/\/partenercollective.com\/en\/professionals\/coach\/marjorie-glantz\/\" \/>\n<meta property=\"og:locale\" content=\"en_US\" \/>\n<meta property=\"og:type\" content=\"article\" \/>\n<meta property=\"og:title\" content=\"Marjorie Glantz - Partener Collective\" \/>\n<meta property=\"og:description\" content=\"Marjorie Glantz es \u201cAmerican Accent\/Dialogue Coach\u201d estadounidense y trabaja con muchos actores profesionales, reconocidos por el p\u00fablico,\u00a0prepar\u00e1ndolos para castings y personajes en ingl\u00e9s. Tiene 40 a\u00f1os de experiencia como profesora de ingl\u00e9s en Espa\u00f1a para alumnos de todas las edades en HILL HOUSE MONTESSORI SCHOOL, ACHNA y ATLANTIC GROUP y ha sido coordinadora del programa &quot;English for Actors&quot; con AISGE en Atlantic Group durante 19 a\u00f1os.\u00a0 M\u00e1s recientemente, ha trabajado como coach en los siguientes proyectos:\u00a0 La Fortuna, dirigida por Alejandro Almen\u00e1bar, Now and Then, dirigida por Gideon Raff y Carlos Sedes, See you on Venus, dirigida por Joaqu\u00edn Llamas, Nacho, dirigida por Eduardo Casanova y David Pinillos, Land of Women, dirigida por Carlos Sedes y Kenneth Biller. Ella es Licenciada en Historia y Teatro por Binghamton University y tiene un Master&#039;s en Educaci\u00f3n por The University of Michigan. Ha trabajado como actriz en dos largometrajes, varios cortometrajes y quince series de televisi\u00f3n. Ella es guionista de siete largometrajes y cuatro cortometrajes, un piloto de televisi\u00f3n, tres obras de teatro en un acto, con versiones en ingl\u00e9s y espa\u00f1ol adem\u00e1s de quince obras de micro teatro, en ambos idiomas.\u00a0\" \/>\n<meta property=\"og:url\" content=\"https:\/\/partenercollective.com\/en\/professionals\/coach\/marjorie-glantz\/\" \/>\n<meta property=\"og:site_name\" content=\"Partener Collective\" \/>\n<meta property=\"article:modified_time\" content=\"2025-06-27T14:19:53+00:00\" \/>\n<meta property=\"og:image\" content=\"https:\/\/partenercollective.com\/wp-content\/uploads\/2024\/04\/foto-marjorie-e-glantz.jpg\" \/>\n\t<meta property=\"og:image:width\" content=\"800\" \/>\n\t<meta property=\"og:image:height\" content=\"800\" \/>\n\t<meta property=\"og:image:type\" content=\"image\/jpeg\" \/>\n<meta name=\"twitter:card\" content=\"summary_large_image\" \/>\n<meta name=\"twitter:label1\" content=\"Est. reading time\" \/>\n\t<meta name=\"twitter:data1\" content=\"1 minute\" \/>\n<script type=\"application\/ld+json\" class=\"yoast-schema-graph\">{\"@context\":\"https:\\\/\\\/schema.org\",\"@graph\":[{\"@type\":\"WebPage\",\"@id\":\"https:\\\/\\\/partenercollective.com\\\/profesionales\\\/coach\\\/marjorie-glantz\\\/\",\"url\":\"https:\\\/\\\/partenercollective.com\\\/profesionales\\\/coach\\\/marjorie-glantz\\\/\",\"name\":\"Marjorie Glantz - Partener Collective\",\"isPartOf\":{\"@id\":\"https:\\\/\\\/partenercollective.com\\\/#website\"},\"primaryImageOfPage\":{\"@id\":\"https:\\\/\\\/partenercollective.com\\\/profesionales\\\/coach\\\/marjorie-glantz\\\/#primaryimage\"},\"image\":{\"@id\":\"https:\\\/\\\/partenercollective.com\\\/profesionales\\\/coach\\\/marjorie-glantz\\\/#primaryimage\"},\"thumbnailUrl\":\"https:\\\/\\\/partenercollective.com\\\/wp-content\\\/uploads\\\/2024\\\/04\\\/foto-marjorie-e-glantz.jpg\",\"datePublished\":\"2024-05-14T10:56:45+00:00\",\"dateModified\":\"2025-06-27T14:19:53+00:00\",\"breadcrumb\":{\"@id\":\"https:\\\/\\\/partenercollective.com\\\/profesionales\\\/coach\\\/marjorie-glantz\\\/#breadcrumb\"},\"inLanguage\":\"en-US\",\"potentialAction\":[{\"@type\":\"ReadAction\",\"target\":[\"https:\\\/\\\/partenercollective.com\\\/profesionales\\\/coach\\\/marjorie-glantz\\\/\"]}]},{\"@type\":\"ImageObject\",\"inLanguage\":\"en-US\",\"@id\":\"https:\\\/\\\/partenercollective.com\\\/profesionales\\\/coach\\\/marjorie-glantz\\\/#primaryimage\",\"url\":\"https:\\\/\\\/partenercollective.com\\\/wp-content\\\/uploads\\\/2024\\\/04\\\/foto-marjorie-e-glantz.jpg\",\"contentUrl\":\"https:\\\/\\\/partenercollective.com\\\/wp-content\\\/uploads\\\/2024\\\/04\\\/foto-marjorie-e-glantz.jpg\",\"width\":800,\"height\":800,\"caption\":\"Marjorie Glantz\"},{\"@type\":\"BreadcrumbList\",\"@id\":\"https:\\\/\\\/partenercollective.com\\\/profesionales\\\/coach\\\/marjorie-glantz\\\/#breadcrumb\",\"itemListElement\":[{\"@type\":\"ListItem\",\"position\":1,\"name\":\"Portada\",\"item\":\"https:\\\/\\\/partenercollective.com\\\/\"},{\"@type\":\"ListItem\",\"position\":2,\"name\":\"Profesionales\",\"item\":\"https:\\\/\\\/partenercollective.com\\\/profesionales\\\/\"},{\"@type\":\"ListItem\",\"position\":3,\"name\":\"Marjorie Glantz\"}]},{\"@type\":\"WebSite\",\"@id\":\"https:\\\/\\\/partenercollective.com\\\/#website\",\"url\":\"https:\\\/\\\/partenercollective.com\\\/\",\"name\":\"Partener Collective\",\"description\":\"Conecta con una Comunidad Internacional de Actores y Coach para llevar tus escenas, personajes y self-tapes al siguiente nivel.\",\"publisher\":{\"@id\":\"https:\\\/\\\/partenercollective.com\\\/#organization\"},\"alternateName\":\"Partener Collective\",\"potentialAction\":[{\"@type\":\"SearchAction\",\"target\":{\"@type\":\"EntryPoint\",\"urlTemplate\":\"https:\\\/\\\/partenercollective.com\\\/?s={search_term_string}\"},\"query-input\":{\"@type\":\"PropertyValueSpecification\",\"valueRequired\":true,\"valueName\":\"search_term_string\"}}],\"inLanguage\":\"en-US\"},{\"@type\":\"Organization\",\"@id\":\"https:\\\/\\\/partenercollective.com\\\/#organization\",\"name\":\"Partener Collective\",\"alternateName\":\"Partener Collective\",\"url\":\"https:\\\/\\\/partenercollective.com\\\/\",\"logo\":{\"@type\":\"ImageObject\",\"inLanguage\":\"en-US\",\"@id\":\"https:\\\/\\\/partenercollective.com\\\/#\\\/schema\\\/logo\\\/image\\\/\",\"url\":\"https:\\\/\\\/partenercollective.com\\\/wp-content\\\/uploads\\\/2024\\\/04\\\/partener-collective-logo.png\",\"contentUrl\":\"https:\\\/\\\/partenercollective.com\\\/wp-content\\\/uploads\\\/2024\\\/04\\\/partener-collective-logo.png\",\"width\":2156,\"height\":604,\"caption\":\"Partener Collective\"},\"image\":{\"@id\":\"https:\\\/\\\/partenercollective.com\\\/#\\\/schema\\\/logo\\\/image\\\/\"},\"sameAs\":[\"https:\\\/\\\/www.instagram.com\\\/partenercollective\\\/\"]}]}<\/script>\n<!-- \/ Yoast SEO plugin. -->","yoast_head_json":{"title":"Marjorie Glantz - Partener Collective","robots":{"index":"index","follow":"follow","max-snippet":"max-snippet:-1","max-image-preview":"max-image-preview:large","max-video-preview":"max-video-preview:-1"},"canonical":"https:\/\/partenercollective.com\/en\/professionals\/coach\/marjorie-glantz\/","og_locale":"en_US","og_type":"article","og_title":"Marjorie Glantz - Partener Collective","og_description":"Marjorie Glantz es \u201cAmerican Accent\/Dialogue Coach\u201d estadounidense y trabaja con muchos actores profesionales, reconocidos por el p\u00fablico,\u00a0prepar\u00e1ndolos para castings y personajes en ingl\u00e9s. Tiene 40 a\u00f1os de experiencia como profesora de ingl\u00e9s en Espa\u00f1a para alumnos de todas las edades en HILL HOUSE MONTESSORI SCHOOL, ACHNA y ATLANTIC GROUP y ha sido coordinadora del programa \"English for Actors\" con AISGE en Atlantic Group durante 19 a\u00f1os.\u00a0 M\u00e1s recientemente, ha trabajado como coach en los siguientes proyectos:\u00a0 La Fortuna, dirigida por Alejandro Almen\u00e1bar, Now and Then, dirigida por Gideon Raff y Carlos Sedes, See you on Venus, dirigida por Joaqu\u00edn Llamas, Nacho, dirigida por Eduardo Casanova y David Pinillos, Land of Women, dirigida por Carlos Sedes y Kenneth Biller. Ella es Licenciada en Historia y Teatro por Binghamton University y tiene un Master's en Educaci\u00f3n por The University of Michigan. Ha trabajado como actriz en dos largometrajes, varios cortometrajes y quince series de televisi\u00f3n. Ella es guionista de siete largometrajes y cuatro cortometrajes, un piloto de televisi\u00f3n, tres obras de teatro en un acto, con versiones en ingl\u00e9s y espa\u00f1ol adem\u00e1s de quince obras de micro teatro, en ambos idiomas.\u00a0","og_url":"https:\/\/partenercollective.com\/en\/professionals\/coach\/marjorie-glantz\/","og_site_name":"Partener Collective","article_modified_time":"2025-06-27T14:19:53+00:00","og_image":[{"width":800,"height":800,"url":"https:\/\/partenercollective.com\/wp-content\/uploads\/2024\/04\/foto-marjorie-e-glantz.jpg","type":"image\/jpeg"}],"twitter_card":"summary_large_image","twitter_misc":{"Est. reading time":"1 minute"},"schema":{"@context":"https:\/\/schema.org","@graph":[{"@type":"WebPage","@id":"https:\/\/partenercollective.com\/profesionales\/coach\/marjorie-glantz\/","url":"https:\/\/partenercollective.com\/profesionales\/coach\/marjorie-glantz\/","name":"Marjorie Glantz - Partener Collective","isPartOf":{"@id":"https:\/\/partenercollective.com\/#website"},"primaryImageOfPage":{"@id":"https:\/\/partenercollective.com\/profesionales\/coach\/marjorie-glantz\/#primaryimage"},"image":{"@id":"https:\/\/partenercollective.com\/profesionales\/coach\/marjorie-glantz\/#primaryimage"},"thumbnailUrl":"https:\/\/partenercollective.com\/wp-content\/uploads\/2024\/04\/foto-marjorie-e-glantz.jpg","datePublished":"2024-05-14T10:56:45+00:00","dateModified":"2025-06-27T14:19:53+00:00","breadcrumb":{"@id":"https:\/\/partenercollective.com\/profesionales\/coach\/marjorie-glantz\/#breadcrumb"},"inLanguage":"en-US","potentialAction":[{"@type":"ReadAction","target":["https:\/\/partenercollective.com\/profesionales\/coach\/marjorie-glantz\/"]}]},{"@type":"ImageObject","inLanguage":"en-US","@id":"https:\/\/partenercollective.com\/profesionales\/coach\/marjorie-glantz\/#primaryimage","url":"https:\/\/partenercollective.com\/wp-content\/uploads\/2024\/04\/foto-marjorie-e-glantz.jpg","contentUrl":"https:\/\/partenercollective.com\/wp-content\/uploads\/2024\/04\/foto-marjorie-e-glantz.jpg","width":800,"height":800,"caption":"Marjorie Glantz"},{"@type":"BreadcrumbList","@id":"https:\/\/partenercollective.com\/profesionales\/coach\/marjorie-glantz\/#breadcrumb","itemListElement":[{"@type":"ListItem","position":1,"name":"Portada","item":"https:\/\/partenercollective.com\/"},{"@type":"ListItem","position":2,"name":"Profesionales","item":"https:\/\/partenercollective.com\/profesionales\/"},{"@type":"ListItem","position":3,"name":"Marjorie Glantz"}]},{"@type":"WebSite","@id":"https:\/\/partenercollective.com\/#website","url":"https:\/\/partenercollective.com\/","name":"Partener Collective","description":"Connect with an International Community of Actors and Coaches to take your scenes, characters and self-tapes to the next level.","publisher":{"@id":"https:\/\/partenercollective.com\/#organization"},"alternateName":"Partener Collective","potentialAction":[{"@type":"SearchAction","target":{"@type":"EntryPoint","urlTemplate":"https:\/\/partenercollective.com\/?s={search_term_string}"},"query-input":{"@type":"PropertyValueSpecification","valueRequired":true,"valueName":"search_term_string"}}],"inLanguage":"en-US"},{"@type":"Organization","@id":"https:\/\/partenercollective.com\/#organization","name":"Partener Collective","alternateName":"Partener Collective","url":"https:\/\/partenercollective.com\/","logo":{"@type":"ImageObject","inLanguage":"en-US","@id":"https:\/\/partenercollective.com\/#\/schema\/logo\/image\/","url":"https:\/\/partenercollective.com\/wp-content\/uploads\/2024\/04\/partener-collective-logo.png","contentUrl":"https:\/\/partenercollective.com\/wp-content\/uploads\/2024\/04\/partener-collective-logo.png","width":2156,"height":604,"caption":"Partener Collective"},"image":{"@id":"https:\/\/partenercollective.com\/#\/schema\/logo\/image\/"},"sameAs":["https:\/\/www.instagram.com\/partenercollective\/"]}]}},"_links":{"self":[{"href":"https:\/\/partenercollective.com\/en\/wp-json\/wp\/v2\/product\/621","targetHints":{"allow":["GET"]}}],"collection":[{"href":"https:\/\/partenercollective.com\/en\/wp-json\/wp\/v2\/product"}],"about":[{"href":"https:\/\/partenercollective.com\/en\/wp-json\/wp\/v2\/types\/product"}],"replies":[{"embeddable":true,"href":"https:\/\/partenercollective.com\/en\/wp-json\/wp\/v2\/comments?post=621"}],"wp:featuredmedia":[{"embeddable":true,"href":"https:\/\/partenercollective.com\/en\/wp-json\/wp\/v2\/media\/437"}],"wp:attachment":[{"href":"https:\/\/partenercollective.com\/en\/wp-json\/wp\/v2\/media?parent=621"}],"wp:term":[{"taxonomy":"product_brand","embeddable":true,"href":"https:\/\/partenercollective.com\/en\/wp-json\/wp\/v2\/product_brand?post=621"},{"taxonomy":"product_cat","embeddable":true,"href":"https:\/\/partenercollective.com\/en\/wp-json\/wp\/v2\/product_cat?post=621"},{"taxonomy":"product_tag","embeddable":true,"href":"https:\/\/partenercollective.com\/en\/wp-json\/wp\/v2\/product_tag?post=621"},{"taxonomy":"idioma","embeddable":true,"href":"https:\/\/partenercollective.com\/en\/wp-json\/wp\/v2\/idioma?post=621"}],"curies":[{"name":"wp","href":"https:\/\/api.w.org\/{rel}","templated":true}]}}