{"id":624,"date":"2024-05-22T11:58:03","date_gmt":"2024-05-22T09:58:03","guid":{"rendered":"https:\/\/partenercollective.com\/?post_type=product&#038;p=624"},"modified":"2026-01-27T12:12:02","modified_gmt":"2026-01-27T11:12:02","slug":"carlos-alvarez-ossorio-2","status":"publish","type":"product","link":"https:\/\/partenercollective.com\/en\/profesionales\/coach\/carlos-alvarez-ossorio-2\/","title":{"rendered":"Carlos \u00c1lvarez-Ossorio"},"content":{"rendered":"","protected":false},"excerpt":{"rendered":"<p>Carlos \u00c1lvarez-Ossorio is a stage director, actor, playwright, lighting designer and filmmaker, born in Seville in 1973 and based in Galicia since 2004. With a degree in Audiovisual Communication from the University of Seville, he complemented his training with studies at the School of Stage Direction of the Andalusian Theater Institute, in addition to working with theater groups such as TNT, Odin Teatret and the London Academy of Performing Arts. He has written articles and given workshops, courses and lectures on the performing arts, publishing the manual \"Ferramentas para o di\u00e1logo teatral\" (Editorial Casahamlet). He is the director and founder of the company C\u00e1mara Negra, with which he has staged texts by authors such as Shakespeare, Chekhov, Ibsen, Kolt\u00e9s and M\u00fcller, winning multiple awards, such as the ADE Jos\u00e9 Luis Alonso Award and the Tel\u00f3n Chivas Award. He has been a candidate on several occasions for the MAX Awards, being a finalist in 2022 in the category of Best Actor for his one-man show 'Si esto es un hombre' and winning the 2007 Award for Best Author in Galician. His career as a director includes collaborations with the Andalusian Theater Center, the European Theatrical Convention and the International Classical Theater Festival of Merida, as well as with various companies throughout Spain, winning in 2009 the Jara Award for Best Director of the Extremadura Professional Theater. His productions have traveled throughout Spain, France, Cuba, Greece, Germany, Malta...<\/p>","protected":false},"featured_media":695,"comment_status":"closed","ping_status":"closed","template":"","meta":[],"product_brand":[],"product_cat":[20],"product_tag":[],"idioma":[43,40],"class_list":{"0":"post-624","1":"product","2":"type-product","3":"status-publish","4":"has-post-thumbnail","6":"product_cat-coach","7":"yith_shop_vendor-carlos","8":"idioma-espanol-castellano","9":"idioma-gallego","11":"first","12":"instock","13":"virtual","14":"sold-individually","15":"taxable","16":"purchasable","17":"product-type-booking"},"yoast_head":"<!-- This site is optimized with the Yoast SEO plugin v27.5 - https:\/\/yoast.com\/product\/yoast-seo-wordpress\/ -->\n<title>Carlos \u00c1lvarez-Ossorio - Partener Collective<\/title>\n<meta name=\"robots\" content=\"index, follow, max-snippet:-1, max-image-preview:large, max-video-preview:-1\" \/>\n<link rel=\"canonical\" href=\"https:\/\/partenercollective.com\/en\/professionals\/coach\/carlos-alvarez-ossorio-2\/\" \/>\n<meta property=\"og:locale\" content=\"en_US\" \/>\n<meta property=\"og:type\" content=\"article\" \/>\n<meta property=\"og:title\" content=\"Carlos \u00c1lvarez-Ossorio - Partener Collective\" \/>\n<meta property=\"og:description\" content=\"Carlos \u00c1lvarez-Ossorio es director de escena, actor, dramaturgo, iluminador y cineasta, nacido en Sevilla en 1973 y establecido en Galicia desde 2004. Licenciado en Comunicaci\u00f3n Audiovisual por la Universidad de Sevilla, complement\u00f3 su formaci\u00f3n con estudios en la Escuela de Direcci\u00f3n Esc\u00e9nica del Instituto Andaluz del Teatro, adem\u00e1s de trabajar con colectivos teatrales como el TNT, el Odin Teatret y la London Academy of Performing Arts. Ha escrito art\u00edculos e impartido talleres, cursos y conferencias en torno a las artes esc\u00e9nicas, publicando el manual \u201cFerramentas para o di\u00e1logo teatral\u201d (Editorial Casahamlet). Es el director y fundador de la compa\u00f1\u00eda C\u00e1mara Negra, con la que ha montado textos de autores como Shakespeare, Chejov, Ibsen, Kolt\u00e9s y M\u00fcller, obteniendo m\u00faltiples galardones, como el Premio Jos\u00e9 Luis Alonso de la ADE y el Premio Telo\u0301n Chivas. Ha sido candidato en varias ocasiones a los Premios MAX, siendo finalista en el 2022 en la categor\u00eda de Mejor Actor por su unipersonal &#039;Si esto es un hombre&#039; y obteniendo en el 2007 el Premio al Mejor Autor en Gallego. Su trayectoria como director incluye colaboraciones con el Centro Andaluz de Teatro, la Convenci\u00f3n Teatral Europea y el Festival Internacional de Teatro Cl\u00e1sico de M\u00e9rida, adem\u00e1s de con diversas compa\u00f1\u00edas de toda Espa\u00f1a, obteniendo en el 2009 el Premio Jara del Teatro Profesional Extreme\u00f1o al Mejor Director. Sus montajes han viajado por toda Espa\u00f1a, por Francia, Cuba, Grecia, Alemania, Malta\u2026\" \/>\n<meta property=\"og:url\" content=\"https:\/\/partenercollective.com\/en\/professionals\/coach\/carlos-alvarez-ossorio-2\/\" \/>\n<meta property=\"og:site_name\" content=\"Partener Collective\" \/>\n<meta property=\"article:modified_time\" content=\"2026-01-27T11:12:02+00:00\" \/>\n<meta property=\"og:image\" content=\"https:\/\/partenercollective.com\/wp-content\/uploads\/2024\/05\/carlos-alvarez.jpg\" \/>\n\t<meta property=\"og:image:width\" content=\"800\" \/>\n\t<meta property=\"og:image:height\" content=\"800\" \/>\n\t<meta property=\"og:image:type\" content=\"image\/jpeg\" \/>\n<meta name=\"twitter:card\" content=\"summary_large_image\" \/>\n<meta name=\"twitter:label1\" content=\"Est. reading time\" \/>\n\t<meta name=\"twitter:data1\" content=\"1 minute\" \/>\n<script type=\"application\/ld+json\" class=\"yoast-schema-graph\">{\"@context\":\"https:\\\/\\\/schema.org\",\"@graph\":[{\"@type\":\"WebPage\",\"@id\":\"https:\\\/\\\/partenercollective.com\\\/profesionales\\\/coach\\\/carlos-alvarez-ossorio-2\\\/\",\"url\":\"https:\\\/\\\/partenercollective.com\\\/profesionales\\\/coach\\\/carlos-alvarez-ossorio-2\\\/\",\"name\":\"Carlos \u00c1lvarez-Ossorio - Partener Collective\",\"isPartOf\":{\"@id\":\"https:\\\/\\\/partenercollective.com\\\/#website\"},\"primaryImageOfPage\":{\"@id\":\"https:\\\/\\\/partenercollective.com\\\/profesionales\\\/coach\\\/carlos-alvarez-ossorio-2\\\/#primaryimage\"},\"image\":{\"@id\":\"https:\\\/\\\/partenercollective.com\\\/profesionales\\\/coach\\\/carlos-alvarez-ossorio-2\\\/#primaryimage\"},\"thumbnailUrl\":\"https:\\\/\\\/partenercollective.com\\\/wp-content\\\/uploads\\\/2024\\\/05\\\/carlos-alvarez.jpg\",\"datePublished\":\"2024-05-22T09:58:03+00:00\",\"dateModified\":\"2026-01-27T11:12:02+00:00\",\"breadcrumb\":{\"@id\":\"https:\\\/\\\/partenercollective.com\\\/profesionales\\\/coach\\\/carlos-alvarez-ossorio-2\\\/#breadcrumb\"},\"inLanguage\":\"en-US\",\"potentialAction\":[{\"@type\":\"ReadAction\",\"target\":[\"https:\\\/\\\/partenercollective.com\\\/profesionales\\\/coach\\\/carlos-alvarez-ossorio-2\\\/\"]}]},{\"@type\":\"ImageObject\",\"inLanguage\":\"en-US\",\"@id\":\"https:\\\/\\\/partenercollective.com\\\/profesionales\\\/coach\\\/carlos-alvarez-ossorio-2\\\/#primaryimage\",\"url\":\"https:\\\/\\\/partenercollective.com\\\/wp-content\\\/uploads\\\/2024\\\/05\\\/carlos-alvarez.jpg\",\"contentUrl\":\"https:\\\/\\\/partenercollective.com\\\/wp-content\\\/uploads\\\/2024\\\/05\\\/carlos-alvarez.jpg\",\"width\":800,\"height\":800,\"caption\":\"Carlos Alvarez-Ossorio\"},{\"@type\":\"BreadcrumbList\",\"@id\":\"https:\\\/\\\/partenercollective.com\\\/profesionales\\\/coach\\\/carlos-alvarez-ossorio-2\\\/#breadcrumb\",\"itemListElement\":[{\"@type\":\"ListItem\",\"position\":1,\"name\":\"Portada\",\"item\":\"https:\\\/\\\/partenercollective.com\\\/\"},{\"@type\":\"ListItem\",\"position\":2,\"name\":\"Profesionales\",\"item\":\"https:\\\/\\\/partenercollective.com\\\/profesionales\\\/\"},{\"@type\":\"ListItem\",\"position\":3,\"name\":\"Carlos \u00c1lvarez-Ossorio\"}]},{\"@type\":\"WebSite\",\"@id\":\"https:\\\/\\\/partenercollective.com\\\/#website\",\"url\":\"https:\\\/\\\/partenercollective.com\\\/\",\"name\":\"Partener Collective\",\"description\":\"Conecta con una Comunidad Internacional de Actores y Coach para llevar tus escenas, personajes y self-tapes al siguiente nivel.\",\"publisher\":{\"@id\":\"https:\\\/\\\/partenercollective.com\\\/#organization\"},\"alternateName\":\"Partener Collective\",\"potentialAction\":[{\"@type\":\"SearchAction\",\"target\":{\"@type\":\"EntryPoint\",\"urlTemplate\":\"https:\\\/\\\/partenercollective.com\\\/?s={search_term_string}\"},\"query-input\":{\"@type\":\"PropertyValueSpecification\",\"valueRequired\":true,\"valueName\":\"search_term_string\"}}],\"inLanguage\":\"en-US\"},{\"@type\":\"Organization\",\"@id\":\"https:\\\/\\\/partenercollective.com\\\/#organization\",\"name\":\"Partener Collective\",\"alternateName\":\"Partener Collective\",\"url\":\"https:\\\/\\\/partenercollective.com\\\/\",\"logo\":{\"@type\":\"ImageObject\",\"inLanguage\":\"en-US\",\"@id\":\"https:\\\/\\\/partenercollective.com\\\/#\\\/schema\\\/logo\\\/image\\\/\",\"url\":\"https:\\\/\\\/partenercollective.com\\\/wp-content\\\/uploads\\\/2024\\\/04\\\/partener-collective-logo.png\",\"contentUrl\":\"https:\\\/\\\/partenercollective.com\\\/wp-content\\\/uploads\\\/2024\\\/04\\\/partener-collective-logo.png\",\"width\":2156,\"height\":604,\"caption\":\"Partener Collective\"},\"image\":{\"@id\":\"https:\\\/\\\/partenercollective.com\\\/#\\\/schema\\\/logo\\\/image\\\/\"},\"sameAs\":[\"https:\\\/\\\/www.instagram.com\\\/partenercollective\\\/\"]}]}<\/script>\n<!-- \/ Yoast SEO plugin. -->","yoast_head_json":{"title":"Carlos \u00c1lvarez-Ossorio - Partener Collective","robots":{"index":"index","follow":"follow","max-snippet":"max-snippet:-1","max-image-preview":"max-image-preview:large","max-video-preview":"max-video-preview:-1"},"canonical":"https:\/\/partenercollective.com\/en\/professionals\/coach\/carlos-alvarez-ossorio-2\/","og_locale":"en_US","og_type":"article","og_title":"Carlos \u00c1lvarez-Ossorio - Partener Collective","og_description":"Carlos \u00c1lvarez-Ossorio es director de escena, actor, dramaturgo, iluminador y cineasta, nacido en Sevilla en 1973 y establecido en Galicia desde 2004. Licenciado en Comunicaci\u00f3n Audiovisual por la Universidad de Sevilla, complement\u00f3 su formaci\u00f3n con estudios en la Escuela de Direcci\u00f3n Esc\u00e9nica del Instituto Andaluz del Teatro, adem\u00e1s de trabajar con colectivos teatrales como el TNT, el Odin Teatret y la London Academy of Performing Arts. Ha escrito art\u00edculos e impartido talleres, cursos y conferencias en torno a las artes esc\u00e9nicas, publicando el manual \u201cFerramentas para o di\u00e1logo teatral\u201d (Editorial Casahamlet). Es el director y fundador de la compa\u00f1\u00eda C\u00e1mara Negra, con la que ha montado textos de autores como Shakespeare, Chejov, Ibsen, Kolt\u00e9s y M\u00fcller, obteniendo m\u00faltiples galardones, como el Premio Jos\u00e9 Luis Alonso de la ADE y el Premio Telo\u0301n Chivas. Ha sido candidato en varias ocasiones a los Premios MAX, siendo finalista en el 2022 en la categor\u00eda de Mejor Actor por su unipersonal 'Si esto es un hombre' y obteniendo en el 2007 el Premio al Mejor Autor en Gallego. Su trayectoria como director incluye colaboraciones con el Centro Andaluz de Teatro, la Convenci\u00f3n Teatral Europea y el Festival Internacional de Teatro Cl\u00e1sico de M\u00e9rida, adem\u00e1s de con diversas compa\u00f1\u00edas de toda Espa\u00f1a, obteniendo en el 2009 el Premio Jara del Teatro Profesional Extreme\u00f1o al Mejor Director. Sus montajes han viajado por toda Espa\u00f1a, por Francia, Cuba, Grecia, Alemania, Malta\u2026","og_url":"https:\/\/partenercollective.com\/en\/professionals\/coach\/carlos-alvarez-ossorio-2\/","og_site_name":"Partener Collective","article_modified_time":"2026-01-27T11:12:02+00:00","og_image":[{"width":800,"height":800,"url":"https:\/\/partenercollective.com\/wp-content\/uploads\/2024\/05\/carlos-alvarez.jpg","type":"image\/jpeg"}],"twitter_card":"summary_large_image","twitter_misc":{"Est. reading time":"1 minute"},"schema":{"@context":"https:\/\/schema.org","@graph":[{"@type":"WebPage","@id":"https:\/\/partenercollective.com\/profesionales\/coach\/carlos-alvarez-ossorio-2\/","url":"https:\/\/partenercollective.com\/profesionales\/coach\/carlos-alvarez-ossorio-2\/","name":"Carlos \u00c1lvarez-Ossorio - Partener Collective","isPartOf":{"@id":"https:\/\/partenercollective.com\/#website"},"primaryImageOfPage":{"@id":"https:\/\/partenercollective.com\/profesionales\/coach\/carlos-alvarez-ossorio-2\/#primaryimage"},"image":{"@id":"https:\/\/partenercollective.com\/profesionales\/coach\/carlos-alvarez-ossorio-2\/#primaryimage"},"thumbnailUrl":"https:\/\/partenercollective.com\/wp-content\/uploads\/2024\/05\/carlos-alvarez.jpg","datePublished":"2024-05-22T09:58:03+00:00","dateModified":"2026-01-27T11:12:02+00:00","breadcrumb":{"@id":"https:\/\/partenercollective.com\/profesionales\/coach\/carlos-alvarez-ossorio-2\/#breadcrumb"},"inLanguage":"en-US","potentialAction":[{"@type":"ReadAction","target":["https:\/\/partenercollective.com\/profesionales\/coach\/carlos-alvarez-ossorio-2\/"]}]},{"@type":"ImageObject","inLanguage":"en-US","@id":"https:\/\/partenercollective.com\/profesionales\/coach\/carlos-alvarez-ossorio-2\/#primaryimage","url":"https:\/\/partenercollective.com\/wp-content\/uploads\/2024\/05\/carlos-alvarez.jpg","contentUrl":"https:\/\/partenercollective.com\/wp-content\/uploads\/2024\/05\/carlos-alvarez.jpg","width":800,"height":800,"caption":"Carlos Alvarez-Ossorio"},{"@type":"BreadcrumbList","@id":"https:\/\/partenercollective.com\/profesionales\/coach\/carlos-alvarez-ossorio-2\/#breadcrumb","itemListElement":[{"@type":"ListItem","position":1,"name":"Portada","item":"https:\/\/partenercollective.com\/"},{"@type":"ListItem","position":2,"name":"Profesionales","item":"https:\/\/partenercollective.com\/profesionales\/"},{"@type":"ListItem","position":3,"name":"Carlos \u00c1lvarez-Ossorio"}]},{"@type":"WebSite","@id":"https:\/\/partenercollective.com\/#website","url":"https:\/\/partenercollective.com\/","name":"Partener Collective","description":"Connect with an International Community of Actors and Coaches to take your scenes, characters and self-tapes to the next level.","publisher":{"@id":"https:\/\/partenercollective.com\/#organization"},"alternateName":"Partener Collective","potentialAction":[{"@type":"SearchAction","target":{"@type":"EntryPoint","urlTemplate":"https:\/\/partenercollective.com\/?s={search_term_string}"},"query-input":{"@type":"PropertyValueSpecification","valueRequired":true,"valueName":"search_term_string"}}],"inLanguage":"en-US"},{"@type":"Organization","@id":"https:\/\/partenercollective.com\/#organization","name":"Partener Collective","alternateName":"Partener Collective","url":"https:\/\/partenercollective.com\/","logo":{"@type":"ImageObject","inLanguage":"en-US","@id":"https:\/\/partenercollective.com\/#\/schema\/logo\/image\/","url":"https:\/\/partenercollective.com\/wp-content\/uploads\/2024\/04\/partener-collective-logo.png","contentUrl":"https:\/\/partenercollective.com\/wp-content\/uploads\/2024\/04\/partener-collective-logo.png","width":2156,"height":604,"caption":"Partener Collective"},"image":{"@id":"https:\/\/partenercollective.com\/#\/schema\/logo\/image\/"},"sameAs":["https:\/\/www.instagram.com\/partenercollective\/"]}]}},"_links":{"self":[{"href":"https:\/\/partenercollective.com\/en\/wp-json\/wp\/v2\/product\/624","targetHints":{"allow":["GET"]}}],"collection":[{"href":"https:\/\/partenercollective.com\/en\/wp-json\/wp\/v2\/product"}],"about":[{"href":"https:\/\/partenercollective.com\/en\/wp-json\/wp\/v2\/types\/product"}],"replies":[{"embeddable":true,"href":"https:\/\/partenercollective.com\/en\/wp-json\/wp\/v2\/comments?post=624"}],"wp:featuredmedia":[{"embeddable":true,"href":"https:\/\/partenercollective.com\/en\/wp-json\/wp\/v2\/media\/695"}],"wp:attachment":[{"href":"https:\/\/partenercollective.com\/en\/wp-json\/wp\/v2\/media?parent=624"}],"wp:term":[{"taxonomy":"product_brand","embeddable":true,"href":"https:\/\/partenercollective.com\/en\/wp-json\/wp\/v2\/product_brand?post=624"},{"taxonomy":"product_cat","embeddable":true,"href":"https:\/\/partenercollective.com\/en\/wp-json\/wp\/v2\/product_cat?post=624"},{"taxonomy":"product_tag","embeddable":true,"href":"https:\/\/partenercollective.com\/en\/wp-json\/wp\/v2\/product_tag?post=624"},{"taxonomy":"idioma","embeddable":true,"href":"https:\/\/partenercollective.com\/en\/wp-json\/wp\/v2\/idioma?post=624"}],"curies":[{"name":"wp","href":"https:\/\/api.w.org\/{rel}","templated":true}]}}