{"id":625,"date":"2024-05-27T12:09:19","date_gmt":"2024-05-27T10:09:19","guid":{"rendered":"https:\/\/partenercollective.com\/?post_type=product&#038;p=625"},"modified":"2025-07-01T10:30:42","modified_gmt":"2025-07-01T08:30:42","slug":"anton-coucheiro","status":"publish","type":"product","link":"https:\/\/partenercollective.com\/en\/professionals\/coach\/anton-coucheiro\/","title":{"rendered":"Ant\u00f3n Coucheiro"},"content":{"rendered":"<p>Hi, I'm Ant\u00f3n, but almost everyone knows me by Cou. I'm an actor, screenwriter and director, my specialty: comedy. I've been in the profession for more than 20 years.<\/p>\n<p>Si necesitas ayuda con alg\u00fan texto, podr\u00edamos mirar como enfocarlo juntos. Si es comedia, seguro que puedo ayudarte a trabajarlo a fondo (interpretaci\u00f3n, verdad, gestualidad, ritmo, timing, etc.)<\/p>\n<p>No dudes en ponerte en contacto conmigo!<\/p>","protected":false},"excerpt":{"rendered":"<div class=\"page\" title=\"Page 1\">\n<div class=\"section\">\n<div class=\"section\">\n<div class=\"layoutArea\">\n<div class=\"column\">\n<p>Hi, I'm Ant\u00f3n, but almost everyone knows me by Cou. I'm an actor, screenwriter and director, my specialty: comedy. I've been in the profession for more than 20 years.<\/p>\n<\/div>\n<\/div>\n<\/div>\n<div class=\"section\">\n<div class=\"layoutArea\">\n<div class=\"column\">\n<p>I trained in acting at Espacio Aberto, Santiago de Compostela, in non-verbal theater at HAMU in Prague, and in circus at Fundi\u00e7\u00e2o Progresso in Rio de Janeiro. Master in Scriptwriting at URJC in Madrid, Diploma in Theatrical Improvisation at Universidad del Bosque in Bogota, and Master in Theater Direction at ESMAE in Oporto. In addition, I trained in clown and impro with the best international teachers.<\/p>\n<p>I have worked in theater with companies such as A Factor\u00eda, Ch\u00e9vere, Matarile, the CDG, the CDN or Pista Catro, of which he was founder. In series (Matalobos, Serramoura, Padre Casares, Aqui No Hay Quien Viva, Fari\u00f1a, Vivir Sin Permiso, Rapa, etc) and in television programs (Luar, Mundo Verbena, Os Aspirantes, etc). I also made my own short films (Katiuska, Carreiras Secretas).<\/p>\n<p>I produce and direct my own shows (Cig\u00e2n\u00ed, Psic\u00f3pata, M\u00faltiple, Smart, Son\u00e1mbulo, OldPlay, Home), and also for other companies (Outono, Mezzo, etc). In my productions, I usually approach comedy from different genres, and a topic on which I research and on which I have written several articles and a thesis, is the participation of the audience.<\/p>\n<p>I have been director of street theater festivals (DGorra) and impro (Imperdible, ImproMax\u00edn), founder of the micro-theater house A Regadeira de Adela, and of the schools Circo Nove and Espont\u00e1nea. Currently I direct the Master in Theatrical Improvisation of the USC F!T. I have also been a clown and impro teacher in countries such as Portugal, Brazil, Czech Republic, Dominican Republic, USA, Costa Rica, Italy, Cuba, Peru, Colombia, India, Mozambique, etc.<\/p>\n<\/div>\n<\/div>\n<\/div>\n<\/div>\n<\/div>","protected":false},"featured_media":430,"comment_status":"closed","ping_status":"closed","template":"","meta":[],"product_brand":[],"product_cat":[20],"product_tag":[],"idioma":[43,40,45],"class_list":{"0":"post-625","1":"product","2":"type-product","3":"status-publish","4":"has-post-thumbnail","6":"product_cat-coach","7":"yith_shop_vendor-anton","8":"idioma-espanol-castellano","9":"idioma-gallego","10":"idioma-portugues","12":"first","13":"instock","14":"virtual","15":"sold-individually","16":"taxable","17":"purchasable","18":"product-type-booking"},"yoast_head":"<!-- This site is optimized with the Yoast SEO plugin v26.6 - https:\/\/yoast.com\/wordpress\/plugins\/seo\/ -->\n<title>Ant\u00f3n Coucheiro - Partener Collective<\/title>\n<meta name=\"description\" content=\"Hola! Soy Ant\u00f3n, pero casi todos me conocen por Cou. Soy actor, guionista y director, mi especialidad: la comedia. Llevo m\u00e1s de 20 a\u00f1os en la profesi\u00f3n.\" \/>\n<meta name=\"robots\" content=\"index, follow, max-snippet:-1, max-image-preview:large, max-video-preview:-1\" \/>\n<link rel=\"canonical\" href=\"https:\/\/partenercollective.com\/en\/professionals\/coach\/anton-coucheiro\/\" \/>\n<meta property=\"og:locale\" content=\"en_US\" \/>\n<meta property=\"og:type\" content=\"article\" \/>\n<meta property=\"og:title\" content=\"Ant\u00f3n Coucheiro - Partener Collective\" \/>\n<meta property=\"og:description\" content=\"Hola! Soy Ant\u00f3n, pero casi todos me conocen por Cou. Soy actor, guionista y director, mi especialidad: la comedia. Llevo m\u00e1s de 20 a\u00f1os en la profesi\u00f3n.\" \/>\n<meta property=\"og:url\" content=\"https:\/\/partenercollective.com\/en\/professionals\/coach\/anton-coucheiro\/\" \/>\n<meta property=\"og:site_name\" content=\"Partener Collective\" \/>\n<meta property=\"article:modified_time\" content=\"2025-07-01T08:30:42+00:00\" \/>\n<meta property=\"og:image\" content=\"https:\/\/partenercollective.com\/wp-content\/uploads\/2024\/04\/foto-cou.jpg\" \/>\n\t<meta property=\"og:image:width\" content=\"800\" \/>\n\t<meta property=\"og:image:height\" content=\"800\" \/>\n\t<meta property=\"og:image:type\" content=\"image\/jpeg\" \/>\n<meta name=\"twitter:card\" content=\"summary_large_image\" \/>\n<meta name=\"twitter:label1\" content=\"Est. reading time\" \/>\n\t<meta name=\"twitter:data1\" content=\"1 minute\" \/>\n<script type=\"application\/ld+json\" class=\"yoast-schema-graph\">{\"@context\":\"https:\/\/schema.org\",\"@graph\":[{\"@type\":\"WebPage\",\"@id\":\"https:\/\/partenercollective.com\/profesionales\/coach\/anton-coucheiro\/\",\"url\":\"https:\/\/partenercollective.com\/profesionales\/coach\/anton-coucheiro\/\",\"name\":\"Ant\u00f3n Coucheiro - Partener Collective\",\"isPartOf\":{\"@id\":\"https:\/\/partenercollective.com\/#website\"},\"primaryImageOfPage\":{\"@id\":\"https:\/\/partenercollective.com\/profesionales\/coach\/anton-coucheiro\/#primaryimage\"},\"image\":{\"@id\":\"https:\/\/partenercollective.com\/profesionales\/coach\/anton-coucheiro\/#primaryimage\"},\"thumbnailUrl\":\"https:\/\/partenercollective.com\/wp-content\/uploads\/2024\/04\/foto-cou.jpg\",\"datePublished\":\"2024-05-27T10:09:19+00:00\",\"dateModified\":\"2025-07-01T08:30:42+00:00\",\"description\":\"Hola! Soy Ant\u00f3n, pero casi todos me conocen por Cou. Soy actor, guionista y director, mi especialidad: la comedia. Llevo m\u00e1s de 20 a\u00f1os en la profesi\u00f3n.\",\"breadcrumb\":{\"@id\":\"https:\/\/partenercollective.com\/profesionales\/coach\/anton-coucheiro\/#breadcrumb\"},\"inLanguage\":\"en-US\",\"potentialAction\":[{\"@type\":\"ReadAction\",\"target\":[\"https:\/\/partenercollective.com\/profesionales\/coach\/anton-coucheiro\/\"]}]},{\"@type\":\"ImageObject\",\"inLanguage\":\"en-US\",\"@id\":\"https:\/\/partenercollective.com\/profesionales\/coach\/anton-coucheiro\/#primaryimage\",\"url\":\"https:\/\/partenercollective.com\/wp-content\/uploads\/2024\/04\/foto-cou.jpg\",\"contentUrl\":\"https:\/\/partenercollective.com\/wp-content\/uploads\/2024\/04\/foto-cou.jpg\",\"width\":800,\"height\":800,\"caption\":\"Ant\u00f3n Coucheiro\"},{\"@type\":\"BreadcrumbList\",\"@id\":\"https:\/\/partenercollective.com\/profesionales\/coach\/anton-coucheiro\/#breadcrumb\",\"itemListElement\":[{\"@type\":\"ListItem\",\"position\":1,\"name\":\"Portada\",\"item\":\"https:\/\/partenercollective.com\/\"},{\"@type\":\"ListItem\",\"position\":2,\"name\":\"Profesionales\",\"item\":\"https:\/\/partenercollective.com\/profesionales\/\"},{\"@type\":\"ListItem\",\"position\":3,\"name\":\"Ant\u00f3n Coucheiro\"}]},{\"@type\":\"WebSite\",\"@id\":\"https:\/\/partenercollective.com\/#website\",\"url\":\"https:\/\/partenercollective.com\/\",\"name\":\"Partener Collective\",\"description\":\"Conecta con una Comunidad Internacional de Actores y Coach para llevar tus escenas, personajes y self-tapes al siguiente nivel.\",\"publisher\":{\"@id\":\"https:\/\/partenercollective.com\/#organization\"},\"alternateName\":\"Partener Collective\",\"potentialAction\":[{\"@type\":\"SearchAction\",\"target\":{\"@type\":\"EntryPoint\",\"urlTemplate\":\"https:\/\/partenercollective.com\/?s={search_term_string}\"},\"query-input\":{\"@type\":\"PropertyValueSpecification\",\"valueRequired\":true,\"valueName\":\"search_term_string\"}}],\"inLanguage\":\"en-US\"},{\"@type\":\"Organization\",\"@id\":\"https:\/\/partenercollective.com\/#organization\",\"name\":\"Partener Collective\",\"alternateName\":\"Partener Collective\",\"url\":\"https:\/\/partenercollective.com\/\",\"logo\":{\"@type\":\"ImageObject\",\"inLanguage\":\"en-US\",\"@id\":\"https:\/\/partenercollective.com\/#\/schema\/logo\/image\/\",\"url\":\"https:\/\/partenercollective.com\/wp-content\/uploads\/2024\/04\/partener-collective-logo.png\",\"contentUrl\":\"https:\/\/partenercollective.com\/wp-content\/uploads\/2024\/04\/partener-collective-logo.png\",\"width\":2156,\"height\":604,\"caption\":\"Partener Collective\"},\"image\":{\"@id\":\"https:\/\/partenercollective.com\/#\/schema\/logo\/image\/\"},\"sameAs\":[\"https:\/\/www.instagram.com\/partenercollective\/\"]}]}<\/script>\n<!-- \/ Yoast SEO plugin. -->","yoast_head_json":{"title":"Ant\u00f3n Coucheiro - Partener Collective","description":"Hi, I'm Ant\u00f3n, but almost everyone knows me by Cou. I'm an actor, screenwriter and director, my specialty: comedy. I've been in the profession for more than 20 years.","robots":{"index":"index","follow":"follow","max-snippet":"max-snippet:-1","max-image-preview":"max-image-preview:large","max-video-preview":"max-video-preview:-1"},"canonical":"https:\/\/partenercollective.com\/en\/professionals\/coach\/anton-coucheiro\/","og_locale":"en_US","og_type":"article","og_title":"Ant\u00f3n Coucheiro - Partener Collective","og_description":"Hola! Soy Ant\u00f3n, pero casi todos me conocen por Cou. Soy actor, guionista y director, mi especialidad: la comedia. Llevo m\u00e1s de 20 a\u00f1os en la profesi\u00f3n.","og_url":"https:\/\/partenercollective.com\/en\/professionals\/coach\/anton-coucheiro\/","og_site_name":"Partener Collective","article_modified_time":"2025-07-01T08:30:42+00:00","og_image":[{"width":800,"height":800,"url":"https:\/\/partenercollective.com\/wp-content\/uploads\/2024\/04\/foto-cou.jpg","type":"image\/jpeg"}],"twitter_card":"summary_large_image","twitter_misc":{"Est. reading time":"1 minute"},"schema":{"@context":"https:\/\/schema.org","@graph":[{"@type":"WebPage","@id":"https:\/\/partenercollective.com\/profesionales\/coach\/anton-coucheiro\/","url":"https:\/\/partenercollective.com\/profesionales\/coach\/anton-coucheiro\/","name":"Ant\u00f3n Coucheiro - Partener Collective","isPartOf":{"@id":"https:\/\/partenercollective.com\/#website"},"primaryImageOfPage":{"@id":"https:\/\/partenercollective.com\/profesionales\/coach\/anton-coucheiro\/#primaryimage"},"image":{"@id":"https:\/\/partenercollective.com\/profesionales\/coach\/anton-coucheiro\/#primaryimage"},"thumbnailUrl":"https:\/\/partenercollective.com\/wp-content\/uploads\/2024\/04\/foto-cou.jpg","datePublished":"2024-05-27T10:09:19+00:00","dateModified":"2025-07-01T08:30:42+00:00","description":"Hi, I'm Ant\u00f3n, but almost everyone knows me by Cou. I'm an actor, screenwriter and director, my specialty: comedy. I've been in the profession for more than 20 years.","breadcrumb":{"@id":"https:\/\/partenercollective.com\/profesionales\/coach\/anton-coucheiro\/#breadcrumb"},"inLanguage":"en-US","potentialAction":[{"@type":"ReadAction","target":["https:\/\/partenercollective.com\/profesionales\/coach\/anton-coucheiro\/"]}]},{"@type":"ImageObject","inLanguage":"en-US","@id":"https:\/\/partenercollective.com\/profesionales\/coach\/anton-coucheiro\/#primaryimage","url":"https:\/\/partenercollective.com\/wp-content\/uploads\/2024\/04\/foto-cou.jpg","contentUrl":"https:\/\/partenercollective.com\/wp-content\/uploads\/2024\/04\/foto-cou.jpg","width":800,"height":800,"caption":"Ant\u00f3n Coucheiro"},{"@type":"BreadcrumbList","@id":"https:\/\/partenercollective.com\/profesionales\/coach\/anton-coucheiro\/#breadcrumb","itemListElement":[{"@type":"ListItem","position":1,"name":"Portada","item":"https:\/\/partenercollective.com\/"},{"@type":"ListItem","position":2,"name":"Profesionales","item":"https:\/\/partenercollective.com\/profesionales\/"},{"@type":"ListItem","position":3,"name":"Ant\u00f3n Coucheiro"}]},{"@type":"WebSite","@id":"https:\/\/partenercollective.com\/#website","url":"https:\/\/partenercollective.com\/","name":"Partener Collective","description":"Connect with an International Community of Actors and Coaches to take your scenes, characters and self-tapes to the next level.","publisher":{"@id":"https:\/\/partenercollective.com\/#organization"},"alternateName":"Partener Collective","potentialAction":[{"@type":"SearchAction","target":{"@type":"EntryPoint","urlTemplate":"https:\/\/partenercollective.com\/?s={search_term_string}"},"query-input":{"@type":"PropertyValueSpecification","valueRequired":true,"valueName":"search_term_string"}}],"inLanguage":"en-US"},{"@type":"Organization","@id":"https:\/\/partenercollective.com\/#organization","name":"Partener Collective","alternateName":"Partener Collective","url":"https:\/\/partenercollective.com\/","logo":{"@type":"ImageObject","inLanguage":"en-US","@id":"https:\/\/partenercollective.com\/#\/schema\/logo\/image\/","url":"https:\/\/partenercollective.com\/wp-content\/uploads\/2024\/04\/partener-collective-logo.png","contentUrl":"https:\/\/partenercollective.com\/wp-content\/uploads\/2024\/04\/partener-collective-logo.png","width":2156,"height":604,"caption":"Partener Collective"},"image":{"@id":"https:\/\/partenercollective.com\/#\/schema\/logo\/image\/"},"sameAs":["https:\/\/www.instagram.com\/partenercollective\/"]}]}},"_links":{"self":[{"href":"https:\/\/partenercollective.com\/en\/wp-json\/wp\/v2\/product\/625","targetHints":{"allow":["GET"]}}],"collection":[{"href":"https:\/\/partenercollective.com\/en\/wp-json\/wp\/v2\/product"}],"about":[{"href":"https:\/\/partenercollective.com\/en\/wp-json\/wp\/v2\/types\/product"}],"replies":[{"embeddable":true,"href":"https:\/\/partenercollective.com\/en\/wp-json\/wp\/v2\/comments?post=625"}],"wp:featuredmedia":[{"embeddable":true,"href":"https:\/\/partenercollective.com\/en\/wp-json\/wp\/v2\/media\/430"}],"wp:attachment":[{"href":"https:\/\/partenercollective.com\/en\/wp-json\/wp\/v2\/media?parent=625"}],"wp:term":[{"taxonomy":"product_brand","embeddable":true,"href":"https:\/\/partenercollective.com\/en\/wp-json\/wp\/v2\/product_brand?post=625"},{"taxonomy":"product_cat","embeddable":true,"href":"https:\/\/partenercollective.com\/en\/wp-json\/wp\/v2\/product_cat?post=625"},{"taxonomy":"product_tag","embeddable":true,"href":"https:\/\/partenercollective.com\/en\/wp-json\/wp\/v2\/product_tag?post=625"},{"taxonomy":"idioma","embeddable":true,"href":"https:\/\/partenercollective.com\/en\/wp-json\/wp\/v2\/idioma?post=625"}],"curies":[{"name":"wp","href":"https:\/\/api.w.org\/{rel}","templated":true}]}}