{"id":627,"date":"2024-04-05T12:12:40","date_gmt":"2024-04-05T10:12:40","guid":{"rendered":"https:\/\/partenercollective.com\/?post_type=product&#038;p=627"},"modified":"2024-11-06T10:53:25","modified_gmt":"2024-11-06T09:53:25","slug":"juan-lopez-tagle","status":"publish","type":"product","link":"https:\/\/partenercollective.com\/en\/profesionales\/coach\/juan-lopez-tagle\/","title":{"rendered":"Juan L\u00f3pez-Tagle"},"content":{"rendered":"","protected":false},"excerpt":{"rendered":"<div class=\"page\" title=\"Page 1\">\n<div class=\"section\">\n<div class=\"section\">\n<div class=\"layoutArea\">\n<div class=\"column\">\n<div class=\"page\" title=\"Page 1\">\n<div class=\"section\">\n<div class=\"layoutArea\">\n<div class=\"column\">\n<div class=\"page\" title=\"Page 1\">\n<div class=\"layoutArea\">\n<div class=\"column\">\n<p>Actor, director and theater teacher born in Madrid in 1980, trained mainly with John Strasberg, both in Madrid and NY, and with teachers such as Will Keen, Juan Carlos Corazza, Raquel Perez, Andr\u00e9s Lima or Arnold Taraborrelli (scenic corps).<\/p>\n<p>As an actor in recent years he has participated in the feature films \"The Man who killed Don Quixote\" by Terry Gilliam, \"El Aviso\" by Daniel Calparsoro, \"Es por tu bien\" by Carlos Theron, \"Temporal\" by Catxo L\u00f3pez and \"El sue\u00f1o de Iv\u00e1n\" by Roberto Santiago, among others; and in numerous TV series such as \"Peque\u00f1as Coincidencias\" by Amazon Prime Video.<\/p>\n<p>and Atresmedia Estudios, TVE's \"Servir y Proteger\", \"Amar es para siempre\" (Diagonal TV 2017), \"El Caso\" (Plano a plano 2016), \"Cu\u00e9ntame como pas\u00f3\" (Ganga 2015), \"Velvet\" (Bambu 2015), \"Algo que Celebrar\" (2014) or \"La que se avecina\" (2014). In theater his main productions have been \"La Partida\" by \u00d3scar Sanz Cabrera, \"Been so long\" directed by Juan Codina in 2011, \"Noches de Acero\" by Saul F. Blanco at the Teatro Lara in Madrid, \"Mucho Ruido y Pocas Nueces\" (Festival Almagro OFF 2012) and \"Curro Vargas\" directed by Graham Vick at the Teatro de la Zarzuela (2014), among many others.<\/p>\n<p>As a teacher, he currently directs the Centro de Estudios e Investigaci\u00f3n Teatral Mesina Troupe, of which he is also founder. At the Center he teaches professional training classes as well as training for actresses and actors with trajectory; his methodology Jugar a Ser developed over the last 8 years is used to teach both children and adolescents as well as adults who are approaching the theater for the first time.<\/p>\n<p>Mesina Troupe also works as a theater company with productions such as \"Much Ado About Nothing\" by W. Shakespeare, which participated in the 2012 Almagro International Festival of Classical Theater in its Almagro-OFF contest for new stage directors.<\/p>\n<p>In addition to this contemporary proposal of Shakespeare's classic, he has directed productions such as #Marujas, with his own dramaturgy based on texts by Lorca, Shakespeare and Alonso de Santos, and Tate Taylor's Criadas y Se\u00f1oras, an American film of which he wrote and directed the theatrical version.<\/p>\n<p>The last production he directed in 2018 was DIS7OP\u00cdA (Siete pasos sobre la p\u00e9rdida del humanismo y la empat\u00eda), on texts by the Catalan playwright Esteve Soler.<\/p>\n<\/div>\n<\/div>\n<\/div>\n<\/div>\n<\/div>\n<\/div>\n<\/div>\n<\/div>\n<\/div>\n<\/div>\n<\/div>\n<\/div>","protected":false},"featured_media":435,"comment_status":"closed","ping_status":"closed","template":"","meta":[],"product_brand":[],"product_cat":[20],"product_tag":[],"idioma":[43,39],"class_list":{"0":"post-627","1":"product","2":"type-product","3":"status-publish","4":"has-post-thumbnail","6":"product_cat-coach","7":"yith_shop_vendor-juan","8":"idioma-espanol-castellano","9":"idioma-ingles-americano","11":"first","12":"instock","13":"virtual","14":"sold-individually","15":"taxable","16":"purchasable","17":"product-type-booking"},"yoast_head":"<!-- This site is optimized with the Yoast SEO plugin v27.5 - https:\/\/yoast.com\/product\/yoast-seo-wordpress\/ -->\n<title>Juan L\u00f3pez-Tagle - Partener Collective<\/title>\n<meta name=\"robots\" content=\"index, follow, max-snippet:-1, max-image-preview:large, max-video-preview:-1\" \/>\n<link rel=\"canonical\" href=\"https:\/\/partenercollective.com\/en\/professionals\/coach\/juan-lopez-tagle\/\" \/>\n<meta property=\"og:locale\" content=\"en_US\" \/>\n<meta property=\"og:type\" content=\"article\" \/>\n<meta property=\"og:title\" content=\"Juan L\u00f3pez-Tagle - Partener Collective\" \/>\n<meta property=\"og:description\" content=\"Actor, director y docente teatral nacido en Madrid en 1980, formado principalmente con John Strasberg, tanto en Madrid como en NY, y con maestros como Will Keen, Juan Carlos Corazza, Raquel Perez, Andre\u0301s Lima o Arnold Taraborrelli (cuerpo esce\u0301nico).  Como actor en los u\u0301ltimos an\u0303os ha participado en los largometrajes \u201cThe Man who killed Don Quixote\u201d de Terry Gilliam, \u201cEl Aviso\u201d de Daniel Calparsoro, \u201cEs por tu bien\u201d de Carlos Theron, \u201cTemporal\u201d de Catxo Lo\u0301pez y \u201cEl suen\u0303o de Iva\u0301n\u201d de Roberto Santiago, entre otros; y en numerosas series de TV como \u201cPequen\u0303as Coincidencias\u201d de Amazon Prime Video  y Atresmedia Estudios, \u201cServir y Proteger\u201d de TVE, \u201cAmar es para siempre\u201d (Diagonal TV 2017), \u201cEl Caso\u201d (Plano a plano 2016), \u201cCue\u0301ntame como paso\u0301\u201d (Ganga 2015), \u201cVelvet\u201d (Bambu 2015), \u201cAlgo que Celebrar\u201d (2014) o \u201cLa que se avecina\u201d (2014). En teatro sus principales montajes han sido \u201cLa Partida\u201d de O\u0301scar Sanz Cabrera, \u201cBeen so long\u201d dirigida por Juan Codina en 2011, \u201cNoches de Acero\u201d de Saul F. Blanco en el Teatro Lara de Madrid, \u201cMucho Ruido y Pocas Nueces\u201d (Festival Almagro OFF 2012) y \u201cCurro Vargas\u201d dirigida por Graham Vick en el Teatro de la Zarzuela (2014), entre muchos otros.  Como docente actualmente dirige el Centro de Estudios e Investigacio\u0301n Teatral Mesina Troupe, del que tambie\u0301n es fundador. En el Centro imparte clases de formacio\u0301n profesional asi\u0301 como entrenamiento para actrices y actores con trayectoria; su metodologi\u0301a Jugar a Ser desarrrollada en los u\u0301ltimos 8 an\u0303os se utiliza para ensen\u0303ar tanto a nin\u0303os y adolescentes como a adultos que se acercan por primera vez al Teatro.  Mesina Troupe funciona tambie\u0301n como compan\u0303i\u0301a teatral con montajes como \u201cMucho Ruido y Pocas Nueces\u201d de W. Shakespeare, que participo\u0301 en el Festival Internacional de Teatro Cla\u0301sico de Almagro 2012 en su certamen Almagro-OFF para nuevos directores de escena.  Adema\u0301s de esta propuesta contempora\u0301nea del cla\u0301sico de Shakespeare, ha dirigido montajes como #Marujas, de dramaturgia propia a partir de textos de Lorca, Shakespeare y Alonso de Santos, y Criadas y Sen\u0303oras, de Tate Taylor, peli\u0301cula americana de la cual escribio\u0301 y dirigio\u0301 la versio\u0301n teatral.  El u\u0301ltimo montaje que dirigio\u0301 en 2018 fue DIS7OPI\u0301A (Siete pasos sobre la pe\u0301rdida del humanismo y la empati\u0301a), sobre textos del dramaturgo catala\u0301n Esteve Soler.\" \/>\n<meta property=\"og:url\" content=\"https:\/\/partenercollective.com\/en\/professionals\/coach\/juan-lopez-tagle\/\" \/>\n<meta property=\"og:site_name\" content=\"Partener Collective\" \/>\n<meta property=\"article:modified_time\" content=\"2024-11-06T09:53:25+00:00\" \/>\n<meta property=\"og:image\" content=\"https:\/\/partenercollective.com\/wp-content\/uploads\/2024\/04\/foto-juan-lopez.jpg\" \/>\n\t<meta property=\"og:image:width\" content=\"800\" \/>\n\t<meta property=\"og:image:height\" content=\"800\" \/>\n\t<meta property=\"og:image:type\" content=\"image\/jpeg\" \/>\n<meta name=\"twitter:card\" content=\"summary_large_image\" \/>\n<meta name=\"twitter:label1\" content=\"Est. reading time\" \/>\n\t<meta name=\"twitter:data1\" content=\"1 minute\" \/>\n<script type=\"application\/ld+json\" class=\"yoast-schema-graph\">{\"@context\":\"https:\\\/\\\/schema.org\",\"@graph\":[{\"@type\":\"WebPage\",\"@id\":\"https:\\\/\\\/partenercollective.com\\\/profesionales\\\/coach\\\/juan-lopez-tagle\\\/\",\"url\":\"https:\\\/\\\/partenercollective.com\\\/profesionales\\\/coach\\\/juan-lopez-tagle\\\/\",\"name\":\"Juan L\u00f3pez-Tagle - Partener Collective\",\"isPartOf\":{\"@id\":\"https:\\\/\\\/partenercollective.com\\\/#website\"},\"primaryImageOfPage\":{\"@id\":\"https:\\\/\\\/partenercollective.com\\\/profesionales\\\/coach\\\/juan-lopez-tagle\\\/#primaryimage\"},\"image\":{\"@id\":\"https:\\\/\\\/partenercollective.com\\\/profesionales\\\/coach\\\/juan-lopez-tagle\\\/#primaryimage\"},\"thumbnailUrl\":\"https:\\\/\\\/partenercollective.com\\\/wp-content\\\/uploads\\\/2024\\\/04\\\/foto-juan-lopez.jpg\",\"datePublished\":\"2024-04-05T10:12:40+00:00\",\"dateModified\":\"2024-11-06T09:53:25+00:00\",\"breadcrumb\":{\"@id\":\"https:\\\/\\\/partenercollective.com\\\/profesionales\\\/coach\\\/juan-lopez-tagle\\\/#breadcrumb\"},\"inLanguage\":\"en-US\",\"potentialAction\":[{\"@type\":\"ReadAction\",\"target\":[\"https:\\\/\\\/partenercollective.com\\\/profesionales\\\/coach\\\/juan-lopez-tagle\\\/\"]}]},{\"@type\":\"ImageObject\",\"inLanguage\":\"en-US\",\"@id\":\"https:\\\/\\\/partenercollective.com\\\/profesionales\\\/coach\\\/juan-lopez-tagle\\\/#primaryimage\",\"url\":\"https:\\\/\\\/partenercollective.com\\\/wp-content\\\/uploads\\\/2024\\\/04\\\/foto-juan-lopez.jpg\",\"contentUrl\":\"https:\\\/\\\/partenercollective.com\\\/wp-content\\\/uploads\\\/2024\\\/04\\\/foto-juan-lopez.jpg\",\"width\":800,\"height\":800,\"caption\":\"Juan L\u00f3pez-Tagle\"},{\"@type\":\"BreadcrumbList\",\"@id\":\"https:\\\/\\\/partenercollective.com\\\/profesionales\\\/coach\\\/juan-lopez-tagle\\\/#breadcrumb\",\"itemListElement\":[{\"@type\":\"ListItem\",\"position\":1,\"name\":\"Portada\",\"item\":\"https:\\\/\\\/partenercollective.com\\\/\"},{\"@type\":\"ListItem\",\"position\":2,\"name\":\"Profesionales\",\"item\":\"https:\\\/\\\/partenercollective.com\\\/profesionales\\\/\"},{\"@type\":\"ListItem\",\"position\":3,\"name\":\"Juan L\u00f3pez-Tagle\"}]},{\"@type\":\"WebSite\",\"@id\":\"https:\\\/\\\/partenercollective.com\\\/#website\",\"url\":\"https:\\\/\\\/partenercollective.com\\\/\",\"name\":\"Partener Collective\",\"description\":\"Conecta con una Comunidad Internacional de Actores y Coach para llevar tus escenas, personajes y self-tapes al siguiente nivel.\",\"publisher\":{\"@id\":\"https:\\\/\\\/partenercollective.com\\\/#organization\"},\"alternateName\":\"Partener Collective\",\"potentialAction\":[{\"@type\":\"SearchAction\",\"target\":{\"@type\":\"EntryPoint\",\"urlTemplate\":\"https:\\\/\\\/partenercollective.com\\\/?s={search_term_string}\"},\"query-input\":{\"@type\":\"PropertyValueSpecification\",\"valueRequired\":true,\"valueName\":\"search_term_string\"}}],\"inLanguage\":\"en-US\"},{\"@type\":\"Organization\",\"@id\":\"https:\\\/\\\/partenercollective.com\\\/#organization\",\"name\":\"Partener Collective\",\"alternateName\":\"Partener Collective\",\"url\":\"https:\\\/\\\/partenercollective.com\\\/\",\"logo\":{\"@type\":\"ImageObject\",\"inLanguage\":\"en-US\",\"@id\":\"https:\\\/\\\/partenercollective.com\\\/#\\\/schema\\\/logo\\\/image\\\/\",\"url\":\"https:\\\/\\\/partenercollective.com\\\/wp-content\\\/uploads\\\/2024\\\/04\\\/partener-collective-logo.png\",\"contentUrl\":\"https:\\\/\\\/partenercollective.com\\\/wp-content\\\/uploads\\\/2024\\\/04\\\/partener-collective-logo.png\",\"width\":2156,\"height\":604,\"caption\":\"Partener Collective\"},\"image\":{\"@id\":\"https:\\\/\\\/partenercollective.com\\\/#\\\/schema\\\/logo\\\/image\\\/\"},\"sameAs\":[\"https:\\\/\\\/www.instagram.com\\\/partenercollective\\\/\"]}]}<\/script>\n<!-- \/ Yoast SEO plugin. -->","yoast_head_json":{"title":"Juan L\u00f3pez-Tagle - Partener Collective","robots":{"index":"index","follow":"follow","max-snippet":"max-snippet:-1","max-image-preview":"max-image-preview:large","max-video-preview":"max-video-preview:-1"},"canonical":"https:\/\/partenercollective.com\/en\/professionals\/coach\/juan-lopez-tagle\/","og_locale":"en_US","og_type":"article","og_title":"Juan L\u00f3pez-Tagle - Partener Collective","og_description":"Actor, director y docente teatral nacido en Madrid en 1980, formado principalmente con John Strasberg, tanto en Madrid como en NY, y con maestros como Will Keen, Juan Carlos Corazza, Raquel Perez, Andre\u0301s Lima o Arnold Taraborrelli (cuerpo esce\u0301nico).  Como actor en los u\u0301ltimos an\u0303os ha participado en los largometrajes \u201cThe Man who killed Don Quixote\u201d de Terry Gilliam, \u201cEl Aviso\u201d de Daniel Calparsoro, \u201cEs por tu bien\u201d de Carlos Theron, \u201cTemporal\u201d de Catxo Lo\u0301pez y \u201cEl suen\u0303o de Iva\u0301n\u201d de Roberto Santiago, entre otros; y en numerosas series de TV como \u201cPequen\u0303as Coincidencias\u201d de Amazon Prime Video  y Atresmedia Estudios, \u201cServir y Proteger\u201d de TVE, \u201cAmar es para siempre\u201d (Diagonal TV 2017), \u201cEl Caso\u201d (Plano a plano 2016), \u201cCue\u0301ntame como paso\u0301\u201d (Ganga 2015), \u201cVelvet\u201d (Bambu 2015), \u201cAlgo que Celebrar\u201d (2014) o \u201cLa que se avecina\u201d (2014). En teatro sus principales montajes han sido \u201cLa Partida\u201d de O\u0301scar Sanz Cabrera, \u201cBeen so long\u201d dirigida por Juan Codina en 2011, \u201cNoches de Acero\u201d de Saul F. Blanco en el Teatro Lara de Madrid, \u201cMucho Ruido y Pocas Nueces\u201d (Festival Almagro OFF 2012) y \u201cCurro Vargas\u201d dirigida por Graham Vick en el Teatro de la Zarzuela (2014), entre muchos otros.  Como docente actualmente dirige el Centro de Estudios e Investigacio\u0301n Teatral Mesina Troupe, del que tambie\u0301n es fundador. En el Centro imparte clases de formacio\u0301n profesional asi\u0301 como entrenamiento para actrices y actores con trayectoria; su metodologi\u0301a Jugar a Ser desarrrollada en los u\u0301ltimos 8 an\u0303os se utiliza para ensen\u0303ar tanto a nin\u0303os y adolescentes como a adultos que se acercan por primera vez al Teatro.  Mesina Troupe funciona tambie\u0301n como compan\u0303i\u0301a teatral con montajes como \u201cMucho Ruido y Pocas Nueces\u201d de W. Shakespeare, que participo\u0301 en el Festival Internacional de Teatro Cla\u0301sico de Almagro 2012 en su certamen Almagro-OFF para nuevos directores de escena.  Adema\u0301s de esta propuesta contempora\u0301nea del cla\u0301sico de Shakespeare, ha dirigido montajes como #Marujas, de dramaturgia propia a partir de textos de Lorca, Shakespeare y Alonso de Santos, y Criadas y Sen\u0303oras, de Tate Taylor, peli\u0301cula americana de la cual escribio\u0301 y dirigio\u0301 la versio\u0301n teatral.  El u\u0301ltimo montaje que dirigio\u0301 en 2018 fue DIS7OPI\u0301A (Siete pasos sobre la pe\u0301rdida del humanismo y la empati\u0301a), sobre textos del dramaturgo catala\u0301n Esteve Soler.","og_url":"https:\/\/partenercollective.com\/en\/professionals\/coach\/juan-lopez-tagle\/","og_site_name":"Partener Collective","article_modified_time":"2024-11-06T09:53:25+00:00","og_image":[{"width":800,"height":800,"url":"https:\/\/partenercollective.com\/wp-content\/uploads\/2024\/04\/foto-juan-lopez.jpg","type":"image\/jpeg"}],"twitter_card":"summary_large_image","twitter_misc":{"Est. reading time":"1 minute"},"schema":{"@context":"https:\/\/schema.org","@graph":[{"@type":"WebPage","@id":"https:\/\/partenercollective.com\/profesionales\/coach\/juan-lopez-tagle\/","url":"https:\/\/partenercollective.com\/profesionales\/coach\/juan-lopez-tagle\/","name":"Juan L\u00f3pez-Tagle - Partener Collective","isPartOf":{"@id":"https:\/\/partenercollective.com\/#website"},"primaryImageOfPage":{"@id":"https:\/\/partenercollective.com\/profesionales\/coach\/juan-lopez-tagle\/#primaryimage"},"image":{"@id":"https:\/\/partenercollective.com\/profesionales\/coach\/juan-lopez-tagle\/#primaryimage"},"thumbnailUrl":"https:\/\/partenercollective.com\/wp-content\/uploads\/2024\/04\/foto-juan-lopez.jpg","datePublished":"2024-04-05T10:12:40+00:00","dateModified":"2024-11-06T09:53:25+00:00","breadcrumb":{"@id":"https:\/\/partenercollective.com\/profesionales\/coach\/juan-lopez-tagle\/#breadcrumb"},"inLanguage":"en-US","potentialAction":[{"@type":"ReadAction","target":["https:\/\/partenercollective.com\/profesionales\/coach\/juan-lopez-tagle\/"]}]},{"@type":"ImageObject","inLanguage":"en-US","@id":"https:\/\/partenercollective.com\/profesionales\/coach\/juan-lopez-tagle\/#primaryimage","url":"https:\/\/partenercollective.com\/wp-content\/uploads\/2024\/04\/foto-juan-lopez.jpg","contentUrl":"https:\/\/partenercollective.com\/wp-content\/uploads\/2024\/04\/foto-juan-lopez.jpg","width":800,"height":800,"caption":"Juan L\u00f3pez-Tagle"},{"@type":"BreadcrumbList","@id":"https:\/\/partenercollective.com\/profesionales\/coach\/juan-lopez-tagle\/#breadcrumb","itemListElement":[{"@type":"ListItem","position":1,"name":"Portada","item":"https:\/\/partenercollective.com\/"},{"@type":"ListItem","position":2,"name":"Profesionales","item":"https:\/\/partenercollective.com\/profesionales\/"},{"@type":"ListItem","position":3,"name":"Juan L\u00f3pez-Tagle"}]},{"@type":"WebSite","@id":"https:\/\/partenercollective.com\/#website","url":"https:\/\/partenercollective.com\/","name":"Partener Collective","description":"Connect with an International Community of Actors and Coaches to take your scenes, characters and self-tapes to the next level.","publisher":{"@id":"https:\/\/partenercollective.com\/#organization"},"alternateName":"Partener Collective","potentialAction":[{"@type":"SearchAction","target":{"@type":"EntryPoint","urlTemplate":"https:\/\/partenercollective.com\/?s={search_term_string}"},"query-input":{"@type":"PropertyValueSpecification","valueRequired":true,"valueName":"search_term_string"}}],"inLanguage":"en-US"},{"@type":"Organization","@id":"https:\/\/partenercollective.com\/#organization","name":"Partener Collective","alternateName":"Partener Collective","url":"https:\/\/partenercollective.com\/","logo":{"@type":"ImageObject","inLanguage":"en-US","@id":"https:\/\/partenercollective.com\/#\/schema\/logo\/image\/","url":"https:\/\/partenercollective.com\/wp-content\/uploads\/2024\/04\/partener-collective-logo.png","contentUrl":"https:\/\/partenercollective.com\/wp-content\/uploads\/2024\/04\/partener-collective-logo.png","width":2156,"height":604,"caption":"Partener Collective"},"image":{"@id":"https:\/\/partenercollective.com\/#\/schema\/logo\/image\/"},"sameAs":["https:\/\/www.instagram.com\/partenercollective\/"]}]}},"_links":{"self":[{"href":"https:\/\/partenercollective.com\/en\/wp-json\/wp\/v2\/product\/627","targetHints":{"allow":["GET"]}}],"collection":[{"href":"https:\/\/partenercollective.com\/en\/wp-json\/wp\/v2\/product"}],"about":[{"href":"https:\/\/partenercollective.com\/en\/wp-json\/wp\/v2\/types\/product"}],"replies":[{"embeddable":true,"href":"https:\/\/partenercollective.com\/en\/wp-json\/wp\/v2\/comments?post=627"}],"wp:featuredmedia":[{"embeddable":true,"href":"https:\/\/partenercollective.com\/en\/wp-json\/wp\/v2\/media\/435"}],"wp:attachment":[{"href":"https:\/\/partenercollective.com\/en\/wp-json\/wp\/v2\/media?parent=627"}],"wp:term":[{"taxonomy":"product_brand","embeddable":true,"href":"https:\/\/partenercollective.com\/en\/wp-json\/wp\/v2\/product_brand?post=627"},{"taxonomy":"product_cat","embeddable":true,"href":"https:\/\/partenercollective.com\/en\/wp-json\/wp\/v2\/product_cat?post=627"},{"taxonomy":"product_tag","embeddable":true,"href":"https:\/\/partenercollective.com\/en\/wp-json\/wp\/v2\/product_tag?post=627"},{"taxonomy":"idioma","embeddable":true,"href":"https:\/\/partenercollective.com\/en\/wp-json\/wp\/v2\/idioma?post=627"}],"curies":[{"name":"wp","href":"https:\/\/api.w.org\/{rel}","templated":true}]}}