{"id":629,"date":"2024-05-05T12:20:35","date_gmt":"2024-05-05T10:20:35","guid":{"rendered":"https:\/\/partenercollective.com\/?post_type=product&#038;p=629"},"modified":"2024-10-28T12:58:08","modified_gmt":"2024-10-28T11:58:08","slug":"rosalia-castro","status":"publish","type":"product","link":"https:\/\/partenercollective.com\/en\/profesionales\/partener\/rosalia-castro\/","title":{"rendered":"Rosalia Castro"},"content":{"rendered":"","protected":false},"excerpt":{"rendered":"<p>Rosal\u00eda Castro is an actress from Burela (Lugo) who combines her work in theater, film, television and voice-over between Madrid and Galicia.<\/p>\n<p>In theater he has participated in \"Galicia Can\u00edbal, el musical\" by Quico Cadaval, \"Todo lo que est\u00e1 a mi lado by Fernando Rubio\" for Teatros del Canal, the monologue \"La primera mujer en la Tierra\" directed by Germ\u00e1n Torres \"O Charco de Ulises\" by Santiago Cortegoso and Mari\u00e1n Ba\u00f1obre for the Centro Dram\u00e1tico Galego and \"Don Juan grandes \u00e9xitos\" by Manu Ba\u00f1ez among others.<\/p>\n<p>In audiovisual we could see her in the series \"Serramoura\" for TVG, \"Hotel Almirante\" by Antonio Cuadri for TVG, the series, \"el comisario\" \"Ciega a Citas\", \"Homicidios\", \"Madres\", the short film \"Mouras\" by Olga Osorio with which she won the Best Actress Award at the Ourense Film Festival and in the film \"Y todos arder\u00e1n\" by David Hebrero. the short film \"Mouras\" by Olga Osorio with which she won the Best Actress Award at the Ourense Film Festival and in the recently released film \"Y todos arder\u00e1n\" by David Hebrero.<\/p>\n<p>He also writes poems, speaks, sings and enjoys art in all its diverse forms.<\/p>","protected":false},"featured_media":445,"comment_status":"closed","ping_status":"closed","template":"","meta":[],"product_brand":[],"product_cat":[38],"product_tag":[],"idioma":[43,40],"class_list":{"0":"post-629","1":"product","2":"type-product","3":"status-publish","4":"has-post-thumbnail","6":"product_cat-partener","7":"idioma-espanol-castellano","8":"idioma-gallego","10":"first","11":"instock","12":"virtual","13":"sold-individually","14":"taxable","15":"purchasable","16":"product-type-booking"},"yoast_head":"<!-- This site is optimized with the Yoast SEO plugin v27.5 - https:\/\/yoast.com\/product\/yoast-seo-wordpress\/ -->\n<title>Rosal\u00eda Castro - Partener Collective<\/title>\n<meta name=\"robots\" content=\"index, follow, max-snippet:-1, max-image-preview:large, max-video-preview:-1\" \/>\n<link rel=\"canonical\" href=\"https:\/\/partenercollective.com\/en\/professionals\/partner\/rosalia-castro\/\" \/>\n<meta property=\"og:locale\" content=\"en_US\" \/>\n<meta property=\"og:type\" content=\"article\" \/>\n<meta property=\"og:title\" content=\"Rosal\u00eda Castro - Partener Collective\" \/>\n<meta property=\"og:description\" content=\"Rosal\u00eda Castro es una actriz natural de Burela (Lugo) que compagina sus trabajos de teatro, cine, televisi\u00f3n y locuci\u00f3n entre Madrid y Galicia.  En teatro destaca su participaci\u00f3n en \u201cGalicia Can\u00edbal, el musical\u201d de Quico Cadaval, \u201cTodo lo que est\u00e1 a mi lado de Fernando Rubio\u201d para Teatros del Canal, el\u00a0 mon\u00f3logo \u201cLa primera mujer en la Tierra\u201d dirigido por Germ\u00e1n Torres \u201cO Charco de Ulises\u201d de Santiago Cortegoso y Mari\u00e1n Ba\u00f1obre para el Centro Dram\u00e1tico Galego y \u201cDon Juan grandes \u00e9xitos\u201d de Manu Ba\u00f1ez entre otros.  En audiovisual pudimos verla en la serie &quot;Serramoura&quot; de la TVG, &quot;Hotel Almirante&quot; de Antonio Cuadri para la TVG, las series, \u201cel comisario\u201d &quot;Ciega a Citas\u201d, \u201cHomicidios\u201d,\u201dMadres\u201d , el cortometraje &quot;Mouras&quot; de Olga Osorio con\u00a0 que el que gan\u00f3 el\u00a0 Premio a Mejor Actriz en el\u00a0 Festival de Cine de Ourense y en la pel\u00edcula &quot;Y todos arder\u00e1n&quot; de David Hebrero recientemente estrenada.  Ademas escribe poemas, locuta, canta y disfruta del arte en todas sus diversas formas.\" \/>\n<meta property=\"og:url\" content=\"https:\/\/partenercollective.com\/en\/professionals\/partner\/rosalia-castro\/\" \/>\n<meta property=\"og:site_name\" content=\"Partener Collective\" \/>\n<meta property=\"article:modified_time\" content=\"2024-10-28T11:58:08+00:00\" \/>\n<meta property=\"og:image\" content=\"https:\/\/partenercollective.com\/wp-content\/uploads\/2024\/04\/foto-rosalia.jpg\" \/>\n\t<meta property=\"og:image:width\" content=\"800\" \/>\n\t<meta property=\"og:image:height\" content=\"800\" \/>\n\t<meta property=\"og:image:type\" content=\"image\/jpeg\" \/>\n<meta name=\"twitter:card\" content=\"summary_large_image\" \/>\n<script type=\"application\/ld+json\" class=\"yoast-schema-graph\">{\"@context\":\"https:\\\/\\\/schema.org\",\"@graph\":[{\"@type\":\"WebPage\",\"@id\":\"https:\\\/\\\/partenercollective.com\\\/profesionales\\\/partener\\\/rosalia-castro\\\/\",\"url\":\"https:\\\/\\\/partenercollective.com\\\/profesionales\\\/partener\\\/rosalia-castro\\\/\",\"name\":\"Rosal\u00eda Castro - Partener Collective\",\"isPartOf\":{\"@id\":\"https:\\\/\\\/partenercollective.com\\\/#website\"},\"primaryImageOfPage\":{\"@id\":\"https:\\\/\\\/partenercollective.com\\\/profesionales\\\/partener\\\/rosalia-castro\\\/#primaryimage\"},\"image\":{\"@id\":\"https:\\\/\\\/partenercollective.com\\\/profesionales\\\/partener\\\/rosalia-castro\\\/#primaryimage\"},\"thumbnailUrl\":\"https:\\\/\\\/partenercollective.com\\\/wp-content\\\/uploads\\\/2024\\\/04\\\/foto-rosalia.jpg\",\"datePublished\":\"2024-05-05T10:20:35+00:00\",\"dateModified\":\"2024-10-28T11:58:08+00:00\",\"breadcrumb\":{\"@id\":\"https:\\\/\\\/partenercollective.com\\\/profesionales\\\/partener\\\/rosalia-castro\\\/#breadcrumb\"},\"inLanguage\":\"en-US\",\"potentialAction\":[{\"@type\":\"ReadAction\",\"target\":[\"https:\\\/\\\/partenercollective.com\\\/profesionales\\\/partener\\\/rosalia-castro\\\/\"]}]},{\"@type\":\"ImageObject\",\"inLanguage\":\"en-US\",\"@id\":\"https:\\\/\\\/partenercollective.com\\\/profesionales\\\/partener\\\/rosalia-castro\\\/#primaryimage\",\"url\":\"https:\\\/\\\/partenercollective.com\\\/wp-content\\\/uploads\\\/2024\\\/04\\\/foto-rosalia.jpg\",\"contentUrl\":\"https:\\\/\\\/partenercollective.com\\\/wp-content\\\/uploads\\\/2024\\\/04\\\/foto-rosalia.jpg\",\"width\":800,\"height\":800,\"caption\":\"Rosal\u00eda Castro\"},{\"@type\":\"BreadcrumbList\",\"@id\":\"https:\\\/\\\/partenercollective.com\\\/profesionales\\\/partener\\\/rosalia-castro\\\/#breadcrumb\",\"itemListElement\":[{\"@type\":\"ListItem\",\"position\":1,\"name\":\"Portada\",\"item\":\"https:\\\/\\\/partenercollective.com\\\/\"},{\"@type\":\"ListItem\",\"position\":2,\"name\":\"Profesionales\",\"item\":\"https:\\\/\\\/partenercollective.com\\\/profesionales\\\/\"},{\"@type\":\"ListItem\",\"position\":3,\"name\":\"Rosal\u00eda Castro\"}]},{\"@type\":\"WebSite\",\"@id\":\"https:\\\/\\\/partenercollective.com\\\/#website\",\"url\":\"https:\\\/\\\/partenercollective.com\\\/\",\"name\":\"Partener Collective\",\"description\":\"Conecta con una Comunidad Internacional de Actores y Coach para llevar tus escenas, personajes y self-tapes al siguiente nivel.\",\"publisher\":{\"@id\":\"https:\\\/\\\/partenercollective.com\\\/#organization\"},\"alternateName\":\"Partener Collective\",\"potentialAction\":[{\"@type\":\"SearchAction\",\"target\":{\"@type\":\"EntryPoint\",\"urlTemplate\":\"https:\\\/\\\/partenercollective.com\\\/?s={search_term_string}\"},\"query-input\":{\"@type\":\"PropertyValueSpecification\",\"valueRequired\":true,\"valueName\":\"search_term_string\"}}],\"inLanguage\":\"en-US\"},{\"@type\":\"Organization\",\"@id\":\"https:\\\/\\\/partenercollective.com\\\/#organization\",\"name\":\"Partener Collective\",\"alternateName\":\"Partener Collective\",\"url\":\"https:\\\/\\\/partenercollective.com\\\/\",\"logo\":{\"@type\":\"ImageObject\",\"inLanguage\":\"en-US\",\"@id\":\"https:\\\/\\\/partenercollective.com\\\/#\\\/schema\\\/logo\\\/image\\\/\",\"url\":\"https:\\\/\\\/partenercollective.com\\\/wp-content\\\/uploads\\\/2024\\\/04\\\/partener-collective-logo.png\",\"contentUrl\":\"https:\\\/\\\/partenercollective.com\\\/wp-content\\\/uploads\\\/2024\\\/04\\\/partener-collective-logo.png\",\"width\":2156,\"height\":604,\"caption\":\"Partener Collective\"},\"image\":{\"@id\":\"https:\\\/\\\/partenercollective.com\\\/#\\\/schema\\\/logo\\\/image\\\/\"},\"sameAs\":[\"https:\\\/\\\/www.instagram.com\\\/partenercollective\\\/\"]}]}<\/script>\n<!-- \/ Yoast SEO plugin. -->","yoast_head_json":{"title":"Rosalia Castro - Partener Collective","robots":{"index":"index","follow":"follow","max-snippet":"max-snippet:-1","max-image-preview":"max-image-preview:large","max-video-preview":"max-video-preview:-1"},"canonical":"https:\/\/partenercollective.com\/en\/professionals\/partner\/rosalia-castro\/","og_locale":"en_US","og_type":"article","og_title":"Rosal\u00eda Castro - Partener Collective","og_description":"Rosal\u00eda Castro es una actriz natural de Burela (Lugo) que compagina sus trabajos de teatro, cine, televisi\u00f3n y locuci\u00f3n entre Madrid y Galicia.  En teatro destaca su participaci\u00f3n en \u201cGalicia Can\u00edbal, el musical\u201d de Quico Cadaval, \u201cTodo lo que est\u00e1 a mi lado de Fernando Rubio\u201d para Teatros del Canal, el\u00a0 mon\u00f3logo \u201cLa primera mujer en la Tierra\u201d dirigido por Germ\u00e1n Torres \u201cO Charco de Ulises\u201d de Santiago Cortegoso y Mari\u00e1n Ba\u00f1obre para el Centro Dram\u00e1tico Galego y \u201cDon Juan grandes \u00e9xitos\u201d de Manu Ba\u00f1ez entre otros.  En audiovisual pudimos verla en la serie \"Serramoura\" de la TVG, \"Hotel Almirante\" de Antonio Cuadri para la TVG, las series, \u201cel comisario\u201d \"Ciega a Citas\u201d, \u201cHomicidios\u201d,\u201dMadres\u201d , el cortometraje \"Mouras\" de Olga Osorio con\u00a0 que el que gan\u00f3 el\u00a0 Premio a Mejor Actriz en el\u00a0 Festival de Cine de Ourense y en la pel\u00edcula \"Y todos arder\u00e1n\" de David Hebrero recientemente estrenada.  Ademas escribe poemas, locuta, canta y disfruta del arte en todas sus diversas formas.","og_url":"https:\/\/partenercollective.com\/en\/professionals\/partner\/rosalia-castro\/","og_site_name":"Partener Collective","article_modified_time":"2024-10-28T11:58:08+00:00","og_image":[{"width":800,"height":800,"url":"https:\/\/partenercollective.com\/wp-content\/uploads\/2024\/04\/foto-rosalia.jpg","type":"image\/jpeg"}],"twitter_card":"summary_large_image","schema":{"@context":"https:\/\/schema.org","@graph":[{"@type":"WebPage","@id":"https:\/\/partenercollective.com\/profesionales\/partener\/rosalia-castro\/","url":"https:\/\/partenercollective.com\/profesionales\/partener\/rosalia-castro\/","name":"Rosalia Castro - Partener Collective","isPartOf":{"@id":"https:\/\/partenercollective.com\/#website"},"primaryImageOfPage":{"@id":"https:\/\/partenercollective.com\/profesionales\/partener\/rosalia-castro\/#primaryimage"},"image":{"@id":"https:\/\/partenercollective.com\/profesionales\/partener\/rosalia-castro\/#primaryimage"},"thumbnailUrl":"https:\/\/partenercollective.com\/wp-content\/uploads\/2024\/04\/foto-rosalia.jpg","datePublished":"2024-05-05T10:20:35+00:00","dateModified":"2024-10-28T11:58:08+00:00","breadcrumb":{"@id":"https:\/\/partenercollective.com\/profesionales\/partener\/rosalia-castro\/#breadcrumb"},"inLanguage":"en-US","potentialAction":[{"@type":"ReadAction","target":["https:\/\/partenercollective.com\/profesionales\/partener\/rosalia-castro\/"]}]},{"@type":"ImageObject","inLanguage":"en-US","@id":"https:\/\/partenercollective.com\/profesionales\/partener\/rosalia-castro\/#primaryimage","url":"https:\/\/partenercollective.com\/wp-content\/uploads\/2024\/04\/foto-rosalia.jpg","contentUrl":"https:\/\/partenercollective.com\/wp-content\/uploads\/2024\/04\/foto-rosalia.jpg","width":800,"height":800,"caption":"Rosal\u00eda Castro"},{"@type":"BreadcrumbList","@id":"https:\/\/partenercollective.com\/profesionales\/partener\/rosalia-castro\/#breadcrumb","itemListElement":[{"@type":"ListItem","position":1,"name":"Portada","item":"https:\/\/partenercollective.com\/"},{"@type":"ListItem","position":2,"name":"Profesionales","item":"https:\/\/partenercollective.com\/profesionales\/"},{"@type":"ListItem","position":3,"name":"Rosal\u00eda Castro"}]},{"@type":"WebSite","@id":"https:\/\/partenercollective.com\/#website","url":"https:\/\/partenercollective.com\/","name":"Partener Collective","description":"Connect with an International Community of Actors and Coaches to take your scenes, characters and self-tapes to the next level.","publisher":{"@id":"https:\/\/partenercollective.com\/#organization"},"alternateName":"Partener Collective","potentialAction":[{"@type":"SearchAction","target":{"@type":"EntryPoint","urlTemplate":"https:\/\/partenercollective.com\/?s={search_term_string}"},"query-input":{"@type":"PropertyValueSpecification","valueRequired":true,"valueName":"search_term_string"}}],"inLanguage":"en-US"},{"@type":"Organization","@id":"https:\/\/partenercollective.com\/#organization","name":"Partener Collective","alternateName":"Partener Collective","url":"https:\/\/partenercollective.com\/","logo":{"@type":"ImageObject","inLanguage":"en-US","@id":"https:\/\/partenercollective.com\/#\/schema\/logo\/image\/","url":"https:\/\/partenercollective.com\/wp-content\/uploads\/2024\/04\/partener-collective-logo.png","contentUrl":"https:\/\/partenercollective.com\/wp-content\/uploads\/2024\/04\/partener-collective-logo.png","width":2156,"height":604,"caption":"Partener Collective"},"image":{"@id":"https:\/\/partenercollective.com\/#\/schema\/logo\/image\/"},"sameAs":["https:\/\/www.instagram.com\/partenercollective\/"]}]}},"_links":{"self":[{"href":"https:\/\/partenercollective.com\/en\/wp-json\/wp\/v2\/product\/629","targetHints":{"allow":["GET"]}}],"collection":[{"href":"https:\/\/partenercollective.com\/en\/wp-json\/wp\/v2\/product"}],"about":[{"href":"https:\/\/partenercollective.com\/en\/wp-json\/wp\/v2\/types\/product"}],"replies":[{"embeddable":true,"href":"https:\/\/partenercollective.com\/en\/wp-json\/wp\/v2\/comments?post=629"}],"wp:featuredmedia":[{"embeddable":true,"href":"https:\/\/partenercollective.com\/en\/wp-json\/wp\/v2\/media\/445"}],"wp:attachment":[{"href":"https:\/\/partenercollective.com\/en\/wp-json\/wp\/v2\/media?parent=629"}],"wp:term":[{"taxonomy":"product_brand","embeddable":true,"href":"https:\/\/partenercollective.com\/en\/wp-json\/wp\/v2\/product_brand?post=629"},{"taxonomy":"product_cat","embeddable":true,"href":"https:\/\/partenercollective.com\/en\/wp-json\/wp\/v2\/product_cat?post=629"},{"taxonomy":"product_tag","embeddable":true,"href":"https:\/\/partenercollective.com\/en\/wp-json\/wp\/v2\/product_tag?post=629"},{"taxonomy":"idioma","embeddable":true,"href":"https:\/\/partenercollective.com\/en\/wp-json\/wp\/v2\/idioma?post=629"}],"curies":[{"name":"wp","href":"https:\/\/api.w.org\/{rel}","templated":true}]}}