{"id":685,"date":"2024-05-24T12:44:30","date_gmt":"2024-05-24T10:44:30","guid":{"rendered":"https:\/\/partenercollective.com\/?post_type=product&#038;p=685"},"modified":"2025-06-27T15:19:58","modified_gmt":"2025-06-27T13:19:58","slug":"miguel-borges","status":"publish","type":"product","link":"https:\/\/partenercollective.com\/en\/profesionales\/coach\/miguel-borges\/","title":{"rendered":"Miguel Borges"},"content":{"rendered":"","protected":false},"excerpt":{"rendered":"<p>Miguel Borges (1966) is one of the most acclaimed Portuguese actors. He has participated in more than 150 theatrical and cinematographic works, starring in many of them and being recognized with numerous awards.<\/p>\n<p>She completed the acting training course at the Escola Superior de Teatro e Cinema de Lisboa. He started with the Netos do Metropolitano and the Marionetas de Lisboa. Later, he worked with Teatro da Cornuc\u00f3pia (under the direction of Miguel Guilherme, Stephan Stroux and Lu\u00eds Miguel Cintra), with Jo\u00e3o Fiadeiro he played Branco Sujo, he worked frequently in the Olho project (Jo\u00e3o Garcia Miguel), with the Depois da Uma - Teatro? he did Equimoses - N\u00f3doas na Cidade, by Rui Guilherme Lopes and Pedro Carraca, is a founding partner of T\u00e1 Safo. He worked in Sensurround (directed by L\u00facia Sigalho) and Artistas Unidos (with Jorge Silva Melo, Joana B\u00e1rcia, Am\u00e9rico Silva, Cl\u00e1udio da Silva, Jo\u00e3o Fiadeiro and Ant\u00f3nio Sim\u00e3o).<\/p>\n<p>He has performed pieces by Bertolt Brecht, Harold Pinter, Antonio Onetti, Samuel Beckett, William Shakespeare, Georg B\u00fcchner, Federico Garcia Lorca, Calder\u00f3n de La Barca, Jean Genet, Goethe, Sarah Kane, Jon Fosse, Jos\u00e9 Maria Vieira Mendes or Miguel Castro Caldas.<\/p>","protected":false},"featured_media":694,"comment_status":"closed","ping_status":"closed","template":"","meta":[],"product_brand":[],"product_cat":[20],"product_tag":[],"idioma":[45],"class_list":{"0":"post-685","1":"product","2":"type-product","3":"status-publish","4":"has-post-thumbnail","6":"product_cat-coach","7":"idioma-portugues","9":"first","10":"instock","11":"virtual","12":"sold-individually","13":"taxable","14":"purchasable","15":"product-type-booking"},"yoast_head":"<!-- This site is optimized with the Yoast SEO plugin v27.5 - https:\/\/yoast.com\/product\/yoast-seo-wordpress\/ -->\n<title>Miguel Borges - Partener Collective<\/title>\n<meta name=\"robots\" content=\"index, follow, max-snippet:-1, max-image-preview:large, max-video-preview:-1\" \/>\n<link rel=\"canonical\" href=\"https:\/\/partenercollective.com\/en\/professionals\/coach\/miguel-borges\/\" \/>\n<meta property=\"og:locale\" content=\"en_US\" \/>\n<meta property=\"og:type\" content=\"article\" \/>\n<meta property=\"og:title\" content=\"Miguel Borges - Partener Collective\" \/>\n<meta property=\"og:description\" content=\"Miguel Borges (1966) es uno de los actores portugueses m\u00e1s aclamados. Ha participado en mas de 150 obras teatrales y cinematogr\u00e1ficas, protagonizando muchas de ellas y siendo reconocido con numerosos premios.  Termin\u00f3 el curso de formaci\u00f3n actoral en la Escola Superior de Teatro e Cinema de Lisboa. Se inici\u00f3 en los Netos do Metropolitano y en las Marionetas de Lisboa. Posteriormente, trabaj\u00f3 con el Teatro da Cornuc\u00f3pia (bajo la direcci\u00f3n de Miguel Guilherme, Stephan Stroux y Lu\u00eds Miguel Cintra), con Jo\u00e3o Fiadeiro interpret\u00f3 Branco Sujo, ha trabajado frecuentemente en el projecto Olho ( Jo\u00e3o Garcia Miguel), con la Compa\u00f1\u00eda Depois da Uma \u2013 Teatro? hizo Equimoses \u2013 N\u00f3doas na Cidade, de Rui Guilherme Lopes e Pedro Carraca, es socio fundador de T\u00e1 Safo. trabaj\u00f3 en Sensurround (direcci\u00f3n de L\u00facia Sigalho) y Artistas Unidos (con Jorge Silva Melo, Joana B\u00e1rcia, Am\u00e9rico Silva, Cl\u00e1udio da Silva, Jo\u00e3o Fiadeiro y Ant\u00f3nio Sim\u00e3o).  Ha interpretado piezas de Bertolt Brecht, Harold Pinter, Antonio Onetti, Samuel Beckett, William Shakespeare, Georg B\u00fcchner,Federico Garcia Lorca, Calder\u00f3n de La Barca, jean Genet, Goethe, Sarah Kane, Jon Fosse, Jos\u00e9 Maria Vieira Mendes o Miguel Castro Caldas.\" \/>\n<meta property=\"og:url\" content=\"https:\/\/partenercollective.com\/en\/professionals\/coach\/miguel-borges\/\" \/>\n<meta property=\"og:site_name\" content=\"Partener Collective\" \/>\n<meta property=\"article:modified_time\" content=\"2025-06-27T13:19:58+00:00\" \/>\n<meta property=\"og:image\" content=\"https:\/\/partenercollective.com\/wp-content\/uploads\/2024\/05\/miguel-borgues.jpg\" \/>\n\t<meta property=\"og:image:width\" content=\"800\" \/>\n\t<meta property=\"og:image:height\" content=\"800\" \/>\n\t<meta property=\"og:image:type\" content=\"image\/jpeg\" \/>\n<meta name=\"twitter:card\" content=\"summary_large_image\" \/>\n<meta name=\"twitter:label1\" content=\"Est. reading time\" \/>\n\t<meta name=\"twitter:data1\" content=\"1 minute\" \/>\n<script type=\"application\/ld+json\" class=\"yoast-schema-graph\">{\"@context\":\"https:\\\/\\\/schema.org\",\"@graph\":[{\"@type\":\"WebPage\",\"@id\":\"https:\\\/\\\/partenercollective.com\\\/profesionales\\\/coach\\\/miguel-borges\\\/\",\"url\":\"https:\\\/\\\/partenercollective.com\\\/profesionales\\\/coach\\\/miguel-borges\\\/\",\"name\":\"Miguel Borges - Partener Collective\",\"isPartOf\":{\"@id\":\"https:\\\/\\\/partenercollective.com\\\/#website\"},\"primaryImageOfPage\":{\"@id\":\"https:\\\/\\\/partenercollective.com\\\/profesionales\\\/coach\\\/miguel-borges\\\/#primaryimage\"},\"image\":{\"@id\":\"https:\\\/\\\/partenercollective.com\\\/profesionales\\\/coach\\\/miguel-borges\\\/#primaryimage\"},\"thumbnailUrl\":\"https:\\\/\\\/partenercollective.com\\\/wp-content\\\/uploads\\\/2024\\\/05\\\/miguel-borgues.jpg\",\"datePublished\":\"2024-05-24T10:44:30+00:00\",\"dateModified\":\"2025-06-27T13:19:58+00:00\",\"breadcrumb\":{\"@id\":\"https:\\\/\\\/partenercollective.com\\\/profesionales\\\/coach\\\/miguel-borges\\\/#breadcrumb\"},\"inLanguage\":\"en-US\",\"potentialAction\":[{\"@type\":\"ReadAction\",\"target\":[\"https:\\\/\\\/partenercollective.com\\\/profesionales\\\/coach\\\/miguel-borges\\\/\"]}]},{\"@type\":\"ImageObject\",\"inLanguage\":\"en-US\",\"@id\":\"https:\\\/\\\/partenercollective.com\\\/profesionales\\\/coach\\\/miguel-borges\\\/#primaryimage\",\"url\":\"https:\\\/\\\/partenercollective.com\\\/wp-content\\\/uploads\\\/2024\\\/05\\\/miguel-borgues.jpg\",\"contentUrl\":\"https:\\\/\\\/partenercollective.com\\\/wp-content\\\/uploads\\\/2024\\\/05\\\/miguel-borgues.jpg\",\"width\":800,\"height\":800,\"caption\":\"Miguel Borges\"},{\"@type\":\"BreadcrumbList\",\"@id\":\"https:\\\/\\\/partenercollective.com\\\/profesionales\\\/coach\\\/miguel-borges\\\/#breadcrumb\",\"itemListElement\":[{\"@type\":\"ListItem\",\"position\":1,\"name\":\"Portada\",\"item\":\"https:\\\/\\\/partenercollective.com\\\/\"},{\"@type\":\"ListItem\",\"position\":2,\"name\":\"Profesionales\",\"item\":\"https:\\\/\\\/partenercollective.com\\\/profesionales\\\/\"},{\"@type\":\"ListItem\",\"position\":3,\"name\":\"Miguel Borges\"}]},{\"@type\":\"WebSite\",\"@id\":\"https:\\\/\\\/partenercollective.com\\\/#website\",\"url\":\"https:\\\/\\\/partenercollective.com\\\/\",\"name\":\"Partener Collective\",\"description\":\"Conecta con una Comunidad Internacional de Actores y Coach para llevar tus escenas, personajes y self-tapes al siguiente nivel.\",\"publisher\":{\"@id\":\"https:\\\/\\\/partenercollective.com\\\/#organization\"},\"alternateName\":\"Partener Collective\",\"potentialAction\":[{\"@type\":\"SearchAction\",\"target\":{\"@type\":\"EntryPoint\",\"urlTemplate\":\"https:\\\/\\\/partenercollective.com\\\/?s={search_term_string}\"},\"query-input\":{\"@type\":\"PropertyValueSpecification\",\"valueRequired\":true,\"valueName\":\"search_term_string\"}}],\"inLanguage\":\"en-US\"},{\"@type\":\"Organization\",\"@id\":\"https:\\\/\\\/partenercollective.com\\\/#organization\",\"name\":\"Partener Collective\",\"alternateName\":\"Partener Collective\",\"url\":\"https:\\\/\\\/partenercollective.com\\\/\",\"logo\":{\"@type\":\"ImageObject\",\"inLanguage\":\"en-US\",\"@id\":\"https:\\\/\\\/partenercollective.com\\\/#\\\/schema\\\/logo\\\/image\\\/\",\"url\":\"https:\\\/\\\/partenercollective.com\\\/wp-content\\\/uploads\\\/2024\\\/04\\\/partener-collective-logo.png\",\"contentUrl\":\"https:\\\/\\\/partenercollective.com\\\/wp-content\\\/uploads\\\/2024\\\/04\\\/partener-collective-logo.png\",\"width\":2156,\"height\":604,\"caption\":\"Partener Collective\"},\"image\":{\"@id\":\"https:\\\/\\\/partenercollective.com\\\/#\\\/schema\\\/logo\\\/image\\\/\"},\"sameAs\":[\"https:\\\/\\\/www.instagram.com\\\/partenercollective\\\/\"]}]}<\/script>\n<!-- \/ Yoast SEO plugin. -->","yoast_head_json":{"title":"Miguel Borges - Partener Collective","robots":{"index":"index","follow":"follow","max-snippet":"max-snippet:-1","max-image-preview":"max-image-preview:large","max-video-preview":"max-video-preview:-1"},"canonical":"https:\/\/partenercollective.com\/en\/professionals\/coach\/miguel-borges\/","og_locale":"en_US","og_type":"article","og_title":"Miguel Borges - Partener Collective","og_description":"Miguel Borges (1966) es uno de los actores portugueses m\u00e1s aclamados. Ha participado en mas de 150 obras teatrales y cinematogr\u00e1ficas, protagonizando muchas de ellas y siendo reconocido con numerosos premios.  Termin\u00f3 el curso de formaci\u00f3n actoral en la Escola Superior de Teatro e Cinema de Lisboa. Se inici\u00f3 en los Netos do Metropolitano y en las Marionetas de Lisboa. Posteriormente, trabaj\u00f3 con el Teatro da Cornuc\u00f3pia (bajo la direcci\u00f3n de Miguel Guilherme, Stephan Stroux y Lu\u00eds Miguel Cintra), con Jo\u00e3o Fiadeiro interpret\u00f3 Branco Sujo, ha trabajado frecuentemente en el projecto Olho ( Jo\u00e3o Garcia Miguel), con la Compa\u00f1\u00eda Depois da Uma \u2013 Teatro? hizo Equimoses \u2013 N\u00f3doas na Cidade, de Rui Guilherme Lopes e Pedro Carraca, es socio fundador de T\u00e1 Safo. trabaj\u00f3 en Sensurround (direcci\u00f3n de L\u00facia Sigalho) y Artistas Unidos (con Jorge Silva Melo, Joana B\u00e1rcia, Am\u00e9rico Silva, Cl\u00e1udio da Silva, Jo\u00e3o Fiadeiro y Ant\u00f3nio Sim\u00e3o).  Ha interpretado piezas de Bertolt Brecht, Harold Pinter, Antonio Onetti, Samuel Beckett, William Shakespeare, Georg B\u00fcchner,Federico Garcia Lorca, Calder\u00f3n de La Barca, jean Genet, Goethe, Sarah Kane, Jon Fosse, Jos\u00e9 Maria Vieira Mendes o Miguel Castro Caldas.","og_url":"https:\/\/partenercollective.com\/en\/professionals\/coach\/miguel-borges\/","og_site_name":"Partener Collective","article_modified_time":"2025-06-27T13:19:58+00:00","og_image":[{"width":800,"height":800,"url":"https:\/\/partenercollective.com\/wp-content\/uploads\/2024\/05\/miguel-borgues.jpg","type":"image\/jpeg"}],"twitter_card":"summary_large_image","twitter_misc":{"Est. reading time":"1 minute"},"schema":{"@context":"https:\/\/schema.org","@graph":[{"@type":"WebPage","@id":"https:\/\/partenercollective.com\/profesionales\/coach\/miguel-borges\/","url":"https:\/\/partenercollective.com\/profesionales\/coach\/miguel-borges\/","name":"Miguel Borges - Partener Collective","isPartOf":{"@id":"https:\/\/partenercollective.com\/#website"},"primaryImageOfPage":{"@id":"https:\/\/partenercollective.com\/profesionales\/coach\/miguel-borges\/#primaryimage"},"image":{"@id":"https:\/\/partenercollective.com\/profesionales\/coach\/miguel-borges\/#primaryimage"},"thumbnailUrl":"https:\/\/partenercollective.com\/wp-content\/uploads\/2024\/05\/miguel-borgues.jpg","datePublished":"2024-05-24T10:44:30+00:00","dateModified":"2025-06-27T13:19:58+00:00","breadcrumb":{"@id":"https:\/\/partenercollective.com\/profesionales\/coach\/miguel-borges\/#breadcrumb"},"inLanguage":"en-US","potentialAction":[{"@type":"ReadAction","target":["https:\/\/partenercollective.com\/profesionales\/coach\/miguel-borges\/"]}]},{"@type":"ImageObject","inLanguage":"en-US","@id":"https:\/\/partenercollective.com\/profesionales\/coach\/miguel-borges\/#primaryimage","url":"https:\/\/partenercollective.com\/wp-content\/uploads\/2024\/05\/miguel-borgues.jpg","contentUrl":"https:\/\/partenercollective.com\/wp-content\/uploads\/2024\/05\/miguel-borgues.jpg","width":800,"height":800,"caption":"Miguel Borges"},{"@type":"BreadcrumbList","@id":"https:\/\/partenercollective.com\/profesionales\/coach\/miguel-borges\/#breadcrumb","itemListElement":[{"@type":"ListItem","position":1,"name":"Portada","item":"https:\/\/partenercollective.com\/"},{"@type":"ListItem","position":2,"name":"Profesionales","item":"https:\/\/partenercollective.com\/profesionales\/"},{"@type":"ListItem","position":3,"name":"Miguel Borges"}]},{"@type":"WebSite","@id":"https:\/\/partenercollective.com\/#website","url":"https:\/\/partenercollective.com\/","name":"Partener Collective","description":"Connect with an International Community of Actors and Coaches to take your scenes, characters and self-tapes to the next level.","publisher":{"@id":"https:\/\/partenercollective.com\/#organization"},"alternateName":"Partener Collective","potentialAction":[{"@type":"SearchAction","target":{"@type":"EntryPoint","urlTemplate":"https:\/\/partenercollective.com\/?s={search_term_string}"},"query-input":{"@type":"PropertyValueSpecification","valueRequired":true,"valueName":"search_term_string"}}],"inLanguage":"en-US"},{"@type":"Organization","@id":"https:\/\/partenercollective.com\/#organization","name":"Partener Collective","alternateName":"Partener Collective","url":"https:\/\/partenercollective.com\/","logo":{"@type":"ImageObject","inLanguage":"en-US","@id":"https:\/\/partenercollective.com\/#\/schema\/logo\/image\/","url":"https:\/\/partenercollective.com\/wp-content\/uploads\/2024\/04\/partener-collective-logo.png","contentUrl":"https:\/\/partenercollective.com\/wp-content\/uploads\/2024\/04\/partener-collective-logo.png","width":2156,"height":604,"caption":"Partener Collective"},"image":{"@id":"https:\/\/partenercollective.com\/#\/schema\/logo\/image\/"},"sameAs":["https:\/\/www.instagram.com\/partenercollective\/"]}]}},"_links":{"self":[{"href":"https:\/\/partenercollective.com\/en\/wp-json\/wp\/v2\/product\/685","targetHints":{"allow":["GET"]}}],"collection":[{"href":"https:\/\/partenercollective.com\/en\/wp-json\/wp\/v2\/product"}],"about":[{"href":"https:\/\/partenercollective.com\/en\/wp-json\/wp\/v2\/types\/product"}],"replies":[{"embeddable":true,"href":"https:\/\/partenercollective.com\/en\/wp-json\/wp\/v2\/comments?post=685"}],"wp:featuredmedia":[{"embeddable":true,"href":"https:\/\/partenercollective.com\/en\/wp-json\/wp\/v2\/media\/694"}],"wp:attachment":[{"href":"https:\/\/partenercollective.com\/en\/wp-json\/wp\/v2\/media?parent=685"}],"wp:term":[{"taxonomy":"product_brand","embeddable":true,"href":"https:\/\/partenercollective.com\/en\/wp-json\/wp\/v2\/product_brand?post=685"},{"taxonomy":"product_cat","embeddable":true,"href":"https:\/\/partenercollective.com\/en\/wp-json\/wp\/v2\/product_cat?post=685"},{"taxonomy":"product_tag","embeddable":true,"href":"https:\/\/partenercollective.com\/en\/wp-json\/wp\/v2\/product_tag?post=685"},{"taxonomy":"idioma","embeddable":true,"href":"https:\/\/partenercollective.com\/en\/wp-json\/wp\/v2\/idioma?post=685"}],"curies":[{"name":"wp","href":"https:\/\/api.w.org\/{rel}","templated":true}]}}