{"id":693,"date":"2024-05-02T13:13:32","date_gmt":"2024-05-02T11:13:32","guid":{"rendered":"https:\/\/partenercollective.com\/?post_type=product&#038;p=693"},"modified":"2024-10-28T12:57:08","modified_gmt":"2024-10-28T11:57:08","slug":"rocio-suarez","status":"publish","type":"product","link":"https:\/\/partenercollective.com\/en\/profesionales\/partener\/rocio-suarez\/","title":{"rendered":"Rocio Suarez"},"content":{"rendered":"","protected":false},"excerpt":{"rendered":"<p>He studied acting at the film school of the Basque Country, as well as at the school of<br \/>\nCristina Rota, and completes these studies with courses and seminars with different<br \/>\nprofessionals, among them Pablo Messiez, Francesco Carril, Fernando Franco, \u00cd\u00f1igo<br \/>\nRodr\u00edguez Claro and Carlota Gavi\u00f1o of Grumelot.<br \/>\nIn film, she has worked with directors such as Sandra Romero in A Room of One's Own, Elena<br \/>\nTara in Lo peor que podr\u00eda pasar, Javier Olivera in Las noches rotas or Diego Llorente in Lo peor que podr\u00eda pasar.<br \/>\nin Notas sobre un verano, recently premiered at the Rotterdam Festival.<br \/>\nHe alternates these works with theater and dance-theater, participating in several pieces with the<br \/>\ncompany El Curro DT, or with the Malaeva collective in Barcelona 92.<br \/>\nHis latest work was Titulo provisional: pistola o cuchillo, directed by Cristina Basallote.<br \/>\nin the Exl\u00edmite room.<\/p>\n<p>Link to imbd:<br \/>\nhttps:\/\/m.imdb.com\/name\/nm7049049\/<\/p>\n<p>Link to reel:<br \/>\nhttps:\/\/vimeo.com\/420799718<\/p>","protected":false},"featured_media":443,"comment_status":"closed","ping_status":"closed","template":"","meta":[],"product_brand":[],"product_cat":[38],"product_tag":[],"idioma":[43],"class_list":{"0":"post-693","1":"product","2":"type-product","3":"status-publish","4":"has-post-thumbnail","6":"product_cat-partener","7":"yith_shop_vendor-rocio","8":"idioma-espanol-castellano","10":"first","11":"instock","12":"virtual","13":"sold-individually","14":"taxable","15":"purchasable","16":"product-type-booking"},"yoast_head":"<!-- This site is optimized with the Yoast SEO plugin v27.5 - https:\/\/yoast.com\/product\/yoast-seo-wordpress\/ -->\n<title>Roc\u00edo Su\u00e1rez - Partener Collective<\/title>\n<meta name=\"robots\" content=\"index, follow, max-snippet:-1, max-image-preview:large, max-video-preview:-1\" \/>\n<link rel=\"canonical\" href=\"https:\/\/partenercollective.com\/en\/professionals\/partner\/rocio-suarez\/\" \/>\n<meta property=\"og:locale\" content=\"en_US\" \/>\n<meta property=\"og:type\" content=\"article\" \/>\n<meta property=\"og:title\" content=\"Roc\u00edo Su\u00e1rez - Partener Collective\" \/>\n<meta property=\"og:description\" content=\"Estudia interpretaci\u00f3n en la escuela de cine del Pa\u00eds Vasco, as\u00ed como en la escuela de Cristina Rota, y completa estos estudios con cursos y seminarios con diferentes profesionales, entre ellos Pablo Messiez, Francesco Carril, Fernando Franco, \u00cd\u00f1igo Rodr\u00edguez Claro y Carlota Gavi\u00f1o de la comoa\u00f1\u00eda Grumelot. En cine, ha trabajado con directoras como Sandra Romero en Una Habitaci\u00f3n propia, Elena Tara en Lo peor que podr\u00eda pasar, Javier Olivera en Las noches rotas o Diego Llorente en Notas sobre un verano, recientemente estrenada en el Festival de Rotterdam. Alterna estos trabajos con el teatro y la danza-teatro, participando en diversas piezas con la compa\u00f1\u00eda El Curro DT, o con el colectivo Malaeva en Barcelona 92. Su \u00faltimo trabajo ha sido T\u00edtulo provisional: pistola o cuchillo, dirigido por Cristina Basallote en la sala Exl\u00edmite.  Enlace a imbd: https:\/\/m.imdb.com\/name\/nm7049049\/  Enlace a reel: https:\/\/vimeo.com\/420799718\" \/>\n<meta property=\"og:url\" content=\"https:\/\/partenercollective.com\/en\/professionals\/partner\/rocio-suarez\/\" \/>\n<meta property=\"og:site_name\" content=\"Partener Collective\" \/>\n<meta property=\"article:modified_time\" content=\"2024-10-28T11:57:08+00:00\" \/>\n<meta property=\"og:image\" content=\"https:\/\/partenercollective.com\/wp-content\/uploads\/2024\/04\/foto-rocio-suarez.jpg\" \/>\n\t<meta property=\"og:image:width\" content=\"800\" \/>\n\t<meta property=\"og:image:height\" content=\"800\" \/>\n\t<meta property=\"og:image:type\" content=\"image\/jpeg\" \/>\n<meta name=\"twitter:card\" content=\"summary_large_image\" \/>\n<meta name=\"twitter:label1\" content=\"Est. reading time\" \/>\n\t<meta name=\"twitter:data1\" content=\"1 minute\" \/>\n<script type=\"application\/ld+json\" class=\"yoast-schema-graph\">{\"@context\":\"https:\\\/\\\/schema.org\",\"@graph\":[{\"@type\":\"WebPage\",\"@id\":\"https:\\\/\\\/partenercollective.com\\\/profesionales\\\/partener\\\/rocio-suarez\\\/\",\"url\":\"https:\\\/\\\/partenercollective.com\\\/profesionales\\\/partener\\\/rocio-suarez\\\/\",\"name\":\"Roc\u00edo Su\u00e1rez - Partener Collective\",\"isPartOf\":{\"@id\":\"https:\\\/\\\/partenercollective.com\\\/#website\"},\"primaryImageOfPage\":{\"@id\":\"https:\\\/\\\/partenercollective.com\\\/profesionales\\\/partener\\\/rocio-suarez\\\/#primaryimage\"},\"image\":{\"@id\":\"https:\\\/\\\/partenercollective.com\\\/profesionales\\\/partener\\\/rocio-suarez\\\/#primaryimage\"},\"thumbnailUrl\":\"https:\\\/\\\/partenercollective.com\\\/wp-content\\\/uploads\\\/2024\\\/04\\\/foto-rocio-suarez.jpg\",\"datePublished\":\"2024-05-02T11:13:32+00:00\",\"dateModified\":\"2024-10-28T11:57:08+00:00\",\"breadcrumb\":{\"@id\":\"https:\\\/\\\/partenercollective.com\\\/profesionales\\\/partener\\\/rocio-suarez\\\/#breadcrumb\"},\"inLanguage\":\"en-US\",\"potentialAction\":[{\"@type\":\"ReadAction\",\"target\":[\"https:\\\/\\\/partenercollective.com\\\/profesionales\\\/partener\\\/rocio-suarez\\\/\"]}]},{\"@type\":\"ImageObject\",\"inLanguage\":\"en-US\",\"@id\":\"https:\\\/\\\/partenercollective.com\\\/profesionales\\\/partener\\\/rocio-suarez\\\/#primaryimage\",\"url\":\"https:\\\/\\\/partenercollective.com\\\/wp-content\\\/uploads\\\/2024\\\/04\\\/foto-rocio-suarez.jpg\",\"contentUrl\":\"https:\\\/\\\/partenercollective.com\\\/wp-content\\\/uploads\\\/2024\\\/04\\\/foto-rocio-suarez.jpg\",\"width\":800,\"height\":800},{\"@type\":\"BreadcrumbList\",\"@id\":\"https:\\\/\\\/partenercollective.com\\\/profesionales\\\/partener\\\/rocio-suarez\\\/#breadcrumb\",\"itemListElement\":[{\"@type\":\"ListItem\",\"position\":1,\"name\":\"Portada\",\"item\":\"https:\\\/\\\/partenercollective.com\\\/\"},{\"@type\":\"ListItem\",\"position\":2,\"name\":\"Profesionales\",\"item\":\"https:\\\/\\\/partenercollective.com\\\/profesionales\\\/\"},{\"@type\":\"ListItem\",\"position\":3,\"name\":\"Roc\u00edo Su\u00e1rez\"}]},{\"@type\":\"WebSite\",\"@id\":\"https:\\\/\\\/partenercollective.com\\\/#website\",\"url\":\"https:\\\/\\\/partenercollective.com\\\/\",\"name\":\"Partener Collective\",\"description\":\"Conecta con una Comunidad Internacional de Actores y Coach para llevar tus escenas, personajes y self-tapes al siguiente nivel.\",\"publisher\":{\"@id\":\"https:\\\/\\\/partenercollective.com\\\/#organization\"},\"alternateName\":\"Partener Collective\",\"potentialAction\":[{\"@type\":\"SearchAction\",\"target\":{\"@type\":\"EntryPoint\",\"urlTemplate\":\"https:\\\/\\\/partenercollective.com\\\/?s={search_term_string}\"},\"query-input\":{\"@type\":\"PropertyValueSpecification\",\"valueRequired\":true,\"valueName\":\"search_term_string\"}}],\"inLanguage\":\"en-US\"},{\"@type\":\"Organization\",\"@id\":\"https:\\\/\\\/partenercollective.com\\\/#organization\",\"name\":\"Partener Collective\",\"alternateName\":\"Partener Collective\",\"url\":\"https:\\\/\\\/partenercollective.com\\\/\",\"logo\":{\"@type\":\"ImageObject\",\"inLanguage\":\"en-US\",\"@id\":\"https:\\\/\\\/partenercollective.com\\\/#\\\/schema\\\/logo\\\/image\\\/\",\"url\":\"https:\\\/\\\/partenercollective.com\\\/wp-content\\\/uploads\\\/2024\\\/04\\\/partener-collective-logo.png\",\"contentUrl\":\"https:\\\/\\\/partenercollective.com\\\/wp-content\\\/uploads\\\/2024\\\/04\\\/partener-collective-logo.png\",\"width\":2156,\"height\":604,\"caption\":\"Partener Collective\"},\"image\":{\"@id\":\"https:\\\/\\\/partenercollective.com\\\/#\\\/schema\\\/logo\\\/image\\\/\"},\"sameAs\":[\"https:\\\/\\\/www.instagram.com\\\/partenercollective\\\/\"]}]}<\/script>\n<!-- \/ Yoast SEO plugin. -->","yoast_head_json":{"title":"Roc\u00edo Su\u00e1rez - Partener Collective","robots":{"index":"index","follow":"follow","max-snippet":"max-snippet:-1","max-image-preview":"max-image-preview:large","max-video-preview":"max-video-preview:-1"},"canonical":"https:\/\/partenercollective.com\/en\/professionals\/partner\/rocio-suarez\/","og_locale":"en_US","og_type":"article","og_title":"Roc\u00edo Su\u00e1rez - Partener Collective","og_description":"Estudia interpretaci\u00f3n en la escuela de cine del Pa\u00eds Vasco, as\u00ed como en la escuela de Cristina Rota, y completa estos estudios con cursos y seminarios con diferentes profesionales, entre ellos Pablo Messiez, Francesco Carril, Fernando Franco, \u00cd\u00f1igo Rodr\u00edguez Claro y Carlota Gavi\u00f1o de la comoa\u00f1\u00eda Grumelot. En cine, ha trabajado con directoras como Sandra Romero en Una Habitaci\u00f3n propia, Elena Tara en Lo peor que podr\u00eda pasar, Javier Olivera en Las noches rotas o Diego Llorente en Notas sobre un verano, recientemente estrenada en el Festival de Rotterdam. Alterna estos trabajos con el teatro y la danza-teatro, participando en diversas piezas con la compa\u00f1\u00eda El Curro DT, o con el colectivo Malaeva en Barcelona 92. Su \u00faltimo trabajo ha sido T\u00edtulo provisional: pistola o cuchillo, dirigido por Cristina Basallote en la sala Exl\u00edmite.  Enlace a imbd: https:\/\/m.imdb.com\/name\/nm7049049\/  Enlace a reel: https:\/\/vimeo.com\/420799718","og_url":"https:\/\/partenercollective.com\/en\/professionals\/partner\/rocio-suarez\/","og_site_name":"Partener Collective","article_modified_time":"2024-10-28T11:57:08+00:00","og_image":[{"width":800,"height":800,"url":"https:\/\/partenercollective.com\/wp-content\/uploads\/2024\/04\/foto-rocio-suarez.jpg","type":"image\/jpeg"}],"twitter_card":"summary_large_image","twitter_misc":{"Est. reading time":"1 minute"},"schema":{"@context":"https:\/\/schema.org","@graph":[{"@type":"WebPage","@id":"https:\/\/partenercollective.com\/profesionales\/partener\/rocio-suarez\/","url":"https:\/\/partenercollective.com\/profesionales\/partener\/rocio-suarez\/","name":"Roc\u00edo Su\u00e1rez - Partener Collective","isPartOf":{"@id":"https:\/\/partenercollective.com\/#website"},"primaryImageOfPage":{"@id":"https:\/\/partenercollective.com\/profesionales\/partener\/rocio-suarez\/#primaryimage"},"image":{"@id":"https:\/\/partenercollective.com\/profesionales\/partener\/rocio-suarez\/#primaryimage"},"thumbnailUrl":"https:\/\/partenercollective.com\/wp-content\/uploads\/2024\/04\/foto-rocio-suarez.jpg","datePublished":"2024-05-02T11:13:32+00:00","dateModified":"2024-10-28T11:57:08+00:00","breadcrumb":{"@id":"https:\/\/partenercollective.com\/profesionales\/partener\/rocio-suarez\/#breadcrumb"},"inLanguage":"en-US","potentialAction":[{"@type":"ReadAction","target":["https:\/\/partenercollective.com\/profesionales\/partener\/rocio-suarez\/"]}]},{"@type":"ImageObject","inLanguage":"en-US","@id":"https:\/\/partenercollective.com\/profesionales\/partener\/rocio-suarez\/#primaryimage","url":"https:\/\/partenercollective.com\/wp-content\/uploads\/2024\/04\/foto-rocio-suarez.jpg","contentUrl":"https:\/\/partenercollective.com\/wp-content\/uploads\/2024\/04\/foto-rocio-suarez.jpg","width":800,"height":800},{"@type":"BreadcrumbList","@id":"https:\/\/partenercollective.com\/profesionales\/partener\/rocio-suarez\/#breadcrumb","itemListElement":[{"@type":"ListItem","position":1,"name":"Portada","item":"https:\/\/partenercollective.com\/"},{"@type":"ListItem","position":2,"name":"Profesionales","item":"https:\/\/partenercollective.com\/profesionales\/"},{"@type":"ListItem","position":3,"name":"Roc\u00edo Su\u00e1rez"}]},{"@type":"WebSite","@id":"https:\/\/partenercollective.com\/#website","url":"https:\/\/partenercollective.com\/","name":"Partener Collective","description":"Connect with an International Community of Actors and Coaches to take your scenes, characters and self-tapes to the next level.","publisher":{"@id":"https:\/\/partenercollective.com\/#organization"},"alternateName":"Partener Collective","potentialAction":[{"@type":"SearchAction","target":{"@type":"EntryPoint","urlTemplate":"https:\/\/partenercollective.com\/?s={search_term_string}"},"query-input":{"@type":"PropertyValueSpecification","valueRequired":true,"valueName":"search_term_string"}}],"inLanguage":"en-US"},{"@type":"Organization","@id":"https:\/\/partenercollective.com\/#organization","name":"Partener Collective","alternateName":"Partener Collective","url":"https:\/\/partenercollective.com\/","logo":{"@type":"ImageObject","inLanguage":"en-US","@id":"https:\/\/partenercollective.com\/#\/schema\/logo\/image\/","url":"https:\/\/partenercollective.com\/wp-content\/uploads\/2024\/04\/partener-collective-logo.png","contentUrl":"https:\/\/partenercollective.com\/wp-content\/uploads\/2024\/04\/partener-collective-logo.png","width":2156,"height":604,"caption":"Partener Collective"},"image":{"@id":"https:\/\/partenercollective.com\/#\/schema\/logo\/image\/"},"sameAs":["https:\/\/www.instagram.com\/partenercollective\/"]}]}},"_links":{"self":[{"href":"https:\/\/partenercollective.com\/en\/wp-json\/wp\/v2\/product\/693","targetHints":{"allow":["GET"]}}],"collection":[{"href":"https:\/\/partenercollective.com\/en\/wp-json\/wp\/v2\/product"}],"about":[{"href":"https:\/\/partenercollective.com\/en\/wp-json\/wp\/v2\/types\/product"}],"replies":[{"embeddable":true,"href":"https:\/\/partenercollective.com\/en\/wp-json\/wp\/v2\/comments?post=693"}],"wp:featuredmedia":[{"embeddable":true,"href":"https:\/\/partenercollective.com\/en\/wp-json\/wp\/v2\/media\/443"}],"wp:attachment":[{"href":"https:\/\/partenercollective.com\/en\/wp-json\/wp\/v2\/media?parent=693"}],"wp:term":[{"taxonomy":"product_brand","embeddable":true,"href":"https:\/\/partenercollective.com\/en\/wp-json\/wp\/v2\/product_brand?post=693"},{"taxonomy":"product_cat","embeddable":true,"href":"https:\/\/partenercollective.com\/en\/wp-json\/wp\/v2\/product_cat?post=693"},{"taxonomy":"product_tag","embeddable":true,"href":"https:\/\/partenercollective.com\/en\/wp-json\/wp\/v2\/product_tag?post=693"},{"taxonomy":"idioma","embeddable":true,"href":"https:\/\/partenercollective.com\/en\/wp-json\/wp\/v2\/idioma?post=693"}],"curies":[{"name":"wp","href":"https:\/\/api.w.org\/{rel}","templated":true}]}}