{"id":697,"date":"2024-05-08T22:33:19","date_gmt":"2024-05-08T20:33:19","guid":{"rendered":"https:\/\/partenercollective.com\/?post_type=product&#038;p=697"},"modified":"2024-10-28T12:59:17","modified_gmt":"2024-10-28T11:59:17","slug":"ana-villa-partener","status":"publish","type":"product","link":"https:\/\/partenercollective.com\/en\/professionals\/partner\/ana-villa-partener\/","title":{"rendered":"Ana Villa"},"content":{"rendered":"","protected":false},"excerpt":{"rendered":"<p>Ana Villa has a long career as an actress and has starred in television series such as \"Amar en tiempos revueltos\", \"14 de Abril, La Rep\u00fablica\" and \"Centro m\u00e9dico\".<\/p>\n<p>Currently her work can be seen in \"Vestidas de azul\", \"Memento mor\u00ed\", \"el Silencio\" and \"Alma\", among others.<\/p>\n<p>He has also participated in films such as \"Infiesto\", \"La cosecha\" and \"El viaje de Carol\". In theater, he is currently representing the comedy \"La madre que me pari\u00f3\" by Gabriel Olivares, the play that has been programmed for the most seasons in Madrid.<\/p>\n<p>He has also worked with Carlos Saura in \"El coronel no tiene quien le escriba\", Willkeen in \"Hamlet\", Magui Mira in \"El Discurso de rey\".<\/p>\n<p>In verse, she starred in and premiered at the Teatro Espa\u00f1ol \"Mujeres y criados\", a play by Lope de Vega rediscovered after 500 years.<\/p>\n<p>She has received numerous national and international awards and nominations throughout her career, among them, awarded twice in the union of actors and actresses as best performer, has received the Gava and has recently been a finalist for the Oscar with the short film \"Distancias\" which she stars in and for which she has received more than 15 awards.<\/p>\n<p>She teaches numerous interpreting workshops for professionals. Friendly and approachable, she will help you find the truth and that special something in your interpreting.<\/p>","protected":false},"featured_media":427,"comment_status":"closed","ping_status":"closed","template":"","meta":[],"product_brand":[],"product_cat":[38],"product_tag":[],"idioma":[43],"class_list":{"0":"post-697","1":"product","2":"type-product","3":"status-publish","4":"has-post-thumbnail","6":"product_cat-partener","7":"idioma-espanol-castellano","9":"first","10":"instock","11":"virtual","12":"sold-individually","13":"taxable","14":"purchasable","15":"product-type-booking"},"yoast_head":"<!-- This site is optimized with the Yoast SEO plugin v26.6 - https:\/\/yoast.com\/wordpress\/plugins\/seo\/ -->\n<title>Ana Villa - Partener Collective<\/title>\n<meta name=\"robots\" content=\"index, follow, max-snippet:-1, max-image-preview:large, max-video-preview:-1\" \/>\n<link rel=\"canonical\" href=\"https:\/\/partenercollective.com\/en\/professionals\/partner\/ana-villa-partener\/\" \/>\n<meta property=\"og:locale\" content=\"en_US\" \/>\n<meta property=\"og:type\" content=\"article\" \/>\n<meta property=\"og:title\" content=\"Ana Villa - Partener Collective\" \/>\n<meta property=\"og:description\" content=\"Ana Villa tiene un larga trayectoria como actriz.En audiovisual ha protagonizada durante a\u00f1os series de Televisi\u00f3n como &quot;Amar en tiempos revueltos&quot;, \u201c 14 de Abril, La Rep\u00fablica&quot; o &quot;Centro m\u00e9dico\u201d.  Actualmente puede verse su trabajo en &quot;Vestidas de azul&quot;, &quot;Memento mor\u00ed&quot;, &quot; el Silencio &quot;y \u201cAlma\u201d,entre otras.  Tambi\u00e9n ha participado en pel\u00edculas como\u201d Infiesto&quot;, \u201c La cosecha&quot; y \u201c El viaje de Carol&quot; En teatro, se encuentra actualmente representando la comedia \u201cLa madre que me pari\u00f3\u201d de Gabriel Olivares, la obra que m\u00e1s temporadas lleva programada a d\u00eda de hoy en Madrid.  Ha trabajado tambi\u00e9n con Carlos Saura en \u201cEl coronel no tiene quien le escriba\u201d, Willkeen en \u201cHamlet\u201d, Magui Mira en \u201cEl Discurso de rey\u201d.  En verso, protagoniza y estrena en el Teatro Espa\u00f1ol \u201dMujeres y criados\u201d obra de Lope de Vega reencontrada despu\u00e9s de 500 a\u00f1os.  Ha recibido numerosos galardones y nominaciones nacionales e internacionales a lo largo de su carrera, entre ellos, Premiada en dos ocasiones en la uni\u00f3n de actores y actrices como mejor int\u00e9rprete, ha recibido el Gava y recientemente ha sido finalista a los Oscar con el cortometraje\u201dDistancias\u201d el cual protagoniza y por el que ha recibido m\u00e1s de 15 galardones.  Imparte numerosos talleres de interpretaci\u00f3n para profesionales Afable y cercana, te ayudar\u00e1 a busca la verdad y ese algo especial en tu interpretaci\u00f3n.\" \/>\n<meta property=\"og:url\" content=\"https:\/\/partenercollective.com\/en\/professionals\/partner\/ana-villa-partener\/\" \/>\n<meta property=\"og:site_name\" content=\"Partener Collective\" \/>\n<meta property=\"article:modified_time\" content=\"2024-10-28T11:59:17+00:00\" \/>\n<meta property=\"og:image\" content=\"https:\/\/partenercollective.com\/wp-content\/uploads\/2024\/04\/foto-ana-villa.jpg\" \/>\n\t<meta property=\"og:image:width\" content=\"800\" \/>\n\t<meta property=\"og:image:height\" content=\"800\" \/>\n\t<meta property=\"og:image:type\" content=\"image\/jpeg\" \/>\n<meta name=\"twitter:card\" content=\"summary_large_image\" \/>\n<script type=\"application\/ld+json\" class=\"yoast-schema-graph\">{\"@context\":\"https:\/\/schema.org\",\"@graph\":[{\"@type\":\"WebPage\",\"@id\":\"https:\/\/partenercollective.com\/profesionales\/partener\/ana-villa-partener\/\",\"url\":\"https:\/\/partenercollective.com\/profesionales\/partener\/ana-villa-partener\/\",\"name\":\"Ana Villa - Partener Collective\",\"isPartOf\":{\"@id\":\"https:\/\/partenercollective.com\/#website\"},\"primaryImageOfPage\":{\"@id\":\"https:\/\/partenercollective.com\/profesionales\/partener\/ana-villa-partener\/#primaryimage\"},\"image\":{\"@id\":\"https:\/\/partenercollective.com\/profesionales\/partener\/ana-villa-partener\/#primaryimage\"},\"thumbnailUrl\":\"https:\/\/partenercollective.com\/wp-content\/uploads\/2024\/04\/foto-ana-villa.jpg\",\"datePublished\":\"2024-05-08T20:33:19+00:00\",\"dateModified\":\"2024-10-28T11:59:17+00:00\",\"breadcrumb\":{\"@id\":\"https:\/\/partenercollective.com\/profesionales\/partener\/ana-villa-partener\/#breadcrumb\"},\"inLanguage\":\"en-US\",\"potentialAction\":[{\"@type\":\"ReadAction\",\"target\":[\"https:\/\/partenercollective.com\/profesionales\/partener\/ana-villa-partener\/\"]}]},{\"@type\":\"ImageObject\",\"inLanguage\":\"en-US\",\"@id\":\"https:\/\/partenercollective.com\/profesionales\/partener\/ana-villa-partener\/#primaryimage\",\"url\":\"https:\/\/partenercollective.com\/wp-content\/uploads\/2024\/04\/foto-ana-villa.jpg\",\"contentUrl\":\"https:\/\/partenercollective.com\/wp-content\/uploads\/2024\/04\/foto-ana-villa.jpg\",\"width\":800,\"height\":800,\"caption\":\"Ana Villa\"},{\"@type\":\"BreadcrumbList\",\"@id\":\"https:\/\/partenercollective.com\/profesionales\/partener\/ana-villa-partener\/#breadcrumb\",\"itemListElement\":[{\"@type\":\"ListItem\",\"position\":1,\"name\":\"Portada\",\"item\":\"https:\/\/partenercollective.com\/\"},{\"@type\":\"ListItem\",\"position\":2,\"name\":\"Profesionales\",\"item\":\"https:\/\/partenercollective.com\/profesionales\/\"},{\"@type\":\"ListItem\",\"position\":3,\"name\":\"Ana Villa\"}]},{\"@type\":\"WebSite\",\"@id\":\"https:\/\/partenercollective.com\/#website\",\"url\":\"https:\/\/partenercollective.com\/\",\"name\":\"Partener Collective\",\"description\":\"Conecta con una Comunidad Internacional de Actores y Coach para llevar tus escenas, personajes y self-tapes al siguiente nivel.\",\"publisher\":{\"@id\":\"https:\/\/partenercollective.com\/#organization\"},\"alternateName\":\"Partener Collective\",\"potentialAction\":[{\"@type\":\"SearchAction\",\"target\":{\"@type\":\"EntryPoint\",\"urlTemplate\":\"https:\/\/partenercollective.com\/?s={search_term_string}\"},\"query-input\":{\"@type\":\"PropertyValueSpecification\",\"valueRequired\":true,\"valueName\":\"search_term_string\"}}],\"inLanguage\":\"en-US\"},{\"@type\":\"Organization\",\"@id\":\"https:\/\/partenercollective.com\/#organization\",\"name\":\"Partener Collective\",\"alternateName\":\"Partener Collective\",\"url\":\"https:\/\/partenercollective.com\/\",\"logo\":{\"@type\":\"ImageObject\",\"inLanguage\":\"en-US\",\"@id\":\"https:\/\/partenercollective.com\/#\/schema\/logo\/image\/\",\"url\":\"https:\/\/partenercollective.com\/wp-content\/uploads\/2024\/04\/partener-collective-logo.png\",\"contentUrl\":\"https:\/\/partenercollective.com\/wp-content\/uploads\/2024\/04\/partener-collective-logo.png\",\"width\":2156,\"height\":604,\"caption\":\"Partener Collective\"},\"image\":{\"@id\":\"https:\/\/partenercollective.com\/#\/schema\/logo\/image\/\"},\"sameAs\":[\"https:\/\/www.instagram.com\/partenercollective\/\"]}]}<\/script>\n<!-- \/ Yoast SEO plugin. -->","yoast_head_json":{"title":"Ana Villa - Partener Collective","robots":{"index":"index","follow":"follow","max-snippet":"max-snippet:-1","max-image-preview":"max-image-preview:large","max-video-preview":"max-video-preview:-1"},"canonical":"https:\/\/partenercollective.com\/en\/professionals\/partner\/ana-villa-partener\/","og_locale":"en_US","og_type":"article","og_title":"Ana Villa - Partener Collective","og_description":"Ana Villa tiene un larga trayectoria como actriz.En audiovisual ha protagonizada durante a\u00f1os series de Televisi\u00f3n como \"Amar en tiempos revueltos\", \u201c 14 de Abril, La Rep\u00fablica\" o \"Centro m\u00e9dico\u201d.  Actualmente puede verse su trabajo en \"Vestidas de azul\", \"Memento mor\u00ed\", \" el Silencio \"y \u201cAlma\u201d,entre otras.  Tambi\u00e9n ha participado en pel\u00edculas como\u201d Infiesto\", \u201c La cosecha\" y \u201c El viaje de Carol\" En teatro, se encuentra actualmente representando la comedia \u201cLa madre que me pari\u00f3\u201d de Gabriel Olivares, la obra que m\u00e1s temporadas lleva programada a d\u00eda de hoy en Madrid.  Ha trabajado tambi\u00e9n con Carlos Saura en \u201cEl coronel no tiene quien le escriba\u201d, Willkeen en \u201cHamlet\u201d, Magui Mira en \u201cEl Discurso de rey\u201d.  En verso, protagoniza y estrena en el Teatro Espa\u00f1ol \u201dMujeres y criados\u201d obra de Lope de Vega reencontrada despu\u00e9s de 500 a\u00f1os.  Ha recibido numerosos galardones y nominaciones nacionales e internacionales a lo largo de su carrera, entre ellos, Premiada en dos ocasiones en la uni\u00f3n de actores y actrices como mejor int\u00e9rprete, ha recibido el Gava y recientemente ha sido finalista a los Oscar con el cortometraje\u201dDistancias\u201d el cual protagoniza y por el que ha recibido m\u00e1s de 15 galardones.  Imparte numerosos talleres de interpretaci\u00f3n para profesionales Afable y cercana, te ayudar\u00e1 a busca la verdad y ese algo especial en tu interpretaci\u00f3n.","og_url":"https:\/\/partenercollective.com\/en\/professionals\/partner\/ana-villa-partener\/","og_site_name":"Partener Collective","article_modified_time":"2024-10-28T11:59:17+00:00","og_image":[{"width":800,"height":800,"url":"https:\/\/partenercollective.com\/wp-content\/uploads\/2024\/04\/foto-ana-villa.jpg","type":"image\/jpeg"}],"twitter_card":"summary_large_image","schema":{"@context":"https:\/\/schema.org","@graph":[{"@type":"WebPage","@id":"https:\/\/partenercollective.com\/profesionales\/partener\/ana-villa-partener\/","url":"https:\/\/partenercollective.com\/profesionales\/partener\/ana-villa-partener\/","name":"Ana Villa - Partener Collective","isPartOf":{"@id":"https:\/\/partenercollective.com\/#website"},"primaryImageOfPage":{"@id":"https:\/\/partenercollective.com\/profesionales\/partener\/ana-villa-partener\/#primaryimage"},"image":{"@id":"https:\/\/partenercollective.com\/profesionales\/partener\/ana-villa-partener\/#primaryimage"},"thumbnailUrl":"https:\/\/partenercollective.com\/wp-content\/uploads\/2024\/04\/foto-ana-villa.jpg","datePublished":"2024-05-08T20:33:19+00:00","dateModified":"2024-10-28T11:59:17+00:00","breadcrumb":{"@id":"https:\/\/partenercollective.com\/profesionales\/partener\/ana-villa-partener\/#breadcrumb"},"inLanguage":"en-US","potentialAction":[{"@type":"ReadAction","target":["https:\/\/partenercollective.com\/profesionales\/partener\/ana-villa-partener\/"]}]},{"@type":"ImageObject","inLanguage":"en-US","@id":"https:\/\/partenercollective.com\/profesionales\/partener\/ana-villa-partener\/#primaryimage","url":"https:\/\/partenercollective.com\/wp-content\/uploads\/2024\/04\/foto-ana-villa.jpg","contentUrl":"https:\/\/partenercollective.com\/wp-content\/uploads\/2024\/04\/foto-ana-villa.jpg","width":800,"height":800,"caption":"Ana Villa"},{"@type":"BreadcrumbList","@id":"https:\/\/partenercollective.com\/profesionales\/partener\/ana-villa-partener\/#breadcrumb","itemListElement":[{"@type":"ListItem","position":1,"name":"Portada","item":"https:\/\/partenercollective.com\/"},{"@type":"ListItem","position":2,"name":"Profesionales","item":"https:\/\/partenercollective.com\/profesionales\/"},{"@type":"ListItem","position":3,"name":"Ana Villa"}]},{"@type":"WebSite","@id":"https:\/\/partenercollective.com\/#website","url":"https:\/\/partenercollective.com\/","name":"Partener Collective","description":"Connect with an International Community of Actors and Coaches to take your scenes, characters and self-tapes to the next level.","publisher":{"@id":"https:\/\/partenercollective.com\/#organization"},"alternateName":"Partener Collective","potentialAction":[{"@type":"SearchAction","target":{"@type":"EntryPoint","urlTemplate":"https:\/\/partenercollective.com\/?s={search_term_string}"},"query-input":{"@type":"PropertyValueSpecification","valueRequired":true,"valueName":"search_term_string"}}],"inLanguage":"en-US"},{"@type":"Organization","@id":"https:\/\/partenercollective.com\/#organization","name":"Partener Collective","alternateName":"Partener Collective","url":"https:\/\/partenercollective.com\/","logo":{"@type":"ImageObject","inLanguage":"en-US","@id":"https:\/\/partenercollective.com\/#\/schema\/logo\/image\/","url":"https:\/\/partenercollective.com\/wp-content\/uploads\/2024\/04\/partener-collective-logo.png","contentUrl":"https:\/\/partenercollective.com\/wp-content\/uploads\/2024\/04\/partener-collective-logo.png","width":2156,"height":604,"caption":"Partener Collective"},"image":{"@id":"https:\/\/partenercollective.com\/#\/schema\/logo\/image\/"},"sameAs":["https:\/\/www.instagram.com\/partenercollective\/"]}]}},"_links":{"self":[{"href":"https:\/\/partenercollective.com\/en\/wp-json\/wp\/v2\/product\/697","targetHints":{"allow":["GET"]}}],"collection":[{"href":"https:\/\/partenercollective.com\/en\/wp-json\/wp\/v2\/product"}],"about":[{"href":"https:\/\/partenercollective.com\/en\/wp-json\/wp\/v2\/types\/product"}],"replies":[{"embeddable":true,"href":"https:\/\/partenercollective.com\/en\/wp-json\/wp\/v2\/comments?post=697"}],"wp:featuredmedia":[{"embeddable":true,"href":"https:\/\/partenercollective.com\/en\/wp-json\/wp\/v2\/media\/427"}],"wp:attachment":[{"href":"https:\/\/partenercollective.com\/en\/wp-json\/wp\/v2\/media?parent=697"}],"wp:term":[{"taxonomy":"product_brand","embeddable":true,"href":"https:\/\/partenercollective.com\/en\/wp-json\/wp\/v2\/product_brand?post=697"},{"taxonomy":"product_cat","embeddable":true,"href":"https:\/\/partenercollective.com\/en\/wp-json\/wp\/v2\/product_cat?post=697"},{"taxonomy":"product_tag","embeddable":true,"href":"https:\/\/partenercollective.com\/en\/wp-json\/wp\/v2\/product_tag?post=697"},{"taxonomy":"idioma","embeddable":true,"href":"https:\/\/partenercollective.com\/en\/wp-json\/wp\/v2\/idioma?post=697"}],"curies":[{"name":"wp","href":"https:\/\/api.w.org\/{rel}","templated":true}]}}