{"id":702,"date":"2024-05-06T22:33:44","date_gmt":"2024-05-06T20:33:44","guid":{"rendered":"https:\/\/partenercollective.com\/?post_type=product&#038;p=702"},"modified":"2025-06-30T15:01:31","modified_gmt":"2025-06-30T13:01:31","slug":"guilles-gambino-partener","status":"publish","type":"product","link":"https:\/\/partenercollective.com\/en\/professionals\/partner\/guilles-gambino-partener\/","title":{"rendered":"Gilles Gambino"},"content":{"rendered":"","protected":false},"excerpt":{"rendered":"<p>After many years in the French music industry as an artist and producer (BMG, SONY, EMI), he started to train and work as an actor appearing in TV series (M6, TF1...) and films such as District 13 (Europacorp ) or Cortex (Wild Bunch). He then left Paris and moved to Barcelona to direct and produce his first feature film, a sci-fi comedy shot guerrilla style. That film and the next one will premiere at the Sitges Film Festival. His third and fourth films had international distribution. He is now in post-production of his fifth feature film: \"Anarchy Radio\", which will be released soon. Always open to new challenges and working as a multitasking content creator, writing, directing and editing, he is now preparing new projects in different stages of development.<\/p>","protected":false},"featured_media":434,"comment_status":"closed","ping_status":"closed","template":"","meta":[],"product_brand":[],"product_cat":[38],"product_tag":[],"idioma":[43,41,39],"class_list":{"0":"post-702","1":"product","2":"type-product","3":"status-publish","4":"has-post-thumbnail","6":"product_cat-partener","7":"idioma-espanol-castellano","8":"idioma-frances","9":"idioma-ingles-americano","11":"first","12":"instock","13":"virtual","14":"sold-individually","15":"taxable","16":"purchasable","17":"product-type-booking"},"yoast_head":"<!-- This site is optimized with the Yoast SEO plugin v26.6 - https:\/\/yoast.com\/wordpress\/plugins\/seo\/ -->\n<title>Gilles Gambino - Partener Collective<\/title>\n<meta name=\"robots\" content=\"index, follow, max-snippet:-1, max-image-preview:large, max-video-preview:-1\" \/>\n<link rel=\"canonical\" href=\"https:\/\/partenercollective.com\/en\/professionals\/partner\/guilles-gambino-partener\/\" \/>\n<meta property=\"og:locale\" content=\"en_US\" \/>\n<meta property=\"og:type\" content=\"article\" \/>\n<meta property=\"og:title\" content=\"Gilles Gambino - Partener Collective\" \/>\n<meta property=\"og:description\" content=\"Tras muchos a\u00f1os en la industria musical francesa como artista y productor (BMG, SONY, EMI), comienza a formarse y trabajar como actor apareciendo en series de televisi\u00f3n (M6, TF1...) y pel\u00edculas como District 13 (Europacorp ) o Cortex (Wild Bunch). Luego deja Par\u00eds y se traslada a Barcelona para dirigir y producir su primer largometraje, una comedia de ciencia ficci\u00f3n rodada al estilo guerrilla. Esa pel\u00edcula y la pr\u00f3xima se estrenar\u00e1n en el festival de cine de Sitges. Su tercera y cuarta pel\u00edcula tuvo distribuci\u00f3n internacional. Ahora se encuentra en la postproducci\u00f3n de su quinto largometraje: &quot;Anarchy Radio&quot;, que se estrenar\u00e1 pr\u00f3ximamente. Siempre abierto a nuevos desaf\u00edos y trabajando como creador de contenido multitarea, escribiendo, dirigiendo y editando, ahora est\u00e1 preparando nuevos proyectos en diferentes etapas de desarrollo.\" \/>\n<meta property=\"og:url\" content=\"https:\/\/partenercollective.com\/en\/professionals\/partner\/guilles-gambino-partener\/\" \/>\n<meta property=\"og:site_name\" content=\"Partener Collective\" \/>\n<meta property=\"article:modified_time\" content=\"2025-06-30T13:01:31+00:00\" \/>\n<meta property=\"og:image\" content=\"https:\/\/partenercollective.com\/wp-content\/uploads\/2024\/04\/foto-gilles.jpg\" \/>\n\t<meta property=\"og:image:width\" content=\"800\" \/>\n\t<meta property=\"og:image:height\" content=\"800\" \/>\n\t<meta property=\"og:image:type\" content=\"image\/jpeg\" \/>\n<meta name=\"twitter:card\" content=\"summary_large_image\" \/>\n<meta name=\"twitter:label1\" content=\"Est. reading time\" \/>\n\t<meta name=\"twitter:data1\" content=\"1 minute\" \/>\n<script type=\"application\/ld+json\" class=\"yoast-schema-graph\">{\"@context\":\"https:\/\/schema.org\",\"@graph\":[{\"@type\":\"WebPage\",\"@id\":\"https:\/\/partenercollective.com\/profesionales\/partener\/guilles-gambino-partener\/\",\"url\":\"https:\/\/partenercollective.com\/profesionales\/partener\/guilles-gambino-partener\/\",\"name\":\"Gilles Gambino - Partener Collective\",\"isPartOf\":{\"@id\":\"https:\/\/partenercollective.com\/#website\"},\"primaryImageOfPage\":{\"@id\":\"https:\/\/partenercollective.com\/profesionales\/partener\/guilles-gambino-partener\/#primaryimage\"},\"image\":{\"@id\":\"https:\/\/partenercollective.com\/profesionales\/partener\/guilles-gambino-partener\/#primaryimage\"},\"thumbnailUrl\":\"https:\/\/partenercollective.com\/wp-content\/uploads\/2024\/04\/foto-gilles.jpg\",\"datePublished\":\"2024-05-06T20:33:44+00:00\",\"dateModified\":\"2025-06-30T13:01:31+00:00\",\"breadcrumb\":{\"@id\":\"https:\/\/partenercollective.com\/profesionales\/partener\/guilles-gambino-partener\/#breadcrumb\"},\"inLanguage\":\"en-US\",\"potentialAction\":[{\"@type\":\"ReadAction\",\"target\":[\"https:\/\/partenercollective.com\/profesionales\/partener\/guilles-gambino-partener\/\"]}]},{\"@type\":\"ImageObject\",\"inLanguage\":\"en-US\",\"@id\":\"https:\/\/partenercollective.com\/profesionales\/partener\/guilles-gambino-partener\/#primaryimage\",\"url\":\"https:\/\/partenercollective.com\/wp-content\/uploads\/2024\/04\/foto-gilles.jpg\",\"contentUrl\":\"https:\/\/partenercollective.com\/wp-content\/uploads\/2024\/04\/foto-gilles.jpg\",\"width\":800,\"height\":800},{\"@type\":\"BreadcrumbList\",\"@id\":\"https:\/\/partenercollective.com\/profesionales\/partener\/guilles-gambino-partener\/#breadcrumb\",\"itemListElement\":[{\"@type\":\"ListItem\",\"position\":1,\"name\":\"Portada\",\"item\":\"https:\/\/partenercollective.com\/\"},{\"@type\":\"ListItem\",\"position\":2,\"name\":\"Profesionales\",\"item\":\"https:\/\/partenercollective.com\/profesionales\/\"},{\"@type\":\"ListItem\",\"position\":3,\"name\":\"Gilles Gambino\"}]},{\"@type\":\"WebSite\",\"@id\":\"https:\/\/partenercollective.com\/#website\",\"url\":\"https:\/\/partenercollective.com\/\",\"name\":\"Partener Collective\",\"description\":\"Conecta con una Comunidad Internacional de Actores y Coach para llevar tus escenas, personajes y self-tapes al siguiente nivel.\",\"publisher\":{\"@id\":\"https:\/\/partenercollective.com\/#organization\"},\"alternateName\":\"Partener Collective\",\"potentialAction\":[{\"@type\":\"SearchAction\",\"target\":{\"@type\":\"EntryPoint\",\"urlTemplate\":\"https:\/\/partenercollective.com\/?s={search_term_string}\"},\"query-input\":{\"@type\":\"PropertyValueSpecification\",\"valueRequired\":true,\"valueName\":\"search_term_string\"}}],\"inLanguage\":\"en-US\"},{\"@type\":\"Organization\",\"@id\":\"https:\/\/partenercollective.com\/#organization\",\"name\":\"Partener Collective\",\"alternateName\":\"Partener Collective\",\"url\":\"https:\/\/partenercollective.com\/\",\"logo\":{\"@type\":\"ImageObject\",\"inLanguage\":\"en-US\",\"@id\":\"https:\/\/partenercollective.com\/#\/schema\/logo\/image\/\",\"url\":\"https:\/\/partenercollective.com\/wp-content\/uploads\/2024\/04\/partener-collective-logo.png\",\"contentUrl\":\"https:\/\/partenercollective.com\/wp-content\/uploads\/2024\/04\/partener-collective-logo.png\",\"width\":2156,\"height\":604,\"caption\":\"Partener Collective\"},\"image\":{\"@id\":\"https:\/\/partenercollective.com\/#\/schema\/logo\/image\/\"},\"sameAs\":[\"https:\/\/www.instagram.com\/partenercollective\/\"]}]}<\/script>\n<!-- \/ Yoast SEO plugin. -->","yoast_head_json":{"title":"Gilles Gambino - Partener Collective","robots":{"index":"index","follow":"follow","max-snippet":"max-snippet:-1","max-image-preview":"max-image-preview:large","max-video-preview":"max-video-preview:-1"},"canonical":"https:\/\/partenercollective.com\/en\/professionals\/partner\/guilles-gambino-partener\/","og_locale":"en_US","og_type":"article","og_title":"Gilles Gambino - Partener Collective","og_description":"Tras muchos a\u00f1os en la industria musical francesa como artista y productor (BMG, SONY, EMI), comienza a formarse y trabajar como actor apareciendo en series de televisi\u00f3n (M6, TF1...) y pel\u00edculas como District 13 (Europacorp ) o Cortex (Wild Bunch). Luego deja Par\u00eds y se traslada a Barcelona para dirigir y producir su primer largometraje, una comedia de ciencia ficci\u00f3n rodada al estilo guerrilla. Esa pel\u00edcula y la pr\u00f3xima se estrenar\u00e1n en el festival de cine de Sitges. Su tercera y cuarta pel\u00edcula tuvo distribuci\u00f3n internacional. Ahora se encuentra en la postproducci\u00f3n de su quinto largometraje: \"Anarchy Radio\", que se estrenar\u00e1 pr\u00f3ximamente. Siempre abierto a nuevos desaf\u00edos y trabajando como creador de contenido multitarea, escribiendo, dirigiendo y editando, ahora est\u00e1 preparando nuevos proyectos en diferentes etapas de desarrollo.","og_url":"https:\/\/partenercollective.com\/en\/professionals\/partner\/guilles-gambino-partener\/","og_site_name":"Partener Collective","article_modified_time":"2025-06-30T13:01:31+00:00","og_image":[{"width":800,"height":800,"url":"https:\/\/partenercollective.com\/wp-content\/uploads\/2024\/04\/foto-gilles.jpg","type":"image\/jpeg"}],"twitter_card":"summary_large_image","twitter_misc":{"Est. reading time":"1 minute"},"schema":{"@context":"https:\/\/schema.org","@graph":[{"@type":"WebPage","@id":"https:\/\/partenercollective.com\/profesionales\/partener\/guilles-gambino-partener\/","url":"https:\/\/partenercollective.com\/profesionales\/partener\/guilles-gambino-partener\/","name":"Gilles Gambino - Partener Collective","isPartOf":{"@id":"https:\/\/partenercollective.com\/#website"},"primaryImageOfPage":{"@id":"https:\/\/partenercollective.com\/profesionales\/partener\/guilles-gambino-partener\/#primaryimage"},"image":{"@id":"https:\/\/partenercollective.com\/profesionales\/partener\/guilles-gambino-partener\/#primaryimage"},"thumbnailUrl":"https:\/\/partenercollective.com\/wp-content\/uploads\/2024\/04\/foto-gilles.jpg","datePublished":"2024-05-06T20:33:44+00:00","dateModified":"2025-06-30T13:01:31+00:00","breadcrumb":{"@id":"https:\/\/partenercollective.com\/profesionales\/partener\/guilles-gambino-partener\/#breadcrumb"},"inLanguage":"en-US","potentialAction":[{"@type":"ReadAction","target":["https:\/\/partenercollective.com\/profesionales\/partener\/guilles-gambino-partener\/"]}]},{"@type":"ImageObject","inLanguage":"en-US","@id":"https:\/\/partenercollective.com\/profesionales\/partener\/guilles-gambino-partener\/#primaryimage","url":"https:\/\/partenercollective.com\/wp-content\/uploads\/2024\/04\/foto-gilles.jpg","contentUrl":"https:\/\/partenercollective.com\/wp-content\/uploads\/2024\/04\/foto-gilles.jpg","width":800,"height":800},{"@type":"BreadcrumbList","@id":"https:\/\/partenercollective.com\/profesionales\/partener\/guilles-gambino-partener\/#breadcrumb","itemListElement":[{"@type":"ListItem","position":1,"name":"Portada","item":"https:\/\/partenercollective.com\/"},{"@type":"ListItem","position":2,"name":"Profesionales","item":"https:\/\/partenercollective.com\/profesionales\/"},{"@type":"ListItem","position":3,"name":"Gilles Gambino"}]},{"@type":"WebSite","@id":"https:\/\/partenercollective.com\/#website","url":"https:\/\/partenercollective.com\/","name":"Partener Collective","description":"Connect with an International Community of Actors and Coaches to take your scenes, characters and self-tapes to the next level.","publisher":{"@id":"https:\/\/partenercollective.com\/#organization"},"alternateName":"Partener Collective","potentialAction":[{"@type":"SearchAction","target":{"@type":"EntryPoint","urlTemplate":"https:\/\/partenercollective.com\/?s={search_term_string}"},"query-input":{"@type":"PropertyValueSpecification","valueRequired":true,"valueName":"search_term_string"}}],"inLanguage":"en-US"},{"@type":"Organization","@id":"https:\/\/partenercollective.com\/#organization","name":"Partener Collective","alternateName":"Partener Collective","url":"https:\/\/partenercollective.com\/","logo":{"@type":"ImageObject","inLanguage":"en-US","@id":"https:\/\/partenercollective.com\/#\/schema\/logo\/image\/","url":"https:\/\/partenercollective.com\/wp-content\/uploads\/2024\/04\/partener-collective-logo.png","contentUrl":"https:\/\/partenercollective.com\/wp-content\/uploads\/2024\/04\/partener-collective-logo.png","width":2156,"height":604,"caption":"Partener Collective"},"image":{"@id":"https:\/\/partenercollective.com\/#\/schema\/logo\/image\/"},"sameAs":["https:\/\/www.instagram.com\/partenercollective\/"]}]}},"_links":{"self":[{"href":"https:\/\/partenercollective.com\/en\/wp-json\/wp\/v2\/product\/702","targetHints":{"allow":["GET"]}}],"collection":[{"href":"https:\/\/partenercollective.com\/en\/wp-json\/wp\/v2\/product"}],"about":[{"href":"https:\/\/partenercollective.com\/en\/wp-json\/wp\/v2\/types\/product"}],"replies":[{"embeddable":true,"href":"https:\/\/partenercollective.com\/en\/wp-json\/wp\/v2\/comments?post=702"}],"wp:featuredmedia":[{"embeddable":true,"href":"https:\/\/partenercollective.com\/en\/wp-json\/wp\/v2\/media\/434"}],"wp:attachment":[{"href":"https:\/\/partenercollective.com\/en\/wp-json\/wp\/v2\/media?parent=702"}],"wp:term":[{"taxonomy":"product_brand","embeddable":true,"href":"https:\/\/partenercollective.com\/en\/wp-json\/wp\/v2\/product_brand?post=702"},{"taxonomy":"product_cat","embeddable":true,"href":"https:\/\/partenercollective.com\/en\/wp-json\/wp\/v2\/product_cat?post=702"},{"taxonomy":"product_tag","embeddable":true,"href":"https:\/\/partenercollective.com\/en\/wp-json\/wp\/v2\/product_tag?post=702"},{"taxonomy":"idioma","embeddable":true,"href":"https:\/\/partenercollective.com\/en\/wp-json\/wp\/v2\/idioma?post=702"}],"curies":[{"name":"wp","href":"https:\/\/api.w.org\/{rel}","templated":true}]}}