{"id":707,"date":"2024-05-11T09:44:47","date_gmt":"2024-05-11T07:44:47","guid":{"rendered":"https:\/\/partenercollective.com\/?post_type=product&#038;p=707"},"modified":"2024-10-28T13:01:00","modified_gmt":"2024-10-28T12:01:00","slug":"susana-dominguez-partener","status":"publish","type":"product","link":"https:\/\/partenercollective.com\/en\/profesionales\/partener\/susana-dominguez-partener\/","title":{"rendered":"Susana Dominguez"},"content":{"rendered":"","protected":false},"excerpt":{"rendered":"<p>Susana Dom\u00ednguez is a Spanish actress with extensive experience in television and theater. Known for being a regular collaborator of comedian and actor Jos\u00e9 Mota, we have also seen her in numerous television series such as Club Houdini, Los Artistas, Yo soy Bea, Centro M\u00e9dico, Hospital Central, Motivos personales, Mir etc... In her extensive theatrical career she has worked under the orders of directors such as Ferm\u00edn Cabal or Andr\u00e9s Lima.<\/p>\n<p>He has worked as an acting coach for the HBO platform and for renowned actors such as Alexandra Jim\u00e9nez, Toni Acosta, Norma Ruiz, Blanca Marsillach... among others.<\/p>\n<p>She teaches casting preparation courses at TAI University School of the Arts.<\/p>","protected":false},"featured_media":447,"comment_status":"closed","ping_status":"closed","template":"","meta":[],"product_brand":[],"product_cat":[38],"product_tag":[],"idioma":[43],"class_list":{"0":"post-707","1":"product","2":"type-product","3":"status-publish","4":"has-post-thumbnail","6":"product_cat-partener","7":"yith_shop_vendor-susana","8":"idioma-espanol-castellano","10":"first","11":"instock","12":"virtual","13":"sold-individually","14":"taxable","15":"purchasable","16":"product-type-booking"},"yoast_head":"<!-- This site is optimized with the Yoast SEO plugin v27.5 - https:\/\/yoast.com\/product\/yoast-seo-wordpress\/ -->\n<title>Susana Dom\u00ednguez - Partener Collective<\/title>\n<meta name=\"robots\" content=\"index, follow, max-snippet:-1, max-image-preview:large, max-video-preview:-1\" \/>\n<link rel=\"canonical\" href=\"https:\/\/partenercollective.com\/en\/professionals\/partner\/susana-dominguez-partener\/\" \/>\n<meta property=\"og:locale\" content=\"en_US\" \/>\n<meta property=\"og:type\" content=\"article\" \/>\n<meta property=\"og:title\" content=\"Susana Dom\u00ednguez - Partener Collective\" \/>\n<meta property=\"og:description\" content=\"Susana Dom\u00ednguez es una actriz espa\u00f1ola con amplia experiencia en televisi\u00f3n y teatro. Conocida por ser colaboradora habitual del humorista y actor Jos\u00e9 Mota, la hemos podido ver, adem\u00e1s, en numerosas series de televisi\u00f3n como Club Houdini, Los Artistas, Yo soy Bea, Centro M\u00e9dico, Hospital Central, Motivos personales, Mir etc... En su extensa trayectoria teatral ha trabajado a las \u00f3rdenes de directores de la talla de Ferm\u00edn Cabal o Andr\u00e9s Lima.  Ha realizado labores de coach de actores para la plataforma HBO y para int\u00e9rpretes de renombre como Alexandra Jim\u00e9nez, Toni Acosta, Norma Ruiz, Blanca Marsillach\u2026 entre otros.  Imparte cursos de preparaci\u00f3n para el casting en la Escuela Universitaria de Artes TAI.\" \/>\n<meta property=\"og:url\" content=\"https:\/\/partenercollective.com\/en\/professionals\/partner\/susana-dominguez-partener\/\" \/>\n<meta property=\"og:site_name\" content=\"Partener Collective\" \/>\n<meta property=\"article:modified_time\" content=\"2024-10-28T12:01:00+00:00\" \/>\n<meta property=\"og:image\" content=\"https:\/\/partenercollective.com\/wp-content\/uploads\/2024\/04\/foto-susi.jpg\" \/>\n\t<meta property=\"og:image:width\" content=\"800\" \/>\n\t<meta property=\"og:image:height\" content=\"800\" \/>\n\t<meta property=\"og:image:type\" content=\"image\/jpeg\" \/>\n<meta name=\"twitter:card\" content=\"summary_large_image\" \/>\n<meta name=\"twitter:label1\" content=\"Est. reading time\" \/>\n\t<meta name=\"twitter:data1\" content=\"1 minute\" \/>\n<script type=\"application\/ld+json\" class=\"yoast-schema-graph\">{\"@context\":\"https:\\\/\\\/schema.org\",\"@graph\":[{\"@type\":\"WebPage\",\"@id\":\"https:\\\/\\\/partenercollective.com\\\/profesionales\\\/partener\\\/susana-dominguez-partener\\\/\",\"url\":\"https:\\\/\\\/partenercollective.com\\\/profesionales\\\/partener\\\/susana-dominguez-partener\\\/\",\"name\":\"Susana Dom\u00ednguez - Partener Collective\",\"isPartOf\":{\"@id\":\"https:\\\/\\\/partenercollective.com\\\/#website\"},\"primaryImageOfPage\":{\"@id\":\"https:\\\/\\\/partenercollective.com\\\/profesionales\\\/partener\\\/susana-dominguez-partener\\\/#primaryimage\"},\"image\":{\"@id\":\"https:\\\/\\\/partenercollective.com\\\/profesionales\\\/partener\\\/susana-dominguez-partener\\\/#primaryimage\"},\"thumbnailUrl\":\"https:\\\/\\\/partenercollective.com\\\/wp-content\\\/uploads\\\/2024\\\/04\\\/foto-susi.jpg\",\"datePublished\":\"2024-05-11T07:44:47+00:00\",\"dateModified\":\"2024-10-28T12:01:00+00:00\",\"breadcrumb\":{\"@id\":\"https:\\\/\\\/partenercollective.com\\\/profesionales\\\/partener\\\/susana-dominguez-partener\\\/#breadcrumb\"},\"inLanguage\":\"en-US\",\"potentialAction\":[{\"@type\":\"ReadAction\",\"target\":[\"https:\\\/\\\/partenercollective.com\\\/profesionales\\\/partener\\\/susana-dominguez-partener\\\/\"]}]},{\"@type\":\"ImageObject\",\"inLanguage\":\"en-US\",\"@id\":\"https:\\\/\\\/partenercollective.com\\\/profesionales\\\/partener\\\/susana-dominguez-partener\\\/#primaryimage\",\"url\":\"https:\\\/\\\/partenercollective.com\\\/wp-content\\\/uploads\\\/2024\\\/04\\\/foto-susi.jpg\",\"contentUrl\":\"https:\\\/\\\/partenercollective.com\\\/wp-content\\\/uploads\\\/2024\\\/04\\\/foto-susi.jpg\",\"width\":800,\"height\":800,\"caption\":\"Susana Dom\u00ednguez\"},{\"@type\":\"BreadcrumbList\",\"@id\":\"https:\\\/\\\/partenercollective.com\\\/profesionales\\\/partener\\\/susana-dominguez-partener\\\/#breadcrumb\",\"itemListElement\":[{\"@type\":\"ListItem\",\"position\":1,\"name\":\"Portada\",\"item\":\"https:\\\/\\\/partenercollective.com\\\/\"},{\"@type\":\"ListItem\",\"position\":2,\"name\":\"Profesionales\",\"item\":\"https:\\\/\\\/partenercollective.com\\\/profesionales\\\/\"},{\"@type\":\"ListItem\",\"position\":3,\"name\":\"Susana Dom\u00ednguez\"}]},{\"@type\":\"WebSite\",\"@id\":\"https:\\\/\\\/partenercollective.com\\\/#website\",\"url\":\"https:\\\/\\\/partenercollective.com\\\/\",\"name\":\"Partener Collective\",\"description\":\"Conecta con una Comunidad Internacional de Actores y Coach para llevar tus escenas, personajes y self-tapes al siguiente nivel.\",\"publisher\":{\"@id\":\"https:\\\/\\\/partenercollective.com\\\/#organization\"},\"alternateName\":\"Partener Collective\",\"potentialAction\":[{\"@type\":\"SearchAction\",\"target\":{\"@type\":\"EntryPoint\",\"urlTemplate\":\"https:\\\/\\\/partenercollective.com\\\/?s={search_term_string}\"},\"query-input\":{\"@type\":\"PropertyValueSpecification\",\"valueRequired\":true,\"valueName\":\"search_term_string\"}}],\"inLanguage\":\"en-US\"},{\"@type\":\"Organization\",\"@id\":\"https:\\\/\\\/partenercollective.com\\\/#organization\",\"name\":\"Partener Collective\",\"alternateName\":\"Partener Collective\",\"url\":\"https:\\\/\\\/partenercollective.com\\\/\",\"logo\":{\"@type\":\"ImageObject\",\"inLanguage\":\"en-US\",\"@id\":\"https:\\\/\\\/partenercollective.com\\\/#\\\/schema\\\/logo\\\/image\\\/\",\"url\":\"https:\\\/\\\/partenercollective.com\\\/wp-content\\\/uploads\\\/2024\\\/04\\\/partener-collective-logo.png\",\"contentUrl\":\"https:\\\/\\\/partenercollective.com\\\/wp-content\\\/uploads\\\/2024\\\/04\\\/partener-collective-logo.png\",\"width\":2156,\"height\":604,\"caption\":\"Partener Collective\"},\"image\":{\"@id\":\"https:\\\/\\\/partenercollective.com\\\/#\\\/schema\\\/logo\\\/image\\\/\"},\"sameAs\":[\"https:\\\/\\\/www.instagram.com\\\/partenercollective\\\/\"]}]}<\/script>\n<!-- \/ Yoast SEO plugin. -->","yoast_head_json":{"title":"Susana Dom\u00ednguez - Partener Collective","robots":{"index":"index","follow":"follow","max-snippet":"max-snippet:-1","max-image-preview":"max-image-preview:large","max-video-preview":"max-video-preview:-1"},"canonical":"https:\/\/partenercollective.com\/en\/professionals\/partner\/susana-dominguez-partener\/","og_locale":"en_US","og_type":"article","og_title":"Susana Dom\u00ednguez - Partener Collective","og_description":"Susana Dom\u00ednguez es una actriz espa\u00f1ola con amplia experiencia en televisi\u00f3n y teatro. Conocida por ser colaboradora habitual del humorista y actor Jos\u00e9 Mota, la hemos podido ver, adem\u00e1s, en numerosas series de televisi\u00f3n como Club Houdini, Los Artistas, Yo soy Bea, Centro M\u00e9dico, Hospital Central, Motivos personales, Mir etc... En su extensa trayectoria teatral ha trabajado a las \u00f3rdenes de directores de la talla de Ferm\u00edn Cabal o Andr\u00e9s Lima.  Ha realizado labores de coach de actores para la plataforma HBO y para int\u00e9rpretes de renombre como Alexandra Jim\u00e9nez, Toni Acosta, Norma Ruiz, Blanca Marsillach\u2026 entre otros.  Imparte cursos de preparaci\u00f3n para el casting en la Escuela Universitaria de Artes TAI.","og_url":"https:\/\/partenercollective.com\/en\/professionals\/partner\/susana-dominguez-partener\/","og_site_name":"Partener Collective","article_modified_time":"2024-10-28T12:01:00+00:00","og_image":[{"width":800,"height":800,"url":"https:\/\/partenercollective.com\/wp-content\/uploads\/2024\/04\/foto-susi.jpg","type":"image\/jpeg"}],"twitter_card":"summary_large_image","twitter_misc":{"Est. reading time":"1 minute"},"schema":{"@context":"https:\/\/schema.org","@graph":[{"@type":"WebPage","@id":"https:\/\/partenercollective.com\/profesionales\/partener\/susana-dominguez-partener\/","url":"https:\/\/partenercollective.com\/profesionales\/partener\/susana-dominguez-partener\/","name":"Susana Dom\u00ednguez - Partener Collective","isPartOf":{"@id":"https:\/\/partenercollective.com\/#website"},"primaryImageOfPage":{"@id":"https:\/\/partenercollective.com\/profesionales\/partener\/susana-dominguez-partener\/#primaryimage"},"image":{"@id":"https:\/\/partenercollective.com\/profesionales\/partener\/susana-dominguez-partener\/#primaryimage"},"thumbnailUrl":"https:\/\/partenercollective.com\/wp-content\/uploads\/2024\/04\/foto-susi.jpg","datePublished":"2024-05-11T07:44:47+00:00","dateModified":"2024-10-28T12:01:00+00:00","breadcrumb":{"@id":"https:\/\/partenercollective.com\/profesionales\/partener\/susana-dominguez-partener\/#breadcrumb"},"inLanguage":"en-US","potentialAction":[{"@type":"ReadAction","target":["https:\/\/partenercollective.com\/profesionales\/partener\/susana-dominguez-partener\/"]}]},{"@type":"ImageObject","inLanguage":"en-US","@id":"https:\/\/partenercollective.com\/profesionales\/partener\/susana-dominguez-partener\/#primaryimage","url":"https:\/\/partenercollective.com\/wp-content\/uploads\/2024\/04\/foto-susi.jpg","contentUrl":"https:\/\/partenercollective.com\/wp-content\/uploads\/2024\/04\/foto-susi.jpg","width":800,"height":800,"caption":"Susana Dom\u00ednguez"},{"@type":"BreadcrumbList","@id":"https:\/\/partenercollective.com\/profesionales\/partener\/susana-dominguez-partener\/#breadcrumb","itemListElement":[{"@type":"ListItem","position":1,"name":"Portada","item":"https:\/\/partenercollective.com\/"},{"@type":"ListItem","position":2,"name":"Profesionales","item":"https:\/\/partenercollective.com\/profesionales\/"},{"@type":"ListItem","position":3,"name":"Susana Dom\u00ednguez"}]},{"@type":"WebSite","@id":"https:\/\/partenercollective.com\/#website","url":"https:\/\/partenercollective.com\/","name":"Partener Collective","description":"Connect with an International Community of Actors and Coaches to take your scenes, characters and self-tapes to the next level.","publisher":{"@id":"https:\/\/partenercollective.com\/#organization"},"alternateName":"Partener Collective","potentialAction":[{"@type":"SearchAction","target":{"@type":"EntryPoint","urlTemplate":"https:\/\/partenercollective.com\/?s={search_term_string}"},"query-input":{"@type":"PropertyValueSpecification","valueRequired":true,"valueName":"search_term_string"}}],"inLanguage":"en-US"},{"@type":"Organization","@id":"https:\/\/partenercollective.com\/#organization","name":"Partener Collective","alternateName":"Partener Collective","url":"https:\/\/partenercollective.com\/","logo":{"@type":"ImageObject","inLanguage":"en-US","@id":"https:\/\/partenercollective.com\/#\/schema\/logo\/image\/","url":"https:\/\/partenercollective.com\/wp-content\/uploads\/2024\/04\/partener-collective-logo.png","contentUrl":"https:\/\/partenercollective.com\/wp-content\/uploads\/2024\/04\/partener-collective-logo.png","width":2156,"height":604,"caption":"Partener Collective"},"image":{"@id":"https:\/\/partenercollective.com\/#\/schema\/logo\/image\/"},"sameAs":["https:\/\/www.instagram.com\/partenercollective\/"]}]}},"_links":{"self":[{"href":"https:\/\/partenercollective.com\/en\/wp-json\/wp\/v2\/product\/707","targetHints":{"allow":["GET"]}}],"collection":[{"href":"https:\/\/partenercollective.com\/en\/wp-json\/wp\/v2\/product"}],"about":[{"href":"https:\/\/partenercollective.com\/en\/wp-json\/wp\/v2\/types\/product"}],"replies":[{"embeddable":true,"href":"https:\/\/partenercollective.com\/en\/wp-json\/wp\/v2\/comments?post=707"}],"wp:featuredmedia":[{"embeddable":true,"href":"https:\/\/partenercollective.com\/en\/wp-json\/wp\/v2\/media\/447"}],"wp:attachment":[{"href":"https:\/\/partenercollective.com\/en\/wp-json\/wp\/v2\/media?parent=707"}],"wp:term":[{"taxonomy":"product_brand","embeddable":true,"href":"https:\/\/partenercollective.com\/en\/wp-json\/wp\/v2\/product_brand?post=707"},{"taxonomy":"product_cat","embeddable":true,"href":"https:\/\/partenercollective.com\/en\/wp-json\/wp\/v2\/product_cat?post=707"},{"taxonomy":"product_tag","embeddable":true,"href":"https:\/\/partenercollective.com\/en\/wp-json\/wp\/v2\/product_tag?post=707"},{"taxonomy":"idioma","embeddable":true,"href":"https:\/\/partenercollective.com\/en\/wp-json\/wp\/v2\/idioma?post=707"}],"curies":[{"name":"wp","href":"https:\/\/api.w.org\/{rel}","templated":true}]}}