{"id":708,"date":"2024-05-07T09:44:47","date_gmt":"2024-05-07T07:44:47","guid":{"rendered":"https:\/\/partenercollective.com\/?post_type=product&#038;p=708"},"modified":"2024-10-28T12:58:58","modified_gmt":"2024-10-28T11:58:58","slug":"xose-leis-partener","status":"publish","type":"product","link":"https:\/\/partenercollective.com\/en\/profesionales\/partener\/xose-leis-partener\/","title":{"rendered":"Xos\u00e9 Leis"},"content":{"rendered":"","protected":false},"excerpt":{"rendered":"<p>Born in Galicia, since he was very young, he has been researching the staging, seeking truth and honesty in everything he does.<br \/>\n\u200b<br \/>\nTrained in theatrical pedagogy and specialized with a Master in Theatrical and Audiovisual Studies at the University of Coru\u00f1a, he explored the Commedia dell'arte (Carlo Boso), the clown (Michel Dallaire, John Wright), the post-dramatic theater (Serge Nail, Jose Luis Raymond), finally getting to know who he considers his master John Strasberg and thus to the scenic realism.<br \/>\n\u200b<br \/>\nActing in shows for companies such as Espello C\u00f3ncavo, aAntena teatro, and series such as Asunta, Pazo de Familia, Mareas vivas.<br \/>\n\u200b<br \/>\nHis path as a director began in a parallel way to acting, starting with a Lorca text such as \"La zapatera prodigiosa recently directing \"Relato para un incendio\", \"Os nenos da var\u00edola\", \"AguraTrat\" or \"O poder de Amabel\". AguraTrat\" or \"O poder de Amabel\".<\/p>\n<p>As an acting coach he has worked on the recently released \"Sica\" by Carla Subirana and \"O Corno\" by Jaione Camborda. She usually collaborates with interpreters to adjust their proposals.<br \/>\n\u200b<br \/>\nShe collaborates regularly applying dramatic tools in actions of social inclusion with functional diversity and autism, as well as teaching in cultural associations, social and educational centers, social education, masters nursing.<\/p>","protected":false},"featured_media":449,"comment_status":"closed","ping_status":"closed","template":"","meta":[],"product_brand":[],"product_cat":[38],"product_tag":[],"idioma":[43,40],"class_list":{"0":"post-708","1":"product","2":"type-product","3":"status-publish","4":"has-post-thumbnail","6":"product_cat-partener","7":"yith_shop_vendor-xose","8":"idioma-espanol-castellano","9":"idioma-gallego","11":"first","12":"instock","13":"virtual","14":"sold-individually","15":"taxable","16":"purchasable","17":"product-type-booking"},"yoast_head":"<!-- This site is optimized with the Yoast SEO plugin v27.5 - https:\/\/yoast.com\/product\/yoast-seo-wordpress\/ -->\n<title>Xos\u00e9 Leis - Partener Collective<\/title>\n<meta name=\"robots\" content=\"index, follow, max-snippet:-1, max-image-preview:large, max-video-preview:-1\" \/>\n<link rel=\"canonical\" href=\"https:\/\/partenercollective.com\/en\/professionals\/partner\/xose-leis-partener\/\" \/>\n<meta property=\"og:locale\" content=\"en_US\" \/>\n<meta property=\"og:type\" content=\"article\" \/>\n<meta property=\"og:title\" content=\"Xos\u00e9 Leis - Partener Collective\" \/>\n<meta property=\"og:description\" content=\"Nacido en Galicia , desde muy joven camina en la investigaci\u00f3n de la puesta en escena procurando la verdad y honestidad en todo cuanto hace. \u200b Formado en Pedagog\u00eda teatral y especializado con Master de Estudios teatrales y audiovisuales por la Universidad de Coru\u00f1a dirige sus pasos explorando la Commedia dell&#039;arte (Carlo Boso), el clown (Michel Dallaire, John Wright) el teatro posdram\u00e1tico (Serge Nail, Jose Luis Raymond) , acabando por llegar a conocer a quien considera su maestro John Strasberg y as\u00ed al realismo esc\u00e9nico \u200b Actuando en espect\u00e1culos para compa\u00f1\u00edas como Espello C\u00f3ncavo, aAntena teatro, y series\u00a0 como Asunta, Pazo de Familia,\u00a0 Mareas vivas. \u200b Su camino como director iniciado de una manera paralela a la actuaci\u00f3n , iniciando con un texto lorquiano como es &quot;La zapatera prodigiosa&quot; , recientemente dirigiendo &quot;Relato para un incendio&quot; , &quot;Os nenos da var\u00edola&quot; , &quot;AguraTrat&quot; o &quot;O poder de Amabel&quot;.  Como coach de interpretacion ha trabajado en las recientemente estrenadas &quot;Sica&quot; de Carla Subirana y &quot;O Corno&quot; de Jaione Camborda. Habitualmente colabora con int\u00e9rpretes para ajustar sus propuestas. \u200b Colabora habitualmente aplicando herramientas dram\u00e1ticas en acciones de inclusi\u00f3n social con diversidad funcional y autismo, as\u00ed como la docencia en asociaciones culturales , centros sociales y educativos, educacion social, masters enfermer\u00eda.\" \/>\n<meta property=\"og:url\" content=\"https:\/\/partenercollective.com\/en\/professionals\/partner\/xose-leis-partener\/\" \/>\n<meta property=\"og:site_name\" content=\"Partener Collective\" \/>\n<meta property=\"article:modified_time\" content=\"2024-10-28T11:58:58+00:00\" \/>\n<meta property=\"og:image\" content=\"https:\/\/partenercollective.com\/wp-content\/uploads\/2024\/04\/foto-xose-leis.jpg\" \/>\n\t<meta property=\"og:image:width\" content=\"800\" \/>\n\t<meta property=\"og:image:height\" content=\"800\" \/>\n\t<meta property=\"og:image:type\" content=\"image\/jpeg\" \/>\n<meta name=\"twitter:card\" content=\"summary_large_image\" \/>\n<meta name=\"twitter:label1\" content=\"Est. reading time\" \/>\n\t<meta name=\"twitter:data1\" content=\"1 minute\" \/>\n<script type=\"application\/ld+json\" class=\"yoast-schema-graph\">{\"@context\":\"https:\\\/\\\/schema.org\",\"@graph\":[{\"@type\":\"WebPage\",\"@id\":\"https:\\\/\\\/partenercollective.com\\\/profesionales\\\/partener\\\/xose-leis-partener\\\/\",\"url\":\"https:\\\/\\\/partenercollective.com\\\/profesionales\\\/partener\\\/xose-leis-partener\\\/\",\"name\":\"Xos\u00e9 Leis - Partener Collective\",\"isPartOf\":{\"@id\":\"https:\\\/\\\/partenercollective.com\\\/#website\"},\"primaryImageOfPage\":{\"@id\":\"https:\\\/\\\/partenercollective.com\\\/profesionales\\\/partener\\\/xose-leis-partener\\\/#primaryimage\"},\"image\":{\"@id\":\"https:\\\/\\\/partenercollective.com\\\/profesionales\\\/partener\\\/xose-leis-partener\\\/#primaryimage\"},\"thumbnailUrl\":\"https:\\\/\\\/partenercollective.com\\\/wp-content\\\/uploads\\\/2024\\\/04\\\/foto-xose-leis.jpg\",\"datePublished\":\"2024-05-07T07:44:47+00:00\",\"dateModified\":\"2024-10-28T11:58:58+00:00\",\"breadcrumb\":{\"@id\":\"https:\\\/\\\/partenercollective.com\\\/profesionales\\\/partener\\\/xose-leis-partener\\\/#breadcrumb\"},\"inLanguage\":\"en-US\",\"potentialAction\":[{\"@type\":\"ReadAction\",\"target\":[\"https:\\\/\\\/partenercollective.com\\\/profesionales\\\/partener\\\/xose-leis-partener\\\/\"]}]},{\"@type\":\"ImageObject\",\"inLanguage\":\"en-US\",\"@id\":\"https:\\\/\\\/partenercollective.com\\\/profesionales\\\/partener\\\/xose-leis-partener\\\/#primaryimage\",\"url\":\"https:\\\/\\\/partenercollective.com\\\/wp-content\\\/uploads\\\/2024\\\/04\\\/foto-xose-leis.jpg\",\"contentUrl\":\"https:\\\/\\\/partenercollective.com\\\/wp-content\\\/uploads\\\/2024\\\/04\\\/foto-xose-leis.jpg\",\"width\":800,\"height\":800},{\"@type\":\"BreadcrumbList\",\"@id\":\"https:\\\/\\\/partenercollective.com\\\/profesionales\\\/partener\\\/xose-leis-partener\\\/#breadcrumb\",\"itemListElement\":[{\"@type\":\"ListItem\",\"position\":1,\"name\":\"Portada\",\"item\":\"https:\\\/\\\/partenercollective.com\\\/\"},{\"@type\":\"ListItem\",\"position\":2,\"name\":\"Profesionales\",\"item\":\"https:\\\/\\\/partenercollective.com\\\/profesionales\\\/\"},{\"@type\":\"ListItem\",\"position\":3,\"name\":\"Xos\u00e9 Leis\"}]},{\"@type\":\"WebSite\",\"@id\":\"https:\\\/\\\/partenercollective.com\\\/#website\",\"url\":\"https:\\\/\\\/partenercollective.com\\\/\",\"name\":\"Partener Collective\",\"description\":\"Conecta con una Comunidad Internacional de Actores y Coach para llevar tus escenas, personajes y self-tapes al siguiente nivel.\",\"publisher\":{\"@id\":\"https:\\\/\\\/partenercollective.com\\\/#organization\"},\"alternateName\":\"Partener Collective\",\"potentialAction\":[{\"@type\":\"SearchAction\",\"target\":{\"@type\":\"EntryPoint\",\"urlTemplate\":\"https:\\\/\\\/partenercollective.com\\\/?s={search_term_string}\"},\"query-input\":{\"@type\":\"PropertyValueSpecification\",\"valueRequired\":true,\"valueName\":\"search_term_string\"}}],\"inLanguage\":\"en-US\"},{\"@type\":\"Organization\",\"@id\":\"https:\\\/\\\/partenercollective.com\\\/#organization\",\"name\":\"Partener Collective\",\"alternateName\":\"Partener Collective\",\"url\":\"https:\\\/\\\/partenercollective.com\\\/\",\"logo\":{\"@type\":\"ImageObject\",\"inLanguage\":\"en-US\",\"@id\":\"https:\\\/\\\/partenercollective.com\\\/#\\\/schema\\\/logo\\\/image\\\/\",\"url\":\"https:\\\/\\\/partenercollective.com\\\/wp-content\\\/uploads\\\/2024\\\/04\\\/partener-collective-logo.png\",\"contentUrl\":\"https:\\\/\\\/partenercollective.com\\\/wp-content\\\/uploads\\\/2024\\\/04\\\/partener-collective-logo.png\",\"width\":2156,\"height\":604,\"caption\":\"Partener Collective\"},\"image\":{\"@id\":\"https:\\\/\\\/partenercollective.com\\\/#\\\/schema\\\/logo\\\/image\\\/\"},\"sameAs\":[\"https:\\\/\\\/www.instagram.com\\\/partenercollective\\\/\"]}]}<\/script>\n<!-- \/ Yoast SEO plugin. -->","yoast_head_json":{"title":"Xos\u00e9 Leis - Partener Collective","robots":{"index":"index","follow":"follow","max-snippet":"max-snippet:-1","max-image-preview":"max-image-preview:large","max-video-preview":"max-video-preview:-1"},"canonical":"https:\/\/partenercollective.com\/en\/professionals\/partner\/xose-leis-partener\/","og_locale":"en_US","og_type":"article","og_title":"Xos\u00e9 Leis - Partener Collective","og_description":"Nacido en Galicia , desde muy joven camina en la investigaci\u00f3n de la puesta en escena procurando la verdad y honestidad en todo cuanto hace. \u200b Formado en Pedagog\u00eda teatral y especializado con Master de Estudios teatrales y audiovisuales por la Universidad de Coru\u00f1a dirige sus pasos explorando la Commedia dell'arte (Carlo Boso), el clown (Michel Dallaire, John Wright) el teatro posdram\u00e1tico (Serge Nail, Jose Luis Raymond) , acabando por llegar a conocer a quien considera su maestro John Strasberg y as\u00ed al realismo esc\u00e9nico \u200b Actuando en espect\u00e1culos para compa\u00f1\u00edas como Espello C\u00f3ncavo, aAntena teatro, y series\u00a0 como Asunta, Pazo de Familia,\u00a0 Mareas vivas. \u200b Su camino como director iniciado de una manera paralela a la actuaci\u00f3n , iniciando con un texto lorquiano como es \"La zapatera prodigiosa\" , recientemente dirigiendo \"Relato para un incendio\" , \"Os nenos da var\u00edola\" , \"AguraTrat\" o \"O poder de Amabel\".  Como coach de interpretacion ha trabajado en las recientemente estrenadas \"Sica\" de Carla Subirana y \"O Corno\" de Jaione Camborda. Habitualmente colabora con int\u00e9rpretes para ajustar sus propuestas. \u200b Colabora habitualmente aplicando herramientas dram\u00e1ticas en acciones de inclusi\u00f3n social con diversidad funcional y autismo, as\u00ed como la docencia en asociaciones culturales , centros sociales y educativos, educacion social, masters enfermer\u00eda.","og_url":"https:\/\/partenercollective.com\/en\/professionals\/partner\/xose-leis-partener\/","og_site_name":"Partener Collective","article_modified_time":"2024-10-28T11:58:58+00:00","og_image":[{"width":800,"height":800,"url":"https:\/\/partenercollective.com\/wp-content\/uploads\/2024\/04\/foto-xose-leis.jpg","type":"image\/jpeg"}],"twitter_card":"summary_large_image","twitter_misc":{"Est. reading time":"1 minute"},"schema":{"@context":"https:\/\/schema.org","@graph":[{"@type":"WebPage","@id":"https:\/\/partenercollective.com\/profesionales\/partener\/xose-leis-partener\/","url":"https:\/\/partenercollective.com\/profesionales\/partener\/xose-leis-partener\/","name":"Xos\u00e9 Leis - Partener Collective","isPartOf":{"@id":"https:\/\/partenercollective.com\/#website"},"primaryImageOfPage":{"@id":"https:\/\/partenercollective.com\/profesionales\/partener\/xose-leis-partener\/#primaryimage"},"image":{"@id":"https:\/\/partenercollective.com\/profesionales\/partener\/xose-leis-partener\/#primaryimage"},"thumbnailUrl":"https:\/\/partenercollective.com\/wp-content\/uploads\/2024\/04\/foto-xose-leis.jpg","datePublished":"2024-05-07T07:44:47+00:00","dateModified":"2024-10-28T11:58:58+00:00","breadcrumb":{"@id":"https:\/\/partenercollective.com\/profesionales\/partener\/xose-leis-partener\/#breadcrumb"},"inLanguage":"en-US","potentialAction":[{"@type":"ReadAction","target":["https:\/\/partenercollective.com\/profesionales\/partener\/xose-leis-partener\/"]}]},{"@type":"ImageObject","inLanguage":"en-US","@id":"https:\/\/partenercollective.com\/profesionales\/partener\/xose-leis-partener\/#primaryimage","url":"https:\/\/partenercollective.com\/wp-content\/uploads\/2024\/04\/foto-xose-leis.jpg","contentUrl":"https:\/\/partenercollective.com\/wp-content\/uploads\/2024\/04\/foto-xose-leis.jpg","width":800,"height":800},{"@type":"BreadcrumbList","@id":"https:\/\/partenercollective.com\/profesionales\/partener\/xose-leis-partener\/#breadcrumb","itemListElement":[{"@type":"ListItem","position":1,"name":"Portada","item":"https:\/\/partenercollective.com\/"},{"@type":"ListItem","position":2,"name":"Profesionales","item":"https:\/\/partenercollective.com\/profesionales\/"},{"@type":"ListItem","position":3,"name":"Xos\u00e9 Leis"}]},{"@type":"WebSite","@id":"https:\/\/partenercollective.com\/#website","url":"https:\/\/partenercollective.com\/","name":"Partener Collective","description":"Connect with an International Community of Actors and Coaches to take your scenes, characters and self-tapes to the next level.","publisher":{"@id":"https:\/\/partenercollective.com\/#organization"},"alternateName":"Partener Collective","potentialAction":[{"@type":"SearchAction","target":{"@type":"EntryPoint","urlTemplate":"https:\/\/partenercollective.com\/?s={search_term_string}"},"query-input":{"@type":"PropertyValueSpecification","valueRequired":true,"valueName":"search_term_string"}}],"inLanguage":"en-US"},{"@type":"Organization","@id":"https:\/\/partenercollective.com\/#organization","name":"Partener Collective","alternateName":"Partener Collective","url":"https:\/\/partenercollective.com\/","logo":{"@type":"ImageObject","inLanguage":"en-US","@id":"https:\/\/partenercollective.com\/#\/schema\/logo\/image\/","url":"https:\/\/partenercollective.com\/wp-content\/uploads\/2024\/04\/partener-collective-logo.png","contentUrl":"https:\/\/partenercollective.com\/wp-content\/uploads\/2024\/04\/partener-collective-logo.png","width":2156,"height":604,"caption":"Partener Collective"},"image":{"@id":"https:\/\/partenercollective.com\/#\/schema\/logo\/image\/"},"sameAs":["https:\/\/www.instagram.com\/partenercollective\/"]}]}},"_links":{"self":[{"href":"https:\/\/partenercollective.com\/en\/wp-json\/wp\/v2\/product\/708","targetHints":{"allow":["GET"]}}],"collection":[{"href":"https:\/\/partenercollective.com\/en\/wp-json\/wp\/v2\/product"}],"about":[{"href":"https:\/\/partenercollective.com\/en\/wp-json\/wp\/v2\/types\/product"}],"replies":[{"embeddable":true,"href":"https:\/\/partenercollective.com\/en\/wp-json\/wp\/v2\/comments?post=708"}],"wp:featuredmedia":[{"embeddable":true,"href":"https:\/\/partenercollective.com\/en\/wp-json\/wp\/v2\/media\/449"}],"wp:attachment":[{"href":"https:\/\/partenercollective.com\/en\/wp-json\/wp\/v2\/media?parent=708"}],"wp:term":[{"taxonomy":"product_brand","embeddable":true,"href":"https:\/\/partenercollective.com\/en\/wp-json\/wp\/v2\/product_brand?post=708"},{"taxonomy":"product_cat","embeddable":true,"href":"https:\/\/partenercollective.com\/en\/wp-json\/wp\/v2\/product_cat?post=708"},{"taxonomy":"product_tag","embeddable":true,"href":"https:\/\/partenercollective.com\/en\/wp-json\/wp\/v2\/product_tag?post=708"},{"taxonomy":"idioma","embeddable":true,"href":"https:\/\/partenercollective.com\/en\/wp-json\/wp\/v2\/idioma?post=708"}],"curies":[{"name":"wp","href":"https:\/\/api.w.org\/{rel}","templated":true}]}}