{"id":845,"date":"2024-05-14T22:33:00","date_gmt":"2024-05-14T20:33:00","guid":{"rendered":"https:\/\/partenercollective.com\/?post_type=product&#038;p=845"},"modified":"2025-06-30T14:26:55","modified_gmt":"2025-06-30T12:26:55","slug":"sara-casasnovas-partener","status":"publish","type":"product","link":"https:\/\/partenercollective.com\/en\/profesionales\/partener\/sara-casasnovas-partener\/","title":{"rendered":"Sara Casasnovas"},"content":{"rendered":"","protected":false},"excerpt":{"rendered":"<p>Actress of international trajectory distinguished with Best Actress Awards including <i>Kimera International Film Festival<\/i> of Campobasso, Festival <i>The Sector<\/i> of Madrid, <i>La Solana Film Festival<\/i> of Ciudad Real, <i>Castilla-La Mancha European Film Festival<\/i>, <i>Dunes Festival<\/i> Fuerteventura and FETEGA Award for best female performer. Among her latest films are <i>My Les Paul<\/i> by Francisco Valdez, <i>No evidence of man<\/i> by Joshua Porter or <i>Pepe C\u00e1ceres<\/i> by Sebasti\u00e1n Eslava.<\/p>\n<p>Director of <i>Escarabana\u00a0<\/i>Official Selection of the Sitges Film Festival, FANCINE de Lemos Award, FEM and European Fantastic Film Fest Barcelona, and\u00a0<i>A xustiza pola mana<\/i>Temporada Alta de Girona Festival Award.<\/p>","protected":false},"featured_media":450,"comment_status":"closed","ping_status":"closed","template":"","meta":[],"product_brand":[],"product_cat":[38],"product_tag":[],"idioma":[43,40],"class_list":{"0":"post-845","1":"product","2":"type-product","3":"status-publish","4":"has-post-thumbnail","6":"product_cat-partener","7":"yith_shop_vendor-sara","8":"idioma-espanol-castellano","9":"idioma-gallego","11":"first","12":"instock","13":"virtual","14":"sold-individually","15":"taxable","16":"purchasable","17":"product-type-booking"},"yoast_head":"<!-- This site is optimized with the Yoast SEO plugin v27.5 - https:\/\/yoast.com\/product\/yoast-seo-wordpress\/ -->\n<title>Sara Casasnovas - Partener Collective<\/title>\n<meta name=\"robots\" content=\"index, follow, max-snippet:-1, max-image-preview:large, max-video-preview:-1\" \/>\n<link rel=\"canonical\" href=\"https:\/\/partenercollective.com\/en\/professionals\/partner\/sara-casasnovas-partener\/\" \/>\n<meta property=\"og:locale\" content=\"en_US\" \/>\n<meta property=\"og:type\" content=\"article\" \/>\n<meta property=\"og:title\" content=\"Sara Casasnovas - Partener Collective\" \/>\n<meta property=\"og:description\" content=\"Actriz de trayectoria internacional distinguida con Premios a Mejor Actriz entre los que figuran Kimera International Film Festival de Campobasso, Festival El Sector de Madrid, Festival de Cine de La Solana de Ciudad Real, Festival de Cine Europeo de Castilla-La Mancha, Festival Dunas de Fuerteventura y Premio FETEGA a mejor int\u00e9rprete femenina. Entre sus \u00faltimas pel\u00edculas se encuentran Mi Les Paul de Francisco Valdez, No evidence of man de Joshua Porter o Pepe C\u00e1ceres de Sebasti\u00e1n Eslava.  Directora de Escarabana\u00a0Seccio\u0301n Oficial del Festival de Sitges, Premio FANCINE de Lemos, FEM y European Fantastic Film Fest Barcelona y\u00a0A xustiza pola manPremio Festival Temporada Alta de Girona.\" \/>\n<meta property=\"og:url\" content=\"https:\/\/partenercollective.com\/en\/professionals\/partner\/sara-casasnovas-partener\/\" \/>\n<meta property=\"og:site_name\" content=\"Partener Collective\" \/>\n<meta property=\"article:modified_time\" content=\"2025-06-30T12:26:55+00:00\" \/>\n<meta property=\"og:image\" content=\"https:\/\/partenercollective.com\/wp-content\/uploads\/2024\/04\/sara-casanovas.jpg\" \/>\n\t<meta property=\"og:image:width\" content=\"800\" \/>\n\t<meta property=\"og:image:height\" content=\"800\" \/>\n\t<meta property=\"og:image:type\" content=\"image\/jpeg\" \/>\n<meta name=\"twitter:card\" content=\"summary_large_image\" \/>\n<meta name=\"twitter:label1\" content=\"Est. reading time\" \/>\n\t<meta name=\"twitter:data1\" content=\"1 minute\" \/>\n<script type=\"application\/ld+json\" class=\"yoast-schema-graph\">{\"@context\":\"https:\\\/\\\/schema.org\",\"@graph\":[{\"@type\":\"WebPage\",\"@id\":\"https:\\\/\\\/partenercollective.com\\\/profesionales\\\/partener\\\/sara-casasnovas-partener\\\/\",\"url\":\"https:\\\/\\\/partenercollective.com\\\/profesionales\\\/partener\\\/sara-casasnovas-partener\\\/\",\"name\":\"Sara Casasnovas - Partener Collective\",\"isPartOf\":{\"@id\":\"https:\\\/\\\/partenercollective.com\\\/#website\"},\"primaryImageOfPage\":{\"@id\":\"https:\\\/\\\/partenercollective.com\\\/profesionales\\\/partener\\\/sara-casasnovas-partener\\\/#primaryimage\"},\"image\":{\"@id\":\"https:\\\/\\\/partenercollective.com\\\/profesionales\\\/partener\\\/sara-casasnovas-partener\\\/#primaryimage\"},\"thumbnailUrl\":\"https:\\\/\\\/partenercollective.com\\\/wp-content\\\/uploads\\\/2024\\\/04\\\/sara-casanovas.jpg\",\"datePublished\":\"2024-05-14T20:33:00+00:00\",\"dateModified\":\"2025-06-30T12:26:55+00:00\",\"breadcrumb\":{\"@id\":\"https:\\\/\\\/partenercollective.com\\\/profesionales\\\/partener\\\/sara-casasnovas-partener\\\/#breadcrumb\"},\"inLanguage\":\"en-US\",\"potentialAction\":[{\"@type\":\"ReadAction\",\"target\":[\"https:\\\/\\\/partenercollective.com\\\/profesionales\\\/partener\\\/sara-casasnovas-partener\\\/\"]}]},{\"@type\":\"ImageObject\",\"inLanguage\":\"en-US\",\"@id\":\"https:\\\/\\\/partenercollective.com\\\/profesionales\\\/partener\\\/sara-casasnovas-partener\\\/#primaryimage\",\"url\":\"https:\\\/\\\/partenercollective.com\\\/wp-content\\\/uploads\\\/2024\\\/04\\\/sara-casanovas.jpg\",\"contentUrl\":\"https:\\\/\\\/partenercollective.com\\\/wp-content\\\/uploads\\\/2024\\\/04\\\/sara-casanovas.jpg\",\"width\":800,\"height\":800,\"caption\":\"Sara Casanovas\"},{\"@type\":\"BreadcrumbList\",\"@id\":\"https:\\\/\\\/partenercollective.com\\\/profesionales\\\/partener\\\/sara-casasnovas-partener\\\/#breadcrumb\",\"itemListElement\":[{\"@type\":\"ListItem\",\"position\":1,\"name\":\"Portada\",\"item\":\"https:\\\/\\\/partenercollective.com\\\/\"},{\"@type\":\"ListItem\",\"position\":2,\"name\":\"Profesionales\",\"item\":\"https:\\\/\\\/partenercollective.com\\\/profesionales\\\/\"},{\"@type\":\"ListItem\",\"position\":3,\"name\":\"Sara Casasnovas\"}]},{\"@type\":\"WebSite\",\"@id\":\"https:\\\/\\\/partenercollective.com\\\/#website\",\"url\":\"https:\\\/\\\/partenercollective.com\\\/\",\"name\":\"Partener Collective\",\"description\":\"Conecta con una Comunidad Internacional de Actores y Coach para llevar tus escenas, personajes y self-tapes al siguiente nivel.\",\"publisher\":{\"@id\":\"https:\\\/\\\/partenercollective.com\\\/#organization\"},\"alternateName\":\"Partener Collective\",\"potentialAction\":[{\"@type\":\"SearchAction\",\"target\":{\"@type\":\"EntryPoint\",\"urlTemplate\":\"https:\\\/\\\/partenercollective.com\\\/?s={search_term_string}\"},\"query-input\":{\"@type\":\"PropertyValueSpecification\",\"valueRequired\":true,\"valueName\":\"search_term_string\"}}],\"inLanguage\":\"en-US\"},{\"@type\":\"Organization\",\"@id\":\"https:\\\/\\\/partenercollective.com\\\/#organization\",\"name\":\"Partener Collective\",\"alternateName\":\"Partener Collective\",\"url\":\"https:\\\/\\\/partenercollective.com\\\/\",\"logo\":{\"@type\":\"ImageObject\",\"inLanguage\":\"en-US\",\"@id\":\"https:\\\/\\\/partenercollective.com\\\/#\\\/schema\\\/logo\\\/image\\\/\",\"url\":\"https:\\\/\\\/partenercollective.com\\\/wp-content\\\/uploads\\\/2024\\\/04\\\/partener-collective-logo.png\",\"contentUrl\":\"https:\\\/\\\/partenercollective.com\\\/wp-content\\\/uploads\\\/2024\\\/04\\\/partener-collective-logo.png\",\"width\":2156,\"height\":604,\"caption\":\"Partener Collective\"},\"image\":{\"@id\":\"https:\\\/\\\/partenercollective.com\\\/#\\\/schema\\\/logo\\\/image\\\/\"},\"sameAs\":[\"https:\\\/\\\/www.instagram.com\\\/partenercollective\\\/\"]}]}<\/script>\n<!-- \/ Yoast SEO plugin. -->","yoast_head_json":{"title":"Sara Casasnovas - Partener Collective","robots":{"index":"index","follow":"follow","max-snippet":"max-snippet:-1","max-image-preview":"max-image-preview:large","max-video-preview":"max-video-preview:-1"},"canonical":"https:\/\/partenercollective.com\/en\/professionals\/partner\/sara-casasnovas-partener\/","og_locale":"en_US","og_type":"article","og_title":"Sara Casasnovas - Partener Collective","og_description":"Actriz de trayectoria internacional distinguida con Premios a Mejor Actriz entre los que figuran Kimera International Film Festival de Campobasso, Festival El Sector de Madrid, Festival de Cine de La Solana de Ciudad Real, Festival de Cine Europeo de Castilla-La Mancha, Festival Dunas de Fuerteventura y Premio FETEGA a mejor int\u00e9rprete femenina. Entre sus \u00faltimas pel\u00edculas se encuentran Mi Les Paul de Francisco Valdez, No evidence of man de Joshua Porter o Pepe C\u00e1ceres de Sebasti\u00e1n Eslava.  Directora de Escarabana\u00a0Seccio\u0301n Oficial del Festival de Sitges, Premio FANCINE de Lemos, FEM y European Fantastic Film Fest Barcelona y\u00a0A xustiza pola manPremio Festival Temporada Alta de Girona.","og_url":"https:\/\/partenercollective.com\/en\/professionals\/partner\/sara-casasnovas-partener\/","og_site_name":"Partener Collective","article_modified_time":"2025-06-30T12:26:55+00:00","og_image":[{"width":800,"height":800,"url":"https:\/\/partenercollective.com\/wp-content\/uploads\/2024\/04\/sara-casanovas.jpg","type":"image\/jpeg"}],"twitter_card":"summary_large_image","twitter_misc":{"Est. reading time":"1 minute"},"schema":{"@context":"https:\/\/schema.org","@graph":[{"@type":"WebPage","@id":"https:\/\/partenercollective.com\/profesionales\/partener\/sara-casasnovas-partener\/","url":"https:\/\/partenercollective.com\/profesionales\/partener\/sara-casasnovas-partener\/","name":"Sara Casasnovas - Partener Collective","isPartOf":{"@id":"https:\/\/partenercollective.com\/#website"},"primaryImageOfPage":{"@id":"https:\/\/partenercollective.com\/profesionales\/partener\/sara-casasnovas-partener\/#primaryimage"},"image":{"@id":"https:\/\/partenercollective.com\/profesionales\/partener\/sara-casasnovas-partener\/#primaryimage"},"thumbnailUrl":"https:\/\/partenercollective.com\/wp-content\/uploads\/2024\/04\/sara-casanovas.jpg","datePublished":"2024-05-14T20:33:00+00:00","dateModified":"2025-06-30T12:26:55+00:00","breadcrumb":{"@id":"https:\/\/partenercollective.com\/profesionales\/partener\/sara-casasnovas-partener\/#breadcrumb"},"inLanguage":"en-US","potentialAction":[{"@type":"ReadAction","target":["https:\/\/partenercollective.com\/profesionales\/partener\/sara-casasnovas-partener\/"]}]},{"@type":"ImageObject","inLanguage":"en-US","@id":"https:\/\/partenercollective.com\/profesionales\/partener\/sara-casasnovas-partener\/#primaryimage","url":"https:\/\/partenercollective.com\/wp-content\/uploads\/2024\/04\/sara-casanovas.jpg","contentUrl":"https:\/\/partenercollective.com\/wp-content\/uploads\/2024\/04\/sara-casanovas.jpg","width":800,"height":800,"caption":"Sara Casanovas"},{"@type":"BreadcrumbList","@id":"https:\/\/partenercollective.com\/profesionales\/partener\/sara-casasnovas-partener\/#breadcrumb","itemListElement":[{"@type":"ListItem","position":1,"name":"Portada","item":"https:\/\/partenercollective.com\/"},{"@type":"ListItem","position":2,"name":"Profesionales","item":"https:\/\/partenercollective.com\/profesionales\/"},{"@type":"ListItem","position":3,"name":"Sara Casasnovas"}]},{"@type":"WebSite","@id":"https:\/\/partenercollective.com\/#website","url":"https:\/\/partenercollective.com\/","name":"Partener Collective","description":"Connect with an International Community of Actors and Coaches to take your scenes, characters and self-tapes to the next level.","publisher":{"@id":"https:\/\/partenercollective.com\/#organization"},"alternateName":"Partener Collective","potentialAction":[{"@type":"SearchAction","target":{"@type":"EntryPoint","urlTemplate":"https:\/\/partenercollective.com\/?s={search_term_string}"},"query-input":{"@type":"PropertyValueSpecification","valueRequired":true,"valueName":"search_term_string"}}],"inLanguage":"en-US"},{"@type":"Organization","@id":"https:\/\/partenercollective.com\/#organization","name":"Partener Collective","alternateName":"Partener Collective","url":"https:\/\/partenercollective.com\/","logo":{"@type":"ImageObject","inLanguage":"en-US","@id":"https:\/\/partenercollective.com\/#\/schema\/logo\/image\/","url":"https:\/\/partenercollective.com\/wp-content\/uploads\/2024\/04\/partener-collective-logo.png","contentUrl":"https:\/\/partenercollective.com\/wp-content\/uploads\/2024\/04\/partener-collective-logo.png","width":2156,"height":604,"caption":"Partener Collective"},"image":{"@id":"https:\/\/partenercollective.com\/#\/schema\/logo\/image\/"},"sameAs":["https:\/\/www.instagram.com\/partenercollective\/"]}]}},"_links":{"self":[{"href":"https:\/\/partenercollective.com\/en\/wp-json\/wp\/v2\/product\/845","targetHints":{"allow":["GET"]}}],"collection":[{"href":"https:\/\/partenercollective.com\/en\/wp-json\/wp\/v2\/product"}],"about":[{"href":"https:\/\/partenercollective.com\/en\/wp-json\/wp\/v2\/types\/product"}],"replies":[{"embeddable":true,"href":"https:\/\/partenercollective.com\/en\/wp-json\/wp\/v2\/comments?post=845"}],"wp:featuredmedia":[{"embeddable":true,"href":"https:\/\/partenercollective.com\/en\/wp-json\/wp\/v2\/media\/450"}],"wp:attachment":[{"href":"https:\/\/partenercollective.com\/en\/wp-json\/wp\/v2\/media?parent=845"}],"wp:term":[{"taxonomy":"product_brand","embeddable":true,"href":"https:\/\/partenercollective.com\/en\/wp-json\/wp\/v2\/product_brand?post=845"},{"taxonomy":"product_cat","embeddable":true,"href":"https:\/\/partenercollective.com\/en\/wp-json\/wp\/v2\/product_cat?post=845"},{"taxonomy":"product_tag","embeddable":true,"href":"https:\/\/partenercollective.com\/en\/wp-json\/wp\/v2\/product_tag?post=845"},{"taxonomy":"idioma","embeddable":true,"href":"https:\/\/partenercollective.com\/en\/wp-json\/wp\/v2\/idioma?post=845"}],"curies":[{"name":"wp","href":"https:\/\/api.w.org\/{rel}","templated":true}]}}